{"id":1019,"date":"2019-05-20T14:20:17","date_gmt":"2019-05-20T12:20:17","guid":{"rendered":"https:\/\/southbaltic-tourist.eu\/?page_id=1019"},"modified":"2019-08-17T19:03:54","modified_gmt":"2019-08-17T17:03:54","slug":"22-diving-in-plateliai-lake","status":"publish","type":"page","link":"https:\/\/sbt.ug.edu.pl\/de\/routes\/wildlife-nature-trails-folkuniversitetet-sweden\/22-diving-in-plateliai-lake\/","title":{"rendered":"(English) 22. DIVING IN PLATELIAI LAKE"},"content":{"rendered":"<p class=\"qtranxs-available-languages-message qtranxs-available-languages-message-de\">Leider ist der Eintrag nur auf <a href=\"https:\/\/sbt.ug.edu.pl\/en\/wp-json\/wp\/v2\/pages\/1019\" class=\"qtranxs-available-language-link qtranxs-available-language-link-en\" title=\"English\">Amerikanisches Englisch<\/a> verf\u00fcgbar. Der Inhalt wird unten in einer verf\u00fcgbaren Sprache angezeigt. Klicken Sie auf den Link, um die aktuelle Sprache zu \u00e4ndern.<\/p><p><\/p>\n<p style=\"text-align: justify;\"><strong>LOCATION<\/strong><\/p>\n<p style=\"text-align: justify;\">Plateliai Lake is the largest and deepest lake in the Lowlands, situated in close proximity to the town of Plunge, a great source of pride for the local residents.<br \/>\nThe deepest point of the lake is about 50 metres, which affords great diving opportunities.<\/p>\n<p><img decoding=\"async\" loading=\"lazy\" class=\"alignnone wp-image-2978 size-full\" src=\"https:\/\/southbaltic-tourist.eu\/wp-content\/uploads\/2019\/07\/1.-Plateliai-lake-R7.-A22.jpg\" alt=\"\" width=\"1600\" height=\"1200\" srcset=\"https:\/\/sbt.ug.edu.pl\/wp-content\/uploads\/2019\/07\/1.-Plateliai-lake-R7.-A22.jpg 1600w, https:\/\/sbt.ug.edu.pl\/wp-content\/uploads\/2019\/07\/1.-Plateliai-lake-R7.-A22-300x225.jpg 300w, https:\/\/sbt.ug.edu.pl\/wp-content\/uploads\/2019\/07\/1.-Plateliai-lake-R7.-A22-768x576.jpg 768w, https:\/\/sbt.ug.edu.pl\/wp-content\/uploads\/2019\/07\/1.-Plateliai-lake-R7.-A22-1024x768.jpg 1024w, https:\/\/sbt.ug.edu.pl\/wp-content\/uploads\/2019\/07\/1.-Plateliai-lake-R7.-A22-150x113.jpg 150w, https:\/\/sbt.ug.edu.pl\/wp-content\/uploads\/2019\/07\/1.-Plateliai-lake-R7.-A22-136x102.jpg 136w\" sizes=\"(max-width: 1600px) 100vw, 1600px\" \/><\/p>\n<p style=\"text-align: justify;\"><strong>SCENIC CHARACTER <\/strong><\/p>\n<p style=\"text-align: justify;\">Lithuania is a land of lakes. It invites you to enjoy experiences that are bound to leave long-lasting, indelible impressions of this magical environment. Here you can find a variety of water attractions, from water parks to tranquil boat sailing or yachting; from diving lessons to canoeing; from the bathing complex to sailing lessons; a lagoon cruise to zipping about on water scooters \u2013 there is the ideal aquatic adventure waiting for everyone.<\/p>\n<p style=\"text-align: justify;\"><strong>ATTRACTIONS <\/strong><br \/>\nDiscover the history of Lithuania from the fifteenth century to the modern day. Dive into the historical depths of the lake Plateliai where you can see the poles of the bridge which once joined the castle island with \u0160ventorkalnis. When the lake\u2019s surface is smooth the tops of these poles can be seen from a boat but, as the depth of the lake at this point is 13 meters, a closer look is only possible through diving.<\/p>\n<p><code><div class=\"rl-gallery-container rl-loading\" id=\"rl-gallery-container-1\" data-gallery_id=\"2977\"> <div class=\"rl-gallery rl-basicgrid-gallery \" id=\"rl-gallery-1\" data-gallery_no=\"1\"> <div class=\"rl-gallery-item\"><a href=\"https:\/\/sbt.ug.edu.pl\/wp-content\/uploads\/2019\/07\/1.-Plateliai-lake-R7.-A22.jpg\" title=\"1. Plateliai lake (seen from Plateliai); author: Wojsyl; License: CC BY-SA 4.0\" data-rl_title=\"1. Plateliai lake (seen from Plateliai); author: Wojsyl; License: CC BY-SA 4.0\" class=\"rl-gallery-link\" data-rl_caption=\"\" data-rel=\"lightbox-gallery-1\"><img src=\"https:\/\/sbt.ug.edu.pl\/wp-content\/uploads\/2019\/07\/1.-Plateliai-lake-R7.-A22-768x576.jpg\" width=\"640\" height=\"480\" alt=\"\" \/><\/a><\/div><div class=\"rl-gallery-item\"><a href=\"https:\/\/sbt.ug.edu.pl\/wp-content\/uploads\/2019\/07\/2.-Plateliai-lake-R7.-A22.jpg\" title=\"2. Plateliai lake; author: Alg\u0117rds; License: CC BY 3.0\" data-rl_title=\"2. Plateliai lake; author: Alg\u0117rds; License: CC BY 3.0\" class=\"rl-gallery-link\" data-rl_caption=\"\" data-rel=\"lightbox-gallery-1\"><img src=\"https:\/\/sbt.ug.edu.pl\/wp-content\/uploads\/2019\/07\/2.-Plateliai-lake-R7.-A22-768x576.jpg\" width=\"640\" height=\"480\" alt=\"\" \/><\/a><\/div><div class=\"rl-gallery-item\"><a href=\"https:\/\/sbt.ug.edu.pl\/wp-content\/uploads\/2019\/07\/3.-Plateliai-lake-R7.-A22.jpg\" title=\"3. Plateliai lake; author: Plateliai lake; License: CC BY-SA 2.0\" data-rl_title=\"3. Plateliai lake; author: Plateliai lake; License: CC BY-SA 2.0\" class=\"rl-gallery-link\" data-rl_caption=\"\" data-rel=\"lightbox-gallery-1\"><img src=\"https:\/\/sbt.ug.edu.pl\/wp-content\/uploads\/2019\/07\/3.-Plateliai-lake-R7.-A22-768x576.jpg\" width=\"640\" height=\"480\" alt=\"\" \/><\/a><\/div><div class=\"rl-gallery-item\"><a href=\"https:\/\/sbt.ug.edu.pl\/wp-content\/uploads\/2019\/07\/4.-Plateliai-church-R7.-A22.jpg\" title=\"4. Plateliai church; author: Kvitas; License: CC BY 3.0\" data-rl_title=\"4. Plateliai church; author: Kvitas; License: CC BY 3.0\" class=\"rl-gallery-link\" data-rl_caption=\"\" data-rel=\"lightbox-gallery-1\"><img src=\"https:\/\/sbt.ug.edu.pl\/wp-content\/uploads\/2019\/07\/4.-Plateliai-church-R7.-A22-768x576.jpg\" width=\"640\" height=\"480\" alt=\"\" \/><\/a><\/div><div class=\"rl-gallery-item\"><a href=\"https:\/\/sbt.ug.edu.pl\/wp-content\/uploads\/2019\/07\/5.-Plateliai-church-R7.-A22.jpg\" title=\"5. Plateliai church; author: Kvitas; License: CC BY 3.0\" data-rl_title=\"5. Plateliai church; author: Kvitas; License: CC BY 3.0\" class=\"rl-gallery-link\" data-rl_caption=\"\" data-rel=\"lightbox-gallery-1\"><img src=\"https:\/\/sbt.ug.edu.pl\/wp-content\/uploads\/2019\/07\/5.-Plateliai-church-R7.-A22-768x576.jpg\" width=\"640\" height=\"480\" alt=\"\" \/><\/a><\/div><div class=\"rl-gallery-item\"><a href=\"https:\/\/sbt.ug.edu.pl\/wp-content\/uploads\/2019\/07\/6.-Plateliai-bell-tower-R7.-A22.jpg\" title=\"6. Plateliai bell tower; author: Kvitas; License: CC BY 3.0\" data-rl_title=\"6. Plateliai bell tower; author: Kvitas; License: CC BY 3.0\" class=\"rl-gallery-link\" data-rl_caption=\"\" data-rel=\"lightbox-gallery-1\"><img src=\"https:\/\/sbt.ug.edu.pl\/wp-content\/uploads\/2019\/07\/6.-Plateliai-bell-tower-R7.-A22-768x576.jpg\" width=\"640\" height=\"480\" alt=\"\" \/><\/a><\/div> <\/div> <\/div><\/code><\/p>\n<p><a href=\"https:\/\/southbaltic-tourist.eu\/wp-content\/uploads\/2019\/08\/Photos-sources-data-R7.pdf\">Photos sources data R7<\/a> <\/p>","protected":false},"excerpt":{"rendered":"<p>Leider ist der Eintrag nur auf Amerikanisches Englisch verf\u00fcgbar. Der Inhalt wird unten in einer verf\u00fcgbaren Sprache angezeigt. Klicken Sie auf den Link, um die aktuelle Sprache zu \u00e4ndern. LOCATION Plateliai Lake is the largest and deepest lake in the Lowlands, situated in close proximity to the town of Plunge, a great source of pride [&hellip;]<\/p>\n","protected":false},"author":4,"featured_media":0,"parent":488,"menu_order":0,"comment_status":"closed","ping_status":"closed","template":"","meta":[],"categories":[34,12,30],"tags":[],"_links":{"self":[{"href":"https:\/\/sbt.ug.edu.pl\/de\/wp-json\/wp\/v2\/pages\/1019"}],"collection":[{"href":"https:\/\/sbt.ug.edu.pl\/de\/wp-json\/wp\/v2\/pages"}],"about":[{"href":"https:\/\/sbt.ug.edu.pl\/de\/wp-json\/wp\/v2\/types\/page"}],"author":[{"embeddable":true,"href":"https:\/\/sbt.ug.edu.pl\/de\/wp-json\/wp\/v2\/users\/4"}],"replies":[{"embeddable":true,"href":"https:\/\/sbt.ug.edu.pl\/de\/wp-json\/wp\/v2\/comments?post=1019"}],"version-history":[{"count":5,"href":"https:\/\/sbt.ug.edu.pl\/de\/wp-json\/wp\/v2\/pages\/1019\/revisions"}],"predecessor-version":[{"id":4548,"href":"https:\/\/sbt.ug.edu.pl\/de\/wp-json\/wp\/v2\/pages\/1019\/revisions\/4548"}],"up":[{"embeddable":true,"href":"https:\/\/sbt.ug.edu.pl\/de\/wp-json\/wp\/v2\/pages\/488"}],"wp:attachment":[{"href":"https:\/\/sbt.ug.edu.pl\/de\/wp-json\/wp\/v2\/media?parent=1019"}],"wp:term":[{"taxonomy":"category","embeddable":true,"href":"https:\/\/sbt.ug.edu.pl\/de\/wp-json\/wp\/v2\/categories?post=1019"},{"taxonomy":"post_tag","embeddable":true,"href":"https:\/\/sbt.ug.edu.pl\/de\/wp-json\/wp\/v2\/tags?post=1019"}],"curies":[{"name":"wp","href":"https:\/\/api.w.org\/{rel}","templated":true}]}}