{"id":1644,"date":"2019-07-10T10:10:37","date_gmt":"2019-07-10T08:10:37","guid":{"rendered":"https:\/\/southbaltic-tourist.eu\/?page_id=1644"},"modified":"2021-07-02T12:53:15","modified_gmt":"2021-07-02T11:53:15","slug":"7-kashubia","status":"publish","type":"page","link":"https:\/\/sbt.ug.edu.pl\/de\/routes\/blue-and-green-believes-and-religions-of-the-south-baltic-area\/7-kashubia\/","title":{"rendered":"(English) 7. Kashubia"},"content":{"rendered":"<p class=\"qtranxs-available-languages-message qtranxs-available-languages-message-de\">Leider ist der Eintrag nur auf <a href=\"https:\/\/sbt.ug.edu.pl\/en\/wp-json\/wp\/v2\/pages\/1644\" class=\"qtranxs-available-language-link qtranxs-available-language-link-en\" title=\"English\">Amerikanisches Englisch<\/a> und <a href=\"https:\/\/sbt.ug.edu.pl\/pl\/wp-json\/wp\/v2\/pages\/1644\" class=\"qtranxs-available-language-link qtranxs-available-language-link-pl\" title=\"Polski\">Polnisch<\/a> verf\u00fcgbar. Der Inhalt wird in der Standard-Sprache dieser Website angezeigt. Sie k\u00f6nnen einen Link anklicken, um zu einer anderen verf\u00fcgbaren Sprache zu wechseln.<\/p><p><\/p>\n<p style=\"text-align: justify;\"><strong>LOCATION<\/strong><br \/>\nKashubia, located in the western part of the Pomeranian Voivodeship, in the drainage area of the \u0141eba and Radunia Rivers, are the stronghold of traditional religiousness of one of the indigenous groups of Pomerania inhabitants. Wejherowo with a baroque Calvary and Sianowo with St Mary\u2019s Sanctuary are the spiritual capitals of the region. L\u0119bork is an important Franciscan centre and a place where the worship of St James was reborn. Upon the initiative of L\u0119bork, the more than 1000 kilometre Pomeranian St James\u2019 Route, one of the European Camino de Santiago routes, has been restored. L\u0119bork (Kash. Laborg, Germ. Lauenburg), 54\u00b032\u203221\u2033N 17\u00b044\u203250\u2033E, is the town selected in the region.<\/p>\n<p style=\"text-align: justify;\"><a href=\"https:\/\/southbaltic-tourist.eu\/wp-content\/uploads\/2019\/07\/7.jpg\" data-rel=\"lightbox-gallery-MrubQZJN\" data-rl_title=\"\" data-rl_caption=\"\" title=\"\"><img decoding=\"async\" loading=\"lazy\" class=\"alignleft wp-image-1645\" src=\"https:\/\/southbaltic-tourist.eu\/wp-content\/uploads\/2019\/07\/7.jpg\" alt=\"\" width=\"599\" height=\"400\" srcset=\"https:\/\/sbt.ug.edu.pl\/wp-content\/uploads\/2019\/07\/7.jpg 1600w, https:\/\/sbt.ug.edu.pl\/wp-content\/uploads\/2019\/07\/7-300x200.jpg 300w, https:\/\/sbt.ug.edu.pl\/wp-content\/uploads\/2019\/07\/7-768x513.jpg 768w, https:\/\/sbt.ug.edu.pl\/wp-content\/uploads\/2019\/07\/7-1024x684.jpg 1024w, https:\/\/sbt.ug.edu.pl\/wp-content\/uploads\/2019\/07\/7-150x100.jpg 150w\" sizes=\"(max-width: 599px) 100vw, 599px\" \/><\/a> <a href=\"https:\/\/southbaltic-tourist.eu\/wp-content\/uploads\/2020\/02\/R4.7-Kashubia.png\" data-rel=\"lightbox-gallery-MrubQZJN\" data-rl_title=\"\" data-rl_caption=\"\" title=\"\"><img decoding=\"async\" loading=\"lazy\" class=\"alignnone wp-image-5234\" src=\"https:\/\/southbaltic-tourist.eu\/wp-content\/uploads\/2020\/02\/R4.7-Kashubia-300x256.png\" alt=\"\" width=\"469\" height=\"400\" srcset=\"https:\/\/sbt.ug.edu.pl\/wp-content\/uploads\/2020\/02\/R4.7-Kashubia-300x256.png 300w, https:\/\/sbt.ug.edu.pl\/wp-content\/uploads\/2020\/02\/R4.7-Kashubia-1024x874.png 1024w, https:\/\/sbt.ug.edu.pl\/wp-content\/uploads\/2020\/02\/R4.7-Kashubia-768x655.png 768w, https:\/\/sbt.ug.edu.pl\/wp-content\/uploads\/2020\/02\/R4.7-Kashubia-1536x1310.png 1536w, https:\/\/sbt.ug.edu.pl\/wp-content\/uploads\/2020\/02\/R4.7-Kashubia-150x128.png 150w, https:\/\/sbt.ug.edu.pl\/wp-content\/uploads\/2020\/02\/R4.7-Kashubia.png 1600w\" sizes=\"(max-width: 469px) 100vw, 469px\" \/><\/a><\/p>\n<p style=\"text-align: justify;\"><strong>SIGHTSEEING<\/strong><br \/>\nAll the selected towns and villages are situated within 50 km from L\u0119bork. Car is the optimum means of transport, although there are also convenient railway connections between L\u0119bork and Wejherowo. A clearly marked walking trail \u2013 St James\u2019 Route connects Sianowo and L\u0119bork, and Smo\u0142dzino farther on (through \u0141eba), yet these are a few whole-day stages. The intention to visit the interiors of the Calvary in Wejherowo, Sanctuary in Sianowo and Church in Smo\u0142dzino is to be notified to the church administrators. Rowok\u00f3\u0142 offers an observation tower available from May until September from 9 am to 6 pm, only in good weather.<\/p>\n<p style=\"text-align: justify;\"><strong>ATTRACTIONS<\/strong><br \/>\n<strong>L\u0119bork<\/strong> is a town founded by the Teutonic Knights on the central part of the \u0141eba River. In the historical centre there is Gothic St James\u2019 Church furnished in baroque style. It constitutes the central section of St James\u2019 Route in Pomerania. The town boasts the comprehensively restored town fortifications. <strong>Wejherowo<\/strong>, located 30 km farther, was founded in 1643, creating the still imposing baroque Calvary, and establishing the Franciscan monastery. At present, Franciscan St Anne\u2019s Church houses the Sanctuary of Our Lady Health of the Sick. The miraculous image of Mary crowned as the Queen of Kashubia in 1966, attracts pilgrims to <strong>Sianowo<\/strong>. Main parish fairs are held here in July and September. <strong>Nowa Huta<\/strong> village boasts the huge Devil\u2019s Stone, the biggest and legendary erratic boulder in Kashubia. Rowok\u00f3\u0142, one of the historical holy mounts of Pomerania is located near <strong>Smo\u0142dzino<\/strong> situated at the edge of the Slovincian National Park. The embankment walls of the former fortress have been preserved and an observation tower is situated there today. In the village there is also the Renaissance Church of the Holy Trinity founded by the Griffins. It is here that Hans Br\u00fcggemann, a pastor prepared for printing the Kashubian translation of songs by Martin Luther, one of the oldest literary monuments of Kashubia.<\/p>\n<p><code><div class=\"rl-gallery-container rl-loading\" id=\"rl-gallery-container-1\" data-gallery_id=\"4583\"> <div class=\"rl-gallery rl-basicgrid-gallery \" id=\"rl-gallery-1\" data-gallery_no=\"1\"> <div class=\"rl-gallery-item\"><a href=\"https:\/\/sbt.ug.edu.pl\/wp-content\/uploads\/2019\/08\/Lebork_053.jpg\" title=\"Interior of the church of St. James; author: Jaros\u0142aw Ellwart \/ Wydawnictwo REGION \/ BHR\" data-rl_title=\"Interior of the church of St. James; author: Jaros\u0142aw Ellwart \/ Wydawnictwo REGION \/ BHR\" class=\"rl-gallery-link\" data-rl_caption=\"\" data-rel=\"lightbox-gallery-1\"><img src=\"https:\/\/sbt.ug.edu.pl\/wp-content\/uploads\/2019\/08\/Lebork_053-768x1024.jpg\" width=\"640\" height=\"853\" alt=\"\" \/><\/a><\/div><div class=\"rl-gallery-item\"><a href=\"https:\/\/sbt.ug.edu.pl\/wp-content\/uploads\/2019\/08\/lebork_055.jpg\" title=\"A milestone of the Pomeranian Way of St. James; author: Jaros\u0142aw Ellwart \/ Wydawnictwo REGION \/ BHR\" data-rl_title=\"A milestone of the Pomeranian Way of St. James; author: Jaros\u0142aw Ellwart \/ Wydawnictwo REGION \/ BHR\" class=\"rl-gallery-link\" data-rl_caption=\"\" data-rel=\"lightbox-gallery-1\"><img src=\"https:\/\/sbt.ug.edu.pl\/wp-content\/uploads\/2019\/08\/lebork_055-768x1024.jpg\" width=\"640\" height=\"853\" alt=\"\" \/><\/a><\/div><div class=\"rl-gallery-item\"><a href=\"https:\/\/sbt.ug.edu.pl\/wp-content\/uploads\/2019\/08\/Lebork_143.jpg\" title=\"View of the church of St. James from the east side; author: Jaros\u0142aw Ellwart \/ Wydawnictwo REGION \/ BHR\" data-rl_title=\"View of the church of St. James from the east side; author: Jaros\u0142aw Ellwart \/ Wydawnictwo REGION \/ BHR\" class=\"rl-gallery-link\" data-rl_caption=\"\" data-rel=\"lightbox-gallery-1\"><img src=\"https:\/\/sbt.ug.edu.pl\/wp-content\/uploads\/2019\/08\/Lebork_143-768x576.jpg\" width=\"640\" height=\"480\" alt=\"\" \/><\/a><\/div><div class=\"rl-gallery-item\"><a href=\"https:\/\/sbt.ug.edu.pl\/wp-content\/uploads\/2019\/08\/Lebork_P1310923-e1566459060267.jpg\" title=\"The center of L\u0119bork and the church of Saint. James; author: Jaros\u0142aw Ellwart \/ Wydawnictwo REGION \/ BHR\" data-rl_title=\"The center of L\u0119bork and the church of Saint. James; author: Jaros\u0142aw Ellwart \/ Wydawnictwo REGION \/ BHR\" class=\"rl-gallery-link\" data-rl_caption=\"\" data-rel=\"lightbox-gallery-1\"><img src=\"https:\/\/sbt.ug.edu.pl\/wp-content\/uploads\/2019\/08\/Lebork_P1310923-e1566459060267-768x1024.jpg\" width=\"640\" height=\"853\" alt=\"\" \/><\/a><\/div><div class=\"rl-gallery-item\"><a href=\"https:\/\/sbt.ug.edu.pl\/wp-content\/uploads\/2019\/08\/NowaHuta_P1930544.jpg\" title=\"Devil&#039;s Stone at the Kamienne Lake; author: Jaros\u0142aw Ellwart \/ Wydawnictwo REGION \/ BHR\" data-rl_title=\"Devil&#039;s Stone at the Kamienne Lake; author: Jaros\u0142aw Ellwart \/ Wydawnictwo REGION \/ BHR\" class=\"rl-gallery-link\" data-rl_caption=\"\" data-rel=\"lightbox-gallery-1\"><img src=\"https:\/\/sbt.ug.edu.pl\/wp-content\/uploads\/2019\/08\/NowaHuta_P1930544-768x576.jpg\" width=\"640\" height=\"480\" alt=\"\" \/><\/a><\/div><div class=\"rl-gallery-item\"><a href=\"https:\/\/sbt.ug.edu.pl\/wp-content\/uploads\/2019\/08\/Sianowo_P1240899.jpg\" title=\"Shrine of Our Lady Queen of Kashubia; author: Jaros\u0142aw Ellwart \/ Wydawnictwo REGION \/ BHR\" data-rl_title=\"Shrine of Our Lady Queen of Kashubia; author: Jaros\u0142aw Ellwart \/ Wydawnictwo REGION \/ BHR\" class=\"rl-gallery-link\" data-rl_caption=\"\" data-rel=\"lightbox-gallery-1\"><img src=\"https:\/\/sbt.ug.edu.pl\/wp-content\/uploads\/2019\/08\/Sianowo_P1240899-768x576.jpg\" width=\"640\" height=\"480\" alt=\"\" \/><\/a><\/div><div class=\"rl-gallery-item\"><a href=\"https:\/\/sbt.ug.edu.pl\/wp-content\/uploads\/2019\/08\/Sianowo_P1240908.jpg\" title=\"Interior of the church of the Nativity of the Blessed Virgin Mary; author: Jaros\u0142aw Ellwart \/ Wydawnictwo REGION \/ BHR\" data-rl_title=\"Interior of the church of the Nativity of the Blessed Virgin Mary; author: Jaros\u0142aw Ellwart \/ Wydawnictwo REGION \/ BHR\" class=\"rl-gallery-link\" data-rl_caption=\"\" data-rel=\"lightbox-gallery-1\"><img src=\"https:\/\/sbt.ug.edu.pl\/wp-content\/uploads\/2019\/08\/Sianowo_P1240908-768x576.jpg\" width=\"640\" height=\"480\" alt=\"\" \/><\/a><\/div><div class=\"rl-gallery-item\"><a href=\"https:\/\/sbt.ug.edu.pl\/wp-content\/uploads\/2019\/08\/Smoldzino_IMG_2762.jpg\" title=\"S\u0142owi\u0144ski National Park - view from the tower on Rowok\u00f3\u0142 Hill; author: Jaros\u0142aw Ellwart \/ Wydawnictwo REGION \/ BHR\" data-rl_title=\"S\u0142owi\u0144ski National Park - view from the tower on Rowok\u00f3\u0142 Hill; author: Jaros\u0142aw Ellwart \/ Wydawnictwo REGION \/ BHR\" class=\"rl-gallery-link\" data-rl_caption=\"\" data-rel=\"lightbox-gallery-1\"><img src=\"https:\/\/sbt.ug.edu.pl\/wp-content\/uploads\/2019\/08\/Smoldzino_IMG_2762-768x512.jpg\" width=\"640\" height=\"427\" alt=\"\" \/><\/a><\/div><div class=\"rl-gallery-item\"><a href=\"https:\/\/sbt.ug.edu.pl\/wp-content\/uploads\/2019\/08\/Smoldzino_IMG_9870.jpg\" title=\"A Renaissance church in Smo\u0142dzino; author: Jaros\u0142aw Ellwart \/ Wydawnictwo REGION \/ BHR\" data-rl_title=\"A Renaissance church in Smo\u0142dzino; author: Jaros\u0142aw Ellwart \/ Wydawnictwo REGION \/ BHR\" class=\"rl-gallery-link\" data-rl_caption=\"\" data-rel=\"lightbox-gallery-1\"><img src=\"https:\/\/sbt.ug.edu.pl\/wp-content\/uploads\/2019\/08\/Smoldzino_IMG_9870-768x512.jpg\" width=\"640\" height=\"427\" alt=\"\" \/><\/a><\/div><div class=\"rl-gallery-item\"><a href=\"https:\/\/sbt.ug.edu.pl\/wp-content\/uploads\/2019\/08\/Wejherowo_IMG_2113.jpg\" title=\"The miraculous image of the Mother of God from Wejherowo; author: Jaros\u0142aw Ellwart \/ Wydawnictwo REGION \/ BHR\" data-rl_title=\"The miraculous image of the Mother of God from Wejherowo; author: Jaros\u0142aw Ellwart \/ Wydawnictwo REGION \/ BHR\" class=\"rl-gallery-link\" data-rl_caption=\"\" data-rel=\"lightbox-gallery-1\"><img src=\"https:\/\/sbt.ug.edu.pl\/wp-content\/uploads\/2019\/08\/Wejherowo_IMG_2113-768x1152.jpg\" width=\"640\" height=\"960\" alt=\"\" \/><\/a><\/div><div class=\"rl-gallery-item\"><a href=\"https:\/\/sbt.ug.edu.pl\/wp-content\/uploads\/2019\/08\/Wejherowo_IMG_2126.jpg\" title=\"Monastic church of St. Anna; author: Jaros\u0142aw Ellwart \/ Wydawnictwo REGION \/ BHR\" data-rl_title=\"Monastic church of St. Anna; author: Jaros\u0142aw Ellwart \/ Wydawnictwo REGION \/ BHR\" class=\"rl-gallery-link\" data-rl_caption=\"\" data-rel=\"lightbox-gallery-1\"><img src=\"https:\/\/sbt.ug.edu.pl\/wp-content\/uploads\/2019\/08\/Wejherowo_IMG_2126-768x1152.jpg\" width=\"640\" height=\"960\" alt=\"\" \/><\/a><\/div><div class=\"rl-gallery-item\"><a href=\"https:\/\/sbt.ug.edu.pl\/wp-content\/uploads\/2019\/08\/Wejherowo_P1190713-e1566459175616.jpg\" title=\"One of the chapels of Calvary in Wejherowo; author: Jaros\u0142aw Ellwart \/ Wydawnictwo REGION \/ BHR\" data-rl_title=\"One of the chapels of Calvary in Wejherowo; author: Jaros\u0142aw Ellwart \/ Wydawnictwo REGION \/ BHR\" class=\"rl-gallery-link\" data-rl_caption=\"\" data-rel=\"lightbox-gallery-1\"><img src=\"https:\/\/sbt.ug.edu.pl\/wp-content\/uploads\/2019\/08\/Wejherowo_P1190713-e1566459175616-768x1367.jpg\" width=\"640\" height=\"1139\" alt=\"\" \/><\/a><\/div><div class=\"rl-gallery-item\"><a href=\"https:\/\/sbt.ug.edu.pl\/wp-content\/uploads\/2019\/08\/Wejherowo_P1190760.jpg\" title=\"The image of Christ in the Chapel of the Crucifixion at Calvary in Wejherowo; author: Jaros\u0142aw Ellwart \/ Wydawnictwo REGION \/ BHR\" data-rl_title=\"The image of Christ in the Chapel of the Crucifixion at Calvary in Wejherowo; author: Jaros\u0142aw Ellwart \/ Wydawnictwo REGION \/ BHR\" class=\"rl-gallery-link\" data-rl_caption=\"\" data-rel=\"lightbox-gallery-1\"><img src=\"https:\/\/sbt.ug.edu.pl\/wp-content\/uploads\/2019\/08\/Wejherowo_P1190760-768x432.jpg\" width=\"640\" height=\"360\" alt=\"\" \/><\/a><\/div> <\/div> <\/div><\/code><\/p>","protected":false},"excerpt":{"rendered":"<p>Leider ist der Eintrag nur auf Amerikanisches Englisch und Polnisch verf\u00fcgbar. Der Inhalt wird in der Standard-Sprache dieser Website angezeigt. Sie k\u00f6nnen einen Link anklicken, um zu einer anderen verf\u00fcgbaren Sprache zu wechseln. LOCATION Kashubia, located in the western part of the Pomeranian Voivodeship, in the drainage area of the \u0141eba and Radunia Rivers, are [&hellip;]<\/p>\n","protected":false},"author":3,"featured_media":0,"parent":482,"menu_order":0,"comment_status":"closed","ping_status":"closed","template":"","meta":[],"categories":[34,27,15],"tags":[],"_links":{"self":[{"href":"https:\/\/sbt.ug.edu.pl\/de\/wp-json\/wp\/v2\/pages\/1644"}],"collection":[{"href":"https:\/\/sbt.ug.edu.pl\/de\/wp-json\/wp\/v2\/pages"}],"about":[{"href":"https:\/\/sbt.ug.edu.pl\/de\/wp-json\/wp\/v2\/types\/page"}],"author":[{"embeddable":true,"href":"https:\/\/sbt.ug.edu.pl\/de\/wp-json\/wp\/v2\/users\/3"}],"replies":[{"embeddable":true,"href":"https:\/\/sbt.ug.edu.pl\/de\/wp-json\/wp\/v2\/comments?post=1644"}],"version-history":[{"count":6,"href":"https:\/\/sbt.ug.edu.pl\/de\/wp-json\/wp\/v2\/pages\/1644\/revisions"}],"predecessor-version":[{"id":5877,"href":"https:\/\/sbt.ug.edu.pl\/de\/wp-json\/wp\/v2\/pages\/1644\/revisions\/5877"}],"up":[{"embeddable":true,"href":"https:\/\/sbt.ug.edu.pl\/de\/wp-json\/wp\/v2\/pages\/482"}],"wp:attachment":[{"href":"https:\/\/sbt.ug.edu.pl\/de\/wp-json\/wp\/v2\/media?parent=1644"}],"wp:term":[{"taxonomy":"category","embeddable":true,"href":"https:\/\/sbt.ug.edu.pl\/de\/wp-json\/wp\/v2\/categories?post=1644"},{"taxonomy":"post_tag","embeddable":true,"href":"https:\/\/sbt.ug.edu.pl\/de\/wp-json\/wp\/v2\/tags?post=1644"}],"curies":[{"name":"wp","href":"https:\/\/api.w.org\/{rel}","templated":true}]}}