{"id":1647,"date":"2019-07-10T10:12:37","date_gmt":"2019-07-10T08:12:37","guid":{"rendered":"https:\/\/southbaltic-tourist.eu\/?page_id=1647"},"modified":"2021-07-02T12:54:59","modified_gmt":"2021-07-02T11:54:59","slug":"8-central-pomerania","status":"publish","type":"page","link":"https:\/\/sbt.ug.edu.pl\/de\/routes\/blue-and-green-believes-and-religions-of-the-south-baltic-area\/8-central-pomerania\/","title":{"rendered":"(English) 8. Central Pomerania"},"content":{"rendered":"<p class=\"qtranxs-available-languages-message qtranxs-available-languages-message-de\">Leider ist der Eintrag nur auf <a href=\"https:\/\/sbt.ug.edu.pl\/en\/wp-json\/wp\/v2\/pages\/1647\" class=\"qtranxs-available-language-link qtranxs-available-language-link-en\" title=\"English\">Amerikanisches Englisch<\/a> und <a href=\"https:\/\/sbt.ug.edu.pl\/pl\/wp-json\/wp\/v2\/pages\/1647\" class=\"qtranxs-available-language-link qtranxs-available-language-link-pl\" title=\"Polski\">Polnisch<\/a> verf\u00fcgbar. Der Inhalt wird in der Standard-Sprache dieser Website angezeigt. Sie k\u00f6nnen einen Link anklicken, um zu einer anderen verf\u00fcgbaren Sprache zu wechseln.<\/p><p><\/p>\n<p style=\"text-align: justify;\"><strong>LOCATION<\/strong><br \/>\nIt was in Ko\u0142obrzeg in 1000 that Prince Boles\u0142aw Chrobry and Emperor Otto III established a missionary bishopric to Christianise Pomerania. Pagan faith was so strong here that soon the bishopric declined and only in the mid-12th century did St Otto from Bamberg actually christened the Pomeranians. By the Reformation era, the area between Ko\u0142obrzeg and Koszalin belonged to the bishops from Kamie\u0144 Pomorski, and then they became the haven of traditional Protestantism. Although the area underwent re-Catholicisation after 1945 and population exchange, similarly to whole Western Pomerania it is among the least religious regions of Poland. Koszalin (Kash. Koszaleno, Germ. Koslin), 54\u00b011\u203225\u2033N 16\u00b010\u203254\u2033E, is the main town of the region. Ko\u0142obrzeg possesses an airport open to private planes (Bagicz) as well as ferry connections with Bornholm (July and August).<\/p>\n<p style=\"text-align: justify;\"><img decoding=\"async\" loading=\"lazy\" class=\"alignleft wp-image-1648\" src=\"https:\/\/southbaltic-tourist.eu\/wp-content\/uploads\/2019\/07\/8.jpg\" alt=\"\" width=\"589\" height=\"400\" srcset=\"https:\/\/sbt.ug.edu.pl\/wp-content\/uploads\/2019\/07\/8.jpg 685w, https:\/\/sbt.ug.edu.pl\/wp-content\/uploads\/2019\/07\/8-300x204.jpg 300w, https:\/\/sbt.ug.edu.pl\/wp-content\/uploads\/2019\/07\/8-150x102.jpg 150w, https:\/\/sbt.ug.edu.pl\/wp-content\/uploads\/2019\/07\/8-305x207.jpg 305w\" sizes=\"(max-width: 589px) 100vw, 589px\" \/> <a href=\"https:\/\/southbaltic-tourist.eu\/wp-content\/uploads\/2020\/02\/R4.08-Central-Pomerania.png\" data-rel=\"lightbox-gallery-agYjdkG0\" data-rl_title=\"\" data-rl_caption=\"\" title=\"\"><img decoding=\"async\" loading=\"lazy\" class=\"alignnone wp-image-5236\" src=\"https:\/\/southbaltic-tourist.eu\/wp-content\/uploads\/2020\/02\/R4.08-Central-Pomerania-300x256.png\" alt=\"\" width=\"469\" height=\"400\" srcset=\"https:\/\/sbt.ug.edu.pl\/wp-content\/uploads\/2020\/02\/R4.08-Central-Pomerania-300x256.png 300w, https:\/\/sbt.ug.edu.pl\/wp-content\/uploads\/2020\/02\/R4.08-Central-Pomerania-1024x874.png 1024w, https:\/\/sbt.ug.edu.pl\/wp-content\/uploads\/2020\/02\/R4.08-Central-Pomerania-768x655.png 768w, https:\/\/sbt.ug.edu.pl\/wp-content\/uploads\/2020\/02\/R4.08-Central-Pomerania-1536x1310.png 1536w, https:\/\/sbt.ug.edu.pl\/wp-content\/uploads\/2020\/02\/R4.08-Central-Pomerania-150x128.png 150w, https:\/\/sbt.ug.edu.pl\/wp-content\/uploads\/2020\/02\/R4.08-Central-Pomerania.png 1600w\" sizes=\"(max-width: 469px) 100vw, 469px\" \/><\/a><\/p>\n<p style=\"text-align: justify;\"><strong>SIGHTSEEING<\/strong><br \/>\nIt is the most convenient to move around the area by car. Koszalin and Ko\u0142obrzeg are also connected by a railway line. Interesting landmarks are situated within 50 km from Koszalin. Ko\u0142obrzeg and Dar\u0142owo, popular seaside resorts may provide an alternative for its accommodation facilities. Grzybnica and Tychowo, the former sites of worship are widely available. Both Che\u0142mska and Polanowska Sacred Mounts are cherished by religious orders, and the places are available throughout the day, similarly to churches in Koszalin, Ko\u0142obrzeg and Dar\u0142owo. Polanowska Sacred Mount is only accessible on foot (c.a. 10-minute walk).<\/p>\n<p style=\"text-align: justify;\"><strong>ATTRACTIONS<\/strong><br \/>\nIn the centre of Koszalin, damaged in 1945 there is the distinct restored Gothic Cathedral of Immaculate Conception of Blessed Virgin Mary, with modern furnishings and 19th century stained glass windows remembering Lutherans. Among other landmarks in the city there is also Gothic St Gertrud\u2019s Chapel (a present day Evangelical Chapel), constructed on an octagonal ground plan, and the post-Cistercian Castle Church serving the purpose of an orthodox church. The Cistercians of Koszalin used to take care of G\u00f3ra Che\u0142mska Hill, a place regarded as sacred by the Pomeranians. This is the present site of the Sanctuary of Mother Thrice Admirable of the Schoenstatt Sisters. In Dar\u0142owo, situated within 40 km away there is magnificent Gothic St Mary\u2019s Church, the necropolis of the Dukes of Pomerania as well as beautiful St Gertrud\u2019s Church constructed on an octagonal ground plan. The furnishings in both the temples are in baroque style. Polan\u00f3w, situated within 30 km from Koszalin boasts its \u015awi\u0119ta G\u00f3ra Hill, the former place of religious worship, and subsequent St Mary\u2019s Sanctuary. At present it is the seat of the Franciscan Fathers who have created here their hermitage and the Sanctuary of Our Lady Gate of Heaven. In the forests near Grzybnica you can see Pomerania\u2019s most extensive complex of stone circles constructed by the Goths in the 1st \u2013 3rd c. That was a sacred place, like the Tryg\u0142aw Stone in Tychowo, the biggest erratic boulder in Poland. At present it is crowned with a cross. In Ko\u0142obrzeg it is worth seeing mighty and abundantly furnished St Mary\u2019s Basilica, renovated following the wartime damage.<\/p>\n<p><code><div class=\"rl-gallery-container rl-loading\" id=\"rl-gallery-container-1\" data-gallery_id=\"4584\"> <div class=\"rl-gallery rl-basicgrid-gallery \" id=\"rl-gallery-1\" data-gallery_no=\"1\"> <div class=\"rl-gallery-item\"><a href=\"https:\/\/sbt.ug.edu.pl\/wp-content\/uploads\/2019\/08\/Chelmska_P1100290.jpg\" title=\"Sanctuary of the Mother of God Thrush for Strangeness; author: Jaros\u0142aw Ellwart \/ Wydawnictwo REGION \/ BHR\" data-rl_title=\"Sanctuary of the Mother of God Thrush for Strangeness; author: Jaros\u0142aw Ellwart \/ Wydawnictwo REGION \/ BHR\" class=\"rl-gallery-link\" data-rl_caption=\"\" data-rel=\"lightbox-gallery-1\"><img src=\"https:\/\/sbt.ug.edu.pl\/wp-content\/uploads\/2019\/08\/Chelmska_P1100290-768x576.jpg\" width=\"640\" height=\"480\" alt=\"\" \/><\/a><\/div><div class=\"rl-gallery-item\"><a href=\"https:\/\/sbt.ug.edu.pl\/wp-content\/uploads\/2019\/08\/Chelmska_P1100293-e1566300788820.jpg\" title=\"Traces of a Romanesque chapel on Che\u0142mska Hill; author: Jaros\u0142aw Ellwart \/ Wydawnictwo REGION \/ BHR\" data-rl_title=\"Traces of a Romanesque chapel on Che\u0142mska Hill; author: Jaros\u0142aw Ellwart \/ Wydawnictwo REGION \/ BHR\" class=\"rl-gallery-link\" data-rl_caption=\"\" data-rel=\"lightbox-gallery-1\"><img src=\"https:\/\/sbt.ug.edu.pl\/wp-content\/uploads\/2019\/08\/Chelmska_P1100293-e1566300788820-768x1024.jpg\" width=\"640\" height=\"853\" alt=\"\" \/><\/a><\/div><div class=\"rl-gallery-item\"><a href=\"https:\/\/sbt.ug.edu.pl\/wp-content\/uploads\/2019\/08\/Chelmska_P1100297.jpg\" title=\"Interior of the Chapel of the Holy Mother of Schoenstatt; author: Jaros\u0142aw Ellwart \/ Wydawnictwo REGION \/ BHR\" data-rl_title=\"Interior of the Chapel of the Holy Mother of Schoenstatt; author: Jaros\u0142aw Ellwart \/ Wydawnictwo REGION \/ BHR\" class=\"rl-gallery-link\" data-rl_caption=\"\" data-rel=\"lightbox-gallery-1\"><img src=\"https:\/\/sbt.ug.edu.pl\/wp-content\/uploads\/2019\/08\/Chelmska_P1100297-768x576.jpg\" width=\"640\" height=\"480\" alt=\"\" \/><\/a><\/div><div class=\"rl-gallery-item\"><a href=\"https:\/\/sbt.ug.edu.pl\/wp-content\/uploads\/2019\/08\/Darlowo_844.jpg\" title=\"The main nave in the St. Mary&#039;s church; author: Jaros\u0142aw Ellwart \/ Wydawnictwo REGION \/ BHR\" data-rl_title=\"The main nave in the St. Mary&#039;s church; author: Jaros\u0142aw Ellwart \/ Wydawnictwo REGION \/ BHR\" class=\"rl-gallery-link\" data-rl_caption=\"\" data-rel=\"lightbox-gallery-1\"><img src=\"https:\/\/sbt.ug.edu.pl\/wp-content\/uploads\/2019\/08\/Darlowo_844-768x1024.jpg\" width=\"640\" height=\"853\" alt=\"\" \/><\/a><\/div><div class=\"rl-gallery-item\"><a href=\"https:\/\/sbt.ug.edu.pl\/wp-content\/uploads\/2019\/08\/Darlowo_5632.jpg\" title=\"Church of St. Gertrude; author: Jaros\u0142aw Ellwart \/ Wydawnictwo REGION \/ BHR\" data-rl_title=\"Church of St. Gertrude; author: Jaros\u0142aw Ellwart \/ Wydawnictwo REGION \/ BHR\" class=\"rl-gallery-link\" data-rl_caption=\"\" data-rel=\"lightbox-gallery-1\"><img src=\"https:\/\/sbt.ug.edu.pl\/wp-content\/uploads\/2019\/08\/Darlowo_5632-768x1152.jpg\" width=\"640\" height=\"960\" alt=\"\" \/><\/a><\/div><div class=\"rl-gallery-item\"><a href=\"https:\/\/sbt.ug.edu.pl\/wp-content\/uploads\/2019\/08\/Darlowo_5823.jpg\" title=\"St. Mary&#039;s Church; author: Jaros\u0142aw Ellwart \/ Wydawnictwo REGION\/ BHR\" data-rl_title=\"St. Mary&#039;s Church; author: Jaros\u0142aw Ellwart \/ Wydawnictwo REGION\/ BHR\" class=\"rl-gallery-link\" data-rl_caption=\"\" data-rel=\"lightbox-gallery-1\"><img src=\"https:\/\/sbt.ug.edu.pl\/wp-content\/uploads\/2019\/08\/Darlowo_5823-768x1024.jpg\" width=\"640\" height=\"853\" alt=\"\" \/><\/a><\/div><div class=\"rl-gallery-item\"><a href=\"https:\/\/sbt.ug.edu.pl\/wp-content\/uploads\/2019\/08\/Darlowo_7179.jpg\" title=\"The altar and interior of the church of St. Gertrude; author: Jaros\u0142aw Ellwart \/ Wydawnictwo REGION\/BHR;\" data-rl_title=\"The altar and interior of the church of St. Gertrude; author: Jaros\u0142aw Ellwart \/ Wydawnictwo REGION\/BHR;\" class=\"rl-gallery-link\" data-rl_caption=\"\" data-rel=\"lightbox-gallery-1\"><img src=\"https:\/\/sbt.ug.edu.pl\/wp-content\/uploads\/2019\/08\/Darlowo_7179-768x576.jpg\" width=\"640\" height=\"480\" alt=\"\" \/><\/a><\/div><div class=\"rl-gallery-item\"><a href=\"https:\/\/sbt.ug.edu.pl\/wp-content\/uploads\/2019\/08\/grzybnica_IMG_8911-e1566300736327.jpg\" title=\"A fragment of a Gothic cemetery in Grzybnica; author: Jaros\u0142aw Ellwart \/ Wydawnictwo REGION \/ BHR\" data-rl_title=\"A fragment of a Gothic cemetery in Grzybnica; author: Jaros\u0142aw Ellwart \/ Wydawnictwo REGION \/ BHR\" class=\"rl-gallery-link\" data-rl_caption=\"\" data-rel=\"lightbox-gallery-1\"><img src=\"https:\/\/sbt.ug.edu.pl\/wp-content\/uploads\/2019\/08\/grzybnica_IMG_8911-e1566300736327-768x1152.jpg\" width=\"640\" height=\"960\" alt=\"\" \/><\/a><\/div><div class=\"rl-gallery-item\"><a href=\"https:\/\/sbt.ug.edu.pl\/wp-content\/uploads\/2019\/08\/Grzybnica_IMG_8919.jpg\" title=\"One of the stone circles of the Goths; author: Jaros\u0142aw Ellwart \/ Wydawnictwo REGION \/ BHR\" data-rl_title=\"One of the stone circles of the Goths; author: Jaros\u0142aw Ellwart \/ Wydawnictwo REGION \/ BHR\" class=\"rl-gallery-link\" data-rl_caption=\"\" data-rel=\"lightbox-gallery-1\"><img src=\"https:\/\/sbt.ug.edu.pl\/wp-content\/uploads\/2019\/08\/Grzybnica_IMG_8919-768x512.jpg\" width=\"640\" height=\"427\" alt=\"\" \/><\/a><\/div><div class=\"rl-gallery-item\"><a href=\"https:\/\/sbt.ug.edu.pl\/wp-content\/uploads\/2019\/08\/Kolobrzeg_1320.jpg\" title=\"The southern nave of the cathedral in Ko\u0142obrzeg; author: Jaros\u0142aw Ellwart \/ Wydawnictwo REGION \/ BHR\" data-rl_title=\"The southern nave of the cathedral in Ko\u0142obrzeg; author: Jaros\u0142aw Ellwart \/ Wydawnictwo REGION \/ BHR\" class=\"rl-gallery-link\" data-rl_caption=\"\" data-rel=\"lightbox-gallery-1\"><img src=\"https:\/\/sbt.ug.edu.pl\/wp-content\/uploads\/2019\/08\/Kolobrzeg_1320-768x1024.jpg\" width=\"640\" height=\"853\" alt=\"\" \/><\/a><\/div><div class=\"rl-gallery-item\"><a href=\"https:\/\/sbt.ug.edu.pl\/wp-content\/uploads\/2019\/08\/Koszalin_3642.jpg\" title=\"Presbytery of St. Mary&#039;s Church in Koszalin; author: Jaros\u0142aw Ellwart \/ Wydawnictwo REGION \/ BHR\" data-rl_title=\"Presbytery of St. Mary&#039;s Church in Koszalin; author: Jaros\u0142aw Ellwart \/ Wydawnictwo REGION \/ BHR\" class=\"rl-gallery-link\" data-rl_caption=\"\" data-rel=\"lightbox-gallery-1\"><img src=\"https:\/\/sbt.ug.edu.pl\/wp-content\/uploads\/2019\/08\/Koszalin_3642-768x1024.jpg\" width=\"640\" height=\"853\" alt=\"\" \/><\/a><\/div><div class=\"rl-gallery-item\"><a href=\"https:\/\/sbt.ug.edu.pl\/wp-content\/uploads\/2019\/08\/Koszalin_P1100207.jpg\" title=\"Monument of John Paul II and the cathedral in Koszalin; author: Jaros\u0142aw Ellwart \/ Wydawnictwo REGION \/ BHR\" data-rl_title=\"Monument of John Paul II and the cathedral in Koszalin; author: Jaros\u0142aw Ellwart \/ Wydawnictwo REGION \/ BHR\" class=\"rl-gallery-link\" data-rl_caption=\"\" data-rel=\"lightbox-gallery-1\"><img src=\"https:\/\/sbt.ug.edu.pl\/wp-content\/uploads\/2019\/08\/Koszalin_P1100207-768x576.jpg\" width=\"640\" height=\"480\" alt=\"\" \/><\/a><\/div><div class=\"rl-gallery-item\"><a href=\"https:\/\/sbt.ug.edu.pl\/wp-content\/uploads\/2019\/08\/Polanow_IMG_5101.jpg\" title=\"Chapel on the Holy Hill of Polanow; author: Jaros\u0142aw Ellwart \/ Wydawnictwo REGION \/ BHR\" data-rl_title=\"Chapel on the Holy Hill of Polanow; author: Jaros\u0142aw Ellwart \/ Wydawnictwo REGION \/ BHR\" class=\"rl-gallery-link\" data-rl_caption=\"\" data-rel=\"lightbox-gallery-1\"><img src=\"https:\/\/sbt.ug.edu.pl\/wp-content\/uploads\/2019\/08\/Polanow_IMG_5101-768x512.jpg\" width=\"640\" height=\"427\" alt=\"\" \/><\/a><\/div><div class=\"rl-gallery-item\"><a href=\"https:\/\/sbt.ug.edu.pl\/wp-content\/uploads\/2019\/08\/Polanow_IMG_5105-e1566301082580.jpg\" title=\"The interior of the chapel; author: Jaros\u0142aw Ellwart \/ Wydawnictwo REGION \/ BHR\" data-rl_title=\"The interior of the chapel; author: Jaros\u0142aw Ellwart \/ Wydawnictwo REGION \/ BHR\" class=\"rl-gallery-link\" data-rl_caption=\"\" data-rel=\"lightbox-gallery-1\"><img src=\"https:\/\/sbt.ug.edu.pl\/wp-content\/uploads\/2019\/08\/Polanow_IMG_5105-e1566301082580-768x1152.jpg\" width=\"640\" height=\"960\" alt=\"\" \/><\/a><\/div><div class=\"rl-gallery-item\"><a href=\"https:\/\/sbt.ug.edu.pl\/wp-content\/uploads\/2019\/08\/Polanow_P1090911.jpg\" title=\"Relics of the medieval pilgrimage church; author: Jaros\u0142aw Ellwart \/ Wydawnictwo REGION \/ BHR\" data-rl_title=\"Relics of the medieval pilgrimage church; author: Jaros\u0142aw Ellwart \/ Wydawnictwo REGION \/ BHR\" class=\"rl-gallery-link\" data-rl_caption=\"\" data-rel=\"lightbox-gallery-1\"><img src=\"https:\/\/sbt.ug.edu.pl\/wp-content\/uploads\/2019\/08\/Polanow_P1090911-768x576.jpg\" width=\"640\" height=\"480\" alt=\"\" \/><\/a><\/div><div class=\"rl-gallery-item\"><a href=\"https:\/\/sbt.ug.edu.pl\/wp-content\/uploads\/2019\/08\/Tychowo_IMG_2303.jpg\" title=\"Triglavs Stone; author: Jaros\u0142aw Ellwart \/ Wydawnictwo REGION \/ BHR\" data-rl_title=\"Triglavs Stone; author: Jaros\u0142aw Ellwart \/ Wydawnictwo REGION \/ BHR\" class=\"rl-gallery-link\" data-rl_caption=\"\" data-rel=\"lightbox-gallery-1\"><img src=\"https:\/\/sbt.ug.edu.pl\/wp-content\/uploads\/2019\/08\/Tychowo_IMG_2303-768x512.jpg\" width=\"640\" height=\"427\" alt=\"\" \/><\/a><\/div><div class=\"rl-gallery-item\"><a href=\"https:\/\/sbt.ug.edu.pl\/wp-content\/uploads\/2019\/08\/Kolbrzeg_P1050796.jpg\" title=\"St. Mary&#039;s Church in Ko\u0142obrzeg; author: Jaros\u0142aw Ellwart \/ Wydawnictwo REGION \/ BHR\" data-rl_title=\"St. Mary&#039;s Church in Ko\u0142obrzeg; author: Jaros\u0142aw Ellwart \/ Wydawnictwo REGION \/ BHR\" class=\"rl-gallery-link\" data-rl_caption=\"\" data-rel=\"lightbox-gallery-1\"><img src=\"https:\/\/sbt.ug.edu.pl\/wp-content\/uploads\/2019\/08\/Kolbrzeg_P1050796-768x1024.jpg\" width=\"640\" height=\"853\" alt=\"\" \/><\/a><\/div> <\/div> <\/div><\/code><\/p>","protected":false},"excerpt":{"rendered":"<p>Leider ist der Eintrag nur auf Amerikanisches Englisch und Polnisch verf\u00fcgbar. Der Inhalt wird in der Standard-Sprache dieser Website angezeigt. Sie k\u00f6nnen einen Link anklicken, um zu einer anderen verf\u00fcgbaren Sprache zu wechseln. LOCATION It was in Ko\u0142obrzeg in 1000 that Prince Boles\u0142aw Chrobry and Emperor Otto III established a missionary bishopric to Christianise Pomerania. [&hellip;]<\/p>\n","protected":false},"author":3,"featured_media":0,"parent":482,"menu_order":0,"comment_status":"closed","ping_status":"closed","template":"","meta":[],"categories":[34,27,15],"tags":[],"_links":{"self":[{"href":"https:\/\/sbt.ug.edu.pl\/de\/wp-json\/wp\/v2\/pages\/1647"}],"collection":[{"href":"https:\/\/sbt.ug.edu.pl\/de\/wp-json\/wp\/v2\/pages"}],"about":[{"href":"https:\/\/sbt.ug.edu.pl\/de\/wp-json\/wp\/v2\/types\/page"}],"author":[{"embeddable":true,"href":"https:\/\/sbt.ug.edu.pl\/de\/wp-json\/wp\/v2\/users\/3"}],"replies":[{"embeddable":true,"href":"https:\/\/sbt.ug.edu.pl\/de\/wp-json\/wp\/v2\/comments?post=1647"}],"version-history":[{"count":8,"href":"https:\/\/sbt.ug.edu.pl\/de\/wp-json\/wp\/v2\/pages\/1647\/revisions"}],"predecessor-version":[{"id":5878,"href":"https:\/\/sbt.ug.edu.pl\/de\/wp-json\/wp\/v2\/pages\/1647\/revisions\/5878"}],"up":[{"embeddable":true,"href":"https:\/\/sbt.ug.edu.pl\/de\/wp-json\/wp\/v2\/pages\/482"}],"wp:attachment":[{"href":"https:\/\/sbt.ug.edu.pl\/de\/wp-json\/wp\/v2\/media?parent=1647"}],"wp:term":[{"taxonomy":"category","embeddable":true,"href":"https:\/\/sbt.ug.edu.pl\/de\/wp-json\/wp\/v2\/categories?post=1647"},{"taxonomy":"post_tag","embeddable":true,"href":"https:\/\/sbt.ug.edu.pl\/de\/wp-json\/wp\/v2\/tags?post=1647"}],"curies":[{"name":"wp","href":"https:\/\/api.w.org\/{rel}","templated":true}]}}