{"id":174,"date":"2018-11-02T23:21:20","date_gmt":"2018-11-02T22:21:20","guid":{"rendered":"http:\/\/southbaltic-tourist.eu\/?page_id=174"},"modified":"2021-05-31T18:12:33","modified_gmt":"2021-05-31T17:12:33","slug":"windsurfing-exploration","status":"publish","type":"page","link":"https:\/\/sbt.ug.edu.pl\/de\/routes\/windsurfing-exploration\/","title":{"rendered":"Entdeckung: Windsurfen"},"content":{"rendered":"<p><img decoding=\"async\" loading=\"lazy\" class=\"wp-image-273 alignleft\" src=\"https:\/\/southbaltic-tourist.eu\/wp-content\/uploads\/2018\/11\/kolo.png\" alt=\"\" width=\"141\" height=\"110\" srcset=\"https:\/\/sbt.ug.edu.pl\/wp-content\/uploads\/2018\/11\/kolo.png 484w, https:\/\/sbt.ug.edu.pl\/wp-content\/uploads\/2018\/11\/kolo-300x234.png 300w\" sizes=\"(max-width: 141px) 100vw, 141px\" \/><\/p>\n<p><strong>Routenhighlights: <\/strong><\/p>\n<p>Surf-Hotspots in 5 L\u00e4ndern: Deutschland (R\u00fcgen, Warnem\u00fcnde, Lubmin), D\u00e4nemark (Seeland und Bornholm), Schweden (Malm\u00f6 und \u00d6land), Litauen (Palanga und Kurische Nehrung) und Polen (Gdansk, \u0141eba und D\u0105bki). Die Route wird erg\u00e4nzt durch Radwege (auf R\u00fcgen, Bornholm, \u00d6land sowie in Skane, Palanga und Halbinsel Hel) und Naturbesichtigungen: Nationalparks und Reservate (D\u00fcnen, Lagunen, Fl\u00fcsse, Seen und Wildtiere).<\/p>\n<p><img decoding=\"async\" loading=\"lazy\" class=\"aligncenter wp-image-175 size-full\" src=\"https:\/\/southbaltic-tourist.eu\/wp-content\/uploads\/2018\/11\/Zrzut-ekranu-2018-11-02-o-23.19.42.png\" alt=\"\" width=\"1738\" height=\"906\" srcset=\"https:\/\/sbt.ug.edu.pl\/wp-content\/uploads\/2018\/11\/Zrzut-ekranu-2018-11-02-o-23.19.42.png 1738w, https:\/\/sbt.ug.edu.pl\/wp-content\/uploads\/2018\/11\/Zrzut-ekranu-2018-11-02-o-23.19.42-300x156.png 300w, https:\/\/sbt.ug.edu.pl\/wp-content\/uploads\/2018\/11\/Zrzut-ekranu-2018-11-02-o-23.19.42-768x400.png 768w, https:\/\/sbt.ug.edu.pl\/wp-content\/uploads\/2018\/11\/Zrzut-ekranu-2018-11-02-o-23.19.42-1024x534.png 1024w\" sizes=\"(max-width: 1738px) 100vw, 1738px\" \/><\/p>\n<p><a href=\"https:\/\/www.google.com\/maps\/place\/54%C2%B025'00.0%22N+13%C2%B022'00.0%22E\/@55.1034958,14.681374,7.24z\/data=!4m5!3m4!1s0x0:0x0!8m2!3d54.4166667!4d13.3666667\" target=\"_blank\" rel=\"noopener noreferrer\"><img decoding=\"async\" loading=\"lazy\" class=\"aligncenter wp-image-5083 size-full\" src=\"https:\/\/southbaltic-tourist.eu\/wp-content\/uploads\/2020\/01\/R01-Windsurfing_02.jpg\" alt=\"\" width=\"1600\" height=\"767\" srcset=\"https:\/\/sbt.ug.edu.pl\/wp-content\/uploads\/2020\/01\/R01-Windsurfing_02.jpg 1600w, https:\/\/sbt.ug.edu.pl\/wp-content\/uploads\/2020\/01\/R01-Windsurfing_02-300x144.jpg 300w, https:\/\/sbt.ug.edu.pl\/wp-content\/uploads\/2020\/01\/R01-Windsurfing_02-1024x491.jpg 1024w, https:\/\/sbt.ug.edu.pl\/wp-content\/uploads\/2020\/01\/R01-Windsurfing_02-768x368.jpg 768w, https:\/\/sbt.ug.edu.pl\/wp-content\/uploads\/2020\/01\/R01-Windsurfing_02-1536x736.jpg 1536w, https:\/\/sbt.ug.edu.pl\/wp-content\/uploads\/2020\/01\/R01-Windsurfing_02-150x72.jpg 150w\" sizes=\"(max-width: 1600px) 100vw, 1600px\" \/><\/a><\/p>\n<p><strong>Routenkonzept: Vier Abenteuer in einer Tour<\/strong><\/p>\n<p>Die Route bietet Wind- und Kitesurfern zahlreiche M\u00f6glichkeiten, die verschiedenen Str\u00e4nde, K\u00fcsten, Wellen, Klimazonen und Farben des Meeres in der Region zu erkunden. Die Route bietet eine erstaunliche landschaftliche Vielfalt &#8211; von wei\u00dfen Str\u00e4nden \u00fcber hohe Klippen bis hin zu Skerry-K\u00fcsten. Auf der Route k\u00f6nnen Sie sowohl gut bekannte, als auch versteckte Surfspots erkunden &#8211; ihre Entdeckung wird zu einer unvergesslichen Herausforderung. Sie k\u00f6nnen nicht nur aufregende Surf-Erlebnisse genie\u00dfen, sondern auch anschlie\u00dfend die wundersch\u00f6ne K\u00fcstenumgebung. Auf dieser Strecke f\u00fchren Radwege entlang der malerischen K\u00fcste und durch unz\u00e4hlige sch\u00f6ne Orte. Sie k\u00f6nnen ebenfalls Naturwunder entdecken (hohe D\u00fcnen, schnelle Fl\u00fcsse, ruhige Seen, Wildtiere usw.), beim Wandern, Klettern, Boot- oder Kajakfahren. Unsere Surf-Hotspots befinden sich in verschiedenen Windlagen, so dass Sie 4 Abenteuer auf einer Reise erleben k\u00f6nnen und mit Sicherheit viel Spa\u00df haben werden.<\/p>\n<h1><strong>\u00a0<\/strong><\/h1>\n<p>&nbsp;<\/p>","protected":false},"excerpt":{"rendered":"<p>Routenhighlights: Surf-Hotspots in 5 L\u00e4ndern: Deutschland (R\u00fcgen, Warnem\u00fcnde, Lubmin), D\u00e4nemark (Seeland und Bornholm), Schweden (Malm\u00f6 und \u00d6land), Litauen (Palanga und Kurische Nehrung) und Polen (Gdansk, \u0141eba und D\u0105bki). Die Route wird erg\u00e4nzt durch Radwege (auf R\u00fcgen, Bornholm, \u00d6land sowie in Skane, Palanga und Halbinsel Hel) und Naturbesichtigungen: Nationalparks und Reservate (D\u00fcnen, Lagunen, Fl\u00fcsse, Seen und [&hellip;]<\/p>\n","protected":false},"author":1,"featured_media":176,"parent":171,"menu_order":0,"comment_status":"closed","ping_status":"closed","template":"","meta":[],"categories":[17],"tags":[],"_links":{"self":[{"href":"https:\/\/sbt.ug.edu.pl\/de\/wp-json\/wp\/v2\/pages\/174"}],"collection":[{"href":"https:\/\/sbt.ug.edu.pl\/de\/wp-json\/wp\/v2\/pages"}],"about":[{"href":"https:\/\/sbt.ug.edu.pl\/de\/wp-json\/wp\/v2\/types\/page"}],"author":[{"embeddable":true,"href":"https:\/\/sbt.ug.edu.pl\/de\/wp-json\/wp\/v2\/users\/1"}],"replies":[{"embeddable":true,"href":"https:\/\/sbt.ug.edu.pl\/de\/wp-json\/wp\/v2\/comments?post=174"}],"version-history":[{"count":41,"href":"https:\/\/sbt.ug.edu.pl\/de\/wp-json\/wp\/v2\/pages\/174\/revisions"}],"predecessor-version":[{"id":5727,"href":"https:\/\/sbt.ug.edu.pl\/de\/wp-json\/wp\/v2\/pages\/174\/revisions\/5727"}],"up":[{"embeddable":true,"href":"https:\/\/sbt.ug.edu.pl\/de\/wp-json\/wp\/v2\/pages\/171"}],"wp:featuredmedia":[{"embeddable":true,"href":"https:\/\/sbt.ug.edu.pl\/de\/wp-json\/wp\/v2\/media\/176"}],"wp:attachment":[{"href":"https:\/\/sbt.ug.edu.pl\/de\/wp-json\/wp\/v2\/media?parent=174"}],"wp:term":[{"taxonomy":"category","embeddable":true,"href":"https:\/\/sbt.ug.edu.pl\/de\/wp-json\/wp\/v2\/categories?post=174"},{"taxonomy":"post_tag","embeddable":true,"href":"https:\/\/sbt.ug.edu.pl\/de\/wp-json\/wp\/v2\/tags?post=174"}],"curies":[{"name":"wp","href":"https:\/\/api.w.org\/{rel}","templated":true}]}}