{"id":1823,"date":"2019-07-10T13:03:27","date_gmt":"2019-07-10T11:03:27","guid":{"rendered":"https:\/\/southbaltic-tourist.eu\/?page_id=1823"},"modified":"2019-07-23T09:53:39","modified_gmt":"2019-07-23T07:53:39","slug":"2-plunge-smart-park","status":"publish","type":"page","link":"https:\/\/sbt.ug.edu.pl\/de\/routes\/national-parks-exploration\/2-plunge-smart-park\/","title":{"rendered":"(English) 2. PLUNG\u0116 SMART PARK"},"content":{"rendered":"<p class=\"qtranxs-available-languages-message qtranxs-available-languages-message-de\">Leider ist der Eintrag nur auf <a href=\"https:\/\/sbt.ug.edu.pl\/en\/wp-json\/wp\/v2\/pages\/1823\" class=\"qtranxs-available-language-link qtranxs-available-language-link-en\" title=\"English\">Amerikanisches Englisch<\/a> verf\u00fcgbar. Der Inhalt wird unten in einer verf\u00fcgbaren Sprache angezeigt. Klicken Sie auf den Link, um die aktuelle Sprache zu \u00e4ndern.<\/p><p><\/p>\n<p lang=\"en-US\"><span style=\"font-family: Segoe UI, serif;\"><span style=\"font-family: serif;\"><b>LOCATION<\/b><\/span><\/span><\/p>\n<p lang=\"en-US\"><span style=\"font-family: Segoe UI, serif;\"><b> <\/b><span style=\"font-family: georgia, palatino, serif; color: #000000;\">Park is in the city center of Plung\u0117. <span lang=\"en\">Total area of Park <\/span>&#8211; 58,3 ha. About 50 km <span lang=\"en\">from the Baltic Sea and Klaip\u0117da. <\/span>Tourism information center coordination: 56.042586, 21.815143 (WGS).<\/span><\/span><\/p>\n<p style=\"text-align: justify;\" align=\"JUSTIFY\"><span style=\"font-family: georgia, palatino, serif; color: #000000;\"><span lang=\"en\">It is virtual educational \u2013 cognitive program and web page, which is applied for mobile devices and tablets. Tourist are invited for a walk around Plung\u0117 Park, full of strange and forgotten legends. The interactive tour \u201cPlung\u0117 Smart Park\u201d will help to find the cultural and nature heritage of counts Zubovas and dukes Oginskis, as well as particular signs of that time. Walking along the paths, created and cherished by the aristocrat family, visitors will find not only the most interesting trees and plants, but also will get to know more than 50 kinds of birds species and kinds of other animals. This program has three virtual tours: fauna, flora and cultural objects. All routs have a variety of visual, audio and graphic material, which will give possibility to immerse yourself in the history of the town<\/span><\/span><\/p>\n<p style=\"text-align: justify;\" align=\"JUSTIFY\"><span style=\"font-family: georgia, palatino, serif; color: #000000;\"><span lang=\"en-US\"><b>Attractions <\/b><\/span><\/span><\/p>\n<p lang=\"lt-LT\" style=\"text-align: justify;\" align=\"JUSTIFY\"><span style=\"font-family: georgia, palatino, serif; color: #000000; font-size: 12pt;\"><span lang=\"en-US\"><b>Recommendations for visitors<\/b><\/span><span lang=\"en-US\">:<\/span><\/span><\/p>\n<p lang=\"lt-LT\" style=\"text-align: justify;\" align=\"JUSTIFY\"><span style=\"font-family: georgia, palatino, serif; color: #000000; font-size: 12pt;\"><span lang=\"en-US\"> 1) It is offered for visitors go for a walk in Plung\u0117 manor estate. <\/span><span lang=\"en\">Plunge manor ensemble is one of the most beautiful estates in Lithuania complexes, often called Samogitia Versailles<\/span><span lang=\"en-US\">. The main objects: M. Oginskis palace (Samogitian art museum is situated in the manor palace), the Clock tower-orangery (<\/span><span lang=\"en-US\">it\u2019<\/span><span lang=\"en\">s like a small version of\u00a0Palazzo Vecchio in\u00a0Florence, Italy<\/span><span lang=\"en-US\">), park gates, etc. <\/span><\/span><\/p>\n<p lang=\"lt-LT\" style=\"text-align: justify;\" align=\"JUSTIFY\"><span style=\"font-family: georgia, palatino, serif; color: #000000; font-size: 12pt;\"><span lang=\"en-US\">2) Visit Gandinga mound with lower ward and settlement. <\/span><span lang=\"en-US\">On the Goundinga mound stood a castle that was a crucial <\/span><span lang=\"en-US\">support point in the fights with crusaders in 13th century. <\/span><\/span><\/p>\n<p lang=\"lt-LT\" style=\"text-align: justify;\" align=\"JUSTIFY\"><span style=\"font-family: georgia, palatino, serif; color: #000000; font-size: 12pt;\"><span lang=\"en-US\">3) Visit \u017demait\u0117\u2019s memorial museum\/Bukant\u0117 manor homestead. This manor homestead is known in Lithuania as the place <\/span><span lang=\"en-US\">where the writer \u017demait\u0117 was born<\/span><span lang=\"en-US\">. <\/span><\/span><\/p>\n<p lang=\"lt-LT\" style=\"text-align: justify;\" align=\"JUSTIFY\"><span style=\"font-family: georgia, palatino, serif; color: #000000; font-size: 12pt;\"><span lang=\"en-US\">4) <\/span><span lang=\"en\">Canoeing <\/span><span lang=\"en\">in Minija river. <\/span><span lang=\"en\">Tourists <\/span><span lang=\"en\">can visit Tel\u0161iai (it is a capital of Samogitia region), visit Lopai\u010diai hill-fort in Rietavas, <\/span><span lang=\"en\">which<\/span><span lang=\"en\"> is an entire historical complex and a site thought to be an ancient Samogitian sacred place, <\/span><span lang=\"en\">filled with <\/span><span lang=\"en\">legendary rocks.<\/span><\/span><\/p>\n<p lang=\"en-US\" style=\"text-align: justify;\">\n<p> <\/p>","protected":false},"excerpt":{"rendered":"<p>Leider ist der Eintrag nur auf Amerikanisches Englisch verf\u00fcgbar. Der Inhalt wird unten in einer verf\u00fcgbaren Sprache angezeigt. Klicken Sie auf den Link, um die aktuelle Sprache zu \u00e4ndern. LOCATION Park is in the city center of Plung\u0117. Total area of Park &#8211; 58,3 ha. About 50 km from the Baltic Sea and Klaip\u0117da. Tourism [&hellip;]<\/p>\n","protected":false},"author":3,"featured_media":0,"parent":457,"menu_order":0,"comment_status":"closed","ping_status":"closed","template":"","meta":[],"categories":[34,15,26],"tags":[],"_links":{"self":[{"href":"https:\/\/sbt.ug.edu.pl\/de\/wp-json\/wp\/v2\/pages\/1823"}],"collection":[{"href":"https:\/\/sbt.ug.edu.pl\/de\/wp-json\/wp\/v2\/pages"}],"about":[{"href":"https:\/\/sbt.ug.edu.pl\/de\/wp-json\/wp\/v2\/types\/page"}],"author":[{"embeddable":true,"href":"https:\/\/sbt.ug.edu.pl\/de\/wp-json\/wp\/v2\/users\/3"}],"replies":[{"embeddable":true,"href":"https:\/\/sbt.ug.edu.pl\/de\/wp-json\/wp\/v2\/comments?post=1823"}],"version-history":[{"count":3,"href":"https:\/\/sbt.ug.edu.pl\/de\/wp-json\/wp\/v2\/pages\/1823\/revisions"}],"predecessor-version":[{"id":3435,"href":"https:\/\/sbt.ug.edu.pl\/de\/wp-json\/wp\/v2\/pages\/1823\/revisions\/3435"}],"up":[{"embeddable":true,"href":"https:\/\/sbt.ug.edu.pl\/de\/wp-json\/wp\/v2\/pages\/457"}],"wp:attachment":[{"href":"https:\/\/sbt.ug.edu.pl\/de\/wp-json\/wp\/v2\/media?parent=1823"}],"wp:term":[{"taxonomy":"category","embeddable":true,"href":"https:\/\/sbt.ug.edu.pl\/de\/wp-json\/wp\/v2\/categories?post=1823"},{"taxonomy":"post_tag","embeddable":true,"href":"https:\/\/sbt.ug.edu.pl\/de\/wp-json\/wp\/v2\/tags?post=1823"}],"curies":[{"name":"wp","href":"https:\/\/api.w.org\/{rel}","templated":true}]}}