{"id":330,"date":"2018-11-19T20:10:28","date_gmt":"2018-11-19T19:10:28","guid":{"rendered":"http:\/\/southbaltic-tourist.eu\/?page_id=330"},"modified":"2021-06-10T16:02:42","modified_gmt":"2021-06-10T15:02:42","slug":"9-bornholm-biking","status":"publish","type":"page","link":"https:\/\/sbt.ug.edu.pl\/de\/routes\/windsurfing-exploration\/9-bornholm-biking\/","title":{"rendered":"9. Bornholm Island Biking"},"content":{"rendered":"<p><strong>LOCATION<\/strong><\/p>\n<p style=\"text-align: justify;\">Bornholm Island has a network of biking routes including coastal, inland routes and mountain trails. The participants of Windsurfing Exploration Route are recommended to try a biking trail in the eastern and northern part of the island, close to surfing spots (e.g. Balka beach or the Dueodde Strand). Bornholm Island can be accessed either by the ferry from Ystad (Sweden), K<em>\u00f8<\/em>ge (Zealand, Denmark) or Sassnitz (R\u00fcgen Island, Germany). In summertime there are direct ferries from \u015awinouj\u015bcie (Poland). At R<em>\u00f8nne<\/em>R<em>\u00f8nne<\/em>\u00a0there is also a small airport which services flights to Copenhagen. The geographical location of Bornholm Island\u2019s capital R<em>\u00f8nne<\/em> is: 55\u00b006\u2032N\u00a014\u00b042\u2032E.<\/p>\n<p><img decoding=\"async\" loading=\"lazy\" class=\"alignleft wp-image-331\" src=\"https:\/\/southbaltic-tourist.eu\/wp-content\/uploads\/2018\/11\/9.1.png\" alt=\"\" width=\"627\" height=\"350\" srcset=\"https:\/\/sbt.ug.edu.pl\/wp-content\/uploads\/2018\/11\/9.1.png 666w, https:\/\/sbt.ug.edu.pl\/wp-content\/uploads\/2018\/11\/9.1-300x168.png 300w\" sizes=\"(max-width: 627px) 100vw, 627px\" \/> <a href=\"https:\/\/southbaltic-tourist.eu\/wp-content\/uploads\/2020\/01\/r1a9_Bornholm_Biking_slim.png\" data-rel=\"lightbox-gallery-6OCyjcoX\" data-rl_title=\"\" data-rl_caption=\"\" title=\"\"><img decoding=\"async\" loading=\"lazy\" class=\"alignnone wp-image-5127\" src=\"https:\/\/southbaltic-tourist.eu\/wp-content\/uploads\/2020\/01\/r1a9_Bornholm_Biking_slim-300x256.png\" alt=\"\" width=\"410\" height=\"350\" srcset=\"https:\/\/sbt.ug.edu.pl\/wp-content\/uploads\/2020\/01\/r1a9_Bornholm_Biking_slim-300x256.png 300w, https:\/\/sbt.ug.edu.pl\/wp-content\/uploads\/2020\/01\/r1a9_Bornholm_Biking_slim-1024x874.png 1024w, https:\/\/sbt.ug.edu.pl\/wp-content\/uploads\/2020\/01\/r1a9_Bornholm_Biking_slim-768x655.png 768w, https:\/\/sbt.ug.edu.pl\/wp-content\/uploads\/2020\/01\/r1a9_Bornholm_Biking_slim-1536x1310.png 1536w, https:\/\/sbt.ug.edu.pl\/wp-content\/uploads\/2020\/01\/r1a9_Bornholm_Biking_slim-150x128.png 150w, https:\/\/sbt.ug.edu.pl\/wp-content\/uploads\/2020\/01\/r1a9_Bornholm_Biking_slim.png 1600w\" sizes=\"(max-width: 410px) 100vw, 410px\" \/><\/a><\/p>\n<p><a href=\"https:\/\/www.google.pl\/maps\/place\/Bornholm\/@55.1432859,14.6388919,10z\/data=!4m5!3m4!1s0x46550e79e64f7b07:0xf84b68b18fbadf12!8m2!3d55.160428!4d14.8668836\" target=\"_blank\" rel=\"noopener noreferrer\">View on Google Maps<\/a><\/p>\n<p><strong>BIKING ADVENTURE<\/strong><\/p>\n<p style=\"text-align: justify;\">There is not a lot of traffic on the roads and so biking here is relatively easy and safe. The suggested one-day biking route would start in Dueodde, proceed to Snogeb\u00e6k (fishermen\u2019s village and harbour) through Balka to Nex<em>\u00f8<\/em> (port town), then \u00c5rsdale (windmills village) to Svaneke (with a historical district in the town). On the way back the route would go through the natural areas of Bornholm to Almindingen, \u00c5kirkeby, S<em>\u00f8<\/em>marken and back to Dueodde. The round trip is 50-60 km, depending on the selected options and it allows exploration of both the inland and coastal areas of Eastern Bornholm. Bikers should not expect significant traffic and for many kilometres you can be the only biker on the route.<\/p>\n<p>&nbsp;<\/p>\n<p><strong>ATTRACTIONS<\/strong><\/p>\n<p style=\"text-align: justify;\">Bornholm Island offers plenty of attractions which can enrich your surfing holiday. They include such activities as biking, kayaking, hiking, birdwatching and sightseeing in nature reserves. The island has a couple of interesting museums, historic ruins, churches and windmills. Bornholm is always associated with picturesque small towns and villages, including fishermen villages and harbours &#8211; some palaces (places?) look like they are from the Middle Ages. The island\u2019s lack of industrialisation helps create the perfect atmosphere for a calm, relaxing break. The island is surrounded by diverse coasts, with broad beaches in the East and steeper coasts in the West and North.<\/p>\n<p>&nbsp;<\/p>\n<h2><strong>Move to Attractions bellow or -&gt;<a href=\"https:\/\/southbaltic-tourist.eu\/routes\/windsurfing-exploration\/10-malmo-surfhotspots\/\">Move to Attraction No. 10<\/a><\/strong><\/h2>\n<p>[post_grid id=&#8220;229&#8243;]<\/p>\n<p>&nbsp;<\/p>\n<p>&nbsp;<\/p>","protected":false},"excerpt":{"rendered":"<p>LOCATION Bornholm Island has a network of biking routes including coastal, inland routes and mountain trails. The participants of Windsurfing Exploration Route are recommended to try a biking trail in the eastern and northern part of the island, close to surfing spots (e.g. Balka beach or the Dueodde Strand). Bornholm Island can be accessed either [&hellip;]<\/p>\n","protected":false},"author":1,"featured_media":0,"parent":174,"menu_order":0,"comment_status":"closed","ping_status":"closed","template":"","meta":[],"categories":[34,13,9],"tags":[],"_links":{"self":[{"href":"https:\/\/sbt.ug.edu.pl\/de\/wp-json\/wp\/v2\/pages\/330"}],"collection":[{"href":"https:\/\/sbt.ug.edu.pl\/de\/wp-json\/wp\/v2\/pages"}],"about":[{"href":"https:\/\/sbt.ug.edu.pl\/de\/wp-json\/wp\/v2\/types\/page"}],"author":[{"embeddable":true,"href":"https:\/\/sbt.ug.edu.pl\/de\/wp-json\/wp\/v2\/users\/1"}],"replies":[{"embeddable":true,"href":"https:\/\/sbt.ug.edu.pl\/de\/wp-json\/wp\/v2\/comments?post=330"}],"version-history":[{"count":19,"href":"https:\/\/sbt.ug.edu.pl\/de\/wp-json\/wp\/v2\/pages\/330\/revisions"}],"predecessor-version":[{"id":5810,"href":"https:\/\/sbt.ug.edu.pl\/de\/wp-json\/wp\/v2\/pages\/330\/revisions\/5810"}],"up":[{"embeddable":true,"href":"https:\/\/sbt.ug.edu.pl\/de\/wp-json\/wp\/v2\/pages\/174"}],"wp:attachment":[{"href":"https:\/\/sbt.ug.edu.pl\/de\/wp-json\/wp\/v2\/media?parent=330"}],"wp:term":[{"taxonomy":"category","embeddable":true,"href":"https:\/\/sbt.ug.edu.pl\/de\/wp-json\/wp\/v2\/categories?post=330"},{"taxonomy":"post_tag","embeddable":true,"href":"https:\/\/sbt.ug.edu.pl\/de\/wp-json\/wp\/v2\/tags?post=330"}],"curies":[{"name":"wp","href":"https:\/\/api.w.org\/{rel}","templated":true}]}}