{"id":336,"date":"2018-11-19T20:15:18","date_gmt":"2018-11-19T19:15:18","guid":{"rendered":"http:\/\/southbaltic-tourist.eu\/?page_id=336"},"modified":"2021-06-10T16:07:21","modified_gmt":"2021-06-10T15:07:21","slug":"10-malmo-surfhotspots","status":"publish","type":"page","link":"https:\/\/sbt.ug.edu.pl\/de\/routes\/windsurfing-exploration\/10-malmo-surfhotspots\/","title":{"rendered":"10. Malm\u00f6 Surfing Hotspots"},"content":{"rendered":"<p><strong>LOCATION<\/strong><\/p>\n<p style=\"text-align: justify;\">Malm\u00f6\u2019s surfing hotspots are located to the north (Lomma, Habo Ljung), centrally (V\u00e4stra Hamnen) and to the south of the city, and are easily accessible by road. Malm\u00f6 is the capital city of for the Swedish region Sk\u00e5ne, the most southerly region of Sweden, and it is easily accessible as it has an airport. It is also closely connected to Copenhagen by road or rail via a sea bridge. There are numerous connections from Germany (with the easiest ferry line being Sassnitz \u2013 Trelleborg), from Poland (ferry line: \u015awinouj\u015bcie- Ystad) and from Lithuania (ferry line: Klaipeda- Karlshamn). The City of Malm\u00f6\u2019s geographical coordinates are: 55\u00b036\u2032N 13\u00b000\u2032E.<\/p>\n<p><img decoding=\"async\" loading=\"lazy\" class=\"alignleft wp-image-338\" src=\"https:\/\/southbaltic-tourist.eu\/wp-content\/uploads\/2018\/11\/10.1.png\" alt=\"\" width=\"497\" height=\"300\" srcset=\"https:\/\/sbt.ug.edu.pl\/wp-content\/uploads\/2018\/11\/10.1.png 610w, https:\/\/sbt.ug.edu.pl\/wp-content\/uploads\/2018\/11\/10.1-300x181.png 300w\" sizes=\"(max-width: 497px) 100vw, 497px\" \/><\/p>\n<p><a href=\"https:\/\/southbaltic-tourist.eu\/wp-content\/uploads\/2020\/01\/r1a10_Malmo_Surfing_slim.png\" data-rel=\"lightbox-gallery-akveSynh\" data-rl_title=\"\" data-rl_caption=\"\" title=\"\"><img decoding=\"async\" loading=\"lazy\" class=\"alignnone wp-image-5134\" src=\"https:\/\/southbaltic-tourist.eu\/wp-content\/uploads\/2020\/01\/r1a10_Malmo_Surfing_slim-300x174.png\" alt=\"\" width=\"517\" height=\"300\" srcset=\"https:\/\/sbt.ug.edu.pl\/wp-content\/uploads\/2020\/01\/r1a10_Malmo_Surfing_slim-300x174.png 300w, https:\/\/sbt.ug.edu.pl\/wp-content\/uploads\/2020\/01\/r1a10_Malmo_Surfing_slim-1024x594.png 1024w, https:\/\/sbt.ug.edu.pl\/wp-content\/uploads\/2020\/01\/r1a10_Malmo_Surfing_slim-768x445.png 768w, https:\/\/sbt.ug.edu.pl\/wp-content\/uploads\/2020\/01\/r1a10_Malmo_Surfing_slim-1536x891.png 1536w, https:\/\/sbt.ug.edu.pl\/wp-content\/uploads\/2020\/01\/r1a10_Malmo_Surfing_slim-150x87.png 150w, https:\/\/sbt.ug.edu.pl\/wp-content\/uploads\/2020\/01\/r1a10_Malmo_Surfing_slim.png 1600w\" sizes=\"(max-width: 517px) 100vw, 517px\" \/><\/a><\/p>\n<p><a href=\"https:\/\/www.google.com\/maps\/place\/Malmo,+Szwecja\/@55.6143217,12.9074763,11z\/data=!4m5!3m4!1s0x465305a574c491ff:0xd3a905dfbd4888e5!8m2!3d55.604981!4d13.003822\" target=\"_blank\" rel=\"noopener noreferrer\">View on Google Maps<\/a><\/p>\n<p><strong>MALM\u00d6\u2019S SURFING HOTSPOTS<\/strong><\/p>\n<p style=\"text-align: justify;\">All Malm\u00f6\u2019s surfing hotspots are located on the western shore of Sk\u00e5ne, along the \u00d6resund strait \u2013 a place where the salty waters of the North Sea mix with the fresher waters of the Baltic. The exposure to the west creates perfect wind conditions, however for most of the year waves are low or moderate (typically flat). Small beaches and grassland areas border most of the hotspots, which allows for comfortable access to the sea. These characteristics make this area a very attractive spot for windsurfing and kitesurfing courses organized by numerous surfing schools. The diversity of the coasts around Malm\u00f6 offers both shallow and deeper waters, which can suit different types of surfing.<\/p>\n<p>&nbsp;<\/p>\n<p><strong>ATTRACTIONS<\/strong><\/p>\n<p style=\"text-align: justify;\">The whole region of Sk\u00e5ne is a very beautiful part of Sweden. It includes different attractions, ranging from cultural heritage sites (old castles, cathedrals, churches, historic cities, picturesque towns and villages), to natural heritage sites (agricultural areas, national parks and nature reserves). The region also has a dense network of biking routes that allows for exploration of the region\u2019s cultural and natural beauty in an active way. Located very close to Copenhagen, the region is dotted with small islands, the most famous of which is the island of Ven. Another landmark of the area is the \u00d6resund Bridge, which connects Sweden with Denmark.<\/p>\n<p>&nbsp;<\/p>\n<h2><strong>Move to Attractions bellow or -&gt;<a href=\"https:\/\/southbaltic-tourist.eu\/routes\/windsurfing-exploration\/1-ru%cc%88gen-surfhotspot\/\">Move to Attraction No. 1<\/a><\/strong><\/h2>\n<p>[post_grid id=&#8220;229&#8243;]<\/p>\n<p>&nbsp;<\/p>","protected":false},"excerpt":{"rendered":"<p>LOCATION Malm\u00f6\u2019s surfing hotspots are located to the north (Lomma, Habo Ljung), centrally (V\u00e4stra Hamnen) and to the south of the city, and are easily accessible by road. Malm\u00f6 is the capital city of for the Swedish region Sk\u00e5ne, the most southerly region of Sweden, and it is easily accessible as it has an airport. [&hellip;]<\/p>\n","protected":false},"author":1,"featured_media":0,"parent":174,"menu_order":0,"comment_status":"closed","ping_status":"closed","template":"","meta":[],"categories":[34,12,9],"tags":[],"_links":{"self":[{"href":"https:\/\/sbt.ug.edu.pl\/de\/wp-json\/wp\/v2\/pages\/336"}],"collection":[{"href":"https:\/\/sbt.ug.edu.pl\/de\/wp-json\/wp\/v2\/pages"}],"about":[{"href":"https:\/\/sbt.ug.edu.pl\/de\/wp-json\/wp\/v2\/types\/page"}],"author":[{"embeddable":true,"href":"https:\/\/sbt.ug.edu.pl\/de\/wp-json\/wp\/v2\/users\/1"}],"replies":[{"embeddable":true,"href":"https:\/\/sbt.ug.edu.pl\/de\/wp-json\/wp\/v2\/comments?post=336"}],"version-history":[{"count":17,"href":"https:\/\/sbt.ug.edu.pl\/de\/wp-json\/wp\/v2\/pages\/336\/revisions"}],"predecessor-version":[{"id":5811,"href":"https:\/\/sbt.ug.edu.pl\/de\/wp-json\/wp\/v2\/pages\/336\/revisions\/5811"}],"up":[{"embeddable":true,"href":"https:\/\/sbt.ug.edu.pl\/de\/wp-json\/wp\/v2\/pages\/174"}],"wp:attachment":[{"href":"https:\/\/sbt.ug.edu.pl\/de\/wp-json\/wp\/v2\/media?parent=336"}],"wp:term":[{"taxonomy":"category","embeddable":true,"href":"https:\/\/sbt.ug.edu.pl\/de\/wp-json\/wp\/v2\/categories?post=336"},{"taxonomy":"post_tag","embeddable":true,"href":"https:\/\/sbt.ug.edu.pl\/de\/wp-json\/wp\/v2\/tags?post=336"}],"curies":[{"name":"wp","href":"https:\/\/api.w.org\/{rel}","templated":true}]}}