{"id":36,"date":"2018-06-02T12:19:20","date_gmt":"2018-06-02T10:19:20","guid":{"rendered":"http:\/\/eduproj.elcs.nazwa.pl\/?page_id=36"},"modified":"2022-12-10T09:32:28","modified_gmt":"2022-12-10T08:32:28","slug":"about-project","status":"publish","type":"page","link":"https:\/\/sbt.ug.edu.pl\/de\/about-project\/","title":{"rendered":"\u00dcber das Projekt"},"content":{"rendered":"<p><\/p>\n<div>\n<p><img decoding=\"async\" loading=\"lazy\" class=\"alignnone wp-image-168 alignleft\" src=\"http:\/\/eduproj.elcs.nazwa.pl\/wp-content\/uploads\/2018\/07\/P1010638.jpg\" alt=\"\" width=\"315\" height=\"236\" srcset=\"https:\/\/sbt.ug.edu.pl\/wp-content\/uploads\/2018\/07\/P1010638.jpg 2560w, https:\/\/sbt.ug.edu.pl\/wp-content\/uploads\/2018\/07\/P1010638-300x225.jpg 300w, https:\/\/sbt.ug.edu.pl\/wp-content\/uploads\/2018\/07\/P1010638-768x576.jpg 768w, https:\/\/sbt.ug.edu.pl\/wp-content\/uploads\/2018\/07\/P1010638-1024x768.jpg 1024w, https:\/\/sbt.ug.edu.pl\/wp-content\/uploads\/2018\/07\/P1010638-136x102.jpg 136w\" sizes=\"(max-width: 315px) 100vw, 315px\" \/><strong>Die s\u00fcdliche Ostseeregion (SBR)<\/strong> ist einer der verborgenen Sch\u00e4tze des &#8222;heritage tourism&#8220; in Europa. Die Potenziale des SBR schlie\u00dfen kulturelles Erbe einer \u00fcber 1000-j\u00e4hrigen Geschichte ein, mit herrlichen St\u00e4dten und Schl\u00f6ssern ebenso wie Naturerbest\u00e4tten mit unber\u00fchrten Landschaften, Steilk\u00fcsten, Str\u00e4nden, Meeresgew\u00e4ssern, W\u00e4ldern und anderen Bestandteilen tierischen und pflanzlichen Lebens. Das Projekt &#8222;Baltic Dreams&#8220; zielt auf die Erzeugung einer starken Wahrnehmung der Region als eine Weltklasse-&#8222;heritage tourism&#8220;-Destination und auf die Entwicklung einer gemeinsamen Identit\u00e4t als grenz\u00fcberschreitende blaue und gr\u00fcne Tourismusregion. Die wichtigsten Projektaktivit\u00e4ten sind die Erarbeitung, Gestaltung und Einf\u00fchrung von 8 blauen und gr\u00fcnen &#8222;heritage routes&#8220; &#8211; fertig, um Vorschl\u00e4ge f\u00fcr eine 1-, 2- oder 3-w\u00f6chige Reise in die Region zu planen. Zus\u00e4tzlich sind darin enthalten: die Entwicklung von grenz\u00fcberschreitenden IT-L\u00f6sungen, um Urlaubsplanungen in der Region zu verbessern, die Inspiration f\u00fcr &#8222;heritage tourism&#8220; &#8211; Urlaubsplanung sowie der Wissenszuwachs von &#8222;heritage tourism&#8220; &#8211; Reiseanbietern, die grenz\u00fcberschreitende Produkte vertreiben. Ergebnisse des Projekts sind: die Nutzung der neuen Routen durch Touristen, ein gr\u00f6\u00dferes Interesse an blauem und gr\u00fcnem Tourismus in der s\u00fcdlichen Ostseeregion, eine wachsende Anzahl von Urlaubsplanungen in der Region sowie eine wachsendes Interesse verschiedener L\u00e4nder am s\u00fcdlichen Ostseeraum. Das Projekt unterst\u00fctzt die wachsende Anzahl von Buchungen und Reservierungen in der Region.<\/p>\n<\/div>\n<p><\/p>","protected":false},"excerpt":{"rendered":"<p>Die s\u00fcdliche Ostseeregion (SBR) ist einer der verborgenen Sch\u00e4tze des &#8222;heritage tourism&#8220; in Europa. Die Potenziale des SBR schlie\u00dfen kulturelles Erbe einer \u00fcber 1000-j\u00e4hrigen Geschichte ein, mit herrlichen St\u00e4dten und Schl\u00f6ssern ebenso wie Naturerbest\u00e4tten mit unber\u00fchrten Landschaften, Steilk\u00fcsten, Str\u00e4nden, Meeresgew\u00e4ssern, W\u00e4ldern und anderen Bestandteilen tierischen und pflanzlichen Lebens. Das Projekt &#8222;Baltic Dreams&#8220; zielt auf die [&hellip;]<\/p>\n","protected":false},"author":1,"featured_media":0,"parent":0,"menu_order":0,"comment_status":"closed","ping_status":"closed","template":"","meta":[],"categories":[],"tags":[],"_links":{"self":[{"href":"https:\/\/sbt.ug.edu.pl\/de\/wp-json\/wp\/v2\/pages\/36"}],"collection":[{"href":"https:\/\/sbt.ug.edu.pl\/de\/wp-json\/wp\/v2\/pages"}],"about":[{"href":"https:\/\/sbt.ug.edu.pl\/de\/wp-json\/wp\/v2\/types\/page"}],"author":[{"embeddable":true,"href":"https:\/\/sbt.ug.edu.pl\/de\/wp-json\/wp\/v2\/users\/1"}],"replies":[{"embeddable":true,"href":"https:\/\/sbt.ug.edu.pl\/de\/wp-json\/wp\/v2\/comments?post=36"}],"version-history":[{"count":12,"href":"https:\/\/sbt.ug.edu.pl\/de\/wp-json\/wp\/v2\/pages\/36\/revisions"}],"predecessor-version":[{"id":5885,"href":"https:\/\/sbt.ug.edu.pl\/de\/wp-json\/wp\/v2\/pages\/36\/revisions\/5885"}],"wp:attachment":[{"href":"https:\/\/sbt.ug.edu.pl\/de\/wp-json\/wp\/v2\/media?parent=36"}],"wp:term":[{"taxonomy":"category","embeddable":true,"href":"https:\/\/sbt.ug.edu.pl\/de\/wp-json\/wp\/v2\/categories?post=36"},{"taxonomy":"post_tag","embeddable":true,"href":"https:\/\/sbt.ug.edu.pl\/de\/wp-json\/wp\/v2\/tags?post=36"}],"curies":[{"name":"wp","href":"https:\/\/api.w.org\/{rel}","templated":true}]}}