{"id":455,"date":"2017-12-05T09:56:57","date_gmt":"2017-12-05T08:56:57","guid":{"rendered":"http:\/\/southbaltic-tourist.eu\/?page_id=455"},"modified":"2021-05-31T18:03:18","modified_gmt":"2021-05-31T17:03:18","slug":"kayaking-south-baltic","status":"publish","type":"page","link":"https:\/\/sbt.ug.edu.pl\/de\/routes\/kayaking-south-baltic\/","title":{"rendered":"Kayak fahren in der s\u00fcdlichen Ostsee"},"content":{"rendered":"<p><strong>H\u00f6hepunkte der Route: <\/strong><\/p>\n<p>Kurische Nehrung &#8211; Sk\u00e5nes Seen &#8211; Fluss Warnow &#8211; Nationalpark Bory Tucholskie &#8211; Slowinski Nationalpark<\/p>\n<p><strong><img decoding=\"async\" loading=\"lazy\" class=\"alignleft wp-image-4363\" src=\"https:\/\/southbaltic-tourist.eu\/wp-content\/uploads\/2019\/08\/DSC6793a-768x432-300x169.jpg\" alt=\"\" width=\"622\" height=\"350\" srcset=\"https:\/\/sbt.ug.edu.pl\/wp-content\/uploads\/2019\/08\/DSC6793a-768x432-300x169.jpg 300w, https:\/\/sbt.ug.edu.pl\/wp-content\/uploads\/2019\/08\/DSC6793a-768x432.jpg 768w, https:\/\/sbt.ug.edu.pl\/wp-content\/uploads\/2019\/08\/DSC6793a-768x432-150x84.jpg 150w\" sizes=\"(max-width: 622px) 100vw, 622px\" \/><\/strong><a href=\"https:\/\/southbaltic-tourist.eu\/wp-content\/uploads\/2020\/02\/R2.main_.png\" data-rel=\"lightbox-gallery-zzH6dpmy\" data-rl_title=\"\" data-rl_caption=\"\" title=\"\"><img decoding=\"async\" loading=\"lazy\" class=\"alignnone wp-image-5212\" src=\"https:\/\/southbaltic-tourist.eu\/wp-content\/uploads\/2020\/02\/R2.main_-300x256.png\" alt=\"\" width=\"410\" height=\"350\" srcset=\"https:\/\/sbt.ug.edu.pl\/wp-content\/uploads\/2020\/02\/R2.main_-300x256.png 300w, https:\/\/sbt.ug.edu.pl\/wp-content\/uploads\/2020\/02\/R2.main_-1024x874.png 1024w, https:\/\/sbt.ug.edu.pl\/wp-content\/uploads\/2020\/02\/R2.main_-768x655.png 768w, https:\/\/sbt.ug.edu.pl\/wp-content\/uploads\/2020\/02\/R2.main_-1536x1310.png 1536w, https:\/\/sbt.ug.edu.pl\/wp-content\/uploads\/2020\/02\/R2.main_-150x128.png 150w, https:\/\/sbt.ug.edu.pl\/wp-content\/uploads\/2020\/02\/R2.main_.png 1600w\" sizes=\"(max-width: 410px) 100vw, 410px\" \/><\/a><\/p>\n<p><strong>Konzept der Route:<\/strong><\/p>\n<p>Diese Reise schlie\u00dft die sch\u00f6nsten Ostseestr\u00e4nde, Sandd\u00fcnen, urt\u00fcmliche W\u00e4lder und malerischen Seen ein. Die Fahrt auf dieser Route erm\u00f6glicht den Anblick wundersch\u00f6ner Landschaften, nat\u00fcrlicher Gew\u00e4sser sowie urspr\u00fcnglicher Flora und Fauna. Entlang der Route kann man Wildtiere, V\u00f6gel und Fische in ihrer nat\u00fcrlichen Umgebung beobachten. Es sind Besichtigungen von kulturellen Sehensw\u00fcrdigkeiten geplant, jedoch f\u00fchrt der Weg an gr\u00f6\u00dferen St\u00e4dten vorbei.<\/p>","protected":false},"excerpt":{"rendered":"<p>H\u00f6hepunkte der Route: Kurische Nehrung &#8211; Sk\u00e5nes Seen &#8211; Fluss Warnow &#8211; Nationalpark Bory Tucholskie &#8211; Slowinski Nationalpark Konzept der Route: Diese Reise schlie\u00dft die sch\u00f6nsten Ostseestr\u00e4nde, Sandd\u00fcnen, urt\u00fcmliche W\u00e4lder und malerischen Seen ein. Die Fahrt auf dieser Route erm\u00f6glicht den Anblick wundersch\u00f6ner Landschaften, nat\u00fcrlicher Gew\u00e4sser sowie urspr\u00fcnglicher Flora und Fauna. Entlang der Route kann [&hellip;]<\/p>\n","protected":false},"author":1,"featured_media":0,"parent":171,"menu_order":0,"comment_status":"closed","ping_status":"closed","template":"","meta":[],"categories":[17],"tags":[],"_links":{"self":[{"href":"https:\/\/sbt.ug.edu.pl\/de\/wp-json\/wp\/v2\/pages\/455"}],"collection":[{"href":"https:\/\/sbt.ug.edu.pl\/de\/wp-json\/wp\/v2\/pages"}],"about":[{"href":"https:\/\/sbt.ug.edu.pl\/de\/wp-json\/wp\/v2\/types\/page"}],"author":[{"embeddable":true,"href":"https:\/\/sbt.ug.edu.pl\/de\/wp-json\/wp\/v2\/users\/1"}],"replies":[{"embeddable":true,"href":"https:\/\/sbt.ug.edu.pl\/de\/wp-json\/wp\/v2\/comments?post=455"}],"version-history":[{"count":22,"href":"https:\/\/sbt.ug.edu.pl\/de\/wp-json\/wp\/v2\/pages\/455\/revisions"}],"predecessor-version":[{"id":5721,"href":"https:\/\/sbt.ug.edu.pl\/de\/wp-json\/wp\/v2\/pages\/455\/revisions\/5721"}],"up":[{"embeddable":true,"href":"https:\/\/sbt.ug.edu.pl\/de\/wp-json\/wp\/v2\/pages\/171"}],"wp:attachment":[{"href":"https:\/\/sbt.ug.edu.pl\/de\/wp-json\/wp\/v2\/media?parent=455"}],"wp:term":[{"taxonomy":"category","embeddable":true,"href":"https:\/\/sbt.ug.edu.pl\/de\/wp-json\/wp\/v2\/categories?post=455"},{"taxonomy":"post_tag","embeddable":true,"href":"https:\/\/sbt.ug.edu.pl\/de\/wp-json\/wp\/v2\/tags?post=455"}],"curies":[{"name":"wp","href":"https:\/\/api.w.org\/{rel}","templated":true}]}}