{"id":457,"date":"2018-12-05T09:58:04","date_gmt":"2018-12-05T08:58:04","guid":{"rendered":"http:\/\/southbaltic-tourist.eu\/?page_id=457"},"modified":"2021-05-31T18:18:33","modified_gmt":"2021-05-31T17:18:33","slug":"national-parks-exploration","status":"publish","type":"page","link":"https:\/\/sbt.ug.edu.pl\/de\/routes\/national-parks-exploration\/","title":{"rendered":"Entdeckung: Nationalparks"},"content":{"rendered":"<p><\/p>\n<p style=\"text-align: justify;\"><strong>Routenhighlights<\/strong><\/p>\n<p style=\"text-align: justify;\">Nationalpark-Hotspots in 4 L\u00e4ndern: Deutschland: Insel R\u00fcgen, Kargow, Mecklenburg-Vorpommern; Schweden: Simrishamn, Ljungbyhed, Sk\u00e5ne, Eriksberg; Litauen: Plateliai, Plung\u0117, Palanga Beach, Klaip\u0117da und Kurisches Haff, Polen: Mi\u0119dzyzdroje, Smo\u0142dzino, Przesieki, Provinzen Warmi\u0144sko-Mazurskie. Die Route ist erg\u00e4nzt durch Fahrradtouren (Plateliai, Palanga, Klaip\u0117da), Wandern (Skane, Jasmund), Vogel- und Naturbeobachtungen: D\u00fcnen, Lagunen, Fl\u00fcsse, Seen und Wildtiere.<\/p>\n<p><img decoding=\"async\" loading=\"lazy\" class=\"alignleft wp-image-2718\" src=\"https:\/\/southbaltic-tourist.eu\/wp-content\/uploads\/2019\/07\/1-3.jpg\" alt=\"\" width=\"524\" height=\"350\" srcset=\"https:\/\/sbt.ug.edu.pl\/wp-content\/uploads\/2019\/07\/1-3.jpg 392w, https:\/\/sbt.ug.edu.pl\/wp-content\/uploads\/2019\/07\/1-3-300x201.jpg 300w, https:\/\/sbt.ug.edu.pl\/wp-content\/uploads\/2019\/07\/1-3-150x100.jpg 150w\" sizes=\"(max-width: 524px) 100vw, 524px\" \/><\/p>\n<p><a href=\"https:\/\/southbaltic-tourist.eu\/wp-content\/uploads\/2020\/02\/R3.00-National-Parks-Exploration.png\" data-rel=\"lightbox-gallery-X3Muyfv6\" data-rl_title=\"\" data-rl_caption=\"\" title=\"\"><img decoding=\"async\" loading=\"lazy\" class=\"alignnone wp-image-5272\" src=\"https:\/\/southbaltic-tourist.eu\/wp-content\/uploads\/2020\/02\/R3.00-National-Parks-Exploration.png\" alt=\"\" width=\"602\" height=\"350\" srcset=\"https:\/\/sbt.ug.edu.pl\/wp-content\/uploads\/2020\/02\/R3.00-National-Parks-Exploration.png 1600w, https:\/\/sbt.ug.edu.pl\/wp-content\/uploads\/2020\/02\/R3.00-National-Parks-Exploration-300x174.png 300w, https:\/\/sbt.ug.edu.pl\/wp-content\/uploads\/2020\/02\/R3.00-National-Parks-Exploration-1024x595.png 1024w, https:\/\/sbt.ug.edu.pl\/wp-content\/uploads\/2020\/02\/R3.00-National-Parks-Exploration-768x446.png 768w, https:\/\/sbt.ug.edu.pl\/wp-content\/uploads\/2020\/02\/R3.00-National-Parks-Exploration-1536x893.png 1536w, https:\/\/sbt.ug.edu.pl\/wp-content\/uploads\/2020\/02\/R3.00-National-Parks-Exploration-150x87.png 150w\" sizes=\"(max-width: 602px) 100vw, 602px\" \/><\/a><\/p>\n<p>&nbsp;<\/p>\n<p style=\"text-align: justify;\"><strong>Routenkonzept: \u201eRendezvous mit der Natur\u201c<\/strong><\/p>\n<p style=\"text-align: justify;\">Diese Route ist eine der besten M\u00f6glichkeiten, die Natur zu erkunden und die Tierwelt kennenzulernen. Sie ist selbstf\u00fchrend und soll Ihnen bei der Planung Ihrer eigenen Abenteuer helfen. Reisende k\u00f6nnen je nach verf\u00fcgbarer Zeit Nationalparks hinzuf\u00fcgen oder weglassen. Es wird empfohlen, gen\u00fcgend Zeit einplanen, um die spektakul\u00e4ren Parks zu erkunden. Reisende k\u00f6nnen verschiedene Erkundungsarten w\u00e4hlen: Radfahren, Kajakfahren, Wandern oder sogar Reiten. In den Nationalparks werden nachhaltige Tourismusaktivit\u00e4ten angeboten: Vogelbeobachtung, Wildtier-Beobachtung, Wandern und so weiter. Diese Parks beherbergen viele seltene Pflanzen und Tiere. Die Route enth\u00e4lt einige Objekte aus der Liste des UNESCO-Welterbes. Die Tour bietet Besichtigungen von Museen, Besuche auf Bauernh\u00f6fen und vieles mehr, um eine tolle Zeit zu haben. Nach dieser Tour k\u00f6nnen Reisende sagen: \u201eIch hatte ein Rendezvous mit der Natur\u201c\u2026<\/p>\n<p><\/p>","protected":false},"excerpt":{"rendered":"<p>Routenhighlights Nationalpark-Hotspots in 4 L\u00e4ndern: Deutschland: Insel R\u00fcgen, Kargow, Mecklenburg-Vorpommern; Schweden: Simrishamn, Ljungbyhed, Sk\u00e5ne, Eriksberg; Litauen: Plateliai, Plung\u0117, Palanga Beach, Klaip\u0117da und Kurisches Haff, Polen: Mi\u0119dzyzdroje, Smo\u0142dzino, Przesieki, Provinzen Warmi\u0144sko-Mazurskie. Die Route ist erg\u00e4nzt durch Fahrradtouren (Plateliai, Palanga, Klaip\u0117da), Wandern (Skane, Jasmund), Vogel- und Naturbeobachtungen: D\u00fcnen, Lagunen, Fl\u00fcsse, Seen und Wildtiere. &nbsp; Routenkonzept: \u201eRendezvous mit [&hellip;]<\/p>\n","protected":false},"author":1,"featured_media":0,"parent":171,"menu_order":0,"comment_status":"closed","ping_status":"closed","template":"","meta":[],"categories":[17],"tags":[],"_links":{"self":[{"href":"https:\/\/sbt.ug.edu.pl\/de\/wp-json\/wp\/v2\/pages\/457"}],"collection":[{"href":"https:\/\/sbt.ug.edu.pl\/de\/wp-json\/wp\/v2\/pages"}],"about":[{"href":"https:\/\/sbt.ug.edu.pl\/de\/wp-json\/wp\/v2\/types\/page"}],"author":[{"embeddable":true,"href":"https:\/\/sbt.ug.edu.pl\/de\/wp-json\/wp\/v2\/users\/1"}],"replies":[{"embeddable":true,"href":"https:\/\/sbt.ug.edu.pl\/de\/wp-json\/wp\/v2\/comments?post=457"}],"version-history":[{"count":15,"href":"https:\/\/sbt.ug.edu.pl\/de\/wp-json\/wp\/v2\/pages\/457\/revisions"}],"predecessor-version":[{"id":5732,"href":"https:\/\/sbt.ug.edu.pl\/de\/wp-json\/wp\/v2\/pages\/457\/revisions\/5732"}],"up":[{"embeddable":true,"href":"https:\/\/sbt.ug.edu.pl\/de\/wp-json\/wp\/v2\/pages\/171"}],"wp:attachment":[{"href":"https:\/\/sbt.ug.edu.pl\/de\/wp-json\/wp\/v2\/media?parent=457"}],"wp:term":[{"taxonomy":"category","embeddable":true,"href":"https:\/\/sbt.ug.edu.pl\/de\/wp-json\/wp\/v2\/categories?post=457"},{"taxonomy":"post_tag","embeddable":true,"href":"https:\/\/sbt.ug.edu.pl\/de\/wp-json\/wp\/v2\/tags?post=457"}],"curies":[{"name":"wp","href":"https:\/\/api.w.org\/{rel}","templated":true}]}}