{"id":482,"date":"2018-12-05T12:55:13","date_gmt":"2018-12-05T11:55:13","guid":{"rendered":"http:\/\/southbaltic-tourist.eu\/?page_id=482"},"modified":"2021-05-31T18:31:48","modified_gmt":"2021-05-31T17:31:48","slug":"blue-and-green-believes-and-religions-of-the-south-baltic-area","status":"publish","type":"page","link":"https:\/\/sbt.ug.edu.pl\/de\/routes\/blue-and-green-believes-and-religions-of-the-south-baltic-area\/","title":{"rendered":"Die spirituellen Wurzeln Europas"},"content":{"rendered":"<p><\/p>\n<p style=\"text-align: justify;\"><strong>Routenhighlights:<\/strong><\/p>\n<p style=\"text-align: justify;\">Im s\u00fcdlichen Ostseeraum, vom schwedischen Blekinge \u00fcber die d\u00e4nischen Inseln, durch Mecklenburg-Vorpommern, das polnische Westpommern und Pommern bis hin zum litauischen Samogitia, gibt es einige tausend Tempel, Kultst\u00e4tten und andere St\u00e4tten, die mit Glauben und Religiosit\u00e4t verbunden sind. Obwohl das Gebiet gr\u00f6\u00dftenteils christlich ist, gibt es keinen Mangel an Orten, die beweisen, dass die lokalen V\u00f6lker dem Kontakt mit der \u00fcbernat\u00fcrlichen Welt gro\u00dfe Bedeutung beimessen, bevor Missionare und Ritter die Nachricht von Jesus \u00fcberbrachten, und dass ihre Religiosit\u00e4t tief und ernst war. In Litauen gibt es immer noch einheimische Gl\u00e4ubige, die die fr\u00fcheren Rituale pflegen. Die Auswahl der wichtigsten Orte war schwierig. Dennoch pr\u00e4sentieren wir fast 100 Kirchen, heilige Berge, Heiligt\u00fcmer und pr\u00e4historische Friedh\u00f6fe an 18 Orten (Litauen: Taurag\u0117, Klaip\u0117da, Palanga, Tel\u0161iai; Polen: Elbl\u0105g, Malbork, L\u0119bork, Koszalin, Kamie\u0144 Pomorski; Deutschland: Greifswald, R\u00fcgen, Stralsund, Rostock; D\u00e4nemark: Nyk\u00f8bing Falster, Roskilde, Bornholm; Schweden: Ystad und Karlshamn). Je nach Zeit und F\u00e4higkeiten wird sicher jeder die empfohlenen Ziele erg\u00e4nzen, mit weiteren heiligen und religi\u00f6sen St\u00e4tten in der Umgebung. Denken Sie bei der Planung Ihrer Route der Religion und Weltanschauung daran, dass dies nicht die einzigen Attraktionen in diesem Teil Europas sind.<\/p>\n<p><img decoding=\"async\" loading=\"lazy\" class=\"alignnone wp-image-1602 \" src=\"https:\/\/southbaltic-tourist.eu\/wp-content\/uploads\/2019\/07\/foto-3.jpg\" alt=\"\" width=\"745\" height=\"499\" srcset=\"https:\/\/sbt.ug.edu.pl\/wp-content\/uploads\/2019\/07\/foto-3.jpg 695w, https:\/\/sbt.ug.edu.pl\/wp-content\/uploads\/2019\/07\/foto-3-300x201.jpg 300w, https:\/\/sbt.ug.edu.pl\/wp-content\/uploads\/2019\/07\/foto-3-150x100.jpg 150w\" sizes=\"(max-width: 745px) 100vw, 745px\" \/><\/p>\n<p><img decoding=\"async\" loading=\"lazy\" class=\"alignnone wp-image-1603 \" src=\"https:\/\/southbaltic-tourist.eu\/wp-content\/uploads\/2019\/07\/R4.00_calosc.jpg\" alt=\"\" width=\"745\" height=\"383\" srcset=\"https:\/\/sbt.ug.edu.pl\/wp-content\/uploads\/2019\/07\/R4.00_calosc.jpg 993w, https:\/\/sbt.ug.edu.pl\/wp-content\/uploads\/2019\/07\/R4.00_calosc-300x155.jpg 300w, https:\/\/sbt.ug.edu.pl\/wp-content\/uploads\/2019\/07\/R4.00_calosc-768x396.jpg 768w, https:\/\/sbt.ug.edu.pl\/wp-content\/uploads\/2019\/07\/R4.00_calosc-150x77.jpg 150w\" sizes=\"(max-width: 745px) 100vw, 745px\" \/><\/p>\n<p style=\"text-align: justify;\"><strong>Routenkonzept 1:<\/strong><\/p>\n<ol style=\"text-align: justify;\">\n<li>R4.A7 (Kaschubien)&gt; 2. S\u0142owi\u0144ski-Nationalpark&gt; 3. R4.A8 (Mittelpommern)&gt; 4. R4.A9 (Insel Wolin und Trzebiat\u00f3w, K\u00fcste)&gt; 5. Woli\u0144ski-Nationalpark + F\u00e4hre \u015awinouj\u015bcie &#8211; Ystad&gt; 6 R4.A17 (Ystad und \u00d6sterlen)&gt; 7. R4.A18 (Ost-Skane und Blekinge) + F\u00e4hre Karlshamn-Klaipeda&gt; 8. R4.A2 (Kleinlitauen) + Nationalpark Kurische Nehrung&gt; 9. R4.A3 (Auf dem Kurischen Land)&gt; 10. \u017demaitijos Nationalpark&gt; 11.R4.A4 (Samogitia).<\/li>\n<\/ol>\n<p style=\"text-align: justify;\"><strong>Routenkonzept 2:<\/strong><\/p>\n<ol style=\"text-align: justify;\">\n<li>R4.A5 (Warmia)&gt; 2. R4.A6 (an der unteren Weichsel) + F\u00e4hre Gdynia &#8211; Karlskrona&gt; 3. R4.A18 (Ost-Skane und Blekinge)&gt; 4. R4.A17 (Ystad und \u00d6sterlen)&gt; 5. Kopenhagen&gt; 6. R4.A16 (Ost-Zealand)&gt; 7. R4.A15 (S\u00fcd-Zealand, Inseln M\u00f8n und Falster)&gt; 8. F\u00e4hre Nykobing-Rostock + R4.A14 (Mecklenburg)&gt; 9. R4.A12 ( zwischen Stralsund und Barth)&gt; 10-11. R4.A10 (Insel R\u00fcgen + Nationalpark Jasmund)&gt; 12. R4.A11<\/li>\n<\/ol>\n<p style=\"text-align: justify;\">(Greifswald und Umgebung).<\/p>\n<p><\/p>","protected":false},"excerpt":{"rendered":"<p>Routenhighlights: Im s\u00fcdlichen Ostseeraum, vom schwedischen Blekinge \u00fcber die d\u00e4nischen Inseln, durch Mecklenburg-Vorpommern, das polnische Westpommern und Pommern bis hin zum litauischen Samogitia, gibt es einige tausend Tempel, Kultst\u00e4tten und andere St\u00e4tten, die mit Glauben und Religiosit\u00e4t verbunden sind. Obwohl das Gebiet gr\u00f6\u00dftenteils christlich ist, gibt es keinen Mangel an Orten, die beweisen, dass die [&hellip;]<\/p>\n","protected":false},"author":1,"featured_media":0,"parent":171,"menu_order":0,"comment_status":"closed","ping_status":"closed","template":"","meta":[],"categories":[17],"tags":[],"_links":{"self":[{"href":"https:\/\/sbt.ug.edu.pl\/de\/wp-json\/wp\/v2\/pages\/482"}],"collection":[{"href":"https:\/\/sbt.ug.edu.pl\/de\/wp-json\/wp\/v2\/pages"}],"about":[{"href":"https:\/\/sbt.ug.edu.pl\/de\/wp-json\/wp\/v2\/types\/page"}],"author":[{"embeddable":true,"href":"https:\/\/sbt.ug.edu.pl\/de\/wp-json\/wp\/v2\/users\/1"}],"replies":[{"embeddable":true,"href":"https:\/\/sbt.ug.edu.pl\/de\/wp-json\/wp\/v2\/comments?post=482"}],"version-history":[{"count":11,"href":"https:\/\/sbt.ug.edu.pl\/de\/wp-json\/wp\/v2\/pages\/482\/revisions"}],"predecessor-version":[{"id":5734,"href":"https:\/\/sbt.ug.edu.pl\/de\/wp-json\/wp\/v2\/pages\/482\/revisions\/5734"}],"up":[{"embeddable":true,"href":"https:\/\/sbt.ug.edu.pl\/de\/wp-json\/wp\/v2\/pages\/171"}],"wp:attachment":[{"href":"https:\/\/sbt.ug.edu.pl\/de\/wp-json\/wp\/v2\/media?parent=482"}],"wp:term":[{"taxonomy":"category","embeddable":true,"href":"https:\/\/sbt.ug.edu.pl\/de\/wp-json\/wp\/v2\/categories?post=482"},{"taxonomy":"post_tag","embeddable":true,"href":"https:\/\/sbt.ug.edu.pl\/de\/wp-json\/wp\/v2\/tags?post=482"}],"curies":[{"name":"wp","href":"https:\/\/api.w.org\/{rel}","templated":true}]}}