{"id":484,"date":"2018-12-05T12:56:01","date_gmt":"2018-12-05T11:56:01","guid":{"rendered":"http:\/\/southbaltic-tourist.eu\/?page_id=484"},"modified":"2021-05-31T18:36:00","modified_gmt":"2021-05-31T17:36:00","slug":"south-baltic-scenic-coastal-road","status":"publish","type":"page","link":"https:\/\/sbt.ug.edu.pl\/de\/routes\/south-baltic-scenic-coastal-road\/","title":{"rendered":"Malerische K\u00fcstenstra\u00dfen an der s\u00fcdlichen Ostsee"},"content":{"rendered":"<p><\/p>\n<p style=\"text-align: justify;\"><strong>Routenhighlights: <\/strong><\/p>\n<p style=\"text-align: justify;\">Die Hotspots der Route \u201eSch\u00f6ne Landschaften der s\u00fcdlichen Ostseek\u00fcste\u201c befinden sich in 4 L\u00e4ndern: in Litauen, Schweden, Deutschland und Polen. Die zu besuchenden Objekte sind: In Schweden: Schloss Kalmar und die Br\u00fccke nach \u00d6land, Karlskrona und vorgelagerte Inseln, Karlshamn und die Bucht von S\u00f6lvesborg. In Deutschland: die Stadt Rostock un der Strand von Warnem\u00fcnde, die Stadt Stralsund und die Insel R\u00fcgen, Greifswald und das Fischerdorf Wieck. In Polen: Swinoujscie, die D\u00fcnen in Leba, die Stadt Gdansk und das Fischerdorf K\u0105ty Rybackie. In Litauen: das Gebiet Tel\u0161iai, die Herrenh\u00e4user in Plung\u0117 und Kretinga, die St\u00e4dte Palanga und Klaip\u0117da, die Kurische Nehrung.<\/p>\n<p style=\"text-align: justify;\"><img decoding=\"async\" loading=\"lazy\" class=\"alignleft wp-image-1684\" src=\"https:\/\/southbaltic-tourist.eu\/wp-content\/uploads\/2019\/07\/cov-300x225.jpg\" alt=\"\" width=\"467\" height=\"350\" srcset=\"https:\/\/sbt.ug.edu.pl\/wp-content\/uploads\/2019\/07\/cov-300x225.jpg 300w, https:\/\/sbt.ug.edu.pl\/wp-content\/uploads\/2019\/07\/cov-768x576.jpg 768w, https:\/\/sbt.ug.edu.pl\/wp-content\/uploads\/2019\/07\/cov-1024x768.jpg 1024w, https:\/\/sbt.ug.edu.pl\/wp-content\/uploads\/2019\/07\/cov-150x113.jpg 150w, https:\/\/sbt.ug.edu.pl\/wp-content\/uploads\/2019\/07\/cov-136x102.jpg 136w, https:\/\/sbt.ug.edu.pl\/wp-content\/uploads\/2019\/07\/cov.jpg 1200w\" sizes=\"(max-width: 467px) 100vw, 467px\" \/> <a href=\"https:\/\/southbaltic-tourist.eu\/wp-content\/uploads\/2020\/05\/R5.00-Coastal-Road_main.png\" data-rel=\"lightbox-gallery-3t5sLOBK\" data-rl_title=\"\" data-rl_caption=\"\" title=\"\"><img decoding=\"async\" loading=\"lazy\" class=\"alignnone wp-image-5455\" src=\"https:\/\/southbaltic-tourist.eu\/wp-content\/uploads\/2020\/05\/R5.00-Coastal-Road_main-300x174.png\" alt=\"\" width=\"602\" height=\"350\" srcset=\"https:\/\/sbt.ug.edu.pl\/wp-content\/uploads\/2020\/05\/R5.00-Coastal-Road_main-300x174.png 300w, https:\/\/sbt.ug.edu.pl\/wp-content\/uploads\/2020\/05\/R5.00-Coastal-Road_main-1024x595.png 1024w, https:\/\/sbt.ug.edu.pl\/wp-content\/uploads\/2020\/05\/R5.00-Coastal-Road_main-768x446.png 768w, https:\/\/sbt.ug.edu.pl\/wp-content\/uploads\/2020\/05\/R5.00-Coastal-Road_main-1536x893.png 1536w, https:\/\/sbt.ug.edu.pl\/wp-content\/uploads\/2020\/05\/R5.00-Coastal-Road_main.png 1600w\" sizes=\"(max-width: 602px) 100vw, 602px\" \/><\/a><\/p>\n<p style=\"text-align: justify;\"><a href=\"https:\/\/www.google.com\/maps\/place\/Most+Olandzki\/@56.6722411,16.3915409,13.75z\/data=!4m5!3m4!1s0x4657d6cb2a7fb0cb:0xf90dd2904dc5865a!8m2!3d56.6740641!4d16.420919\" target=\"_blank\" rel=\"noopener noreferrer\">View on Google Maps<\/a><\/p>\n<p style=\"text-align: justify;\"><strong>Routenkonzept: Sch\u00f6ne Landschaften der s\u00fcdlichen Ostseek\u00fcste <\/strong><\/p>\n<p style=\"text-align: justify;\">Die Route ist so angelegt, dass Sie die sch\u00f6nsten Aussichten auf die Ostseek\u00fcste erkunden k\u00f6nnen, verschiedene Landschaften an der K\u00fcste, in den Yachth\u00e4fen oder in den Buchten bewundern k\u00f6nnen, malerische St\u00e4dte und D\u00f6rfer mit einzigartiger Architektur und ber\u00fchmten Kulturg\u00fctern besuchen sowie an aktiven Freizeitvergn\u00fcgen wie Radfahren, Wandern, Segeln, Surfen, Kanu- oder Kajakfahren und mehr teilnehmen k\u00f6nnen.<\/p>\n<p style=\"text-align: justify;\">Die empfohlenen landschaftlichen Hotspots eignen sich perfekt f\u00fcr romantische Erlebnisse und Zeit zum Entspannen, w\u00e4hrend Sie die herrlichen Landschaften oder malerische Stadtansichten genie\u00dfen. Die Route bietet ebenfalls die M\u00f6glichkeit, an diversen kulinarischen Workshops oder thematischen Stadtrundfahrten teilzunehmen und weitere Attraktionen der Umgebung zu besuchen, wie z.B. Museen und Nationalparks.<\/p>\n<p style=\"text-align: justify;\">\n<p><\/p>","protected":false},"excerpt":{"rendered":"<p>Routenhighlights: Die Hotspots der Route \u201eSch\u00f6ne Landschaften der s\u00fcdlichen Ostseek\u00fcste\u201c befinden sich in 4 L\u00e4ndern: in Litauen, Schweden, Deutschland und Polen. Die zu besuchenden Objekte sind: In Schweden: Schloss Kalmar und die Br\u00fccke nach \u00d6land, Karlskrona und vorgelagerte Inseln, Karlshamn und die Bucht von S\u00f6lvesborg. In Deutschland: die Stadt Rostock un der Strand von Warnem\u00fcnde, [&hellip;]<\/p>\n","protected":false},"author":1,"featured_media":0,"parent":171,"menu_order":0,"comment_status":"closed","ping_status":"closed","template":"","meta":[],"categories":[17],"tags":[],"_links":{"self":[{"href":"https:\/\/sbt.ug.edu.pl\/de\/wp-json\/wp\/v2\/pages\/484"}],"collection":[{"href":"https:\/\/sbt.ug.edu.pl\/de\/wp-json\/wp\/v2\/pages"}],"about":[{"href":"https:\/\/sbt.ug.edu.pl\/de\/wp-json\/wp\/v2\/types\/page"}],"author":[{"embeddable":true,"href":"https:\/\/sbt.ug.edu.pl\/de\/wp-json\/wp\/v2\/users\/1"}],"replies":[{"embeddable":true,"href":"https:\/\/sbt.ug.edu.pl\/de\/wp-json\/wp\/v2\/comments?post=484"}],"version-history":[{"count":16,"href":"https:\/\/sbt.ug.edu.pl\/de\/wp-json\/wp\/v2\/pages\/484\/revisions"}],"predecessor-version":[{"id":5737,"href":"https:\/\/sbt.ug.edu.pl\/de\/wp-json\/wp\/v2\/pages\/484\/revisions\/5737"}],"up":[{"embeddable":true,"href":"https:\/\/sbt.ug.edu.pl\/de\/wp-json\/wp\/v2\/pages\/171"}],"wp:attachment":[{"href":"https:\/\/sbt.ug.edu.pl\/de\/wp-json\/wp\/v2\/media?parent=484"}],"wp:term":[{"taxonomy":"category","embeddable":true,"href":"https:\/\/sbt.ug.edu.pl\/de\/wp-json\/wp\/v2\/categories?post=484"},{"taxonomy":"post_tag","embeddable":true,"href":"https:\/\/sbt.ug.edu.pl\/de\/wp-json\/wp\/v2\/tags?post=484"}],"curies":[{"name":"wp","href":"https:\/\/api.w.org\/{rel}","templated":true}]}}