{"id":486,"date":"2018-12-05T12:56:46","date_gmt":"2018-12-05T11:56:46","guid":{"rendered":"http:\/\/southbaltic-tourist.eu\/?page_id=486"},"modified":"2021-05-31T18:44:25","modified_gmt":"2021-05-31T17:44:25","slug":"griffins-dynasty-and-baltic-sea-battles","status":"publish","type":"page","link":"https:\/\/sbt.ug.edu.pl\/de\/routes\/griffins-dynasty-and-baltic-sea-battles\/","title":{"rendered":"Die Greifen-Route"},"content":{"rendered":"<p><\/p>\n<p style=\"text-align: justify;\"><a href=\"http:\/\/www.gryfici.wzp.pl\/\"><img decoding=\"async\" loading=\"lazy\" class=\"wp-image-5655 alignleft\" src=\"https:\/\/southbaltic-tourist.eu\/wp-content\/uploads\/2021\/05\/piecze\u0328c\u0301.png\" alt=\"\" width=\"181\" height=\"166\" srcset=\"https:\/\/sbt.ug.edu.pl\/wp-content\/uploads\/2021\/05\/piecze\u0328c\u0301.png 882w, https:\/\/sbt.ug.edu.pl\/wp-content\/uploads\/2021\/05\/piecze\u0328c\u0301-300x276.png 300w, https:\/\/sbt.ug.edu.pl\/wp-content\/uploads\/2021\/05\/piecze\u0328c\u0301-768x705.png 768w\" sizes=\"(max-width: 181px) 100vw, 181px\" \/>More information&#8230;<\/a><\/p>\n<p style=\"text-align: justify;\"><strong>Routenhighlights: <\/strong><\/p>\n<p style=\"text-align: justify;\">Die interessantesten Orte auf der Route sind Schl\u00f6sser, Burgen und andere Orte im gesamten Gebiet des s\u00fcdlichen Ostseeraums, die durch eine gemeinsame Geschichte verbunden sind. Sie befinden sich in 4 L\u00e4ndern: Polen: Szczecin, Wolin, Kamie\u0144 Pomorski, Trzebiat\u00f3w, Szczecinek, Byt\u00f3w, S\u0142upsk, Dar\u0142owo; Schweden: Kalmar, Visby, Malm\u00f6, Landskrona; D\u00e4nemark: Helsing\u00f8r, Kopenhagen; Deutschland: Barth, Greifswald, Wolgast, Ueckerm\u00fcnde und weitere interessante Orte: Geschichte, Natur, Kulinarik und Events.<\/p>\n<p style=\"text-align: justify;\"><img decoding=\"async\" loading=\"lazy\" class=\"alignnone wp-image-1632 size-full\" src=\"https:\/\/southbaltic-tourist.eu\/wp-content\/uploads\/2019\/07\/griffin.jpg\" alt=\"\" width=\"1300\" height=\"750\" srcset=\"https:\/\/sbt.ug.edu.pl\/wp-content\/uploads\/2019\/07\/griffin.jpg 1300w, https:\/\/sbt.ug.edu.pl\/wp-content\/uploads\/2019\/07\/griffin-300x173.jpg 300w, https:\/\/sbt.ug.edu.pl\/wp-content\/uploads\/2019\/07\/griffin-768x443.jpg 768w, https:\/\/sbt.ug.edu.pl\/wp-content\/uploads\/2019\/07\/griffin-1024x591.jpg 1024w, https:\/\/sbt.ug.edu.pl\/wp-content\/uploads\/2019\/07\/griffin-150x87.jpg 150w\" sizes=\"(max-width: 1300px) 100vw, 1300px\" \/> <a href=\"https:\/\/southbaltic-tourist.eu\/wp-content\/uploads\/2020\/05\/R6.00-Griffins-Route_main2.png\" data-rel=\"lightbox-gallery-Tnx2o6Lj\" data-rl_title=\"\" data-rl_caption=\"\" title=\"\"><img decoding=\"async\" loading=\"lazy\" class=\"aligncenter wp-image-5453 size-full\" src=\"https:\/\/southbaltic-tourist.eu\/wp-content\/uploads\/2020\/05\/R6.00-Griffins-Route_main2.png\" alt=\"\" width=\"1600\" height=\"930\" srcset=\"https:\/\/sbt.ug.edu.pl\/wp-content\/uploads\/2020\/05\/R6.00-Griffins-Route_main2.png 1600w, https:\/\/sbt.ug.edu.pl\/wp-content\/uploads\/2020\/05\/R6.00-Griffins-Route_main2-300x174.png 300w, https:\/\/sbt.ug.edu.pl\/wp-content\/uploads\/2020\/05\/R6.00-Griffins-Route_main2-1024x595.png 1024w, https:\/\/sbt.ug.edu.pl\/wp-content\/uploads\/2020\/05\/R6.00-Griffins-Route_main2-768x446.png 768w, https:\/\/sbt.ug.edu.pl\/wp-content\/uploads\/2020\/05\/R6.00-Griffins-Route_main2-1536x893.png 1536w\" sizes=\"(max-width: 1600px) 100vw, 1600px\" \/><\/a><\/p>\n<p style=\"text-align: justify;\"><strong>Routenkonzept: GEHEIMNISSE DES VERLORENEN HERZOGS &#8211; Was haben die Schl\u00f6sser und Burgen im polnischen und deutschen Pommern sowie in Skandinavien gemeinsam?<\/strong><\/p>\n<p style=\"text-align: justify;\">Diese Expedition wird Sie sicherlich \u00fcberraschen. Es ist keine gew\u00f6hnliche Reise durch Schl\u00f6sser, Burgen und Museen &#8211; denn die Story die Sie h\u00f6ren werden, erm\u00f6glicht es Ihnen, in eine faszinierende Welt voller Geheimnisse und Abenteuer einzutauchen. W\u00e4hrend Sie auf dieser Tour reisen, werden Sie Teil der faszinierenden Geschichte und entdecken die Geheimnisse des verlorenen Herzogtums. Nebenher gibt es wundersch\u00f6ne Landschaften, Rad- und Kanutouren sowie Spazierg\u00e4nge in der wunderbaren Natur.<\/p>\n<p style=\"text-align: justify;\">Die Route bietet eine einzigartige Gelegenheit, Geheimnisse und Abenteuer zu entdecken.<\/p>\n<p style=\"text-align: justify;\">Es war einmal, in einem Land, welches an die Ostsee grenzte, dass eine ungew\u00f6hnliche Dynastie \u00fcber ein halbes Tausend von Jahren lang herrschte. Ihr Symbol &#8211; ein Greif &#8211; ein mythisches Tier mit dem K\u00f6rper eines L\u00f6wen und dem Kopf, den Krallen und Fl\u00fcgeln des Adlers ist bis heute ein Symbol Pommerns.<\/p>\n<p style=\"text-align: justify;\">Die tapferen Greifen mit slawischen Wurzeln waren sehr sorgsam bei der Entwicklung ihres Herzogtums und ihre Frauen waren weise und umsichtig. Eine von ihnen war Elizabeth &#8211; eine Frau von au\u00dfergew\u00f6hnlicher Sch\u00f6nheit und St\u00e4rke und eine Enkelin des polnischen K\u00f6nigs Kasimir der Gro\u00dfe. Sie war die Frau des Heiligen R\u00f6mischen Kaisers Karl von Luxemburg. Elizabeth wurde im Schloss in Dar\u0142owo geboren. Ungef\u00e4hr ein halbes Jahrhundert sp\u00e4ter kam am gleichen Ort ein Junge auf die Welt, der bald K\u00f6nig von ganz Skandinavien wurde und den Spitznamen \u201eKaiser des Nordens\u201c erhielt. Nach fast 40 Jahren Herrschaft wurde ihm jedoch der Thron entzogen und er lie\u00df sich in Gotland nieder und organisierte von dort Piratenexpeditionen. Legenden besagen, dass die Sch\u00e4tze, die er raubte, bis zum heutigen Tag auf dem Grund der Ostsee ruhen.<\/p>\n<p style=\"text-align: justify;\">Sicher denken Sie, dass die Familie Greifen ein m\u00e4rchenhaftes Leben f\u00fchrte, so wie es sich f\u00fcr eine f\u00fcrstliche Dynastie geh\u00f6rt\u2026 Jedoch, nichts k\u00f6nnte falscher sein! Ungl\u00fcckliche Liebe und Hexerei f\u00fchrten zum Fall des Herzogtums, als der junge, h\u00fcbsche Prinz Ernest Ludwik die gro\u00dfe Liebe von Sidonia von Borck \u2013 einer Adligen der pommerschen Familie &#8211; wurde. Die geplante Hochzeit fand nicht statt und Sidonia legte einen Fluch auf die Familie der Griffins, der letztlich zum Aussterben der Dynastie f\u00fchrte. Die Adlige wurde zur Hexe erkl\u00e4rt, enthauptet und auf dem Scheiterhaufen verbrannt.<\/p>\n<p style=\"text-align: justify;\"><strong>Wenn Sie der Greifen-Route folgen, k\u00f6nnen Sie in die alten Zeiten zur\u00fcckkehren und die Geheimnisse, Romanzen und das Schicksal dieser f\u00fcrstlichen Dynastie entdecken und ihre Verbindungen zu den Templern, den germanischen Rittern sowie ihre Aktivit\u00e4ten f\u00fcr die Entwicklung dieses Teils von Europa.<\/strong><\/p>\n<p style=\"text-align: justify;\">\n<p><\/p>","protected":false},"excerpt":{"rendered":"<p>More information&#8230; Routenhighlights: Die interessantesten Orte auf der Route sind Schl\u00f6sser, Burgen und andere Orte im gesamten Gebiet des s\u00fcdlichen Ostseeraums, die durch eine gemeinsame Geschichte verbunden sind. Sie befinden sich in 4 L\u00e4ndern: Polen: Szczecin, Wolin, Kamie\u0144 Pomorski, Trzebiat\u00f3w, Szczecinek, Byt\u00f3w, S\u0142upsk, Dar\u0142owo; Schweden: Kalmar, Visby, Malm\u00f6, Landskrona; D\u00e4nemark: Helsing\u00f8r, Kopenhagen; Deutschland: Barth, Greifswald, [&hellip;]<\/p>\n","protected":false},"author":1,"featured_media":0,"parent":171,"menu_order":0,"comment_status":"closed","ping_status":"closed","template":"","meta":[],"categories":[17],"tags":[],"_links":{"self":[{"href":"https:\/\/sbt.ug.edu.pl\/de\/wp-json\/wp\/v2\/pages\/486"}],"collection":[{"href":"https:\/\/sbt.ug.edu.pl\/de\/wp-json\/wp\/v2\/pages"}],"about":[{"href":"https:\/\/sbt.ug.edu.pl\/de\/wp-json\/wp\/v2\/types\/page"}],"author":[{"embeddable":true,"href":"https:\/\/sbt.ug.edu.pl\/de\/wp-json\/wp\/v2\/users\/1"}],"replies":[{"embeddable":true,"href":"https:\/\/sbt.ug.edu.pl\/de\/wp-json\/wp\/v2\/comments?post=486"}],"version-history":[{"count":15,"href":"https:\/\/sbt.ug.edu.pl\/de\/wp-json\/wp\/v2\/pages\/486\/revisions"}],"predecessor-version":[{"id":5740,"href":"https:\/\/sbt.ug.edu.pl\/de\/wp-json\/wp\/v2\/pages\/486\/revisions\/5740"}],"up":[{"embeddable":true,"href":"https:\/\/sbt.ug.edu.pl\/de\/wp-json\/wp\/v2\/pages\/171"}],"wp:attachment":[{"href":"https:\/\/sbt.ug.edu.pl\/de\/wp-json\/wp\/v2\/media?parent=486"}],"wp:term":[{"taxonomy":"category","embeddable":true,"href":"https:\/\/sbt.ug.edu.pl\/de\/wp-json\/wp\/v2\/categories?post=486"},{"taxonomy":"post_tag","embeddable":true,"href":"https:\/\/sbt.ug.edu.pl\/de\/wp-json\/wp\/v2\/tags?post=486"}],"curies":[{"name":"wp","href":"https:\/\/api.w.org\/{rel}","templated":true}]}}