{"id":488,"date":"2018-12-05T12:57:42","date_gmt":"2018-12-05T11:57:42","guid":{"rendered":"http:\/\/southbaltic-tourist.eu\/?page_id=488"},"modified":"2021-05-31T18:48:41","modified_gmt":"2021-05-31T17:48:41","slug":"wildlife-nature-trails-folkuniversitetet-sweden","status":"publish","type":"page","link":"https:\/\/sbt.ug.edu.pl\/de\/routes\/wildlife-nature-trails-folkuniversitetet-sweden\/","title":{"rendered":"Wildtier &#8211; Naturpfade"},"content":{"rendered":"<p><\/p>\n<p style=\"text-align: justify;\"><strong>Routenhighlights<\/strong><\/p>\n<p style=\"text-align: justify;\">Sandstr\u00e4nde und h\u00fcgelige Landschaften in \u00d6sterlen-Sk\u00e5ne &amp; Blekinge mit Naturschutzgebieten, mit den einzigartigen Inseln Ven und Iv\u00f6 sowie dem fischreichen Fluss M\u00f6rrum locken Naturliebhaber aus aller Welt an. Schweden bietet eine unglaubliche Vielfalt an Flora und Fauna. Unabh\u00e4ngig davon, wohin Sie reisen \u2013 Sie sind immer von wunderbarer Natur umgeben. Sie k\u00f6nnen einzigartige Orte f\u00fcr Aktivurlaub entdecken, sei es Angeln, Wandern oder Radfahren.<\/p>\n<p style=\"text-align: justify;\">Es gibt viele M\u00f6glichkeiten, nach Blekinge zu gelangen. Es gibt eine Bahnverbindung von Sk\u00e5ne zu einem annehmbaren Preis. Sie k\u00f6nnen das Gebiet auch per Boot erkunden. Eine weitere M\u00f6glichkeit, dahin zu gelangen, ist per Stra\u00dfe \u2013 es ist m\u00f6glich, an vielen Orten entlang der Route Autos oder Fahrr\u00e4der zu mieten. Entlang des Wegs finden Sie eine gro\u00dfe Auswahl an Hotels, Bed &amp; Breakfast-Unterk\u00fcnften, Caf\u00e9s, Restaurants und \u00f6rtlichen Gesch\u00e4ften.<\/p>\n<p><img decoding=\"async\" loading=\"lazy\" class=\"alignnone wp-image-2825 size-full\" src=\"https:\/\/southbaltic-tourist.eu\/wp-content\/uploads\/2019\/07\/3.-Deers-Wildpark-Eriksberg-Blekinge-R7.-A1.jpg\" alt=\"\" width=\"1600\" height=\"1200\" srcset=\"https:\/\/sbt.ug.edu.pl\/wp-content\/uploads\/2019\/07\/3.-Deers-Wildpark-Eriksberg-Blekinge-R7.-A1.jpg 1600w, https:\/\/sbt.ug.edu.pl\/wp-content\/uploads\/2019\/07\/3.-Deers-Wildpark-Eriksberg-Blekinge-R7.-A1-300x225.jpg 300w, https:\/\/sbt.ug.edu.pl\/wp-content\/uploads\/2019\/07\/3.-Deers-Wildpark-Eriksberg-Blekinge-R7.-A1-768x576.jpg 768w, https:\/\/sbt.ug.edu.pl\/wp-content\/uploads\/2019\/07\/3.-Deers-Wildpark-Eriksberg-Blekinge-R7.-A1-1024x768.jpg 1024w, https:\/\/sbt.ug.edu.pl\/wp-content\/uploads\/2019\/07\/3.-Deers-Wildpark-Eriksberg-Blekinge-R7.-A1-150x113.jpg 150w, https:\/\/sbt.ug.edu.pl\/wp-content\/uploads\/2019\/07\/3.-Deers-Wildpark-Eriksberg-Blekinge-R7.-A1-136x102.jpg 136w\" sizes=\"(max-width: 1600px) 100vw, 1600px\" \/><\/p>\n<p style=\"text-align: justify;\"><strong>Routenkonzept:<\/strong><\/p>\n<p style=\"text-align: justify;\">In Blekinge und Sk\u00e5ne finden Sie wundersch\u00f6ne Landschaften, mit W\u00e4ldern, Seen und Wasserl\u00e4ufen. Sie k\u00f6nnen atemberaubende Aussichten und eine faszinierende Tierwelt genie\u00dfen &#8211; Flora und Fauna gelten als die besten in S\u00fcdschweden. In dieser wundersch\u00f6nen Landschaft gibt es viele M\u00f6glichkeiten zum Angeln und zum Erleben der Natur. In Schweden gibt es das \u201eJedermanns-Recht\u201c (das Recht des \u00f6ffentlichen Zugangs), das allen Angeh\u00f6rigen der Gesellschaft das Recht einr\u00e4umt, sich frei zu bewegen und die wundersch\u00f6nen schwedischen Landschaften zu genie\u00dfen. Dennoch m\u00fcssen Sie einiges beachten, wenn Sie spazieren gehen, campen, klettern, Blumen pfl\u00fccken oder sonstiges &#8211; Sie m\u00fcssen Verantwortung f\u00fcr den Fu\u00dfabdruck \u00fcbernehmen, den Sie hinterlassen.<\/p>\n<p style=\"text-align: justify;\">Sie k\u00f6nnen hier mehr dar\u00fcber lesen: <a href=\"http:\/\/www.swedishepa.se\/Enjoying-nature\/The-Right-of-Public-Access\/This-is-allowed1\/\">http:\/\/www.swedishepa.se\/Enjoying-nature\/The-Right-of-Public-Access\/This-is-allowed1\/<\/a><\/p>\n<p><\/p>","protected":false},"excerpt":{"rendered":"<p>Routenhighlights Sandstr\u00e4nde und h\u00fcgelige Landschaften in \u00d6sterlen-Sk\u00e5ne &amp; Blekinge mit Naturschutzgebieten, mit den einzigartigen Inseln Ven und Iv\u00f6 sowie dem fischreichen Fluss M\u00f6rrum locken Naturliebhaber aus aller Welt an. Schweden bietet eine unglaubliche Vielfalt an Flora und Fauna. Unabh\u00e4ngig davon, wohin Sie reisen \u2013 Sie sind immer von wunderbarer Natur umgeben. Sie k\u00f6nnen einzigartige Orte [&hellip;]<\/p>\n","protected":false},"author":1,"featured_media":0,"parent":171,"menu_order":0,"comment_status":"closed","ping_status":"closed","template":"","meta":[],"categories":[17],"tags":[],"_links":{"self":[{"href":"https:\/\/sbt.ug.edu.pl\/de\/wp-json\/wp\/v2\/pages\/488"}],"collection":[{"href":"https:\/\/sbt.ug.edu.pl\/de\/wp-json\/wp\/v2\/pages"}],"about":[{"href":"https:\/\/sbt.ug.edu.pl\/de\/wp-json\/wp\/v2\/types\/page"}],"author":[{"embeddable":true,"href":"https:\/\/sbt.ug.edu.pl\/de\/wp-json\/wp\/v2\/users\/1"}],"replies":[{"embeddable":true,"href":"https:\/\/sbt.ug.edu.pl\/de\/wp-json\/wp\/v2\/comments?post=488"}],"version-history":[{"count":6,"href":"https:\/\/sbt.ug.edu.pl\/de\/wp-json\/wp\/v2\/pages\/488\/revisions"}],"predecessor-version":[{"id":5741,"href":"https:\/\/sbt.ug.edu.pl\/de\/wp-json\/wp\/v2\/pages\/488\/revisions\/5741"}],"up":[{"embeddable":true,"href":"https:\/\/sbt.ug.edu.pl\/de\/wp-json\/wp\/v2\/pages\/171"}],"wp:attachment":[{"href":"https:\/\/sbt.ug.edu.pl\/de\/wp-json\/wp\/v2\/media?parent=488"}],"wp:term":[{"taxonomy":"category","embeddable":true,"href":"https:\/\/sbt.ug.edu.pl\/de\/wp-json\/wp\/v2\/categories?post=488"},{"taxonomy":"post_tag","embeddable":true,"href":"https:\/\/sbt.ug.edu.pl\/de\/wp-json\/wp\/v2\/tags?post=488"}],"curies":[{"name":"wp","href":"https:\/\/api.w.org\/{rel}","templated":true}]}}