{"id":490,"date":"2018-12-05T12:58:30","date_gmt":"2018-12-05T11:58:30","guid":{"rendered":"http:\/\/southbaltic-tourist.eu\/?page_id=490"},"modified":"2021-05-31T18:54:01","modified_gmt":"2021-05-31T17:54:01","slug":"world-of-fishermen","status":"publish","type":"page","link":"https:\/\/sbt.ug.edu.pl\/de\/routes\/world-of-fishermen\/","title":{"rendered":"Welt der Fischer"},"content":{"rendered":"<p><\/p>\n<p style=\"text-align: justify;\"><strong>Routenhighlights: <\/strong><\/p>\n<p style=\"text-align: justify;\">Authentische Fischereih\u00e4fen \u2013 \u00f6rtliche Fischer bei der Arbeit &#8211; Fischereierbe &#8211; frischer Fisch &#8211; Fischk\u00fcche &#8211; die Kreidefelsen von R\u00fcgen &#8211; Sandstr\u00e4nde \u2013 Backsteingotik &#8211; B\u00e4derarchitektur &#8211; kulturelles Leben &#8211; unber\u00fchrte Natur &#8211; Nationalparks &#8211; Meeresv\u00f6gel<\/p>\n<p style=\"text-align: justify;\"><strong> <img decoding=\"async\" loading=\"lazy\" class=\"alignnone wp-image-2212 size-full\" src=\"https:\/\/southbaltic-tourist.eu\/wp-content\/uploads\/2019\/07\/1-1.jpg\" alt=\"\" width=\"975\" height=\"731\" srcset=\"https:\/\/sbt.ug.edu.pl\/wp-content\/uploads\/2019\/07\/1-1.jpg 975w, https:\/\/sbt.ug.edu.pl\/wp-content\/uploads\/2019\/07\/1-1-300x225.jpg 300w, https:\/\/sbt.ug.edu.pl\/wp-content\/uploads\/2019\/07\/1-1-768x576.jpg 768w, https:\/\/sbt.ug.edu.pl\/wp-content\/uploads\/2019\/07\/1-1-150x112.jpg 150w, https:\/\/sbt.ug.edu.pl\/wp-content\/uploads\/2019\/07\/1-1-136x102.jpg 136w\" sizes=\"(max-width: 975px) 100vw, 975px\" \/><\/strong><\/p>\n<p style=\"text-align: justify;\"><strong>Routenkonzept:<\/strong><\/p>\n<p style=\"text-align: justify;\">Diese Reise folgt kleinen Fischereih\u00e4fen entlang der s\u00fcdlichen Ostseek\u00fcste, in denen die Fischer noch immer in den lokalen Gew\u00e4ssern frischen Fisch fangen. Die Umgebung ist von maritimem Charakter gepr\u00e4gt, darunter Fischerboote und Ausr\u00fcstung, lokales Kunsthandwerk und M\u00f6glichkeiten, frischen Fisch zu kaufen. Nat\u00fcrlich gibt es in der Umgebung auch viele gute Fischrestaurants, die fantastische Gerichte anbieten, die nach traditionellen Rezepten mit lokal gefangenem Fisch zubereitet werden. Diese H\u00e4fen sind von nat\u00fcrlicher und kultureller Vielfalt umgeben und bieten viele M\u00f6glichkeiten, Sehensw\u00fcrdigkeiten zu besichtigen.<\/p>\n<p style=\"text-align: justify;\">\n<p><\/p>","protected":false},"excerpt":{"rendered":"<p>Routenhighlights: Authentische Fischereih\u00e4fen \u2013 \u00f6rtliche Fischer bei der Arbeit &#8211; Fischereierbe &#8211; frischer Fisch &#8211; Fischk\u00fcche &#8211; die Kreidefelsen von R\u00fcgen &#8211; Sandstr\u00e4nde \u2013 Backsteingotik &#8211; B\u00e4derarchitektur &#8211; kulturelles Leben &#8211; unber\u00fchrte Natur &#8211; Nationalparks &#8211; Meeresv\u00f6gel Routenkonzept: Diese Reise folgt kleinen Fischereih\u00e4fen entlang der s\u00fcdlichen Ostseek\u00fcste, in denen die Fischer noch immer in den [&hellip;]<\/p>\n","protected":false},"author":1,"featured_media":0,"parent":171,"menu_order":0,"comment_status":"closed","ping_status":"closed","template":"","meta":[],"categories":[17],"tags":[],"_links":{"self":[{"href":"https:\/\/sbt.ug.edu.pl\/de\/wp-json\/wp\/v2\/pages\/490"}],"collection":[{"href":"https:\/\/sbt.ug.edu.pl\/de\/wp-json\/wp\/v2\/pages"}],"about":[{"href":"https:\/\/sbt.ug.edu.pl\/de\/wp-json\/wp\/v2\/types\/page"}],"author":[{"embeddable":true,"href":"https:\/\/sbt.ug.edu.pl\/de\/wp-json\/wp\/v2\/users\/1"}],"replies":[{"embeddable":true,"href":"https:\/\/sbt.ug.edu.pl\/de\/wp-json\/wp\/v2\/comments?post=490"}],"version-history":[{"count":9,"href":"https:\/\/sbt.ug.edu.pl\/de\/wp-json\/wp\/v2\/pages\/490\/revisions"}],"predecessor-version":[{"id":5742,"href":"https:\/\/sbt.ug.edu.pl\/de\/wp-json\/wp\/v2\/pages\/490\/revisions\/5742"}],"up":[{"embeddable":true,"href":"https:\/\/sbt.ug.edu.pl\/de\/wp-json\/wp\/v2\/pages\/171"}],"wp:attachment":[{"href":"https:\/\/sbt.ug.edu.pl\/de\/wp-json\/wp\/v2\/media?parent=490"}],"wp:term":[{"taxonomy":"category","embeddable":true,"href":"https:\/\/sbt.ug.edu.pl\/de\/wp-json\/wp\/v2\/categories?post=490"},{"taxonomy":"post_tag","embeddable":true,"href":"https:\/\/sbt.ug.edu.pl\/de\/wp-json\/wp\/v2\/tags?post=490"}],"curies":[{"name":"wp","href":"https:\/\/api.w.org\/{rel}","templated":true}]}}