{"id":507,"date":"2018-12-06T10:42:44","date_gmt":"2018-12-06T09:42:44","guid":{"rendered":"http:\/\/southbaltic-tourist.eu\/?page_id=507"},"modified":"2021-06-23T15:45:27","modified_gmt":"2021-06-23T14:45:27","slug":"15-oland-island-biking","status":"publish","type":"page","link":"https:\/\/sbt.ug.edu.pl\/de\/routes\/windsurfing-exploration\/15-oland-island-biking\/","title":{"rendered":"15. Oland Island biking"},"content":{"rendered":"<p><\/p>\n<p align=\"JUSTIFY\"><span style=\"font-family: Segoe UI, serif;\"><span style=\"font-size: medium;\"><span lang=\"en-US\"><b>LOCATION<\/b><\/span><\/span><\/span><\/p>\n<p style=\"text-align: justify;\">\u00d6land Island is located in southeast Sweden, on the coast of Sm\u00e5land Region. The island is connected to the mainland by a 6 kilometre-long bridge. The surfing hotspot is at M\u00f6rbyl\u00e5nga Beach in the southern part of the island. The closest airport is in Kalmar, on the mailnland and the closest ferry connections are about 200 kilometres from the island \u2013 lines run from Poland (Gdynia-Karlskrona and \u015awinouj\u015bcie \u2013 Ystad), Lithuania (Klaipeda \u2013 Karlshamn) and Germany (Sassnitz-Trelleborg). M\u00f6rbyl\u00e5nga Beach\u2019s location is: 56\u00b031\u2032N 16\u00b023\u2032E.<\/p>\n<p><img decoding=\"async\" loading=\"lazy\" class=\"alignleft wp-image-1559\" src=\"https:\/\/southbaltic-tourist.eu\/wp-content\/uploads\/2019\/07\/1.-Traditional-Windmills-in-Oland-R2.A15..jpg\" alt=\"\" width=\"600\" height=\"400\" srcset=\"https:\/\/sbt.ug.edu.pl\/wp-content\/uploads\/2019\/07\/1.-Traditional-Windmills-in-Oland-R2.A15..jpg 1600w, https:\/\/sbt.ug.edu.pl\/wp-content\/uploads\/2019\/07\/1.-Traditional-Windmills-in-Oland-R2.A15.-300x200.jpg 300w, https:\/\/sbt.ug.edu.pl\/wp-content\/uploads\/2019\/07\/1.-Traditional-Windmills-in-Oland-R2.A15.-768x512.jpg 768w, https:\/\/sbt.ug.edu.pl\/wp-content\/uploads\/2019\/07\/1.-Traditional-Windmills-in-Oland-R2.A15.-1024x683.jpg 1024w, https:\/\/sbt.ug.edu.pl\/wp-content\/uploads\/2019\/07\/1.-Traditional-Windmills-in-Oland-R2.A15.-150x100.jpg 150w\" sizes=\"(max-width: 600px) 100vw, 600px\" \/><\/p>\n<p><a href=\"https:\/\/southbaltic-tourist.eu\/wp-content\/uploads\/2020\/01\/r1a15_Oland_Island_Biking_square.png\" data-rel=\"lightbox-gallery-nWoFrICT\" data-rl_title=\"\" data-rl_caption=\"\" title=\"\"><img decoding=\"async\" loading=\"lazy\" class=\"alignnone wp-image-5150\" src=\"https:\/\/southbaltic-tourist.eu\/wp-content\/uploads\/2020\/01\/r1a15_Oland_Island_Biking_square-300x256.png\" alt=\"\" width=\"469\" height=\"400\" srcset=\"https:\/\/sbt.ug.edu.pl\/wp-content\/uploads\/2020\/01\/r1a15_Oland_Island_Biking_square-300x256.png 300w, https:\/\/sbt.ug.edu.pl\/wp-content\/uploads\/2020\/01\/r1a15_Oland_Island_Biking_square-1024x874.png 1024w, https:\/\/sbt.ug.edu.pl\/wp-content\/uploads\/2020\/01\/r1a15_Oland_Island_Biking_square-768x655.png 768w, https:\/\/sbt.ug.edu.pl\/wp-content\/uploads\/2020\/01\/r1a15_Oland_Island_Biking_square-1536x1310.png 1536w, https:\/\/sbt.ug.edu.pl\/wp-content\/uploads\/2020\/01\/r1a15_Oland_Island_Biking_square-150x128.png 150w, https:\/\/sbt.ug.edu.pl\/wp-content\/uploads\/2020\/01\/r1a15_Oland_Island_Biking_square.png 1600w\" sizes=\"(max-width: 469px) 100vw, 469px\" \/><\/a><\/p>\n<p><a href=\"https:\/\/www.google.com\/maps\/place\/Olandia\/@56.6603346,16.3678483,11.25z\/data=!4m13!1m7!3m6!1s0x46524a9ffa99f2b7:0x9fca7e0e1fdf104e!2sVen!3b1!8m2!3d55.9124661!4d12.6915966!3m4!1s0x46f878f635aa5b57:0x4a8d953c2ace7c35!8m2!3d56.6649062!4d16.6365623\" target=\"_blank\" rel=\"noopener noreferrer\">View on Google Maps<\/a><\/p>\n<p><span style=\"font-family: Segoe UI, serif;\"><span style=\"font-size: medium;\"><span lang=\"en-US\"><b>OLAND ISLAND BIKING<\/b><\/span><\/span><\/span><\/p>\n<p style=\"text-align: justify;\">From M\u00f6rbyl\u00e5nga the best route is up the western side of the island, to Borgholm \u2013 the capital of \u00d6land. It starts form Haga Park campsite and leads to the north near the coast. After a couple of kilometres the route reaches F\u00e4rjestaden \u2013 the bike ferry port to Kalmar, next it leads past the bridge and north to Ralla and finally to Borgholm \u2013 the capital town of the island. Here, there are an old castle\u2019s ruins and the residence of the current King of Sweden. The way back from Borgholm to M\u00f6rbyl\u00e5nga is mostly on the eastern part of the island and allows you to reach a couple of plains and see Stora Alvaret.<\/p>\n<p><span style=\"font-family: Segoe UI, serif;\"><span style=\"font-size: medium;\"><span lang=\"en-US\"><b>ATTRACTIONS <\/b><\/span><\/span><\/span><\/p>\n<p style=\"text-align: justify;\">\u00d6land offers many attractions that can enrich your stay on the island. The obvious number one is a visit to Stora Alvaret, a limestone plain rich with marine fossils that was formed 500 million years ago and is slowly emerging from the Baltic Sea after the receding of glaciers. In the past, the island was home to prehistoric men with Gettlinge Gravefield being the most explored. There are many castles and churches on Oland, including the present Swedish Royal Residence. It\u2019s the perfect place to combine sightseeing with biking tours and take advantage of the broad long white beaches on the east coast.<\/p>\n<p><div class=\"rl-gallery-container rl-loading\" id=\"rl-gallery-container-2\" data-gallery_id=\"1558\"> <div class=\"rl-gallery rl-basicgrid-gallery \" id=\"rl-gallery-2\" data-gallery_no=\"2\"> <div class=\"rl-gallery-item\"><a href=\"https:\/\/sbt.ug.edu.pl\/wp-content\/uploads\/2019\/07\/1.-Traditional-Windmills-in-Oland-R2.A15..jpg\" title=\"1. Traditional Windmills in Oland, R2.A15.\" data-rl_title=\"1. Traditional Windmills in Oland, R2.A15.\" class=\"rl-gallery-link\" data-rl_caption=\"\" data-rel=\"lightbox-gallery-2\"><img src=\"https:\/\/sbt.ug.edu.pl\/wp-content\/uploads\/2019\/07\/1.-Traditional-Windmills-in-Oland-R2.A15.-768x512.jpg\" width=\"640\" height=\"427\" alt=\"\" \/><\/a><\/div><div class=\"rl-gallery-item\"><a href=\"https:\/\/sbt.ug.edu.pl\/wp-content\/uploads\/2019\/07\/2.-Stora-Alvaret-info-point-R2A15..jpg\" title=\"2. Stora Alvaret info point, R2A15.\" data-rl_title=\"2. Stora Alvaret info point, R2A15.\" class=\"rl-gallery-link\" data-rl_caption=\"\" data-rel=\"lightbox-gallery-2\"><img src=\"https:\/\/sbt.ug.edu.pl\/wp-content\/uploads\/2019\/07\/2.-Stora-Alvaret-info-point-R2A15.-768x512.jpg\" width=\"640\" height=\"427\" alt=\"\" \/><\/a><\/div><div class=\"rl-gallery-item\"><a href=\"https:\/\/sbt.ug.edu.pl\/wp-content\/uploads\/2019\/07\/3.-Approaching-Stora-Alvaret-R2.A15..jpg\" title=\"3. Approaching Stora Alvaret, R2.A15.\" data-rl_title=\"3. Approaching Stora Alvaret, R2.A15.\" class=\"rl-gallery-link\" data-rl_caption=\"\" data-rel=\"lightbox-gallery-2\"><img src=\"https:\/\/sbt.ug.edu.pl\/wp-content\/uploads\/2019\/07\/3.-Approaching-Stora-Alvaret-R2.A15.-768x512.jpg\" width=\"640\" height=\"427\" alt=\"\" \/><\/a><\/div><div class=\"rl-gallery-item\"><a href=\"https:\/\/sbt.ug.edu.pl\/wp-content\/uploads\/2019\/07\/4.-Stora-Alvaret-typical-landscape-R2.A15..jpg\" title=\"4. Stora Alvaret typical landscape, R2.A15.\" data-rl_title=\"4. Stora Alvaret typical landscape, R2.A15.\" class=\"rl-gallery-link\" data-rl_caption=\"\" data-rel=\"lightbox-gallery-2\"><img src=\"https:\/\/sbt.ug.edu.pl\/wp-content\/uploads\/2019\/07\/4.-Stora-Alvaret-typical-landscape-R2.A15.-768x512.jpg\" width=\"640\" height=\"427\" alt=\"\" \/><\/a><\/div><div class=\"rl-gallery-item\"><a href=\"https:\/\/sbt.ug.edu.pl\/wp-content\/uploads\/2019\/07\/5.-Stora-Alvaret-plants-R2.A15..jpg\" title=\"5. Stora Alvaret plants, R2.A15.\" data-rl_title=\"5. Stora Alvaret plants, R2.A15.\" class=\"rl-gallery-link\" data-rl_caption=\"\" data-rel=\"lightbox-gallery-2\"><img src=\"https:\/\/sbt.ug.edu.pl\/wp-content\/uploads\/2019\/07\/5.-Stora-Alvaret-plants-R2.A15.-768x512.jpg\" width=\"640\" height=\"427\" alt=\"\" \/><\/a><\/div><div class=\"rl-gallery-item\"><a href=\"https:\/\/sbt.ug.edu.pl\/wp-content\/uploads\/2019\/07\/6.-Stora-Alvaret-landscape-R2A15..jpg\" title=\"6. Stora Alvaret landscape, R2A15.\" data-rl_title=\"6. Stora Alvaret landscape, R2A15.\" class=\"rl-gallery-link\" data-rl_caption=\"\" data-rel=\"lightbox-gallery-2\"><img src=\"https:\/\/sbt.ug.edu.pl\/wp-content\/uploads\/2019\/07\/6.-Stora-Alvaret-landscape-R2A15.-768x512.jpg\" width=\"640\" height=\"427\" alt=\"\" \/><\/a><\/div><div class=\"rl-gallery-item\"><a href=\"https:\/\/sbt.ug.edu.pl\/wp-content\/uploads\/2019\/07\/7.-Stora-Alvaret-dry-plants-R2.A15..jpg\" title=\"7. Stora Alvaret dry plants, R2.A15.\" data-rl_title=\"7. Stora Alvaret dry plants, R2.A15.\" class=\"rl-gallery-link\" data-rl_caption=\"\" data-rel=\"lightbox-gallery-2\"><img src=\"https:\/\/sbt.ug.edu.pl\/wp-content\/uploads\/2019\/07\/7.-Stora-Alvaret-dry-plants-R2.A15.-768x512.jpg\" width=\"640\" height=\"427\" alt=\"\" \/><\/a><\/div><div class=\"rl-gallery-item\"><a href=\"https:\/\/sbt.ug.edu.pl\/wp-content\/uploads\/2019\/07\/8.-Stora-Alvaret-landscape-R2.A15..jpg\" title=\"8. Stora Alvaret landscape, R2.A15.\" data-rl_title=\"8. Stora Alvaret landscape, R2.A15.\" class=\"rl-gallery-link\" data-rl_caption=\"\" data-rel=\"lightbox-gallery-2\"><img src=\"https:\/\/sbt.ug.edu.pl\/wp-content\/uploads\/2019\/07\/8.-Stora-Alvaret-landscape-R2.A15.-768x512.jpg\" width=\"640\" height=\"427\" alt=\"\" \/><\/a><\/div><div class=\"rl-gallery-item\"><a href=\"https:\/\/sbt.ug.edu.pl\/wp-content\/uploads\/2019\/07\/9.-Blue-berries-in-Oland-R2.A15..jpg\" title=\"9. Blue berries in Oland, R2.A15.\" data-rl_title=\"9. Blue berries in Oland, R2.A15.\" class=\"rl-gallery-link\" data-rl_caption=\"\" data-rel=\"lightbox-gallery-2\"><img src=\"https:\/\/sbt.ug.edu.pl\/wp-content\/uploads\/2019\/07\/9.-Blue-berries-in-Oland-R2.A15.-768x512.jpg\" width=\"640\" height=\"427\" alt=\"\" \/><\/a><\/div><div class=\"rl-gallery-item\"><a href=\"https:\/\/sbt.ug.edu.pl\/wp-content\/uploads\/2019\/07\/10.-Stora-Alvaret-landscape-R2.A15..jpg\" title=\"10. Stora Alvaret landscape, R2.A15.\" data-rl_title=\"10. Stora Alvaret landscape, R2.A15.\" class=\"rl-gallery-link\" data-rl_caption=\"\" data-rel=\"lightbox-gallery-2\"><img src=\"https:\/\/sbt.ug.edu.pl\/wp-content\/uploads\/2019\/07\/10.-Stora-Alvaret-landscape-R2.A15.-768x512.jpg\" width=\"640\" height=\"427\" alt=\"\" \/><\/a><\/div><div class=\"rl-gallery-item\"><a href=\"https:\/\/sbt.ug.edu.pl\/wp-content\/uploads\/2019\/07\/11.-Stora-Alvaret-landscape-R2.A15..jpg\" title=\"11. Stora Alvaret landscape, R2.A15.\" data-rl_title=\"11. Stora Alvaret landscape, R2.A15.\" class=\"rl-gallery-link\" data-rl_caption=\"\" data-rel=\"lightbox-gallery-2\"><img src=\"https:\/\/sbt.ug.edu.pl\/wp-content\/uploads\/2019\/07\/11.-Stora-Alvaret-landscape-R2.A15.-768x512.jpg\" width=\"640\" height=\"427\" alt=\"\" \/><\/a><\/div><div class=\"rl-gallery-item\"><a href=\"https:\/\/sbt.ug.edu.pl\/wp-content\/uploads\/2019\/07\/12.-Lighthouse-in-Oland-R2.A15..jpg\" title=\"12. Lighthouse in Oland, R2.A15.\" data-rl_title=\"12. Lighthouse in Oland, R2.A15.\" class=\"rl-gallery-link\" data-rl_caption=\"\" data-rel=\"lightbox-gallery-2\"><img src=\"https:\/\/sbt.ug.edu.pl\/wp-content\/uploads\/2019\/07\/12.-Lighthouse-in-Oland-R2.A15.-768x512.jpg\" width=\"640\" height=\"427\" alt=\"\" \/><\/a><\/div><div class=\"rl-gallery-item\"><a href=\"https:\/\/sbt.ug.edu.pl\/wp-content\/uploads\/2019\/07\/13.-Oland-coast-R2.A15..jpg\" title=\"13. Oland coast, R2.A15.\" data-rl_title=\"13. Oland coast, R2.A15.\" class=\"rl-gallery-link\" data-rl_caption=\"\" data-rel=\"lightbox-gallery-2\"><img src=\"https:\/\/sbt.ug.edu.pl\/wp-content\/uploads\/2019\/07\/13.-Oland-coast-R2.A15.-768x512.jpg\" width=\"640\" height=\"427\" alt=\"\" \/><\/a><\/div><div class=\"rl-gallery-item\"><a href=\"https:\/\/sbt.ug.edu.pl\/wp-content\/uploads\/2019\/07\/14.-Oland-coast-R2.A15..jpg\" title=\"14. Oland coast, R2.A15.\" data-rl_title=\"14. Oland coast, R2.A15.\" class=\"rl-gallery-link\" data-rl_caption=\"\" data-rel=\"lightbox-gallery-2\"><img src=\"https:\/\/sbt.ug.edu.pl\/wp-content\/uploads\/2019\/07\/14.-Oland-coast-R2.A15.-768x512.jpg\" width=\"640\" height=\"427\" alt=\"\" \/><\/a><\/div><div class=\"rl-gallery-item\"><a href=\"https:\/\/sbt.ug.edu.pl\/wp-content\/uploads\/2019\/07\/15.-Oland-lighthouse-view-R2.A15..jpg\" title=\"15. Oland lighthouse view, R2.A15.\" data-rl_title=\"15. Oland lighthouse view, R2.A15.\" class=\"rl-gallery-link\" data-rl_caption=\"\" data-rel=\"lightbox-gallery-2\"><img src=\"https:\/\/sbt.ug.edu.pl\/wp-content\/uploads\/2019\/07\/15.-Oland-lighthouse-view-R2.A15.-768x512.jpg\" width=\"640\" height=\"427\" alt=\"\" \/><\/a><\/div><div class=\"rl-gallery-item\"><a href=\"https:\/\/sbt.ug.edu.pl\/wp-content\/uploads\/2019\/07\/16.-Surfing-center-in-Oland-R2.A15..jpg\" title=\"16. Surfing center in Oland, R2.A15.\" data-rl_title=\"16. Surfing center in Oland, R2.A15.\" class=\"rl-gallery-link\" data-rl_caption=\"\" data-rel=\"lightbox-gallery-2\"><img src=\"https:\/\/sbt.ug.edu.pl\/wp-content\/uploads\/2019\/07\/16.-Surfing-center-in-Oland-R2.A15.-768x512.jpg\" width=\"640\" height=\"427\" alt=\"\" \/><\/a><\/div><div class=\"rl-gallery-item\"><a href=\"https:\/\/sbt.ug.edu.pl\/wp-content\/uploads\/2019\/07\/17.-Surfing-equipment-R2.A15..jpg\" title=\"17. Surfing equipment, R2.A15.\" data-rl_title=\"17. Surfing equipment, R2.A15.\" class=\"rl-gallery-link\" data-rl_caption=\"\" data-rel=\"lightbox-gallery-2\"><img src=\"https:\/\/sbt.ug.edu.pl\/wp-content\/uploads\/2019\/07\/17.-Surfing-equipment-R2.A15.-768x512.jpg\" width=\"640\" height=\"427\" alt=\"\" \/><\/a><\/div><div class=\"rl-gallery-item\"><a href=\"https:\/\/sbt.ug.edu.pl\/wp-content\/uploads\/2019\/07\/18.-Kalmar-Castle-R2.A15..jpg\" title=\"18. Kalmar Castle, R2.A15.\" data-rl_title=\"18. Kalmar Castle, R2.A15.\" class=\"rl-gallery-link\" data-rl_caption=\"\" data-rel=\"lightbox-gallery-2\"><img src=\"https:\/\/sbt.ug.edu.pl\/wp-content\/uploads\/2019\/07\/18.-Kalmar-Castle-R2.A15.-768x512.jpg\" width=\"640\" height=\"427\" alt=\"\" \/><\/a><\/div><div class=\"rl-gallery-item\"><a href=\"https:\/\/sbt.ug.edu.pl\/wp-content\/uploads\/2019\/07\/19.-Oland-bike-trail-sign-R2.A15..jpg\" title=\"19. Oland bike trail sign, R2.A15.\" data-rl_title=\"19. Oland bike trail sign, R2.A15.\" class=\"rl-gallery-link\" data-rl_caption=\"\" data-rel=\"lightbox-gallery-2\"><img src=\"https:\/\/sbt.ug.edu.pl\/wp-content\/uploads\/2019\/07\/19.-Oland-bike-trail-sign-R2.A15..jpg\" width=\"640\" height=\"640\" alt=\"\" \/><\/a><\/div> <\/div> <\/div><\/p>","protected":false},"excerpt":{"rendered":"<p>LOCATION \u00d6land Island is located in southeast Sweden, on the coast of Sm\u00e5land Region. The island is connected to the mainland by a 6 kilometre-long bridge. The surfing hotspot is at M\u00f6rbyl\u00e5nga Beach in the southern part of the island. The closest airport is in Kalmar, on the mailnland and the closest ferry connections are [&hellip;]<\/p>\n","protected":false},"author":3,"featured_media":0,"parent":174,"menu_order":0,"comment_status":"closed","ping_status":"closed","template":"","meta":[],"categories":[34,13,9],"tags":[],"_links":{"self":[{"href":"https:\/\/sbt.ug.edu.pl\/de\/wp-json\/wp\/v2\/pages\/507"}],"collection":[{"href":"https:\/\/sbt.ug.edu.pl\/de\/wp-json\/wp\/v2\/pages"}],"about":[{"href":"https:\/\/sbt.ug.edu.pl\/de\/wp-json\/wp\/v2\/types\/page"}],"author":[{"embeddable":true,"href":"https:\/\/sbt.ug.edu.pl\/de\/wp-json\/wp\/v2\/users\/3"}],"replies":[{"embeddable":true,"href":"https:\/\/sbt.ug.edu.pl\/de\/wp-json\/wp\/v2\/comments?post=507"}],"version-history":[{"count":11,"href":"https:\/\/sbt.ug.edu.pl\/de\/wp-json\/wp\/v2\/pages\/507\/revisions"}],"predecessor-version":[{"id":5843,"href":"https:\/\/sbt.ug.edu.pl\/de\/wp-json\/wp\/v2\/pages\/507\/revisions\/5843"}],"up":[{"embeddable":true,"href":"https:\/\/sbt.ug.edu.pl\/de\/wp-json\/wp\/v2\/pages\/174"}],"wp:attachment":[{"href":"https:\/\/sbt.ug.edu.pl\/de\/wp-json\/wp\/v2\/media?parent=507"}],"wp:term":[{"taxonomy":"category","embeddable":true,"href":"https:\/\/sbt.ug.edu.pl\/de\/wp-json\/wp\/v2\/categories?post=507"},{"taxonomy":"post_tag","embeddable":true,"href":"https:\/\/sbt.ug.edu.pl\/de\/wp-json\/wp\/v2\/tags?post=507"}],"curies":[{"name":"wp","href":"https:\/\/api.w.org\/{rel}","templated":true}]}}