{"id":509,"date":"2018-12-06T10:44:24","date_gmt":"2018-12-06T09:44:24","guid":{"rendered":"http:\/\/southbaltic-tourist.eu\/?page_id=509"},"modified":"2021-06-23T15:47:23","modified_gmt":"2021-06-23T14:47:23","slug":"16-palanga-wind-kite-surfing-hotspots","status":"publish","type":"page","link":"https:\/\/sbt.ug.edu.pl\/de\/routes\/windsurfing-exploration\/16-palanga-wind-kite-surfing-hotspots\/","title":{"rendered":"16. SPOTY SURFINGOWE I KITESURFINGOWE W PALANDZE"},"content":{"rendered":"<p><\/p>\n<p style=\"text-align: justify;\"><strong>LOKALIZACJA<\/strong><\/p>\n<p style=\"text-align: justify;\">Palanga znajduje si\u0119 w p\u00f3\u0142nocnej cz\u0119\u015bci litewskiego wybrze\u017ca Ba\u0142tyku, oko\u0142o 30 km od K\u0142ajpedy. Miejsca windsurfingowe i kitesurfingowe le\u017c\u0105 si\u0119 na p\u00f3\u0142noc od miasta (w pobli\u017cu pla\u017c Kunigiskes i Monci\u0161k\u0117s). Palanga zlokalizowana jest 320 km od Wilna, 280 km od Rygi i 170 km od Kaliningradu. Z kolei odleg\u0142o\u015b\u0107 mi\u0119dzy Palang\u0105 a Gda\u0144skiem wynosi 330 km, ale wi\u0105\u017ce si\u0119 z podr\u00f3\u017cowaniem przez rosyjski Obw\u00f3d Kaliningradzki (promem do Mierzei Kuro\u0144skiej) i dwukrotnym przekroczeniem granicy UE-Rosja. Turystom preferuj\u0105cym pozostanie na obszarze UE zaleca si\u0119 wybranie podr\u00f3\u017cy tu\u017c przy granicach Obwodu Kaliningradzkiego, co niestety wyd\u0142u\u017ca tras\u0119 nawet do 620 km. K\u0142ajpeda dysponuje dwoma po\u0142\u0105czeniami promowymi: Kiel-K\u0142ajpeda (z Niemiec) i Karlshamn-K\u0142ajpeda (ze Szwecji). W Palandze znajduje si\u0119 tak\u017ce regionalne lotnisko. Po\u0142o\u017cenie geograficzne Palangi: 55\u00b055\u2032N 21\u00b004\u2032E.<\/p>\n<p style=\"text-align: justify;\"><img decoding=\"async\" loading=\"lazy\" class=\"alignleft wp-image-1584\" src=\"https:\/\/southbaltic-tourist.eu\/wp-content\/uploads\/2019\/07\/1.-Palanga-Beach-R2.A16..jpg\" alt=\"\" width=\"600\" height=\"400\" srcset=\"https:\/\/sbt.ug.edu.pl\/wp-content\/uploads\/2019\/07\/1.-Palanga-Beach-R2.A16..jpg 1600w, https:\/\/sbt.ug.edu.pl\/wp-content\/uploads\/2019\/07\/1.-Palanga-Beach-R2.A16.-300x200.jpg 300w, https:\/\/sbt.ug.edu.pl\/wp-content\/uploads\/2019\/07\/1.-Palanga-Beach-R2.A16.-768x512.jpg 768w, https:\/\/sbt.ug.edu.pl\/wp-content\/uploads\/2019\/07\/1.-Palanga-Beach-R2.A16.-1024x683.jpg 1024w, https:\/\/sbt.ug.edu.pl\/wp-content\/uploads\/2019\/07\/1.-Palanga-Beach-R2.A16.-150x100.jpg 150w\" sizes=\"(max-width: 600px) 100vw, 600px\" \/><\/p>\n<p style=\"text-align: justify;\" align=\"JUSTIFY\"><a href=\"https:\/\/southbaltic-tourist.eu\/wp-content\/uploads\/2020\/01\/r1a16_Palanga_Surfing_square.png\" data-rel=\"lightbox-gallery-LsM8BcTs\" data-rl_title=\"\" data-rl_caption=\"\" title=\"\"><img decoding=\"async\" loading=\"lazy\" class=\"alignnone wp-image-5155\" src=\"https:\/\/southbaltic-tourist.eu\/wp-content\/uploads\/2020\/01\/r1a16_Palanga_Surfing_square-300x256.png\" alt=\"\" width=\"469\" height=\"400\" srcset=\"https:\/\/sbt.ug.edu.pl\/wp-content\/uploads\/2020\/01\/r1a16_Palanga_Surfing_square-300x256.png 300w, https:\/\/sbt.ug.edu.pl\/wp-content\/uploads\/2020\/01\/r1a16_Palanga_Surfing_square-1024x874.png 1024w, https:\/\/sbt.ug.edu.pl\/wp-content\/uploads\/2020\/01\/r1a16_Palanga_Surfing_square-768x655.png 768w, https:\/\/sbt.ug.edu.pl\/wp-content\/uploads\/2020\/01\/r1a16_Palanga_Surfing_square-1536x1310.png 1536w, https:\/\/sbt.ug.edu.pl\/wp-content\/uploads\/2020\/01\/r1a16_Palanga_Surfing_square-150x128.png 150w, https:\/\/sbt.ug.edu.pl\/wp-content\/uploads\/2020\/01\/r1a16_Palanga_Surfing_square.png 1600w\" sizes=\"(max-width: 469px) 100vw, 469px\" \/><\/a><\/p>\n<p style=\"text-align: justify;\" align=\"JUSTIFY\"><a href=\"https:\/\/www.google.com\/maps\/place\/Po%C5%82%C4%85ga,+Litwa\/@55.9660677,20.9541976,11z\/data=!3m1!4b1!4m5!3m4!1s0x46e5293217c7cec3:0x604cbaa99f7d399!8m2!3d55.920198!4d21.0677614\" target=\"_blank\" rel=\"noopener noreferrer\">View on Google Maps<\/a><\/p>\n<p style=\"text-align: justify;\"><strong>MIEJSCA SURFINGOWE W PALANDZE<\/strong><\/p>\n<p style=\"text-align: justify;\">Latem pla\u017ca w Palandze jest bardzo zat\u0142oczona przez turyst\u00f3w, dlatego te\u017c miejsca windsurfingowe i kitesurfingowe znajduj\u0105 si\u0119 kilka kilometr\u00f3w na p\u00f3\u0142noc od g\u0142\u00f3wnej pla\u017cy, ale jednocze\u015bnie zlokalizowane s\u0105 jedynie w odleg\u0142o\u015bci kr\u00f3tkiego spaceru od centrum miasta. Wody w spotach s\u0105 stosunkowo p\u0142ytkie, a dno morskie jest piaszczyste. Zazwyczaj wyst\u0119puje wiatr p\u00f3\u0142nocno-zachodni i przybrze\u017cne, wschodnie wiatry. Spoty te s\u0105 dobre zar\u00f3wno dla os\u00f3b pocz\u0105tkuj\u0105cych, jak i zaawansowanych kitesurfer\u00f3w i windsurfer\u00f3w &#8211; jest tu mn\u00f3stwo oboz\u00f3w surfingowych, szczeg\u00f3lnie popularnych w\u015br\u00f3d m\u0142odszych uczni\u00f3w i rodzin. Lokalne szko\u0142y surfingowe zapewniaj\u0105 lekcje dla pocz\u0105tkuj\u0105cych.<\/p>\n<p style=\"text-align: justify;\"><strong>ATRAKCJE<\/strong><\/p>\n<p style=\"text-align: justify;\">Palanga i pobliska K\u0142ajpeda to popularne nadmorskie miasta, kt\u00f3re bardzo si\u0119 od siebie r\u00f3\u017cni\u0105. Palanga jest miejscowo\u015bci\u0105 typowo wypoczynkow\u0105 z relaksuj\u0105c\u0105 atmosfer\u0105 (cho\u0107 w sezonie lipiec-sierpie\u0144 jest zat\u0142oczona). G\u0142\u00f3wnymi atrakcjami Palangi s\u0105 d\u0142ugie, szerokie i piaszczyste pla\u017ce, molo, liczne fontanny, imprezy kulturalne, lokale gastronomiczne i nietypowe muzea (na przyk\u0142ad po\u015bwi\u0119cone psom czy iluzjom). Z kolei K\u0142ajpeda jest miastem hanzeatyckim &#8211; ogromnym portem, w kt\u00f3rym zlokalizowane s\u0105 uniwersytety. Oferuje typowo miejskie atrakcje, takie jak muzea, centra kulturalne itp. W pobli\u017cu znajduje si\u0119 r\u00f3wnie\u017c Park Narodowy Mierzei Kuro\u0144skiej z ogromnymi wydmami, d\u0142ugimi szerokimi pla\u017cami i miejscami do opalania. Tury\u015bci mog\u0105 na terenie parku obserwowa\u0107 ptaki i dzikie zwierz\u0119ta (nawet jelenie). W okolicy Palangi znajduj\u0105 si\u0119 rozleg\u0142e sieci tras rowerowych, dlatego te\u017c wycieczki rowerowe b\u0119d\u0105 dobrym sposobem na relaksuj\u0105ce zwiedzanie tego regionu.<\/p>\n<p>&nbsp;<\/p>\n<p>&nbsp;<\/p>\n<div class=\"rl-gallery-container rl-loading\" id=\"rl-gallery-container-2\" data-gallery_id=\"1583\"> <div class=\"rl-gallery rl-basicgrid-gallery \" id=\"rl-gallery-2\" data-gallery_no=\"2\"> <div class=\"rl-gallery-item\"><a href=\"https:\/\/sbt.ug.edu.pl\/wp-content\/uploads\/2019\/07\/1.-Palanga-Beach-R2.A16..jpg\" title=\"1. Palanga Beach, R2.A16.\" data-rl_title=\"1. Palanga Beach, R2.A16.\" class=\"rl-gallery-link\" data-rl_caption=\"\" data-rel=\"lightbox-gallery-2\"><img src=\"https:\/\/sbt.ug.edu.pl\/wp-content\/uploads\/2019\/07\/1.-Palanga-Beach-R2.A16.-768x512.jpg\" width=\"640\" height=\"427\" alt=\"\" \/><\/a><\/div><div class=\"rl-gallery-item\"><a href=\"https:\/\/sbt.ug.edu.pl\/wp-content\/uploads\/2019\/07\/2.-Baltic-Sea-at-Palanga-R2.A16.jpg\" title=\"2. Baltic Sea at Palanga, R2.A16\" data-rl_title=\"2. Baltic Sea at Palanga, R2.A16\" class=\"rl-gallery-link\" data-rl_caption=\"\" data-rel=\"lightbox-gallery-2\"><img src=\"https:\/\/sbt.ug.edu.pl\/wp-content\/uploads\/2019\/07\/2.-Baltic-Sea-at-Palanga-R2.A16-768x512.jpg\" width=\"640\" height=\"427\" alt=\"\" \/><\/a><\/div><div class=\"rl-gallery-item\"><a href=\"https:\/\/sbt.ug.edu.pl\/wp-content\/uploads\/2019\/07\/3.-Baltic-Coast-at-Palanga-R2.A16..jpg\" title=\"3. Baltic Coast at Palanga, R2.A16.\" data-rl_title=\"3. Baltic Coast at Palanga, R2.A16.\" class=\"rl-gallery-link\" data-rl_caption=\"\" data-rel=\"lightbox-gallery-2\"><img src=\"https:\/\/sbt.ug.edu.pl\/wp-content\/uploads\/2019\/07\/3.-Baltic-Coast-at-Palanga-R2.A16.-768x576.jpg\" width=\"640\" height=\"480\" alt=\"\" \/><\/a><\/div><div class=\"rl-gallery-item\"><a href=\"https:\/\/sbt.ug.edu.pl\/wp-content\/uploads\/2019\/07\/4.-Baltic-Coast-at-Palanga-R2.A16..jpg\" title=\"4. Baltic Coast at Palanga, R2.A16.\" data-rl_title=\"4. Baltic Coast at Palanga, R2.A16.\" class=\"rl-gallery-link\" data-rl_caption=\"\" data-rel=\"lightbox-gallery-2\"><img src=\"https:\/\/sbt.ug.edu.pl\/wp-content\/uploads\/2019\/07\/4.-Baltic-Coast-at-Palanga-R2.A16.-768x576.jpg\" width=\"640\" height=\"480\" alt=\"\" \/><\/a><\/div><div class=\"rl-gallery-item\"><a href=\"https:\/\/sbt.ug.edu.pl\/wp-content\/uploads\/2019\/07\/5.-Palanga-pier-R2.A16..jpg\" title=\"5. Palanga pier, R2.A16.\" data-rl_title=\"5. Palanga pier, R2.A16.\" class=\"rl-gallery-link\" data-rl_caption=\"\" data-rel=\"lightbox-gallery-2\"><img src=\"https:\/\/sbt.ug.edu.pl\/wp-content\/uploads\/2019\/07\/5.-Palanga-pier-R2.A16.-768x512.jpg\" width=\"640\" height=\"427\" alt=\"\" \/><\/a><\/div><div class=\"rl-gallery-item\"><a href=\"https:\/\/sbt.ug.edu.pl\/wp-content\/uploads\/2019\/07\/6.-Palanga-recreation-area-R2.A16..jpg\" title=\"6. Palanga recreation area, R2.A16.\" data-rl_title=\"6. Palanga recreation area, R2.A16.\" class=\"rl-gallery-link\" data-rl_caption=\"\" data-rel=\"lightbox-gallery-2\"><img src=\"https:\/\/sbt.ug.edu.pl\/wp-content\/uploads\/2019\/07\/6.-Palanga-recreation-area-R2.A16.-768x512.jpg\" width=\"640\" height=\"427\" alt=\"\" \/><\/a><\/div><div class=\"rl-gallery-item\"><a href=\"https:\/\/sbt.ug.edu.pl\/wp-content\/uploads\/2019\/07\/7.-Palanga-Amber-Museum-R2.A16..jpg\" title=\"7. Palanga Amber Museum, R2.A16.\" data-rl_title=\"7. Palanga Amber Museum, R2.A16.\" class=\"rl-gallery-link\" data-rl_caption=\"\" data-rel=\"lightbox-gallery-2\"><img src=\"https:\/\/sbt.ug.edu.pl\/wp-content\/uploads\/2019\/07\/7.-Palanga-Amber-Museum-R2.A16.-768x432.jpg\" width=\"640\" height=\"360\" alt=\"\" \/><\/a><\/div><div class=\"rl-gallery-item\"><a href=\"https:\/\/sbt.ug.edu.pl\/wp-content\/uploads\/2019\/07\/8.-Palanga-pier-at-sunset-R2.A16..jpg\" title=\"8. Palanga pier at sunset, R2.A16.\" data-rl_title=\"8. Palanga pier at sunset, R2.A16.\" class=\"rl-gallery-link\" data-rl_caption=\"\" data-rel=\"lightbox-gallery-2\"><img src=\"https:\/\/sbt.ug.edu.pl\/wp-content\/uploads\/2019\/07\/8.-Palanga-pier-at-sunset-R2.A16.-768x512.jpg\" width=\"640\" height=\"427\" alt=\"\" \/><\/a><\/div><div class=\"rl-gallery-item\"><a href=\"https:\/\/sbt.ug.edu.pl\/wp-content\/uploads\/2019\/07\/9.-Palanga-recreation-area-R2.A16.jpg\" title=\"9. Palanga recreation area, R2.A16\" data-rl_title=\"9. Palanga recreation area, R2.A16\" class=\"rl-gallery-link\" data-rl_caption=\"\" data-rel=\"lightbox-gallery-2\"><img src=\"https:\/\/sbt.ug.edu.pl\/wp-content\/uploads\/2019\/07\/9.-Palanga-recreation-area-R2.A16-768x512.jpg\" width=\"640\" height=\"427\" alt=\"\" \/><\/a><\/div><div class=\"rl-gallery-item\"><a href=\"https:\/\/sbt.ug.edu.pl\/wp-content\/uploads\/2019\/07\/10.-Palanga-promenade-R2.A16..jpg\" title=\"10. Palanga promenade, R2.A16.\" data-rl_title=\"10. Palanga promenade, R2.A16.\" class=\"rl-gallery-link\" data-rl_caption=\"\" data-rel=\"lightbox-gallery-2\"><img src=\"https:\/\/sbt.ug.edu.pl\/wp-content\/uploads\/2019\/07\/10.-Palanga-promenade-R2.A16.-768x509.jpg\" width=\"640\" height=\"424\" alt=\"\" \/><\/a><\/div> <\/div> <\/div>\n<p style=\"text-align: justify;\" align=\"JUSTIFY\"><span style=\"font-family: Segoe UI, serif;\"><span style=\"font-size: medium;\"><span lang=\"en-US\">\u00a0<\/span><\/span><\/span><\/p>\n<p style=\"text-align: justify;\" align=\"JUSTIFY\">\n<p><\/p>","protected":false},"excerpt":{"rendered":"<p>LOKALIZACJA Palanga znajduje si\u0119 w p\u00f3\u0142nocnej cz\u0119\u015bci litewskiego wybrze\u017ca Ba\u0142tyku, oko\u0142o 30 km od K\u0142ajpedy. Miejsca windsurfingowe i kitesurfingowe le\u017c\u0105 si\u0119 na p\u00f3\u0142noc od miasta (w pobli\u017cu pla\u017c Kunigiskes i Monci\u0161k\u0117s). Palanga zlokalizowana jest 320 km od Wilna, 280 km od Rygi i 170 km od Kaliningradu. Z kolei odleg\u0142o\u015b\u0107 mi\u0119dzy Palang\u0105 a Gda\u0144skiem wynosi [&hellip;]<\/p>\n","protected":false},"author":3,"featured_media":0,"parent":174,"menu_order":0,"comment_status":"closed","ping_status":"closed","template":"","meta":[],"categories":[34,12,9],"tags":[],"_links":{"self":[{"href":"https:\/\/sbt.ug.edu.pl\/de\/wp-json\/wp\/v2\/pages\/509"}],"collection":[{"href":"https:\/\/sbt.ug.edu.pl\/de\/wp-json\/wp\/v2\/pages"}],"about":[{"href":"https:\/\/sbt.ug.edu.pl\/de\/wp-json\/wp\/v2\/types\/page"}],"author":[{"embeddable":true,"href":"https:\/\/sbt.ug.edu.pl\/de\/wp-json\/wp\/v2\/users\/3"}],"replies":[{"embeddable":true,"href":"https:\/\/sbt.ug.edu.pl\/de\/wp-json\/wp\/v2\/comments?post=509"}],"version-history":[{"count":10,"href":"https:\/\/sbt.ug.edu.pl\/de\/wp-json\/wp\/v2\/pages\/509\/revisions"}],"predecessor-version":[{"id":5844,"href":"https:\/\/sbt.ug.edu.pl\/de\/wp-json\/wp\/v2\/pages\/509\/revisions\/5844"}],"up":[{"embeddable":true,"href":"https:\/\/sbt.ug.edu.pl\/de\/wp-json\/wp\/v2\/pages\/174"}],"wp:attachment":[{"href":"https:\/\/sbt.ug.edu.pl\/de\/wp-json\/wp\/v2\/media?parent=509"}],"wp:term":[{"taxonomy":"category","embeddable":true,"href":"https:\/\/sbt.ug.edu.pl\/de\/wp-json\/wp\/v2\/categories?post=509"},{"taxonomy":"post_tag","embeddable":true,"href":"https:\/\/sbt.ug.edu.pl\/de\/wp-json\/wp\/v2\/tags?post=509"}],"curies":[{"name":"wp","href":"https:\/\/api.w.org\/{rel}","templated":true}]}}