{"id":517,"date":"2018-12-06T10:55:56","date_gmt":"2018-12-06T09:55:56","guid":{"rendered":"http:\/\/southbaltic-tourist.eu\/?page_id=517"},"modified":"2021-06-23T15:55:31","modified_gmt":"2021-06-23T14:55:31","slug":"20-gdansk-bay-surfing-hotspots","status":"publish","type":"page","link":"https:\/\/sbt.ug.edu.pl\/de\/routes\/windsurfing-exploration\/20-gdansk-bay-surfing-hotspots\/","title":{"rendered":"20. Gda\u0144sk Bay surfing Hotspots"},"content":{"rendered":"<p><span style=\"font-family: Segoe UI, serif;\"><span style=\"font-size: medium;\"><span lang=\"en-US\"><b>LOCATION<\/b><\/span><\/span><\/span><\/p>\n<p style=\"text-align: justify;\">Gdansk Bay\u2019s surfing hotspots include Cha\u0142upy-Ku\u017anica, Jastania and Rewa. They are all located in the sheltered part of Gdansk Bay, very close to the Tricity area (Gda\u0144sk-Sopot-Gdynia) in the Pomerania region of Poland. Rewa beach is the closest hotspot to Gdansk but all of them are easily accessible by roads and public transport. There are bus routes and local trains to all of these locations from Gdynia. The Tricity area is easily reached by ferry from Sweden (Karlskrona-Gdynia and Nyneshamn \u2013 Gda\u0144sk). There is an international airport in Gdansk, which has many connections. Rewa Beach\u2019s geographical location is 54\u00b038\u2032N 18\u00b031\u2032E.<\/p>\n<p><img decoding=\"async\" loading=\"lazy\" class=\"alignleft wp-image-1928\" src=\"https:\/\/southbaltic-tourist.eu\/wp-content\/uploads\/2019\/07\/1.-Gdansk-Bay-Surfing-Spot-Rewa-R2.A20..jpg\" alt=\"\" width=\"604\" height=\"400\" srcset=\"https:\/\/sbt.ug.edu.pl\/wp-content\/uploads\/2019\/07\/1.-Gdansk-Bay-Surfing-Spot-Rewa-R2.A20..jpg 1600w, https:\/\/sbt.ug.edu.pl\/wp-content\/uploads\/2019\/07\/1.-Gdansk-Bay-Surfing-Spot-Rewa-R2.A20.-300x199.jpg 300w, https:\/\/sbt.ug.edu.pl\/wp-content\/uploads\/2019\/07\/1.-Gdansk-Bay-Surfing-Spot-Rewa-R2.A20.-768x509.jpg 768w, https:\/\/sbt.ug.edu.pl\/wp-content\/uploads\/2019\/07\/1.-Gdansk-Bay-Surfing-Spot-Rewa-R2.A20.-1024x678.jpg 1024w, https:\/\/sbt.ug.edu.pl\/wp-content\/uploads\/2019\/07\/1.-Gdansk-Bay-Surfing-Spot-Rewa-R2.A20.-150x99.jpg 150w\" sizes=\"(max-width: 604px) 100vw, 604px\" \/><\/p>\n<p><a href=\"https:\/\/southbaltic-tourist.eu\/wp-content\/uploads\/2020\/01\/r1a20_Gdansk_Bay_Surfing_square.png\" data-rel=\"lightbox-gallery-q07GumXo\" data-rl_title=\"\" data-rl_caption=\"\" title=\"\"><img decoding=\"async\" loading=\"lazy\" class=\"alignnone wp-image-5169\" src=\"https:\/\/southbaltic-tourist.eu\/wp-content\/uploads\/2020\/01\/r1a20_Gdansk_Bay_Surfing_square-300x256.png\" alt=\"\" width=\"469\" height=\"400\" srcset=\"https:\/\/sbt.ug.edu.pl\/wp-content\/uploads\/2020\/01\/r1a20_Gdansk_Bay_Surfing_square-300x256.png 300w, https:\/\/sbt.ug.edu.pl\/wp-content\/uploads\/2020\/01\/r1a20_Gdansk_Bay_Surfing_square-1024x874.png 1024w, https:\/\/sbt.ug.edu.pl\/wp-content\/uploads\/2020\/01\/r1a20_Gdansk_Bay_Surfing_square-768x655.png 768w, https:\/\/sbt.ug.edu.pl\/wp-content\/uploads\/2020\/01\/r1a20_Gdansk_Bay_Surfing_square-1536x1310.png 1536w, https:\/\/sbt.ug.edu.pl\/wp-content\/uploads\/2020\/01\/r1a20_Gdansk_Bay_Surfing_square-150x128.png 150w, https:\/\/sbt.ug.edu.pl\/wp-content\/uploads\/2020\/01\/r1a20_Gdansk_Bay_Surfing_square.png 1600w\" sizes=\"(max-width: 469px) 100vw, 469px\" \/><\/a><\/p>\n<p><a href=\"https:\/\/www.google.com\/maps\/place\/Zatoka+Gda%C5%84ska\/@54.6137084,18.4273163,9z\/data=!3m1!4b1!4m5!3m4!1s0x46fd1a0e431d9f6f:0x33b7e2fb2179d8e6!8m2!3d54.5995351!4d19.0852091\" target=\"_blank\" rel=\"noopener noreferrer\">View on Google Maps<\/a><\/p>\n<p style=\"text-align: justify;\" align=\"JUSTIFY\"><span style=\"font-size: medium;\"><span lang=\"en-US\"><b>GDA\u0143SK BAY SURFING HOTSPOTS <\/b><\/span><\/span><\/p>\n<p style=\"text-align: justify;\">Gdansk Bay\u2019s surfing hotspots are located between the Polish mainland and Hel Peninsula \u2013 an area not really considered as open sea. Three of the spots are located at the peninsula: Cha\u0142upy, Ku\u017anica and Jastarnia, while Rewa is located on the mainland. The waters of Gdansk Bay are relatively shallow and create very good conditions for beginners and kitesurfing schools. Despite the bay\u2019s waters being exposed to the open sea, they maintain their higher temperatures. Different winds blow in the bay with Cha\u0142upy \u2013 Ku\u017anice &#8211; Jastarnia having a much calmer character than Rewa. All locations are busy in the high season, but the sheer length of the coast guarantees that there is enough space for all kinds of surfers, even in summer. It should be noted that all kitesurfing spots are located away from the main beaches.<\/p>\n<p style=\"text-align: justify;\" align=\"JUSTIFY\"><span style=\"font-size: medium;\"><span lang=\"en-US\"><b>ATTRACTIONS <\/b><\/span><\/span><\/p>\n<p style=\"text-align: justify;\" align=\"JUSTIFY\"><a name=\"_GoBack\"><\/a><\/p>\n<p style=\"text-align: justify;\">Hel Peninsula is a fashionable summer holiday location and attracts tourists not only from Poland but also from abroad. Rewa is located in a close proximity to Tricity. Easily accessible public transport connects Hel Peninsula with the mainland and allows for short breaks or day trips to Gdansk, Gdynia or Sopot. The Tricity area offers numerous places of interest and sightseeing attractions, to name just a few: the Solidarity Museum, WW2 Museum, Marine Museums, the historical Old Town district in Gdansk and the relaxing resort of Sopot. Gdynia, the youngest of the three cities, has a broad promenade, a pier in Or\u0142owo, many biking routes and some fashionable theatres (including The Music Theatre).<\/p>\n<p><div class=\"rl-gallery-container rl-loading\" id=\"rl-gallery-container-2\" data-gallery_id=\"1927\"> <div class=\"rl-gallery rl-basicgrid-gallery \" id=\"rl-gallery-2\" data-gallery_no=\"2\"> <div class=\"rl-gallery-item\"><a href=\"https:\/\/sbt.ug.edu.pl\/wp-content\/uploads\/2019\/07\/1.-Gdansk-Bay-Surfing-Spot-Rewa-R2.A20..jpg\" title=\"1. Gdansk Bay Surfing Spot Rewa, R2.A20.\" data-rl_title=\"1. Gdansk Bay Surfing Spot Rewa, R2.A20.\" class=\"rl-gallery-link\" data-rl_caption=\"\" data-rel=\"lightbox-gallery-2\"><img src=\"https:\/\/sbt.ug.edu.pl\/wp-content\/uploads\/2019\/07\/1.-Gdansk-Bay-Surfing-Spot-Rewa-R2.A20.-768x509.jpg\" width=\"640\" height=\"424\" alt=\"\" \/><\/a><\/div><div class=\"rl-gallery-item\"><a href=\"https:\/\/sbt.ug.edu.pl\/wp-content\/uploads\/2019\/07\/2.-Gdansk-Bay-Surfing-Spot-Jastarnia-R2.A20..jpg\" title=\"2. Gdansk Bay Surfing Spot Jastarnia, R2.A20.\" data-rl_title=\"2. Gdansk Bay Surfing Spot Jastarnia, R2.A20.\" class=\"rl-gallery-link\" data-rl_caption=\"\" data-rel=\"lightbox-gallery-2\"><img src=\"https:\/\/sbt.ug.edu.pl\/wp-content\/uploads\/2019\/07\/2.-Gdansk-Bay-Surfing-Spot-Jastarnia-R2.A20.-768x509.jpg\" width=\"640\" height=\"424\" alt=\"\" \/><\/a><\/div><div class=\"rl-gallery-item\"><a href=\"https:\/\/sbt.ug.edu.pl\/wp-content\/uploads\/2019\/07\/3.-Gdansk-Bay-Surfing-Spot-Jastarnia-R2.A20..jpg\" title=\"3. Gdansk Bay Surfing Spot Jastarnia, R2.A20.\" data-rl_title=\"3. Gdansk Bay Surfing Spot Jastarnia, R2.A20.\" class=\"rl-gallery-link\" data-rl_caption=\"\" data-rel=\"lightbox-gallery-2\"><img src=\"https:\/\/sbt.ug.edu.pl\/wp-content\/uploads\/2019\/07\/3.-Gdansk-Bay-Surfing-Spot-Jastarnia-R2.A20.-768x509.jpg\" width=\"640\" height=\"424\" alt=\"\" \/><\/a><\/div><div class=\"rl-gallery-item\"><a href=\"https:\/\/sbt.ug.edu.pl\/wp-content\/uploads\/2019\/07\/4.-Gdansk-Bay-Rewa-R2.A20..jpg\" title=\"4. Gdansk Bay, Rewa, R2.A20.\" data-rl_title=\"4. Gdansk Bay, Rewa, R2.A20.\" class=\"rl-gallery-link\" data-rl_caption=\"\" data-rel=\"lightbox-gallery-2\"><img src=\"https:\/\/sbt.ug.edu.pl\/wp-content\/uploads\/2019\/07\/4.-Gdansk-Bay-Rewa-R2.A20.-768x509.jpg\" width=\"640\" height=\"424\" alt=\"\" \/><\/a><\/div><div class=\"rl-gallery-item\"><a href=\"https:\/\/sbt.ug.edu.pl\/wp-content\/uploads\/2019\/07\/5.-Gdansk-Bay-Rewa-R2.A20..jpg\" title=\"5. Gdansk Bay, Rewa, R2.A20.\" data-rl_title=\"5. Gdansk Bay, Rewa, R2.A20.\" class=\"rl-gallery-link\" data-rl_caption=\"\" data-rel=\"lightbox-gallery-2\"><img src=\"https:\/\/sbt.ug.edu.pl\/wp-content\/uploads\/2019\/07\/5.-Gdansk-Bay-Rewa-R2.A20.-768x509.jpg\" width=\"640\" height=\"424\" alt=\"\" \/><\/a><\/div><div class=\"rl-gallery-item\"><a href=\"https:\/\/sbt.ug.edu.pl\/wp-content\/uploads\/2019\/07\/6.-Gdansk-Bay-Jastarnia-R2.A20..jpg\" title=\"6. Gdansk Bay, Jastarnia, R2.A20.\" data-rl_title=\"6. Gdansk Bay, Jastarnia, R2.A20.\" class=\"rl-gallery-link\" data-rl_caption=\"\" data-rel=\"lightbox-gallery-2\"><img src=\"https:\/\/sbt.ug.edu.pl\/wp-content\/uploads\/2019\/07\/6.-Gdansk-Bay-Jastarnia-R2.A20.-768x509.jpg\" width=\"640\" height=\"424\" alt=\"\" \/><\/a><\/div><div class=\"rl-gallery-item\"><a href=\"https:\/\/sbt.ug.edu.pl\/wp-content\/uploads\/2019\/07\/7.-Gdansk-Bay-Jastrania-R2.A20..jpg\" title=\"7. Gdansk Bay, Jastrania, R2.A20.\" data-rl_title=\"7. Gdansk Bay, Jastrania, R2.A20.\" class=\"rl-gallery-link\" data-rl_caption=\"\" data-rel=\"lightbox-gallery-2\"><img src=\"https:\/\/sbt.ug.edu.pl\/wp-content\/uploads\/2019\/07\/7.-Gdansk-Bay-Jastrania-R2.A20.-768x509.jpg\" width=\"640\" height=\"424\" alt=\"\" \/><\/a><\/div><div class=\"rl-gallery-item\"><a href=\"https:\/\/sbt.ug.edu.pl\/wp-content\/uploads\/2019\/07\/8.Gdansk-Bay-Jastarnia-R2.A20..jpg\" title=\"8.Gdansk Bay, Jastarnia, R2.A20.\" data-rl_title=\"8.Gdansk Bay, Jastarnia, R2.A20.\" class=\"rl-gallery-link\" data-rl_caption=\"\" data-rel=\"lightbox-gallery-2\"><img src=\"https:\/\/sbt.ug.edu.pl\/wp-content\/uploads\/2019\/07\/8.Gdansk-Bay-Jastarnia-R2.A20.-768x509.jpg\" width=\"640\" height=\"424\" alt=\"\" \/><\/a><\/div><div class=\"rl-gallery-item\"><a href=\"https:\/\/sbt.ug.edu.pl\/wp-content\/uploads\/2019\/07\/9.-Gdansk-Bay-Rewa-R2.A20..jpg\" title=\"9. Gdansk Bay, Rewa, R2.A20.\" data-rl_title=\"9. Gdansk Bay, Rewa, R2.A20.\" class=\"rl-gallery-link\" data-rl_caption=\"\" data-rel=\"lightbox-gallery-2\"><img src=\"https:\/\/sbt.ug.edu.pl\/wp-content\/uploads\/2019\/07\/9.-Gdansk-Bay-Rewa-R2.A20.-768x509.jpg\" width=\"640\" height=\"424\" alt=\"\" \/><\/a><\/div><div class=\"rl-gallery-item\"><a href=\"https:\/\/sbt.ug.edu.pl\/wp-content\/uploads\/2019\/07\/10.-Gdansk-Bay-Rewa-R2.A20..jpg\" title=\"10. Gdansk Bay, Rewa, R2.A20.\" data-rl_title=\"10. Gdansk Bay, Rewa, R2.A20.\" class=\"rl-gallery-link\" data-rl_caption=\"\" data-rel=\"lightbox-gallery-2\"><img src=\"https:\/\/sbt.ug.edu.pl\/wp-content\/uploads\/2019\/07\/10.-Gdansk-Bay-Rewa-R2.A20.-768x509.jpg\" width=\"640\" height=\"424\" alt=\"\" \/><\/a><\/div><div class=\"rl-gallery-item\"><a href=\"https:\/\/sbt.ug.edu.pl\/wp-content\/uploads\/2019\/07\/11.-Gdansk-Bay-Rewa-R2.A20..jpg\" title=\"11. Gdansk Bay, Rewa, R2.A20.\" data-rl_title=\"11. Gdansk Bay, Rewa, R2.A20.\" class=\"rl-gallery-link\" data-rl_caption=\"\" data-rel=\"lightbox-gallery-2\"><img src=\"https:\/\/sbt.ug.edu.pl\/wp-content\/uploads\/2019\/07\/11.-Gdansk-Bay-Rewa-R2.A20.-768x509.jpg\" width=\"640\" height=\"424\" alt=\"\" \/><\/a><\/div><div class=\"rl-gallery-item\"><a href=\"https:\/\/sbt.ug.edu.pl\/wp-content\/uploads\/2019\/07\/12.Gdansk-Bay-Rewa-R2.A20..jpg\" title=\"12.Gdansk Bay, Rewa, R2.A20.\" data-rl_title=\"12.Gdansk Bay, Rewa, R2.A20.\" class=\"rl-gallery-link\" data-rl_caption=\"\" data-rel=\"lightbox-gallery-2\"><img src=\"https:\/\/sbt.ug.edu.pl\/wp-content\/uploads\/2019\/07\/12.Gdansk-Bay-Rewa-R2.A20.-768x509.jpg\" width=\"640\" height=\"424\" alt=\"\" \/><\/a><\/div><div class=\"rl-gallery-item\"><a href=\"https:\/\/sbt.ug.edu.pl\/wp-content\/uploads\/2019\/07\/13.-Gdansk-Bay-Rewa-R2.A20..jpg\" title=\"13. Gdansk Bay, Rewa, R2.A20.\" data-rl_title=\"13. Gdansk Bay, Rewa, R2.A20.\" class=\"rl-gallery-link\" data-rl_caption=\"\" data-rel=\"lightbox-gallery-2\"><img src=\"https:\/\/sbt.ug.edu.pl\/wp-content\/uploads\/2019\/07\/13.-Gdansk-Bay-Rewa-R2.A20.-768x509.jpg\" width=\"640\" height=\"424\" alt=\"\" \/><\/a><\/div><div class=\"rl-gallery-item\"><a href=\"https:\/\/sbt.ug.edu.pl\/wp-content\/uploads\/2019\/07\/14.-Gdansk-Bay-Rewa-R2.A20..jpg\" title=\"14. Gdansk Bay, Rewa, R2.A20.\" data-rl_title=\"14. Gdansk Bay, Rewa, R2.A20.\" class=\"rl-gallery-link\" data-rl_caption=\"\" data-rel=\"lightbox-gallery-2\"><img src=\"https:\/\/sbt.ug.edu.pl\/wp-content\/uploads\/2019\/07\/14.-Gdansk-Bay-Rewa-R2.A20.-768x432.jpg\" width=\"640\" height=\"360\" alt=\"\" \/><\/a><\/div><div class=\"rl-gallery-item\"><a href=\"https:\/\/sbt.ug.edu.pl\/wp-content\/uploads\/2019\/07\/15.-Gdansk-Bay-Rewa-R2.A20..jpg\" title=\"15. Gdansk Bay, Rewa, R2.A20.\" data-rl_title=\"15. Gdansk Bay, Rewa, R2.A20.\" class=\"rl-gallery-link\" data-rl_caption=\"\" data-rel=\"lightbox-gallery-2\"><img src=\"https:\/\/sbt.ug.edu.pl\/wp-content\/uploads\/2019\/07\/15.-Gdansk-Bay-Rewa-R2.A20.-768x509.jpg\" width=\"640\" height=\"424\" alt=\"\" \/><\/a><\/div><div class=\"rl-gallery-item\"><a href=\"https:\/\/sbt.ug.edu.pl\/wp-content\/uploads\/2019\/07\/16.-Gdansk-Bay-Rewa-R2.A20..jpg\" title=\"16. Gdansk Bay, Rewa, R2.A20.\" data-rl_title=\"16. Gdansk Bay, Rewa, R2.A20.\" class=\"rl-gallery-link\" data-rl_caption=\"\" data-rel=\"lightbox-gallery-2\"><img src=\"https:\/\/sbt.ug.edu.pl\/wp-content\/uploads\/2019\/07\/16.-Gdansk-Bay-Rewa-R2.A20.-768x509.jpg\" width=\"640\" height=\"424\" alt=\"\" \/><\/a><\/div><div class=\"rl-gallery-item\"><a href=\"https:\/\/sbt.ug.edu.pl\/wp-content\/uploads\/2019\/07\/17.-Gdansk-Bay-Rewa-R2.A20..jpg\" title=\"17. Gdansk Bay, Rewa, R2.A20.\" data-rl_title=\"17. Gdansk Bay, Rewa, R2.A20.\" class=\"rl-gallery-link\" data-rl_caption=\"\" data-rel=\"lightbox-gallery-2\"><img src=\"https:\/\/sbt.ug.edu.pl\/wp-content\/uploads\/2019\/07\/17.-Gdansk-Bay-Rewa-R2.A20.-768x509.jpg\" width=\"640\" height=\"424\" alt=\"\" \/><\/a><\/div><div class=\"rl-gallery-item\"><a href=\"https:\/\/sbt.ug.edu.pl\/wp-content\/uploads\/2019\/07\/18.-Gdansk-Bay-Rewa-R2.A20..jpg\" title=\"18. Gdansk Bay, Rewa, R2.A20.\" data-rl_title=\"18. Gdansk Bay, Rewa, R2.A20.\" class=\"rl-gallery-link\" data-rl_caption=\"\" data-rel=\"lightbox-gallery-2\"><img src=\"https:\/\/sbt.ug.edu.pl\/wp-content\/uploads\/2019\/07\/18.-Gdansk-Bay-Rewa-R2.A20.-768x509.jpg\" width=\"640\" height=\"424\" alt=\"\" \/><\/a><\/div><div class=\"rl-gallery-item\"><a href=\"https:\/\/sbt.ug.edu.pl\/wp-content\/uploads\/2019\/07\/19.-Gdansk-Bay-Rewa-R2.A20..jpg\" title=\"19. Gdansk Bay, Rewa, R2.A20.\" data-rl_title=\"19. Gdansk Bay, Rewa, R2.A20.\" class=\"rl-gallery-link\" data-rl_caption=\"\" data-rel=\"lightbox-gallery-2\"><img src=\"https:\/\/sbt.ug.edu.pl\/wp-content\/uploads\/2019\/07\/19.-Gdansk-Bay-Rewa-R2.A20.-768x509.jpg\" width=\"640\" height=\"424\" alt=\"\" \/><\/a><\/div><div class=\"rl-gallery-item\"><a href=\"https:\/\/sbt.ug.edu.pl\/wp-content\/uploads\/2019\/07\/20.-Gdansk-Bay-Rewa-R2.A20..jpg\" title=\"20. Gdansk Bay, Rewa, R2.A20.\" data-rl_title=\"20. Gdansk Bay, Rewa, R2.A20.\" class=\"rl-gallery-link\" data-rl_caption=\"\" data-rel=\"lightbox-gallery-2\"><img src=\"https:\/\/sbt.ug.edu.pl\/wp-content\/uploads\/2019\/07\/20.-Gdansk-Bay-Rewa-R2.A20.-768x509.jpg\" width=\"640\" height=\"424\" alt=\"\" \/><\/a><\/div><div class=\"rl-gallery-item\"><a href=\"https:\/\/sbt.ug.edu.pl\/wp-content\/uploads\/2019\/07\/21.-Gdansk-Bay-Rewa-R2.A20..jpg\" title=\"21. Gdansk Bay, Rewa, R2.A20.\" data-rl_title=\"21. Gdansk Bay, Rewa, R2.A20.\" class=\"rl-gallery-link\" data-rl_caption=\"\" data-rel=\"lightbox-gallery-2\"><img src=\"https:\/\/sbt.ug.edu.pl\/wp-content\/uploads\/2019\/07\/21.-Gdansk-Bay-Rewa-R2.A20.-768x509.jpg\" width=\"640\" height=\"424\" alt=\"\" \/><\/a><\/div><div class=\"rl-gallery-item\"><a href=\"https:\/\/sbt.ug.edu.pl\/wp-content\/uploads\/2019\/07\/22.-Gdansk-Bay-Rewa-R2.A20..jpg\" title=\"22. Gdansk Bay, Rewa, R2.A20.\" data-rl_title=\"22. Gdansk Bay, Rewa, R2.A20.\" class=\"rl-gallery-link\" data-rl_caption=\"\" data-rel=\"lightbox-gallery-2\"><img src=\"https:\/\/sbt.ug.edu.pl\/wp-content\/uploads\/2019\/07\/22.-Gdansk-Bay-Rewa-R2.A20.-768x509.jpg\" width=\"640\" height=\"424\" alt=\"\" \/><\/a><\/div> <\/div> <\/div><\/p>","protected":false},"excerpt":{"rendered":"<p>LOCATION Gdansk Bay\u2019s surfing hotspots include Cha\u0142upy-Ku\u017anica, Jastania and Rewa. They are all located in the sheltered part of Gdansk Bay, very close to the Tricity area (Gda\u0144sk-Sopot-Gdynia) in the Pomerania region of Poland. Rewa beach is the closest hotspot to Gdansk but all of them are easily accessible by roads and public transport. There [&hellip;]<\/p>\n","protected":false},"author":3,"featured_media":0,"parent":174,"menu_order":0,"comment_status":"closed","ping_status":"closed","template":"","meta":[],"categories":[34,12,9],"tags":[],"_links":{"self":[{"href":"https:\/\/sbt.ug.edu.pl\/de\/wp-json\/wp\/v2\/pages\/517"}],"collection":[{"href":"https:\/\/sbt.ug.edu.pl\/de\/wp-json\/wp\/v2\/pages"}],"about":[{"href":"https:\/\/sbt.ug.edu.pl\/de\/wp-json\/wp\/v2\/types\/page"}],"author":[{"embeddable":true,"href":"https:\/\/sbt.ug.edu.pl\/de\/wp-json\/wp\/v2\/users\/3"}],"replies":[{"embeddable":true,"href":"https:\/\/sbt.ug.edu.pl\/de\/wp-json\/wp\/v2\/comments?post=517"}],"version-history":[{"count":13,"href":"https:\/\/sbt.ug.edu.pl\/de\/wp-json\/wp\/v2\/pages\/517\/revisions"}],"predecessor-version":[{"id":5848,"href":"https:\/\/sbt.ug.edu.pl\/de\/wp-json\/wp\/v2\/pages\/517\/revisions\/5848"}],"up":[{"embeddable":true,"href":"https:\/\/sbt.ug.edu.pl\/de\/wp-json\/wp\/v2\/pages\/174"}],"wp:attachment":[{"href":"https:\/\/sbt.ug.edu.pl\/de\/wp-json\/wp\/v2\/media?parent=517"}],"wp:term":[{"taxonomy":"category","embeddable":true,"href":"https:\/\/sbt.ug.edu.pl\/de\/wp-json\/wp\/v2\/categories?post=517"},{"taxonomy":"post_tag","embeddable":true,"href":"https:\/\/sbt.ug.edu.pl\/de\/wp-json\/wp\/v2\/tags?post=517"}],"curies":[{"name":"wp","href":"https:\/\/api.w.org\/{rel}","templated":true}]}}