{"id":519,"date":"2018-12-06T10:57:19","date_gmt":"2018-12-06T09:57:19","guid":{"rendered":"http:\/\/southbaltic-tourist.eu\/?page_id=519"},"modified":"2021-06-23T15:57:16","modified_gmt":"2021-06-23T14:57:16","slug":"21-hel-penisula-biking","status":"publish","type":"page","link":"https:\/\/sbt.ug.edu.pl\/de\/routes\/windsurfing-exploration\/21-hel-penisula-biking\/","title":{"rendered":"21. Hel Peninsula biking"},"content":{"rendered":"<p><span style=\"font-family: Segoe UI, serif;\"><span style=\"font-size: medium;\"><span lang=\"en-US\"><b>LOCATION<\/b><\/span><\/span><\/span><\/p>\n<p style=\"text-align: justify;\">Hel Peninsula Biking Route starts in W\u0142adys\u0142awowo, at the base of the peninsula and ends in the town of Hel \u2013 the final sea port on the route. It can be accessed from all surfing spots on the peninsula. This biking route is in close proximity to the Tricity area (Gda\u0144sk-Sopot-Gdynia) in the Pomerania region of Poland (Hel is located approximately 30 km from Gdynia). It can be reached by local trains that set off from Gdynia and allow you to carry bikes, and it is also accessible by road. The Gdansk area is accessible by two ferry connections from Sweden: Karlskrona-Gdynia and Nyn\u00e4shamn \u2013 Gda\u0144sk (Gda\u0144sk has an international airport). W\u0142adys\u0142awowo\u2019s (the starting point of the route) geographical location is 54\u00b048\u2032N\u00a018\u00b025\u2032E.<\/p>\n<p><img decoding=\"async\" loading=\"lazy\" class=\"alignleft wp-image-1953\" src=\"https:\/\/southbaltic-tourist.eu\/wp-content\/uploads\/2019\/07\/1.-Biking-in-Hel-Peninsula-Trail-R2.A21..jpg\" alt=\"\" width=\"604\" height=\"400\" srcset=\"https:\/\/sbt.ug.edu.pl\/wp-content\/uploads\/2019\/07\/1.-Biking-in-Hel-Peninsula-Trail-R2.A21..jpg 1600w, https:\/\/sbt.ug.edu.pl\/wp-content\/uploads\/2019\/07\/1.-Biking-in-Hel-Peninsula-Trail-R2.A21.-300x199.jpg 300w, https:\/\/sbt.ug.edu.pl\/wp-content\/uploads\/2019\/07\/1.-Biking-in-Hel-Peninsula-Trail-R2.A21.-768x509.jpg 768w, https:\/\/sbt.ug.edu.pl\/wp-content\/uploads\/2019\/07\/1.-Biking-in-Hel-Peninsula-Trail-R2.A21.-1024x678.jpg 1024w, https:\/\/sbt.ug.edu.pl\/wp-content\/uploads\/2019\/07\/1.-Biking-in-Hel-Peninsula-Trail-R2.A21.-150x99.jpg 150w\" sizes=\"(max-width: 604px) 100vw, 604px\" \/><\/p>\n<p><a href=\"https:\/\/southbaltic-tourist.eu\/wp-content\/uploads\/2020\/01\/r1a21_Hel_Penisula_Biking_square.png\" data-rel=\"lightbox-gallery-sb5zwuOE\" data-rl_title=\"\" data-rl_caption=\"\" title=\"\"><img decoding=\"async\" loading=\"lazy\" class=\"alignnone wp-image-5174\" src=\"https:\/\/southbaltic-tourist.eu\/wp-content\/uploads\/2020\/01\/r1a21_Hel_Penisula_Biking_square-300x256.png\" alt=\"\" width=\"469\" height=\"400\" srcset=\"https:\/\/sbt.ug.edu.pl\/wp-content\/uploads\/2020\/01\/r1a21_Hel_Penisula_Biking_square-300x256.png 300w, https:\/\/sbt.ug.edu.pl\/wp-content\/uploads\/2020\/01\/r1a21_Hel_Penisula_Biking_square-1024x874.png 1024w, https:\/\/sbt.ug.edu.pl\/wp-content\/uploads\/2020\/01\/r1a21_Hel_Penisula_Biking_square-768x655.png 768w, https:\/\/sbt.ug.edu.pl\/wp-content\/uploads\/2020\/01\/r1a21_Hel_Penisula_Biking_square-1536x1310.png 1536w, https:\/\/sbt.ug.edu.pl\/wp-content\/uploads\/2020\/01\/r1a21_Hel_Penisula_Biking_square-150x128.png 150w, https:\/\/sbt.ug.edu.pl\/wp-content\/uploads\/2020\/01\/r1a21_Hel_Penisula_Biking_square.png 1600w\" sizes=\"(max-width: 469px) 100vw, 469px\" \/><\/a><\/p>\n<p><a href=\"https:\/\/www.google.com\/maps\/place\/Hel\/@54.6363688,18.7048158,12z\/data=!3m1!4b1!4m13!1m7!3m6!1s0x46fdab31ae62ff37:0xb9e6ea8ace33b461!2sMierzeja+Helska!3b1!8m2!3d54.75!4d18.6666667!3m4!1s0x46fd0429b0408aab:0x66e584a9f09d68ea!8m2!3d54.608366!4d18.8007832\" target=\"_blank\" rel=\"noopener noreferrer\">View on Google Maps<\/a><\/p>\n<p style=\"text-align: justify;\" align=\"JUSTIFY\"><span style=\"font-size: medium;\"><span lang=\"en-US\"><b>BIKING HEL PENINSULA <\/b><\/span><\/span><\/p>\n<p style=\"text-align: justify;\">The biking route on Hel peninsula is perhaps one of the most scenic in Poland. The beginning of the route in W\u0142adys\u0142awowo may not appear very special at first, but once the route has finished running parallel to the main peninsula road, it turns towards the fishing port of Chalupy and from here on in it becomes much more interesting. Cyclists can observe bobbin fishing boats, windsurfers and kitesurfers darting on the surface waters, and holidaymakers spending time on the shore. The route then runs alongside the quay and comes close to fish taverns and bars. From Cha\u0142upy to Ku\u017anice the biking route borders the sea. When the sky is blue, the water reflects this colour and shines in the sun. As it approaches Jastarnia the route goes in and out of the forest. When bikers finally reach Hel town \u2013 a settlement equally associated with naval and fishing activity \u2013 there are many bars and restaurants where they can eat fresh fish from that morning\u2019s catch.<\/p>\n<p style=\"text-align: justify;\" align=\"JUSTIFY\"><span style=\"font-size: medium;\"><span lang=\"en-US\"><b>ATTRACTIONS NEARBY<\/b><\/span><\/span><\/p>\n<p style=\"text-align: justify;\" align=\"JUSTIFY\"><a name=\"_GoBack\"><\/a>Hel Peninsula is a fashionable summer holiday location and attracts tourists not only from Poland but also from abroad. Rewa is located in a close proximity to Tricity. Easily accessible public transport connects Hel Peninsula with the mainland and allows for short breaks or day trips to Gdansk, Gdynia or Sopot. The Tricity area offers numerous places of interest and sightseeing attractions, to name just a few: the Solidarity Museum, WW2 Museum, Marine Museums, the historical Old Town district in Gdansk and the relaxing resort of Sopot. Hel town is home to a marine station that breeds Baltic Sea seals and also helps rehabilitate lost or injured individuals. The re-introduction of this rare species has proved to be successful and the station\u2019s visitors can observe different activities connected with seal breeding.<\/p>\n<p align=\"JUSTIFY\"><div class=\"rl-gallery-container rl-loading\" id=\"rl-gallery-container-2\" data-gallery_id=\"1952\"> <div class=\"rl-gallery rl-basicgrid-gallery \" id=\"rl-gallery-2\" data-gallery_no=\"2\"> <div class=\"rl-gallery-item\"><a href=\"https:\/\/sbt.ug.edu.pl\/wp-content\/uploads\/2019\/07\/1.-Biking-in-Hel-Peninsula-Trail-R2.A21..jpg\" title=\"1. Biking in Hel Peninsula Trail, R2.A21.\" data-rl_title=\"1. Biking in Hel Peninsula Trail, R2.A21.\" class=\"rl-gallery-link\" data-rl_caption=\"\" data-rel=\"lightbox-gallery-2\"><img src=\"https:\/\/sbt.ug.edu.pl\/wp-content\/uploads\/2019\/07\/1.-Biking-in-Hel-Peninsula-Trail-R2.A21.-768x509.jpg\" width=\"640\" height=\"424\" alt=\"\" \/><\/a><\/div><div class=\"rl-gallery-item\"><a href=\"https:\/\/sbt.ug.edu.pl\/wp-content\/uploads\/2019\/07\/2.-Hel-Bike-Trail-R2.A21..jpg\" title=\"2. Hel Bike Trail, R2.A21.\" data-rl_title=\"2. Hel Bike Trail, R2.A21.\" class=\"rl-gallery-link\" data-rl_caption=\"\" data-rel=\"lightbox-gallery-2\"><img src=\"https:\/\/sbt.ug.edu.pl\/wp-content\/uploads\/2019\/07\/2.-Hel-Bike-Trail-R2.A21.-768x509.jpg\" width=\"640\" height=\"424\" alt=\"\" \/><\/a><\/div><div class=\"rl-gallery-item\"><a href=\"https:\/\/sbt.ug.edu.pl\/wp-content\/uploads\/2019\/07\/3.-Hel-Bike-Trail-R2.A21..jpg\" title=\"3. Hel Bike Trail, R2.A21.\" data-rl_title=\"3. Hel Bike Trail, R2.A21.\" class=\"rl-gallery-link\" data-rl_caption=\"\" data-rel=\"lightbox-gallery-2\"><img src=\"https:\/\/sbt.ug.edu.pl\/wp-content\/uploads\/2019\/07\/3.-Hel-Bike-Trail-R2.A21.-768x509.jpg\" width=\"640\" height=\"424\" alt=\"\" \/><\/a><\/div><div class=\"rl-gallery-item\"><a href=\"https:\/\/sbt.ug.edu.pl\/wp-content\/uploads\/2019\/07\/4.-Hel-Bike-Trail-R2.A21..jpg\" title=\"4. Hel Bike Trail, R2.A21.\" data-rl_title=\"4. Hel Bike Trail, R2.A21.\" class=\"rl-gallery-link\" data-rl_caption=\"\" data-rel=\"lightbox-gallery-2\"><img src=\"https:\/\/sbt.ug.edu.pl\/wp-content\/uploads\/2019\/07\/4.-Hel-Bike-Trail-R2.A21.-768x509.jpg\" width=\"640\" height=\"424\" alt=\"\" \/><\/a><\/div><div class=\"rl-gallery-item\"><a href=\"https:\/\/sbt.ug.edu.pl\/wp-content\/uploads\/2019\/07\/5.-Hel-Bike-Trail-R2.A21..jpg\" title=\"5. Hel Bike Trail, R2.A21.\" data-rl_title=\"5. Hel Bike Trail, R2.A21.\" class=\"rl-gallery-link\" data-rl_caption=\"\" data-rel=\"lightbox-gallery-2\"><img src=\"https:\/\/sbt.ug.edu.pl\/wp-content\/uploads\/2019\/07\/5.-Hel-Bike-Trail-R2.A21.-768x509.jpg\" width=\"640\" height=\"424\" alt=\"\" \/><\/a><\/div><div class=\"rl-gallery-item\"><a href=\"https:\/\/sbt.ug.edu.pl\/wp-content\/uploads\/2019\/07\/6.-Surfing-spot-in-Cha\u0105upy-R2.A21..jpg\" title=\"6. Surfing spot in Cha\u0105upy, R2.A21.\" data-rl_title=\"6. Surfing spot in Cha\u0105upy, R2.A21.\" class=\"rl-gallery-link\" data-rl_caption=\"\" data-rel=\"lightbox-gallery-2\"><img src=\"https:\/\/sbt.ug.edu.pl\/wp-content\/uploads\/2019\/07\/6.-Surfing-spot-in-Cha\u0105upy-R2.A21.-768x509.jpg\" width=\"640\" height=\"424\" alt=\"\" \/><\/a><\/div><div class=\"rl-gallery-item\"><a href=\"https:\/\/sbt.ug.edu.pl\/wp-content\/uploads\/2019\/07\/7.-Sea-view-in-Cha\u0105upy-R2.A21..jpg\" title=\"7. Sea view in Cha\u0105upy, R2.A21.\" data-rl_title=\"7. Sea view in Cha\u0105upy, R2.A21.\" class=\"rl-gallery-link\" data-rl_caption=\"\" data-rel=\"lightbox-gallery-2\"><img src=\"https:\/\/sbt.ug.edu.pl\/wp-content\/uploads\/2019\/07\/7.-Sea-view-in-Cha\u0105upy-R2.A21.-768x509.jpg\" width=\"640\" height=\"424\" alt=\"\" \/><\/a><\/div><div class=\"rl-gallery-item\"><a href=\"https:\/\/sbt.ug.edu.pl\/wp-content\/uploads\/2019\/07\/8.-Hel-Bike-Trail-R2.A21..jpg\" title=\"8. Hel Bike Trail, R2.A21.\" data-rl_title=\"8. Hel Bike Trail, R2.A21.\" class=\"rl-gallery-link\" data-rl_caption=\"\" data-rel=\"lightbox-gallery-2\"><img src=\"https:\/\/sbt.ug.edu.pl\/wp-content\/uploads\/2019\/07\/8.-Hel-Bike-Trail-R2.A21.-768x509.jpg\" width=\"640\" height=\"424\" alt=\"\" \/><\/a><\/div><div class=\"rl-gallery-item\"><a href=\"https:\/\/sbt.ug.edu.pl\/wp-content\/uploads\/2019\/07\/9.-Hel-Bike-Trail-resting-place-R2.A21..jpg\" title=\"9. Hel Bike Trail, resting place, R2.A21.\" data-rl_title=\"9. Hel Bike Trail, resting place, R2.A21.\" class=\"rl-gallery-link\" data-rl_caption=\"\" data-rel=\"lightbox-gallery-2\"><img src=\"https:\/\/sbt.ug.edu.pl\/wp-content\/uploads\/2019\/07\/9.-Hel-Bike-Trail-resting-place-R2.A21.-768x509.jpg\" width=\"640\" height=\"424\" alt=\"\" \/><\/a><\/div><div class=\"rl-gallery-item\"><a href=\"https:\/\/sbt.ug.edu.pl\/wp-content\/uploads\/2019\/07\/10.-Hel-Bike-Trail-R2.A21..jpg\" title=\"10. Hel Bike Trail, R2.A21.\" data-rl_title=\"10. Hel Bike Trail, R2.A21.\" class=\"rl-gallery-link\" data-rl_caption=\"\" data-rel=\"lightbox-gallery-2\"><img src=\"https:\/\/sbt.ug.edu.pl\/wp-content\/uploads\/2019\/07\/10.-Hel-Bike-Trail-R2.A21.-768x509.jpg\" width=\"640\" height=\"424\" alt=\"\" \/><\/a><\/div><div class=\"rl-gallery-item\"><a href=\"https:\/\/sbt.ug.edu.pl\/wp-content\/uploads\/2019\/07\/11.-Sea-view-in-Ku\u0119nice-R2.A21..jpg\" title=\"11. Sea view in Ku\u017anice, R2.A21.\" data-rl_title=\"11. Sea view in Ku\u017anice, R2.A21.\" class=\"rl-gallery-link\" data-rl_caption=\"\" data-rel=\"lightbox-gallery-2\"><img src=\"https:\/\/sbt.ug.edu.pl\/wp-content\/uploads\/2019\/07\/11.-Sea-view-in-Ku\u0119nice-R2.A21.-768x509.jpg\" width=\"640\" height=\"424\" alt=\"\" \/><\/a><\/div><div class=\"rl-gallery-item\"><a href=\"https:\/\/sbt.ug.edu.pl\/wp-content\/uploads\/2019\/07\/12.-Sea-view-in-Cha\u0105upy-R2.A21..jpg\" title=\"12. Sea view in Cha\u0142upy, R2.A21.\" data-rl_title=\"12. Sea view in Cha\u0142upy, R2.A21.\" class=\"rl-gallery-link\" data-rl_caption=\"\" data-rel=\"lightbox-gallery-2\"><img src=\"https:\/\/sbt.ug.edu.pl\/wp-content\/uploads\/2019\/07\/12.-Sea-view-in-Cha\u0105upy-R2.A21.-768x509.jpg\" width=\"640\" height=\"424\" alt=\"\" \/><\/a><\/div><div class=\"rl-gallery-item\"><a href=\"https:\/\/sbt.ug.edu.pl\/wp-content\/uploads\/2019\/07\/13.-Sea-view-in-Ku\u0119nice-R2.A21..jpg\" title=\"13. Sea view in Ku\u017anice, R2.A21.\" data-rl_title=\"13. Sea view in Ku\u017anice, R2.A21.\" class=\"rl-gallery-link\" data-rl_caption=\"\" data-rel=\"lightbox-gallery-2\"><img src=\"https:\/\/sbt.ug.edu.pl\/wp-content\/uploads\/2019\/07\/13.-Sea-view-in-Ku\u0119nice-R2.A21.-768x509.jpg\" width=\"640\" height=\"424\" alt=\"\" \/><\/a><\/div><div class=\"rl-gallery-item\"><a href=\"https:\/\/sbt.ug.edu.pl\/wp-content\/uploads\/2019\/07\/14.-Sea-view-in-Cha\u0105upy-R2.A21..jpg\" title=\"14. Sea view in Cha\u0142upy, R2.A21.\" data-rl_title=\"14. Sea view in Cha\u0142upy, R2.A21.\" class=\"rl-gallery-link\" data-rl_caption=\"\" data-rel=\"lightbox-gallery-2\"><img src=\"https:\/\/sbt.ug.edu.pl\/wp-content\/uploads\/2019\/07\/14.-Sea-view-in-Cha\u0105upy-R2.A21.-768x509.jpg\" width=\"640\" height=\"424\" alt=\"\" \/><\/a><\/div><div class=\"rl-gallery-item\"><a href=\"https:\/\/sbt.ug.edu.pl\/wp-content\/uploads\/2019\/07\/15.-Local-train-bikers-carrier-R2.A21..jpg\" title=\"15. Local train, bikers carrier, R2.A21.\" data-rl_title=\"15. Local train, bikers carrier, R2.A21.\" class=\"rl-gallery-link\" data-rl_caption=\"\" data-rel=\"lightbox-gallery-2\"><img src=\"https:\/\/sbt.ug.edu.pl\/wp-content\/uploads\/2019\/07\/15.-Local-train-bikers-carrier-R2.A21.-768x509.jpg\" width=\"640\" height=\"424\" alt=\"\" \/><\/a><\/div><div class=\"rl-gallery-item\"><a href=\"https:\/\/sbt.ug.edu.pl\/wp-content\/uploads\/2019\/07\/16.-Special-wagons-for-bikers-and-bikes-R2.A21..jpg\" title=\"16. Special wagons for bikers and bikes, R2.A21.\" data-rl_title=\"16. Special wagons for bikers and bikes, R2.A21.\" class=\"rl-gallery-link\" data-rl_caption=\"\" data-rel=\"lightbox-gallery-2\"><img src=\"https:\/\/sbt.ug.edu.pl\/wp-content\/uploads\/2019\/07\/16.-Special-wagons-for-bikers-and-bikes-R2.A21.-768x509.jpg\" width=\"640\" height=\"424\" alt=\"\" \/><\/a><\/div><div class=\"rl-gallery-item\"><a href=\"https:\/\/sbt.ug.edu.pl\/wp-content\/uploads\/2019\/07\/17.-Hel-Bike-Trail-R2.A21..jpg\" title=\"17. Hel Bike Trail, R2.A21.\" data-rl_title=\"17. Hel Bike Trail, R2.A21.\" class=\"rl-gallery-link\" data-rl_caption=\"\" data-rel=\"lightbox-gallery-2\"><img src=\"https:\/\/sbt.ug.edu.pl\/wp-content\/uploads\/2019\/07\/17.-Hel-Bike-Trail-R2.A21.-768x509.jpg\" width=\"640\" height=\"424\" alt=\"\" \/><\/a><\/div><div class=\"rl-gallery-item\"><a href=\"https:\/\/sbt.ug.edu.pl\/wp-content\/uploads\/2019\/07\/18.-Hel-Bike-Trail-R2.A21..jpg\" title=\"18. Hel Bike Trail, R2.A21.\" data-rl_title=\"18. Hel Bike Trail, R2.A21.\" class=\"rl-gallery-link\" data-rl_caption=\"\" data-rel=\"lightbox-gallery-2\"><img src=\"https:\/\/sbt.ug.edu.pl\/wp-content\/uploads\/2019\/07\/18.-Hel-Bike-Trail-R2.A21.-768x509.jpg\" width=\"640\" height=\"424\" alt=\"\" \/><\/a><\/div> <\/div> <\/div><\/p>\n<p><\/p>","protected":false},"excerpt":{"rendered":"<p>LOCATION Hel Peninsula Biking Route starts in W\u0142adys\u0142awowo, at the base of the peninsula and ends in the town of Hel \u2013 the final sea port on the route. It can be accessed from all surfing spots on the peninsula. This biking route is in close proximity to the Tricity area (Gda\u0144sk-Sopot-Gdynia) in the Pomerania [&hellip;]<\/p>\n","protected":false},"author":3,"featured_media":0,"parent":174,"menu_order":0,"comment_status":"closed","ping_status":"closed","template":"","meta":[],"categories":[34,13,9],"tags":[],"_links":{"self":[{"href":"https:\/\/sbt.ug.edu.pl\/de\/wp-json\/wp\/v2\/pages\/519"}],"collection":[{"href":"https:\/\/sbt.ug.edu.pl\/de\/wp-json\/wp\/v2\/pages"}],"about":[{"href":"https:\/\/sbt.ug.edu.pl\/de\/wp-json\/wp\/v2\/types\/page"}],"author":[{"embeddable":true,"href":"https:\/\/sbt.ug.edu.pl\/de\/wp-json\/wp\/v2\/users\/3"}],"replies":[{"embeddable":true,"href":"https:\/\/sbt.ug.edu.pl\/de\/wp-json\/wp\/v2\/comments?post=519"}],"version-history":[{"count":12,"href":"https:\/\/sbt.ug.edu.pl\/de\/wp-json\/wp\/v2\/pages\/519\/revisions"}],"predecessor-version":[{"id":5849,"href":"https:\/\/sbt.ug.edu.pl\/de\/wp-json\/wp\/v2\/pages\/519\/revisions\/5849"}],"up":[{"embeddable":true,"href":"https:\/\/sbt.ug.edu.pl\/de\/wp-json\/wp\/v2\/pages\/174"}],"wp:attachment":[{"href":"https:\/\/sbt.ug.edu.pl\/de\/wp-json\/wp\/v2\/media?parent=519"}],"wp:term":[{"taxonomy":"category","embeddable":true,"href":"https:\/\/sbt.ug.edu.pl\/de\/wp-json\/wp\/v2\/categories?post=519"},{"taxonomy":"post_tag","embeddable":true,"href":"https:\/\/sbt.ug.edu.pl\/de\/wp-json\/wp\/v2\/tags?post=519"}],"curies":[{"name":"wp","href":"https:\/\/api.w.org\/{rel}","templated":true}]}}