{"id":521,"date":"2018-12-06T10:59:04","date_gmt":"2018-12-06T09:59:04","guid":{"rendered":"http:\/\/southbaltic-tourist.eu\/?page_id=521"},"modified":"2021-06-23T15:58:54","modified_gmt":"2021-06-23T14:58:54","slug":"22-leba-surfing-hotspot","status":"publish","type":"page","link":"https:\/\/sbt.ug.edu.pl\/de\/routes\/windsurfing-exploration\/22-leba-surfing-hotspot\/","title":{"rendered":"22. \u0141eba surfing Hotspot"},"content":{"rendered":"<p><span style=\"font-family: Segoe UI, serif;\"><span style=\"font-size: medium;\"><span lang=\"en-US\"><b>LOCATION<\/b><\/span><\/span><\/span><\/p>\n<p style=\"text-align: justify;\">The town of \u0141eba is located 110 km to the north-west of Gdansk in the Pomerania region in Poland. \u0141eba\u2019s windsurfing hotspot is located west to the mouth of \u0141eba River, on the beach. \u0141eba can be easily accessed by public transport (both by rail and buses) and by road. Regional and long-distance trains go from Gdansk via L\u0119bork and terminate at \u0141eba rail station. The Tricity area is easily reached by ferry from Sweden (Karlskrona-Gdynia and Nyneshamn \u2013 Gda\u0144sk). There is an international airport in Gdansk, which has many connections. \u0141eba\u2019s geographical location is 54\u00b045\u2032N 17\u00b033\u2032E.<\/p>\n<p><img decoding=\"async\" loading=\"lazy\" class=\"alignleft wp-image-1974\" src=\"https:\/\/southbaltic-tourist.eu\/wp-content\/uploads\/2019\/07\/1.-\u011aeba-sea-surfing-spot-R2.A22..jpg\" alt=\"\" width=\"525\" height=\"350\" srcset=\"https:\/\/sbt.ug.edu.pl\/wp-content\/uploads\/2019\/07\/1.-\u011aeba-sea-surfing-spot-R2.A22..jpg 1600w, https:\/\/sbt.ug.edu.pl\/wp-content\/uploads\/2019\/07\/1.-\u011aeba-sea-surfing-spot-R2.A22.-300x200.jpg 300w, https:\/\/sbt.ug.edu.pl\/wp-content\/uploads\/2019\/07\/1.-\u011aeba-sea-surfing-spot-R2.A22.-768x512.jpg 768w, https:\/\/sbt.ug.edu.pl\/wp-content\/uploads\/2019\/07\/1.-\u011aeba-sea-surfing-spot-R2.A22.-1024x683.jpg 1024w, https:\/\/sbt.ug.edu.pl\/wp-content\/uploads\/2019\/07\/1.-\u011aeba-sea-surfing-spot-R2.A22.-150x100.jpg 150w\" sizes=\"(max-width: 525px) 100vw, 525px\" \/><\/p>\n<p><a href=\"https:\/\/southbaltic-tourist.eu\/wp-content\/uploads\/2020\/01\/r1a22_Leba_Surfng_slim.png\" data-rel=\"lightbox-gallery-23tV1aML\" data-rl_title=\"\" data-rl_caption=\"\" title=\"\"><img decoding=\"async\" loading=\"lazy\" class=\"alignnone wp-image-5179\" src=\"https:\/\/southbaltic-tourist.eu\/wp-content\/uploads\/2020\/01\/r1a22_Leba_Surfng_slim-300x174.png\" alt=\"\" width=\"602\" height=\"350\" srcset=\"https:\/\/sbt.ug.edu.pl\/wp-content\/uploads\/2020\/01\/r1a22_Leba_Surfng_slim-300x174.png 300w, https:\/\/sbt.ug.edu.pl\/wp-content\/uploads\/2020\/01\/r1a22_Leba_Surfng_slim-1024x595.png 1024w, https:\/\/sbt.ug.edu.pl\/wp-content\/uploads\/2020\/01\/r1a22_Leba_Surfng_slim-768x446.png 768w, https:\/\/sbt.ug.edu.pl\/wp-content\/uploads\/2020\/01\/r1a22_Leba_Surfng_slim-1536x893.png 1536w, https:\/\/sbt.ug.edu.pl\/wp-content\/uploads\/2020\/01\/r1a22_Leba_Surfng_slim-150x87.png 150w, https:\/\/sbt.ug.edu.pl\/wp-content\/uploads\/2020\/01\/r1a22_Leba_Surfng_slim.png 1600w\" sizes=\"(max-width: 602px) 100vw, 602px\" \/><\/a><\/p>\n<p><a href=\"https:\/\/www.google.com\/maps\/place\/%C5%81eba\/@54.7602043,17.4417881,11z\/data=!3m1!4b1!4m5!3m4!1s0x46fe782ca10049cf:0x352d28eab3c67ae3!8m2!3d54.760117!4d17.5563117\" target=\"_blank\" rel=\"noopener noreferrer\">View on Google Maps<\/a><\/p>\n<p style=\"text-align: justify;\" align=\"JUSTIFY\"><span style=\"font-family: Segoe UI, serif;\"><span style=\"font-size: medium;\"><span lang=\"en-US\"><b>\u0141EBA <\/b><\/span><\/span><\/span><span style=\"font-family: Segoe UI, serif;\"><span style=\"font-size: medium;\"><span lang=\"sv-SE\"><b>SURFING HOTSPOT<\/b><\/span><\/span><\/span><b> <\/b><\/p>\n<p style=\"text-align: justify;\">\u0141eba\u2019s Beach Hotspot is one of the windiest areas on the Polish coast. Here, you can find shallow waters only very close to the beach and the sea and air temperature is much lower than in any other surfing hotspots in Poland. Just to give you an example: in the summertime on the Polish mainland temperatures can reach 28*C, 24*C in Tricity but at \u0141eba Beach it will be 2-4*C colder. \u0141eba\u2019s hotspot therefore is for the surfers who don\u2019t mind cooler temperatures and enjoy stronger winds. On the western beach there is a very strong current and the waves can reach 50-100 centimeters in height. There is an alternative hotspot nearby however, called Sarbsko Lake, located on the other side of the spit. As it is not on open sea, it has much calmer, warmer and shallower waters that create outstanding conditions for beginners and kitesurfing practice.<\/p>\n<p style=\"text-align: justify;\" align=\"JUSTIFY\"><span style=\"font-size: medium;\"><span lang=\"en-US\"><b>ATTRACTIONS <\/b><\/span><\/span><\/p>\n<p style=\"text-align: justify;\">S\u0142owi\u0144ski National Park has such a wealth of attractions that few tourists would ever feel the need to leave for a change of scenery. South of \u0141eba in Smo\u0142dzino and the surrounding villages there are regional attractions associated with the local ethnic group, S\u0142owi\u0144cy. You can tour the remains of their historical buildings and see their typical farming and fishery artefacts at the Kluki ethnographic museum. Within the Park, in a place called R\u0105bka, there is a military museum dedicated to the launching of World War II-era V1 and V2 missiles. The nearby town of L\u0119bork is famous for its historical churches and old town.<\/p>\n<p><div class=\"rl-gallery-container rl-loading\" id=\"rl-gallery-container-2\" data-gallery_id=\"1973\"> <div class=\"rl-gallery rl-basicgrid-gallery \" id=\"rl-gallery-2\" data-gallery_no=\"2\"> <div class=\"rl-gallery-item\"><a href=\"https:\/\/sbt.ug.edu.pl\/wp-content\/uploads\/2019\/07\/1.-\u011aeba-sea-surfing-spot-R2.A22..jpg\" title=\"1. \u0141eba sea surfing spot, R2.A22.\" data-rl_title=\"1. \u0141eba sea surfing spot, R2.A22.\" class=\"rl-gallery-link\" data-rl_caption=\"\" data-rel=\"lightbox-gallery-2\"><img src=\"https:\/\/sbt.ug.edu.pl\/wp-content\/uploads\/2019\/07\/1.-\u011aeba-sea-surfing-spot-R2.A22.-768x512.jpg\" width=\"640\" height=\"427\" alt=\"\" \/><\/a><\/div><div class=\"rl-gallery-item\"><a href=\"https:\/\/sbt.ug.edu.pl\/wp-content\/uploads\/2019\/07\/2.-\u011aeba-sea-surfing-spot-R2.A22..jpg\" title=\"2. \u0141eba sea surfing spot, R2.A22.\" data-rl_title=\"2. \u0141eba sea surfing spot, R2.A22.\" class=\"rl-gallery-link\" data-rl_caption=\"\" data-rel=\"lightbox-gallery-2\"><img src=\"https:\/\/sbt.ug.edu.pl\/wp-content\/uploads\/2019\/07\/2.-\u011aeba-sea-surfing-spot-R2.A22.-768x512.jpg\" width=\"640\" height=\"427\" alt=\"\" \/><\/a><\/div><div class=\"rl-gallery-item\"><a href=\"https:\/\/sbt.ug.edu.pl\/wp-content\/uploads\/2019\/07\/3.-\u011aeba-sea-surfing-spot-R2.A22..jpg\" title=\"3. \u0141eba sea surfing spot, R2.A22.\" data-rl_title=\"3. \u0141eba sea surfing spot, R2.A22.\" class=\"rl-gallery-link\" data-rl_caption=\"\" data-rel=\"lightbox-gallery-2\"><img src=\"https:\/\/sbt.ug.edu.pl\/wp-content\/uploads\/2019\/07\/3.-\u011aeba-sea-surfing-spot-R2.A22.-768x512.jpg\" width=\"640\" height=\"427\" alt=\"\" \/><\/a><\/div><div class=\"rl-gallery-item\"><a href=\"https:\/\/sbt.ug.edu.pl\/wp-content\/uploads\/2019\/07\/4.-\u011aeba-sea-surfing-spot-R2.A22..jpg\" title=\"4. \u0141eba sea surfing spot, R2.A22.\" data-rl_title=\"4. \u0141eba sea surfing spot, R2.A22.\" class=\"rl-gallery-link\" data-rl_caption=\"\" data-rel=\"lightbox-gallery-2\"><img src=\"https:\/\/sbt.ug.edu.pl\/wp-content\/uploads\/2019\/07\/4.-\u011aeba-sea-surfing-spot-R2.A22.-768x512.jpg\" width=\"640\" height=\"427\" alt=\"\" \/><\/a><\/div><div class=\"rl-gallery-item\"><a href=\"https:\/\/sbt.ug.edu.pl\/wp-content\/uploads\/2019\/07\/5.-\u011aeba-sea-surfing-R2.A22..jpg\" title=\"5. \u0141eba sea surfing, R2.A22.\" data-rl_title=\"5. \u0141eba sea surfing, R2.A22.\" class=\"rl-gallery-link\" data-rl_caption=\"\" data-rel=\"lightbox-gallery-2\"><img src=\"https:\/\/sbt.ug.edu.pl\/wp-content\/uploads\/2019\/07\/5.-\u011aeba-sea-surfing-R2.A22.-768x512.jpg\" width=\"640\" height=\"427\" alt=\"\" \/><\/a><\/div><div class=\"rl-gallery-item\"><a href=\"https:\/\/sbt.ug.edu.pl\/wp-content\/uploads\/2019\/07\/6.-\u011aeba-sea-surfing-R2.A22..jpg\" title=\"6. \u0141eba sea surfing, R2.A22.\" data-rl_title=\"6. \u0141eba sea surfing, R2.A22.\" class=\"rl-gallery-link\" data-rl_caption=\"\" data-rel=\"lightbox-gallery-2\"><img src=\"https:\/\/sbt.ug.edu.pl\/wp-content\/uploads\/2019\/07\/6.-\u011aeba-sea-surfing-R2.A22.-768x512.jpg\" width=\"640\" height=\"427\" alt=\"\" \/><\/a><\/div><div class=\"rl-gallery-item\"><a href=\"https:\/\/sbt.ug.edu.pl\/wp-content\/uploads\/2019\/07\/7.-\u011aeba-sea-surfing-R2.A22..jpg\" title=\"7. \u0141eba sea surfing, R2.A22.\" data-rl_title=\"7. \u0141eba sea surfing, R2.A22.\" class=\"rl-gallery-link\" data-rl_caption=\"\" data-rel=\"lightbox-gallery-2\"><img src=\"https:\/\/sbt.ug.edu.pl\/wp-content\/uploads\/2019\/07\/7.-\u011aeba-sea-surfing-R2.A22.-768x512.jpg\" width=\"640\" height=\"427\" alt=\"\" \/><\/a><\/div><div class=\"rl-gallery-item\"><a href=\"https:\/\/sbt.ug.edu.pl\/wp-content\/uploads\/2019\/07\/8.-\u011aeba-Sarbsko-Lake-sirfing-spot-R2.A22..jpg\" title=\"8. \u0141eba Sarbsko Lake surfing spot, R2.A22.\" data-rl_title=\"8. \u0141eba Sarbsko Lake surfing spot, R2.A22.\" class=\"rl-gallery-link\" data-rl_caption=\"\" data-rel=\"lightbox-gallery-2\"><img src=\"https:\/\/sbt.ug.edu.pl\/wp-content\/uploads\/2019\/07\/8.-\u011aeba-Sarbsko-Lake-sirfing-spot-R2.A22.-768x512.jpg\" width=\"640\" height=\"427\" alt=\"\" \/><\/a><\/div><div class=\"rl-gallery-item\"><a href=\"https:\/\/sbt.ug.edu.pl\/wp-content\/uploads\/2019\/07\/9.-\u011aeba-Sarbsko-Lake-surfing-spot-R2.A22..jpg\" title=\"9. \u0141eba Sarbsko Lake surfing spot, R2.A22.\" data-rl_title=\"9. \u0141eba Sarbsko Lake surfing spot, R2.A22.\" class=\"rl-gallery-link\" data-rl_caption=\"\" data-rel=\"lightbox-gallery-2\"><img src=\"https:\/\/sbt.ug.edu.pl\/wp-content\/uploads\/2019\/07\/9.-\u011aeba-Sarbsko-Lake-surfing-spot-R2.A22.-768x512.jpg\" width=\"640\" height=\"427\" alt=\"\" \/><\/a><\/div><div class=\"rl-gallery-item\"><a href=\"https:\/\/sbt.ug.edu.pl\/wp-content\/uploads\/2019\/07\/10.-\u011aeba-Sarbsko-Lake-surfing-spot-R2.A22..jpg\" title=\"10. \u0141eba Sarbsko Lake surfing spot, R2.A22.\" data-rl_title=\"10. \u0141eba Sarbsko Lake surfing spot, R2.A22.\" class=\"rl-gallery-link\" data-rl_caption=\"\" data-rel=\"lightbox-gallery-2\"><img src=\"https:\/\/sbt.ug.edu.pl\/wp-content\/uploads\/2019\/07\/10.-\u011aeba-Sarbsko-Lake-surfing-spot-R2.A22.-768x512.jpg\" width=\"640\" height=\"427\" alt=\"\" \/><\/a><\/div><div class=\"rl-gallery-item\"><a href=\"https:\/\/sbt.ug.edu.pl\/wp-content\/uploads\/2019\/07\/11.-\u011aeba-Sarbsko-Lake-surfing-spot-R2.A22..jpg\" title=\"11. \u0141eba Sarbsko Lake surfing spot, R2.A22.\" data-rl_title=\"11. \u0141eba Sarbsko Lake surfing spot, R2.A22.\" class=\"rl-gallery-link\" data-rl_caption=\"\" data-rel=\"lightbox-gallery-2\"><img src=\"https:\/\/sbt.ug.edu.pl\/wp-content\/uploads\/2019\/07\/11.-\u011aeba-Sarbsko-Lake-surfing-spot-R2.A22.-768x512.jpg\" width=\"640\" height=\"427\" alt=\"\" \/><\/a><\/div><div class=\"rl-gallery-item\"><a href=\"https:\/\/sbt.ug.edu.pl\/wp-content\/uploads\/2019\/07\/12.-Sarbsko-Lake-R2.A22..jpg\" title=\"12. Sarbsko Lake, R2.A22.\" data-rl_title=\"12. Sarbsko Lake, R2.A22.\" class=\"rl-gallery-link\" data-rl_caption=\"\" data-rel=\"lightbox-gallery-2\"><img src=\"https:\/\/sbt.ug.edu.pl\/wp-content\/uploads\/2019\/07\/12.-Sarbsko-Lake-R2.A22.-768x512.jpg\" width=\"640\" height=\"427\" alt=\"\" \/><\/a><\/div><div class=\"rl-gallery-item\"><a href=\"https:\/\/sbt.ug.edu.pl\/wp-content\/uploads\/2019\/07\/13.-Surfing-in-Sarbsko-Lake-R2.A22..jpg\" title=\"13. Surfing in Sarbsko Lake, R2.A22.\" data-rl_title=\"13. Surfing in Sarbsko Lake, R2.A22.\" class=\"rl-gallery-link\" data-rl_caption=\"\" data-rel=\"lightbox-gallery-2\"><img src=\"https:\/\/sbt.ug.edu.pl\/wp-content\/uploads\/2019\/07\/13.-Surfing-in-Sarbsko-Lake-R2.A22.-768x512.jpg\" width=\"640\" height=\"427\" alt=\"\" \/><\/a><\/div><div class=\"rl-gallery-item\"><a href=\"https:\/\/sbt.ug.edu.pl\/wp-content\/uploads\/2019\/07\/14.-Surfing-in-Sarbsko-Lake-R2.A22..jpg\" title=\"14. Surfing in Sarbsko Lake, R2.A22.\" data-rl_title=\"14. Surfing in Sarbsko Lake, R2.A22.\" class=\"rl-gallery-link\" data-rl_caption=\"\" data-rel=\"lightbox-gallery-2\"><img src=\"https:\/\/sbt.ug.edu.pl\/wp-content\/uploads\/2019\/07\/14.-Surfing-in-Sarbsko-Lake-R2.A22.-768x512.jpg\" width=\"640\" height=\"427\" alt=\"\" \/><\/a><\/div><div class=\"rl-gallery-item\"><a href=\"https:\/\/sbt.ug.edu.pl\/wp-content\/uploads\/2019\/07\/15.-Surfing-in-Sarbsko-Lake-R2.A22..jpg\" title=\"15. Surfing in Sarbsko Lake, R2.A22.\" data-rl_title=\"15. Surfing in Sarbsko Lake, R2.A22.\" class=\"rl-gallery-link\" data-rl_caption=\"\" data-rel=\"lightbox-gallery-2\"><img src=\"https:\/\/sbt.ug.edu.pl\/wp-content\/uploads\/2019\/07\/15.-Surfing-in-Sarbsko-Lake-R2.A22.-768x512.jpg\" width=\"640\" height=\"427\" alt=\"\" \/><\/a><\/div><div class=\"rl-gallery-item\"><a href=\"https:\/\/sbt.ug.edu.pl\/wp-content\/uploads\/2019\/07\/16.-Board-Map-of-S\u0105owinski-NP-R2.A22..jpg\" title=\"16. Board Map of S\u0105owinski NP, R2.A22.\" data-rl_title=\"16. Board Map of S\u0105owinski NP, R2.A22.\" class=\"rl-gallery-link\" data-rl_caption=\"\" data-rel=\"lightbox-gallery-2\"><img src=\"https:\/\/sbt.ug.edu.pl\/wp-content\/uploads\/2019\/07\/16.-Board-Map-of-S\u0105owinski-NP-R2.A22.-768x512.jpg\" width=\"640\" height=\"427\" alt=\"\" \/><\/a><\/div><div class=\"rl-gallery-item\"><a href=\"https:\/\/sbt.ug.edu.pl\/wp-content\/uploads\/2019\/07\/17.-Local-transport-to-the-dunes-R2.A22..jpg\" title=\"17. Local transport to the dunes, R2.A22.\" data-rl_title=\"17. Local transport to the dunes, R2.A22.\" class=\"rl-gallery-link\" data-rl_caption=\"\" data-rel=\"lightbox-gallery-2\"><img src=\"https:\/\/sbt.ug.edu.pl\/wp-content\/uploads\/2019\/07\/17.-Local-transport-to-the-dunes-R2.A22.-768x512.jpg\" width=\"640\" height=\"427\" alt=\"\" \/><\/a><\/div><div class=\"rl-gallery-item\"><a href=\"https:\/\/sbt.ug.edu.pl\/wp-content\/uploads\/2019\/07\/18.-Dunes-in-the-S\u0105owi\u0161ski-NP-R2.A22..jpg\" title=\"18. Dunes in the S\u0142owi\u0144ski NP, R2.A22.\" data-rl_title=\"18. Dunes in the S\u0142owi\u0144ski NP, R2.A22.\" class=\"rl-gallery-link\" data-rl_caption=\"\" data-rel=\"lightbox-gallery-2\"><img src=\"https:\/\/sbt.ug.edu.pl\/wp-content\/uploads\/2019\/07\/18.-Dunes-in-the-S\u0105owi\u0161ski-NP-R2.A22.-768x512.jpg\" width=\"640\" height=\"427\" alt=\"\" \/><\/a><\/div><div class=\"rl-gallery-item\"><a href=\"https:\/\/sbt.ug.edu.pl\/wp-content\/uploads\/2019\/07\/19.-Dunes-in-the-S\u0105owi\u0161ski-NP.-R2.A22..jpg\" title=\"19. Dunes in the S\u0142owi\u0144ski NP. R2.A22.\" data-rl_title=\"19. Dunes in the S\u0142owi\u0144ski NP. R2.A22.\" class=\"rl-gallery-link\" data-rl_caption=\"\" data-rel=\"lightbox-gallery-2\"><img src=\"https:\/\/sbt.ug.edu.pl\/wp-content\/uploads\/2019\/07\/19.-Dunes-in-the-S\u0105owi\u0161ski-NP.-R2.A22.-768x512.jpg\" width=\"640\" height=\"427\" alt=\"\" \/><\/a><\/div><div class=\"rl-gallery-item\"><a href=\"https:\/\/sbt.ug.edu.pl\/wp-content\/uploads\/2019\/07\/20.-Dunes-in-the-S\u0105owi\u0161ski-NP-R2.A22..jpg\" title=\"20. Dunes in the S\u0142owi\u0144ski NP, R2.A22.\" data-rl_title=\"20. Dunes in the S\u0142owi\u0144ski NP, R2.A22.\" class=\"rl-gallery-link\" data-rl_caption=\"\" data-rel=\"lightbox-gallery-2\"><img src=\"https:\/\/sbt.ug.edu.pl\/wp-content\/uploads\/2019\/07\/20.-Dunes-in-the-S\u0105owi\u0161ski-NP-R2.A22.-768x512.jpg\" width=\"640\" height=\"427\" alt=\"\" \/><\/a><\/div><div class=\"rl-gallery-item\"><a href=\"https:\/\/sbt.ug.edu.pl\/wp-content\/uploads\/2019\/07\/21.-Dunes-in-the-S\u0105owi\u0161ski-NP-R2.A22..jpg\" title=\"21. Dunes in the S\u0142owi\u0144ski NP, R2.A22.\" data-rl_title=\"21. Dunes in the S\u0142owi\u0144ski NP, R2.A22.\" class=\"rl-gallery-link\" data-rl_caption=\"\" data-rel=\"lightbox-gallery-2\"><img src=\"https:\/\/sbt.ug.edu.pl\/wp-content\/uploads\/2019\/07\/21.-Dunes-in-the-S\u0105owi\u0161ski-NP-R2.A22.-768x512.jpg\" width=\"640\" height=\"427\" alt=\"\" \/><\/a><\/div><div class=\"rl-gallery-item\"><a href=\"https:\/\/sbt.ug.edu.pl\/wp-content\/uploads\/2019\/07\/22.-Dunes-in-the-S\u0105owi\u0161ski-NP-R2.A22..jpg\" title=\"22. Dunes in the S\u0142owi\u0144ski NP, R2.A22.\" data-rl_title=\"22. Dunes in the S\u0142owi\u0144ski NP, R2.A22.\" class=\"rl-gallery-link\" data-rl_caption=\"\" data-rel=\"lightbox-gallery-2\"><img src=\"https:\/\/sbt.ug.edu.pl\/wp-content\/uploads\/2019\/07\/22.-Dunes-in-the-S\u0105owi\u0161ski-NP-R2.A22.-768x512.jpg\" width=\"640\" height=\"427\" alt=\"\" \/><\/a><\/div> <\/div> <\/div><\/p>","protected":false},"excerpt":{"rendered":"<p>LOCATION The town of \u0141eba is located 110 km to the north-west of Gdansk in the Pomerania region in Poland. \u0141eba\u2019s windsurfing hotspot is located west to the mouth of \u0141eba River, on the beach. \u0141eba can be easily accessed by public transport (both by rail and buses) and by road. Regional and long-distance trains [&hellip;]<\/p>\n","protected":false},"author":3,"featured_media":0,"parent":174,"menu_order":0,"comment_status":"closed","ping_status":"closed","template":"","meta":[],"categories":[34,12,9],"tags":[],"_links":{"self":[{"href":"https:\/\/sbt.ug.edu.pl\/de\/wp-json\/wp\/v2\/pages\/521"}],"collection":[{"href":"https:\/\/sbt.ug.edu.pl\/de\/wp-json\/wp\/v2\/pages"}],"about":[{"href":"https:\/\/sbt.ug.edu.pl\/de\/wp-json\/wp\/v2\/types\/page"}],"author":[{"embeddable":true,"href":"https:\/\/sbt.ug.edu.pl\/de\/wp-json\/wp\/v2\/users\/3"}],"replies":[{"embeddable":true,"href":"https:\/\/sbt.ug.edu.pl\/de\/wp-json\/wp\/v2\/comments?post=521"}],"version-history":[{"count":11,"href":"https:\/\/sbt.ug.edu.pl\/de\/wp-json\/wp\/v2\/pages\/521\/revisions"}],"predecessor-version":[{"id":5850,"href":"https:\/\/sbt.ug.edu.pl\/de\/wp-json\/wp\/v2\/pages\/521\/revisions\/5850"}],"up":[{"embeddable":true,"href":"https:\/\/sbt.ug.edu.pl\/de\/wp-json\/wp\/v2\/pages\/174"}],"wp:attachment":[{"href":"https:\/\/sbt.ug.edu.pl\/de\/wp-json\/wp\/v2\/media?parent=521"}],"wp:term":[{"taxonomy":"category","embeddable":true,"href":"https:\/\/sbt.ug.edu.pl\/de\/wp-json\/wp\/v2\/categories?post=521"},{"taxonomy":"post_tag","embeddable":true,"href":"https:\/\/sbt.ug.edu.pl\/de\/wp-json\/wp\/v2\/tags?post=521"}],"curies":[{"name":"wp","href":"https:\/\/api.w.org\/{rel}","templated":true}]}}