{"id":549,"date":"2018-12-22T13:14:23","date_gmt":"2018-12-22T12:14:23","guid":{"rendered":"http:\/\/southbaltic-tourist.eu\/?page_id=549"},"modified":"2021-06-02T12:28:45","modified_gmt":"2021-06-02T11:28:45","slug":"1-blekinge-lan-morrum-river","status":"publish","type":"page","link":"https:\/\/sbt.ug.edu.pl\/de\/routes\/world-of-fishermen\/1-blekinge-lan-morrum-river\/","title":{"rendered":"1. Blekinge L\u00e4n &#8211; Fluss M\u00f6rrum"},"content":{"rendered":"<p><\/p>\n<p style=\"text-align: justify;\"><strong>LAGE<\/strong><\/p>\n<p style=\"text-align: justify;\">Mit insgesamt 3055 km\u00b2 ist die historische Provinz Blekinge die kleinste Provinz in Schweden. Blekinge L\u00e4n in S\u00fcdschweden grenzt im Norden an Sm\u00e5land, im Osten und S\u00fcden an die Ostsee und im Westen an die Provinz Sk\u00e5ne. Blekinge hat auch einen Archipel von unz\u00e4hligen kleinen Inseln im S\u00fcden. Die K\u00fcste ist sehr schroff und hat viele malerische Buchten. Die Hauptstadt der Provinz ist Karlskrona. Es gibt auch gr\u00f6\u00dfere St\u00e4dte wie Karlshamn, Ronneby, Olofstr\u00f6m und S\u00f6lvesborg. Besonders hervorzuheben ist, dass der Fluss M\u00f6rrum (M\u00f6rrums\u00e5n) durch diese Region flie\u00dft.<\/p>\n<p><img decoding=\"async\" loading=\"lazy\" class=\"alignnone wp-image-2524 size-full\" src=\"https:\/\/southbaltic-tourist.eu\/wp-content\/uploads\/2019\/07\/R8A1-p1-IMG_6239.jpg\" alt=\"\" width=\"1600\" height=\"1200\" srcset=\"https:\/\/sbt.ug.edu.pl\/wp-content\/uploads\/2019\/07\/R8A1-p1-IMG_6239.jpg 1600w, https:\/\/sbt.ug.edu.pl\/wp-content\/uploads\/2019\/07\/R8A1-p1-IMG_6239-300x225.jpg 300w, https:\/\/sbt.ug.edu.pl\/wp-content\/uploads\/2019\/07\/R8A1-p1-IMG_6239-768x576.jpg 768w, https:\/\/sbt.ug.edu.pl\/wp-content\/uploads\/2019\/07\/R8A1-p1-IMG_6239-1024x768.jpg 1024w, https:\/\/sbt.ug.edu.pl\/wp-content\/uploads\/2019\/07\/R8A1-p1-IMG_6239-150x113.jpg 150w, https:\/\/sbt.ug.edu.pl\/wp-content\/uploads\/2019\/07\/R8A1-p1-IMG_6239-136x102.jpg 136w\" sizes=\"(max-width: 1600px) 100vw, 1600px\" \/><\/p>\n<p style=\"text-align: justify;\"><strong>LANDSCHAFTLICHER CHARAKTER<\/strong><\/p>\n<p style=\"text-align: justify;\">Die Provinz Blekinge hat viele fischreiche Seen und Fl\u00fcsse. Die Region ist bekannt f\u00fcr ihre gro\u00dfe Lachspopulation. Die Landschaft ist gepr\u00e4gt von vielen Feldern und Nadel- oder Buchenw\u00e4ldern. In diesem Teil Schwedens gibt es viel Landwirtschaft. Die sch\u00f6nen und historischen K\u00fcstenst\u00e4dte Karlskrona und Karlshamn geh\u00f6ren zum UNESCO-Weltkulturerbe und unbedingt einen Besuch wert. Auch den Archipel mit seinen besonders sch\u00f6nen, wei\u00dfen Str\u00e4nden sollte man nicht missen.<\/p>\n<p style=\"text-align: justify;\"><strong>SEHENSW\u00dcRDIGKEITEN<\/strong><\/p>\n<p style=\"text-align: justify;\">Diese Gegend bietet eine Vielzahl besonderer Attraktionen: Die W\u00e4lder, Fl\u00fcsse, Seen und die wundersch\u00f6ne K\u00fcste laden zum Wandern ein. Die Region, insbesondere am Fluss M\u00f6rrums\u00e5n, ist auch bei Anglern sehr beliebt. Eine entspannte Zeit auf den meist unbewohnten Inseln des Archipels ist nur eine kurze Bootsfahrt entfernt.<\/p>\n<p style=\"text-align: justify;\">Neben der wundersch\u00f6nen Natur rund um Blekinge sind die historischen St\u00e4dte Karlskrona und Karlshamn sehenswert. In Karlskrona finden Sie das Blekinge-Museum, die Admiralskirche und den Seehafen sowie die Bastion als Weltkulturerbe. Karlshamn hat ein wundersch\u00f6nes historisches Viertel mit traditionellen Holzh\u00e4usern. Es gibt auch eine Reihe kleiner Fischerd\u00f6rfer mit alten H\u00e4fen und gro\u00dfartigen Restaurants in der Region.<\/p>\n<p style=\"text-align: justify;\">GPS-Koordinaten: 56 \u00b0 11 &#8217;37 .792 &#8222;N 14 \u00b0 44 &#8218;53.362&#8220; E.<\/p>\n<p style=\"text-align: justify;\"><a href=\"https:\/\/www.sveaskog.se\/en\/morrum\/\">https:\/\/www.sveaskog.se\/en\/morrum\/<\/a><\/p>\n<p style=\"text-align: justify;\"><a href=\"https:\/\/de.wikipedia.org\/wiki\/M%C3%B6rrum\">https:\/\/de.wikipedia.org\/wiki\/M%C3%B6rrum<\/a><\/p>\n<p style=\"text-align: justify;\"><a href=\"https:\/\/www.schwedentipps.se\/blekinge\/moerrum\/\">https:\/\/www.schwedentipps.se\/blekinge\/moerrum\/<\/a><\/p>\n<p><code><div class=\"rl-gallery-container rl-loading\" id=\"rl-gallery-container-2\" data-gallery_id=\"2518\"> <div class=\"rl-gallery rl-basicgrid-gallery \" id=\"rl-gallery-2\" data-gallery_no=\"2\"> <div class=\"rl-gallery-item\"><a href=\"https:\/\/sbt.ug.edu.pl\/wp-content\/uploads\/2019\/07\/R8A1-p1-IMG_6239.jpg\" title=\"M\u00f6rrumsan-Haus; \u00a9 Wilhelm Steingrube\" data-rl_title=\"M\u00f6rrumsan-Haus; \u00a9 Wilhelm Steingrube\" class=\"rl-gallery-link\" data-rl_caption=\"\" data-rel=\"lightbox-gallery-2\"><img src=\"https:\/\/sbt.ug.edu.pl\/wp-content\/uploads\/2019\/07\/R8A1-p1-IMG_6239-768x576.jpg\" width=\"640\" height=\"480\" alt=\"\" \/><\/a><\/div><div class=\"rl-gallery-item\"><a href=\"https:\/\/sbt.ug.edu.pl\/wp-content\/uploads\/2019\/07\/R8A1-p2-IMG_5630.jpg\" title=\"M\u00f6rrumsan-Angler; \u00a9 Wilhelm Steingrube\" data-rl_title=\"M\u00f6rrumsan-Angler; \u00a9 Wilhelm Steingrube\" class=\"rl-gallery-link\" data-rl_caption=\"\" data-rel=\"lightbox-gallery-2\"><img src=\"https:\/\/sbt.ug.edu.pl\/wp-content\/uploads\/2019\/07\/R8A1-p2-IMG_5630-768x576.jpg\" width=\"640\" height=\"480\" alt=\"\" \/><\/a><\/div><div class=\"rl-gallery-item\"><a href=\"https:\/\/sbt.ug.edu.pl\/wp-content\/uploads\/2019\/07\/R8A1-p3-IMG_6013-Kopie.jpg\" title=\"M\u00f6rrumsan-Fluss; \u00a9 Wilhelm Steingrube\" data-rl_title=\"M\u00f6rrumsan-Fluss; \u00a9 Wilhelm Steingrube\" class=\"rl-gallery-link\" data-rl_caption=\"\" data-rel=\"lightbox-gallery-2\"><img src=\"https:\/\/sbt.ug.edu.pl\/wp-content\/uploads\/2019\/07\/R8A1-p3-IMG_6013-Kopie-768x576.jpg\" width=\"640\" height=\"480\" alt=\"\" \/><\/a><\/div><div class=\"rl-gallery-item\"><a href=\"https:\/\/sbt.ug.edu.pl\/wp-content\/uploads\/2019\/07\/R8A1-p4-IMG_5628-1.jpg\" title=\"M\u00f6rrumsan-Baum; \u00a9 Wilhelm Steingrube\" data-rl_title=\"M\u00f6rrumsan-Baum; \u00a9 Wilhelm Steingrube\" class=\"rl-gallery-link\" data-rl_caption=\"\" data-rel=\"lightbox-gallery-2\"><img src=\"https:\/\/sbt.ug.edu.pl\/wp-content\/uploads\/2019\/07\/R8A1-p4-IMG_5628-1-768x1024.jpg\" width=\"640\" height=\"853\" alt=\"\" \/><\/a><\/div><div class=\"rl-gallery-item\"><a href=\"https:\/\/sbt.ug.edu.pl\/wp-content\/uploads\/2019\/07\/R8A1-p5-IMG_5678-1.jpg\" title=\"M\u00f6rrumsan-Skulptur; \u00a9 Wilhelm Steingrube\" data-rl_title=\"M\u00f6rrumsan-Skulptur; \u00a9 Wilhelm Steingrube\" class=\"rl-gallery-link\" data-rl_caption=\"\" data-rel=\"lightbox-gallery-2\"><img src=\"https:\/\/sbt.ug.edu.pl\/wp-content\/uploads\/2019\/07\/R8A1-p5-IMG_5678-1-768x1024.jpg\" width=\"640\" height=\"853\" alt=\"\" \/><\/a><\/div><div class=\"rl-gallery-item\"><a href=\"https:\/\/sbt.ug.edu.pl\/wp-content\/uploads\/2019\/07\/R8A1-p6-IMG_5650.jpg\" title=\"M\u00f6rrumsan-Museum; \u00a9 Wilhelm Steingrube\" data-rl_title=\"M\u00f6rrumsan-Museum; \u00a9 Wilhelm Steingrube\" class=\"rl-gallery-link\" data-rl_caption=\"\" data-rel=\"lightbox-gallery-2\"><img src=\"https:\/\/sbt.ug.edu.pl\/wp-content\/uploads\/2019\/07\/R8A1-p6-IMG_5650-768x576.jpg\" width=\"640\" height=\"480\" alt=\"\" \/><\/a><\/div><div class=\"rl-gallery-item\"><a href=\"https:\/\/sbt.ug.edu.pl\/wp-content\/uploads\/2019\/07\/R8A1-p7-Iv\u00f6sj\u00f6n_Brom\u00f6lla3_SE.jpg\" title=\"Iv\u00f6sj\u00f6n; \u00a9 Fredrik Jadeland\" data-rl_title=\"Iv\u00f6sj\u00f6n; \u00a9 Fredrik Jadeland\" class=\"rl-gallery-link\" data-rl_caption=\"\" data-rel=\"lightbox-gallery-2\"><img src=\"https:\/\/sbt.ug.edu.pl\/wp-content\/uploads\/2019\/07\/R8A1-p7-Iv\u00f6sj\u00f6n_Brom\u00f6lla3_SE-768x768.jpg\" width=\"640\" height=\"640\" alt=\"\" \/><\/a><\/div> <\/div> <\/div><\/code><\/p>","protected":false},"excerpt":{"rendered":"<p>LAGE Mit insgesamt 3055 km\u00b2 ist die historische Provinz Blekinge die kleinste Provinz in Schweden. Blekinge L\u00e4n in S\u00fcdschweden grenzt im Norden an Sm\u00e5land, im Osten und S\u00fcden an die Ostsee und im Westen an die Provinz Sk\u00e5ne. Blekinge hat auch einen Archipel von unz\u00e4hligen kleinen Inseln im S\u00fcden. Die K\u00fcste ist sehr schroff und [&hellip;]<\/p>\n","protected":false},"author":3,"featured_media":0,"parent":490,"menu_order":0,"comment_status":"closed","ping_status":"closed","template":"","meta":[],"categories":[34,12,31],"tags":[],"_links":{"self":[{"href":"https:\/\/sbt.ug.edu.pl\/de\/wp-json\/wp\/v2\/pages\/549"}],"collection":[{"href":"https:\/\/sbt.ug.edu.pl\/de\/wp-json\/wp\/v2\/pages"}],"about":[{"href":"https:\/\/sbt.ug.edu.pl\/de\/wp-json\/wp\/v2\/types\/page"}],"author":[{"embeddable":true,"href":"https:\/\/sbt.ug.edu.pl\/de\/wp-json\/wp\/v2\/users\/3"}],"replies":[{"embeddable":true,"href":"https:\/\/sbt.ug.edu.pl\/de\/wp-json\/wp\/v2\/comments?post=549"}],"version-history":[{"count":6,"href":"https:\/\/sbt.ug.edu.pl\/de\/wp-json\/wp\/v2\/pages\/549\/revisions"}],"predecessor-version":[{"id":5743,"href":"https:\/\/sbt.ug.edu.pl\/de\/wp-json\/wp\/v2\/pages\/549\/revisions\/5743"}],"up":[{"embeddable":true,"href":"https:\/\/sbt.ug.edu.pl\/de\/wp-json\/wp\/v2\/pages\/490"}],"wp:attachment":[{"href":"https:\/\/sbt.ug.edu.pl\/de\/wp-json\/wp\/v2\/media?parent=549"}],"wp:term":[{"taxonomy":"category","embeddable":true,"href":"https:\/\/sbt.ug.edu.pl\/de\/wp-json\/wp\/v2\/categories?post=549"},{"taxonomy":"post_tag","embeddable":true,"href":"https:\/\/sbt.ug.edu.pl\/de\/wp-json\/wp\/v2\/tags?post=549"}],"curies":[{"name":"wp","href":"https:\/\/api.w.org\/{rel}","templated":true}]}}