{"id":553,"date":"2018-12-22T13:32:20","date_gmt":"2018-12-22T12:32:20","guid":{"rendered":"http:\/\/southbaltic-tourist.eu\/?page_id=553"},"modified":"2021-06-02T12:33:42","modified_gmt":"2021-06-02T11:33:42","slug":"2-national-park-stenshuvud","status":"publish","type":"page","link":"https:\/\/sbt.ug.edu.pl\/de\/routes\/world-of-fishermen\/2-national-park-stenshuvud\/","title":{"rendered":"2. Nationalpark Stenshuvud"},"content":{"rendered":"<p><\/p>\n<p style=\"text-align: justify;\"><strong>LAGE<\/strong><\/p>\n<p style=\"text-align: justify;\">Der Stenshuvud-Nationalpark liegt an der S\u00fcdk\u00fcste Schwedens in der N\u00e4he der Stadt Kivik mit Blick auf die Ostsee, 15 km n\u00f6rdlich der Stadt Simrishamn. Der Park ist mit einer Gr\u00f6\u00dfe von 3,9 km\u00b2 relativ klein. Er ist Teil der historischen Provinz Sk\u00e5ne und geh\u00f6rt zur Gemeinde Simrishamn.<\/p>\n<p><img decoding=\"async\" loading=\"lazy\" class=\"alignleft wp-image-2535\" src=\"https:\/\/southbaltic-tourist.eu\/wp-content\/uploads\/2019\/07\/R8A2-p1-Stenshuvud-3_sandana.jpg\" alt=\"\" width=\"606\" height=\"400\" srcset=\"https:\/\/sbt.ug.edu.pl\/wp-content\/uploads\/2019\/07\/R8A2-p1-Stenshuvud-3_sandana.jpg 1600w, https:\/\/sbt.ug.edu.pl\/wp-content\/uploads\/2019\/07\/R8A2-p1-Stenshuvud-3_sandana-300x198.jpg 300w, https:\/\/sbt.ug.edu.pl\/wp-content\/uploads\/2019\/07\/R8A2-p1-Stenshuvud-3_sandana-768x507.jpg 768w, https:\/\/sbt.ug.edu.pl\/wp-content\/uploads\/2019\/07\/R8A2-p1-Stenshuvud-3_sandana-1024x676.jpg 1024w, https:\/\/sbt.ug.edu.pl\/wp-content\/uploads\/2019\/07\/R8A2-p1-Stenshuvud-3_sandana-150x99.jpg 150w\" sizes=\"(max-width: 606px) 100vw, 606px\" \/><\/p>\n<p><a href=\"https:\/\/southbaltic-tourist.eu\/wp-content\/uploads\/2020\/02\/R8.02-Stenshuvud-National-Park.png\" data-rel=\"lightbox-gallery-qu5J5ytR\" data-rl_title=\"\" data-rl_caption=\"\" title=\"\"><img decoding=\"async\" loading=\"lazy\" class=\"alignnone wp-image-5328\" src=\"https:\/\/southbaltic-tourist.eu\/wp-content\/uploads\/2020\/02\/R8.02-Stenshuvud-National-Park-300x256.png\" alt=\"\" width=\"469\" height=\"400\" srcset=\"https:\/\/sbt.ug.edu.pl\/wp-content\/uploads\/2020\/02\/R8.02-Stenshuvud-National-Park-300x256.png 300w, https:\/\/sbt.ug.edu.pl\/wp-content\/uploads\/2020\/02\/R8.02-Stenshuvud-National-Park-1024x874.png 1024w, https:\/\/sbt.ug.edu.pl\/wp-content\/uploads\/2020\/02\/R8.02-Stenshuvud-National-Park-768x655.png 768w, https:\/\/sbt.ug.edu.pl\/wp-content\/uploads\/2020\/02\/R8.02-Stenshuvud-National-Park-1536x1310.png 1536w, https:\/\/sbt.ug.edu.pl\/wp-content\/uploads\/2020\/02\/R8.02-Stenshuvud-National-Park-150x128.png 150w, https:\/\/sbt.ug.edu.pl\/wp-content\/uploads\/2020\/02\/R8.02-Stenshuvud-National-Park.png 1600w\" sizes=\"(max-width: 469px) 100vw, 469px\" \/><\/a><\/p>\n<p>&nbsp;<\/p>\n<p style=\"text-align: justify;\"><strong>LANDSCHAFTLICHER CHARAKTER<\/strong><\/p>\n<p style=\"text-align: justify;\">Der sch\u00f6ne Park hat eine abwechslungsreiche Landschaft. Die vielen Eichen- und Buchenw\u00e4lder pr\u00e4gen das Gebiet. Es gibt wundervolle wei\u00dfe Sandstr\u00e4nde in der Bucht von Han\u00f6. Direkt vom Ufer an erstreckt sich ein Moor mit Hainbuchen und wilden Orchideen. Der 97 m hohe gleichnamige Stenshuvud-Felsen steht an der K\u00fcste und \u00fcberragt den Nationalpark. Besondere Merkmale der Region sind die vielf\u00e4ltige Flora und Fauna sowie die herrliche Aussicht auf die Ostsee.<\/p>\n<p style=\"text-align: justify;\"><strong>SEHENSW\u00dcRDIGKEITEN<\/strong><\/p>\n<p style=\"text-align: justify;\">Das Gebiet ist perfekt zum Wandern, Klettern und Entspannen. Es gibt zahlreiche Wanderwege, von denen einige auch f\u00fcr Kinder und Rollstuhlfahrer geeignet sind. Eine gro\u00dfe Attraktion am Haupteingang ist das Naturum. Dieses Besucherzentrum beherbergt eine Ausstellung \u00fcber die nat\u00fcrliche Umgebung, Geologie und Geschichte des Nationalparks. Dar\u00fcber hinaus ist der Stenshuvud-Felsen ein gro\u00dfartiger Aussichtspunkt f\u00fcr die gesamte Region. Bei sch\u00f6nem Wetter k\u00f6nnen Sie bis zur Insel Bornholm sehen.<\/p>\n<p style=\"text-align: justify;\">GPS-Koordinaten: 55 \u00b0 39 &#8217;22, 262 &#8222;N 14 \u00b0 16 &#8218;7,36&#8220; E.<\/p>\n<p style=\"text-align: justify;\"><a href=\"https:\/\/en.wikipedia.org\/wiki\/Stenshuvud_National_Park\">https:\/\/en.wikipedia.org\/wiki\/Stenshuvud_National_Park<\/a><\/p>\n<p style=\"text-align: justify;\"><a href=\"https:\/\/visitskane.com\/outdoors-adventure\/stenshuvud-national-park\">https:\/\/visitskane.com\/outdoors-adventure\/stenshuvud-national-park<\/a><\/p>\n<p style=\"text-align: justify;\"><a href=\"http:\/\/www.europarc-nb.org\/protected-areas\/sweden\/stenshuvud-national-park\/\">http:\/\/www.europarc-nb.org\/protected-areas\/sweden\/stenshuvud-national-park\/<\/a><\/p>\n<p><code><div class=\"rl-gallery-container rl-loading\" id=\"rl-gallery-container-2\" data-gallery_id=\"2533\"> <div class=\"rl-gallery rl-basicgrid-gallery \" id=\"rl-gallery-2\" data-gallery_no=\"2\"> <div class=\"rl-gallery-item\"><a href=\"https:\/\/sbt.ug.edu.pl\/wp-content\/uploads\/2019\/07\/R8A2-p1-Stenshuvud-3_sandana.jpg\" title=\"Forest; \u00a9 https:\/\/commons.wikimedia.org; Jorchr\" data-rl_title=\"Forest; \u00a9 https:\/\/commons.wikimedia.org; Jorchr\" class=\"rl-gallery-link\" data-rl_caption=\"\" data-rel=\"lightbox-gallery-2\"><img src=\"https:\/\/sbt.ug.edu.pl\/wp-content\/uploads\/2019\/07\/R8A2-p1-Stenshuvud-3_sandana-768x507.jpg\" width=\"640\" height=\"423\" alt=\"\" \/><\/a><\/div><div class=\"rl-gallery-item\"><a href=\"https:\/\/sbt.ug.edu.pl\/wp-content\/uploads\/2019\/07\/R8A2-p2-Stenshuvud-1-Mountain_landscape_in_Scania.jpg\" title=\"Mountain landscape; \u00a9 https:\/\/commons.wikimedia.org; Jin Zan\" data-rl_title=\"Mountain landscape; \u00a9 https:\/\/commons.wikimedia.org; Jin Zan\" class=\"rl-gallery-link\" data-rl_caption=\"\" data-rel=\"lightbox-gallery-2\"><img src=\"https:\/\/sbt.ug.edu.pl\/wp-content\/uploads\/2019\/07\/R8A2-p2-Stenshuvud-1-Mountain_landscape_in_Scania-768x552.jpg\" width=\"640\" height=\"460\" alt=\"\" \/><\/a><\/div><div class=\"rl-gallery-item\"><a href=\"https:\/\/sbt.ug.edu.pl\/wp-content\/uploads\/2019\/07\/R8A2-p3-Stenshuvud-2-Bokskog_vid_Stenshuvud.jpg\" title=\"Forest; \u00a9 https:\/\/commons.wikimedia.org; Jorchr\" data-rl_title=\"Forest; \u00a9 https:\/\/commons.wikimedia.org; Jorchr\" class=\"rl-gallery-link\" data-rl_caption=\"\" data-rel=\"lightbox-gallery-2\"><img src=\"https:\/\/sbt.ug.edu.pl\/wp-content\/uploads\/2019\/07\/R8A2-p3-Stenshuvud-2-Bokskog_vid_Stenshuvud-768x875.jpg\" width=\"640\" height=\"729\" alt=\"\" \/><\/a><\/div> <\/div> <\/div><\/code><\/p>","protected":false},"excerpt":{"rendered":"<p>LAGE Der Stenshuvud-Nationalpark liegt an der S\u00fcdk\u00fcste Schwedens in der N\u00e4he der Stadt Kivik mit Blick auf die Ostsee, 15 km n\u00f6rdlich der Stadt Simrishamn. Der Park ist mit einer Gr\u00f6\u00dfe von 3,9 km\u00b2 relativ klein. Er ist Teil der historischen Provinz Sk\u00e5ne und geh\u00f6rt zur Gemeinde Simrishamn. &nbsp; LANDSCHAFTLICHER CHARAKTER Der sch\u00f6ne Park hat [&hellip;]<\/p>\n","protected":false},"author":3,"featured_media":0,"parent":490,"menu_order":0,"comment_status":"closed","ping_status":"closed","template":"","meta":[],"categories":[34,15,31],"tags":[],"_links":{"self":[{"href":"https:\/\/sbt.ug.edu.pl\/de\/wp-json\/wp\/v2\/pages\/553"}],"collection":[{"href":"https:\/\/sbt.ug.edu.pl\/de\/wp-json\/wp\/v2\/pages"}],"about":[{"href":"https:\/\/sbt.ug.edu.pl\/de\/wp-json\/wp\/v2\/types\/page"}],"author":[{"embeddable":true,"href":"https:\/\/sbt.ug.edu.pl\/de\/wp-json\/wp\/v2\/users\/3"}],"replies":[{"embeddable":true,"href":"https:\/\/sbt.ug.edu.pl\/de\/wp-json\/wp\/v2\/comments?post=553"}],"version-history":[{"count":8,"href":"https:\/\/sbt.ug.edu.pl\/de\/wp-json\/wp\/v2\/pages\/553\/revisions"}],"predecessor-version":[{"id":5744,"href":"https:\/\/sbt.ug.edu.pl\/de\/wp-json\/wp\/v2\/pages\/553\/revisions\/5744"}],"up":[{"embeddable":true,"href":"https:\/\/sbt.ug.edu.pl\/de\/wp-json\/wp\/v2\/pages\/490"}],"wp:attachment":[{"href":"https:\/\/sbt.ug.edu.pl\/de\/wp-json\/wp\/v2\/media?parent=553"}],"wp:term":[{"taxonomy":"category","embeddable":true,"href":"https:\/\/sbt.ug.edu.pl\/de\/wp-json\/wp\/v2\/categories?post=553"},{"taxonomy":"post_tag","embeddable":true,"href":"https:\/\/sbt.ug.edu.pl\/de\/wp-json\/wp\/v2\/tags?post=553"}],"curies":[{"name":"wp","href":"https:\/\/api.w.org\/{rel}","templated":true}]}}