{"id":561,"date":"2018-12-22T15:59:58","date_gmt":"2018-12-22T14:59:58","guid":{"rendered":"http:\/\/southbaltic-tourist.eu\/?page_id=561"},"modified":"2021-06-02T12:39:35","modified_gmt":"2021-06-02T11:39:35","slug":"3-osterlen-ystad","status":"publish","type":"page","link":"https:\/\/sbt.ug.edu.pl\/de\/routes\/world-of-fishermen\/3-osterlen-ystad\/","title":{"rendered":"3. \u00d6sterlen &#8211; Ystad"},"content":{"rendered":"<p><\/p>\n<p style=\"text-align: justify;\"><strong>LAGE<\/strong><\/p>\n<p style=\"text-align: justify;\">Die Region \u00d6sterlen liegt in S\u00fcdschweden in der Provinz Sk\u00e5ne. Die einzige gr\u00f6\u00dfere Stadt in der Gegend ist Simrishamn. Eine kleinere Stadt am s\u00fcdwestlichen Rand der Region ist Ystad. Diese s\u00fcdschwedische Stadt hat auf einer Fl\u00e4che von 11 km\u00b2 insgesamt 18.806 Einwohner. Es besteht eine direkte F\u00e4hrverbindung von Ystad zur Insel Bornholm und nach Swinem\u00fcnde. Mit dem Auto dauert es eine Stunde, um die nordwestlich gelegene Stadt Malm\u00f6 zu erreichen. Die Stadt Ystad und die Region \u00d6sterlen liegen direkt an der Ostseek\u00fcste.<\/p>\n<p><img decoding=\"async\" loading=\"lazy\" class=\"alignleft wp-image-2543\" src=\"https:\/\/southbaltic-tourist.eu\/wp-content\/uploads\/2019\/07\/R8A3-p1-Fishing_Simrishamn-4.jpg\" alt=\"\" width=\"533\" height=\"400\" srcset=\"https:\/\/sbt.ug.edu.pl\/wp-content\/uploads\/2019\/07\/R8A3-p1-Fishing_Simrishamn-4.jpg 1600w, https:\/\/sbt.ug.edu.pl\/wp-content\/uploads\/2019\/07\/R8A3-p1-Fishing_Simrishamn-4-300x225.jpg 300w, https:\/\/sbt.ug.edu.pl\/wp-content\/uploads\/2019\/07\/R8A3-p1-Fishing_Simrishamn-4-768x576.jpg 768w, https:\/\/sbt.ug.edu.pl\/wp-content\/uploads\/2019\/07\/R8A3-p1-Fishing_Simrishamn-4-1024x768.jpg 1024w, https:\/\/sbt.ug.edu.pl\/wp-content\/uploads\/2019\/07\/R8A3-p1-Fishing_Simrishamn-4-150x113.jpg 150w, https:\/\/sbt.ug.edu.pl\/wp-content\/uploads\/2019\/07\/R8A3-p1-Fishing_Simrishamn-4-136x102.jpg 136w\" sizes=\"(max-width: 533px) 100vw, 533px\" \/><\/p>\n<p><a href=\"https:\/\/southbaltic-tourist.eu\/wp-content\/uploads\/2020\/02\/R8.03-Ystad.png\" data-rel=\"lightbox-gallery-Bfjl98ka\" data-rl_title=\"\" data-rl_caption=\"\" title=\"\"><img decoding=\"async\" loading=\"lazy\" class=\"alignnone wp-image-5330\" src=\"https:\/\/southbaltic-tourist.eu\/wp-content\/uploads\/2020\/02\/R8.03-Ystad-300x256.png\" alt=\"\" width=\"469\" height=\"400\" srcset=\"https:\/\/sbt.ug.edu.pl\/wp-content\/uploads\/2020\/02\/R8.03-Ystad-300x256.png 300w, https:\/\/sbt.ug.edu.pl\/wp-content\/uploads\/2020\/02\/R8.03-Ystad-1024x874.png 1024w, https:\/\/sbt.ug.edu.pl\/wp-content\/uploads\/2020\/02\/R8.03-Ystad-768x655.png 768w, https:\/\/sbt.ug.edu.pl\/wp-content\/uploads\/2020\/02\/R8.03-Ystad-1536x1310.png 1536w, https:\/\/sbt.ug.edu.pl\/wp-content\/uploads\/2020\/02\/R8.03-Ystad-150x128.png 150w, https:\/\/sbt.ug.edu.pl\/wp-content\/uploads\/2020\/02\/R8.03-Ystad.png 1600w\" sizes=\"(max-width: 469px) 100vw, 469px\" \/><\/a><\/p>\n<p style=\"text-align: justify;\"><strong>LANDSCHAFTLICHER CHARAKTER<\/strong><\/p>\n<p style=\"text-align: justify;\">Die Region \u00d6sterlen ist bekannt f\u00fcr ihre atemberaubenden Landschaften mit W\u00e4ldern, D\u00fcnen, Str\u00e4nden, Wiesen und Heidefl\u00e4chen. Es gibt viele kleine Fischerd\u00f6rfer und Restaurants mit traditioneller K\u00fcche. Die sch\u00f6nen Str\u00e4nde und D\u00fcnen S\u00fcdschwedens befinden sich in direkter Umgebung der Stadt Ystad. In der Stadt endet der Fernradweg durch die Region \u00d6sterlen. Dar\u00fcber hinaus grenzt im Osten ein wundersch\u00f6ner Mischwald an die Stadt. Ystad hat ein historisches Zentrum mit einem \u00fcber 700 Jahre alten Kloster. Eine Besonderheit sind die gut erhaltenen Fachwerkh\u00e4user und die Saint-Marien-Kirche im Zentrum.<\/p>\n<p style=\"text-align: justify;\"><strong>SEHENSW\u00dcRDIGKEITEN<\/strong><\/p>\n<p style=\"text-align: justify;\">Die Region l\u00e4dt zum Wandern, Klettern, Radfahren, Schwimmen und Entspannen ein. Sie k\u00f6nnen sowohl in den Seen der Region als auch in der Ostsee fischen, unter anderem Hechte, Forellen, Wildlachse oder Zander. Sydostleden ist ein nationaler Radweg in der Region. Eine besondere Attraktion f\u00fcr Krimi-Fans ist Ystad, in dem die Wallander-B\u00fccher handeln. In der Stadt gibt es ein Kunstmuseum, eines der am besten erhaltenen mittelalterlichen Kl\u00f6ster Europas und eine wundersch\u00f6ne Altstadt mit vielen Caf\u00e9s und Restaurants.<\/p>\n<p style=\"text-align: justify;\">GPS-Koordinaten: 55 \u00b0 43\u203236 \u2033 N 13 \u00b0 81\u203297 \u2033 O (Stadtzentrum von Ystad).<\/p>\n<p style=\"text-align: justify;\"><a href=\"https:\/\/en.wikipedia.org\/wiki\/Ystad\">https:\/\/en.wikipedia.org\/wiki\/Ystad<\/a><\/p>\n<p style=\"text-align: justify;\"><a href=\"https:\/\/visitsweden.com\/where-to-go\/southern-sweden\/skane\/wallanders-ystad\/\">https:\/\/visitsweden.com\/where-to-go\/southern-sweden\/skane\/wallanders-ystad\/<\/a><\/p>\n<p><code><div class=\"rl-gallery-container rl-loading\" id=\"rl-gallery-container-2\" data-gallery_id=\"2542\"> <div class=\"rl-gallery rl-basicgrid-gallery \" id=\"rl-gallery-2\" data-gallery_no=\"2\"> <div class=\"rl-gallery-item\"><a href=\"https:\/\/sbt.ug.edu.pl\/wp-content\/uploads\/2019\/07\/R8A3-p1-Fishing_Simrishamn-4.jpg\" title=\"Fishing-Simrishamn-4; \u00a9 Rohdin\" data-rl_title=\"Fishing-Simrishamn-4; \u00a9 Rohdin\" class=\"rl-gallery-link\" data-rl_caption=\"\" data-rel=\"lightbox-gallery-2\"><img src=\"https:\/\/sbt.ug.edu.pl\/wp-content\/uploads\/2019\/07\/R8A3-p1-Fishing_Simrishamn-4-768x576.jpg\" width=\"640\" height=\"480\" alt=\"\" \/><\/a><\/div><div class=\"rl-gallery-item\"><a href=\"https:\/\/sbt.ug.edu.pl\/wp-content\/uploads\/2019\/07\/R8A3-p2-Fishing_Simrishamn-2.jpg\" title=\"Fishing-Simrishamn-2; \u00a9 Fredrik Jadeland\" data-rl_title=\"Fishing-Simrishamn-2; \u00a9 Fredrik Jadeland\" class=\"rl-gallery-link\" data-rl_caption=\"\" data-rel=\"lightbox-gallery-2\"><img src=\"https:\/\/sbt.ug.edu.pl\/wp-content\/uploads\/2019\/07\/R8A3-p2-Fishing_Simrishamn-2-768x1024.jpg\" width=\"640\" height=\"853\" alt=\"\" \/><\/a><\/div><div class=\"rl-gallery-item\"><a href=\"https:\/\/sbt.ug.edu.pl\/wp-content\/uploads\/2019\/07\/R8A3-p3-Ystad-1_stortorget.jpg\" title=\"Stortorget; \u00a9 https:\/\/commons.wikimedia.org; Micka\u00ebl Delcey\" data-rl_title=\"Stortorget; \u00a9 https:\/\/commons.wikimedia.org; Micka\u00ebl Delcey\" class=\"rl-gallery-link\" data-rl_caption=\"\" data-rel=\"lightbox-gallery-2\"><img src=\"https:\/\/sbt.ug.edu.pl\/wp-content\/uploads\/2019\/07\/R8A3-p3-Ystad-1_stortorget-768x512.jpg\" width=\"640\" height=\"427\" alt=\"\" \/><\/a><\/div><div class=\"rl-gallery-item\"><a href=\"https:\/\/sbt.ug.edu.pl\/wp-content\/uploads\/2019\/07\/R8A3-p4-Ystad-2_kloster_2012.jpg\" title=\"Kloster; \u00a9 https:\/\/commons.wikimedia.org; Jorchr\" data-rl_title=\"Kloster; \u00a9 https:\/\/commons.wikimedia.org; Jorchr\" class=\"rl-gallery-link\" data-rl_caption=\"\" data-rel=\"lightbox-gallery-2\"><img src=\"https:\/\/sbt.ug.edu.pl\/wp-content\/uploads\/2019\/07\/R8A3-p4-Ystad-2_kloster_2012-768x524.jpg\" width=\"640\" height=\"437\" alt=\"\" \/><\/a><\/div><div class=\"rl-gallery-item\"><a href=\"https:\/\/sbt.ug.edu.pl\/wp-content\/uploads\/2019\/07\/R8A3-p5-Ystad-3-Pilgr\u00e4ndshuset.jpg\" title=\"Pilgr\u00e4ndshuset; \u00a9 https:\/\/commons.wikimedia.org; Jorchr\" data-rl_title=\"Pilgr\u00e4ndshuset; \u00a9 https:\/\/commons.wikimedia.org; Jorchr\" class=\"rl-gallery-link\" data-rl_caption=\"\" data-rel=\"lightbox-gallery-2\"><img src=\"https:\/\/sbt.ug.edu.pl\/wp-content\/uploads\/2019\/07\/R8A3-p5-Ystad-3-Pilgr\u00e4ndshuset-768x533.jpg\" width=\"640\" height=\"444\" alt=\"\" \/><\/a><\/div><div class=\"rl-gallery-item\"><a href=\"https:\/\/sbt.ug.edu.pl\/wp-content\/uploads\/2019\/07\/R8A3-p6-Ystad-4_Konstmuseum_-_Ystad-2018.jpg\" title=\"Konstmuseum; \u00a9 https:\/\/commons.wikimedia.org; Jonn Leffmann\" data-rl_title=\"Konstmuseum; \u00a9 https:\/\/commons.wikimedia.org; Jonn Leffmann\" class=\"rl-gallery-link\" data-rl_caption=\"\" data-rel=\"lightbox-gallery-2\"><img src=\"https:\/\/sbt.ug.edu.pl\/wp-content\/uploads\/2019\/07\/R8A3-p6-Ystad-4_Konstmuseum_-_Ystad-2018-768x391.jpg\" width=\"640\" height=\"326\" alt=\"\" \/><\/a><\/div><div class=\"rl-gallery-item\"><a href=\"https:\/\/sbt.ug.edu.pl\/wp-content\/uploads\/2019\/07\/R8A3-p7-Ystad-5-2015.jpg\" title=\"Kanonerna; \u00a9 https:\/\/commons.wikimedia.org; Jonn Leffmann\" data-rl_title=\"Kanonerna; \u00a9 https:\/\/commons.wikimedia.org; Jonn Leffmann\" class=\"rl-gallery-link\" data-rl_caption=\"\" data-rel=\"lightbox-gallery-2\"><img src=\"https:\/\/sbt.ug.edu.pl\/wp-content\/uploads\/2019\/07\/R8A3-p7-Ystad-5-2015-768x399.jpg\" width=\"640\" height=\"333\" alt=\"\" \/><\/a><\/div> <\/div> <\/div><\/code><\/p>","protected":false},"excerpt":{"rendered":"<p>LAGE Die Region \u00d6sterlen liegt in S\u00fcdschweden in der Provinz Sk\u00e5ne. Die einzige gr\u00f6\u00dfere Stadt in der Gegend ist Simrishamn. Eine kleinere Stadt am s\u00fcdwestlichen Rand der Region ist Ystad. Diese s\u00fcdschwedische Stadt hat auf einer Fl\u00e4che von 11 km\u00b2 insgesamt 18.806 Einwohner. Es besteht eine direkte F\u00e4hrverbindung von Ystad zur Insel Bornholm und nach [&hellip;]<\/p>\n","protected":false},"author":3,"featured_media":0,"parent":490,"menu_order":0,"comment_status":"closed","ping_status":"closed","template":"","meta":[],"categories":[34,15,31],"tags":[],"_links":{"self":[{"href":"https:\/\/sbt.ug.edu.pl\/de\/wp-json\/wp\/v2\/pages\/561"}],"collection":[{"href":"https:\/\/sbt.ug.edu.pl\/de\/wp-json\/wp\/v2\/pages"}],"about":[{"href":"https:\/\/sbt.ug.edu.pl\/de\/wp-json\/wp\/v2\/types\/page"}],"author":[{"embeddable":true,"href":"https:\/\/sbt.ug.edu.pl\/de\/wp-json\/wp\/v2\/users\/3"}],"replies":[{"embeddable":true,"href":"https:\/\/sbt.ug.edu.pl\/de\/wp-json\/wp\/v2\/comments?post=561"}],"version-history":[{"count":8,"href":"https:\/\/sbt.ug.edu.pl\/de\/wp-json\/wp\/v2\/pages\/561\/revisions"}],"predecessor-version":[{"id":5745,"href":"https:\/\/sbt.ug.edu.pl\/de\/wp-json\/wp\/v2\/pages\/561\/revisions\/5745"}],"up":[{"embeddable":true,"href":"https:\/\/sbt.ug.edu.pl\/de\/wp-json\/wp\/v2\/pages\/490"}],"wp:attachment":[{"href":"https:\/\/sbt.ug.edu.pl\/de\/wp-json\/wp\/v2\/media?parent=561"}],"wp:term":[{"taxonomy":"category","embeddable":true,"href":"https:\/\/sbt.ug.edu.pl\/de\/wp-json\/wp\/v2\/categories?post=561"},{"taxonomy":"post_tag","embeddable":true,"href":"https:\/\/sbt.ug.edu.pl\/de\/wp-json\/wp\/v2\/tags?post=561"}],"curies":[{"name":"wp","href":"https:\/\/api.w.org\/{rel}","templated":true}]}}