{"id":571,"date":"2018-12-23T11:40:37","date_gmt":"2018-12-23T10:40:37","guid":{"rendered":"http:\/\/southbaltic-tourist.eu\/?page_id=571"},"modified":"2021-06-02T12:44:35","modified_gmt":"2021-06-02T11:44:35","slug":"4-raa","status":"publish","type":"page","link":"https:\/\/sbt.ug.edu.pl\/de\/routes\/world-of-fishermen\/4-raa\/","title":{"rendered":"4. R\u00e5\u00e5"},"content":{"rendered":"<p><\/p>\n<p style=\"text-align: justify;\"><strong>LAGE<\/strong><\/p>\n<p style=\"text-align: justify;\">R\u00e5\u00e5 liegt am \u00d6resund, mit direktem Blick in Richtung D\u00e4nemark \u2013 dort, wo auch der Fluss R\u00e5\u00e5n in den Sund m\u00fcndet. R\u00e5\u00e5 wurde um das 16. Jahrhundert als kleines Fischerdorf gegr\u00fcndet und hat heute etwa 3.000 Einwohner. Es ist der s\u00fcdlichste Teil von Helsingborg in der Provinz Sk\u00e5ne.<\/p>\n<p><img decoding=\"async\" loading=\"lazy\" class=\"wp-image-2553 alignleft\" src=\"https:\/\/southbaltic-tourist.eu\/wp-content\/uploads\/2019\/07\/R8A4-p1-IMG_6246.jpg\" alt=\"\" width=\"533\" height=\"400\" srcset=\"https:\/\/sbt.ug.edu.pl\/wp-content\/uploads\/2019\/07\/R8A4-p1-IMG_6246.jpg 1600w, https:\/\/sbt.ug.edu.pl\/wp-content\/uploads\/2019\/07\/R8A4-p1-IMG_6246-300x225.jpg 300w, https:\/\/sbt.ug.edu.pl\/wp-content\/uploads\/2019\/07\/R8A4-p1-IMG_6246-768x576.jpg 768w, https:\/\/sbt.ug.edu.pl\/wp-content\/uploads\/2019\/07\/R8A4-p1-IMG_6246-1024x768.jpg 1024w, https:\/\/sbt.ug.edu.pl\/wp-content\/uploads\/2019\/07\/R8A4-p1-IMG_6246-150x113.jpg 150w, https:\/\/sbt.ug.edu.pl\/wp-content\/uploads\/2019\/07\/R8A4-p1-IMG_6246-136x102.jpg 136w\" sizes=\"(max-width: 533px) 100vw, 533px\" \/><\/p>\n<p>&nbsp;<\/p>\n<p><a href=\"https:\/\/southbaltic-tourist.eu\/wp-content\/uploads\/2020\/02\/R8.04-R\u00e5\u00e5.png\" data-rel=\"lightbox-gallery-h1QQ4vBT\" data-rl_title=\"\" data-rl_caption=\"\" title=\"\"><img decoding=\"async\" loading=\"lazy\" class=\"alignnone wp-image-5333\" src=\"https:\/\/southbaltic-tourist.eu\/wp-content\/uploads\/2020\/02\/R8.04-R\u00e5\u00e5-300x256.png\" alt=\"\" width=\"469\" height=\"400\" srcset=\"https:\/\/sbt.ug.edu.pl\/wp-content\/uploads\/2020\/02\/R8.04-R\u00e5\u00e5-300x256.png 300w, https:\/\/sbt.ug.edu.pl\/wp-content\/uploads\/2020\/02\/R8.04-R\u00e5\u00e5-1024x874.png 1024w, https:\/\/sbt.ug.edu.pl\/wp-content\/uploads\/2020\/02\/R8.04-R\u00e5\u00e5-768x655.png 768w, https:\/\/sbt.ug.edu.pl\/wp-content\/uploads\/2020\/02\/R8.04-R\u00e5\u00e5-1536x1310.png 1536w, https:\/\/sbt.ug.edu.pl\/wp-content\/uploads\/2020\/02\/R8.04-R\u00e5\u00e5-150x128.png 150w, https:\/\/sbt.ug.edu.pl\/wp-content\/uploads\/2020\/02\/R8.04-R\u00e5\u00e5.png 1600w\" sizes=\"(max-width: 469px) 100vw, 469px\" \/><\/a><\/p>\n<p style=\"text-align: justify;\"><strong>LANDSCHAFTLICHER CHARAKTER<\/strong><\/p>\n<p style=\"text-align: justify;\">Lange Zeit war R\u00e5\u00e5 eines der gr\u00f6\u00dften Fischerd\u00f6rfer in Schweden. Die maritime Atmosph\u00e4re pr\u00e4gt noch heute diesen Stadtteil von Helsingborg. Die vielen kleinen H\u00e4user, der sch\u00f6ne Hafen und die unz\u00e4hligen M\u00f6glichkeiten zum Angeln machen diesen Ort reizvoll f\u00fcr Besucher. Die Lage am Ufer des \u00d6resund macht den Ort sehr attraktiv.<\/p>\n<p style=\"text-align: justify;\"><strong>SEHENSW\u00dcRDIGKEITEN<\/strong><\/p>\n<p style=\"text-align: justify;\">R\u00e5\u00e5 ist sehr gut zum Angeln geeignet, sei es auf einem Boot oder an der K\u00fcste. S\u00fcdlich des Dorfes befindet sich der Rya Golfclub und n\u00f6rdlich das Zentrum von Helsingborg. Helsingborg wurde im Laufe der Jahre durch verschiedene Kriege zerst\u00f6rt und hat nur noch wenige alte Geb\u00e4ude. Trotzdem bietet die Stadt viele kulturelle M\u00f6glichkeiten, sch\u00f6ne Parks und zahlreiche Restaurants und Caf\u00e9s.<\/p>\n<p style=\"text-align: justify;\">GPS-Koordinaten: 55 \u00b0 59 &#8217;57 .696 &#8222;N 12 \u00b0 44 &#8218;24.493&#8220; E.<\/p>\n<p style=\"text-align: justify;\"><a href=\"https:\/\/de.wikipedia.org\/wiki\/R%C3%A5%C3%A5\">https:\/\/de.wikipedia.org\/wiki\/R%C3%A5%C3%A5<\/a><\/p>\n<p style=\"text-align: justify;\"><a href=\"https:\/\/www.guidebook-sweden.com\/de\/guidebook\/destination\/raa-smabatshamn-marina-raa\">https:\/\/www.guidebook-sweden.com\/de\/guidebook\/destination\/raa-smabatshamn-marina-raa<\/a><\/p>\n<p><code><div class=\"rl-gallery-container rl-loading\" id=\"rl-gallery-container-2\" data-gallery_id=\"2551\"> <div class=\"rl-gallery rl-basicgrid-gallery \" id=\"rl-gallery-2\" data-gallery_no=\"2\"> <div class=\"rl-gallery-item\"><a href=\"https:\/\/sbt.ug.edu.pl\/wp-content\/uploads\/2019\/07\/R8A4-p1-IMG_6246.jpg\" title=\"Harbour-R\u00e5\u00e5-1; \u00a9 Wilhelm Steingrube\" data-rl_title=\"Harbour-R\u00e5\u00e5-1; \u00a9 Wilhelm Steingrube\" class=\"rl-gallery-link\" data-rl_caption=\"\" data-rel=\"lightbox-gallery-2\"><img src=\"https:\/\/sbt.ug.edu.pl\/wp-content\/uploads\/2019\/07\/R8A4-p1-IMG_6246-300x225.jpg\" width=\"300\" height=\"225\" alt=\"\" \/><\/a><\/div><div class=\"rl-gallery-item\"><a href=\"https:\/\/sbt.ug.edu.pl\/wp-content\/uploads\/2019\/07\/R8A4-p2-IMG_6249.jpg\" title=\"Museum-R\u00e5\u00e5; \u00a9 Wilhelm Steingrube\" data-rl_title=\"Museum-R\u00e5\u00e5; \u00a9 Wilhelm Steingrube\" class=\"rl-gallery-link\" data-rl_caption=\"\" data-rel=\"lightbox-gallery-2\"><img src=\"https:\/\/sbt.ug.edu.pl\/wp-content\/uploads\/2019\/07\/R8A4-p2-IMG_6249-300x225.jpg\" width=\"300\" height=\"225\" alt=\"\" \/><\/a><\/div><div class=\"rl-gallery-item\"><a href=\"https:\/\/sbt.ug.edu.pl\/wp-content\/uploads\/2019\/07\/R8A4-p3-IMG_6250.jpg\" title=\"Harbour-R\u00e5\u00e5-2; \u00a9 Wilhelm Steingrube\" data-rl_title=\"Harbour-R\u00e5\u00e5-2; \u00a9 Wilhelm Steingrube\" class=\"rl-gallery-link\" data-rl_caption=\"\" data-rel=\"lightbox-gallery-2\"><img src=\"https:\/\/sbt.ug.edu.pl\/wp-content\/uploads\/2019\/07\/R8A4-p3-IMG_6250-300x225.jpg\" width=\"300\" height=\"225\" alt=\"\" \/><\/a><\/div><div class=\"rl-gallery-item\"><a href=\"https:\/\/sbt.ug.edu.pl\/wp-content\/uploads\/2019\/07\/R8A4-p4-IMG_6260.jpg\" title=\"Harbour-R\u00e5\u00e5-3; \u00a9 Wilhelm Steingrube\" data-rl_title=\"Harbour-R\u00e5\u00e5-3; \u00a9 Wilhelm Steingrube\" class=\"rl-gallery-link\" data-rl_caption=\"\" data-rel=\"lightbox-gallery-2\"><img src=\"https:\/\/sbt.ug.edu.pl\/wp-content\/uploads\/2019\/07\/R8A4-p4-IMG_6260-300x225.jpg\" width=\"300\" height=\"225\" alt=\"\" \/><\/a><\/div> <\/div> <\/div><\/code><\/p>","protected":false},"excerpt":{"rendered":"<p>LAGE R\u00e5\u00e5 liegt am \u00d6resund, mit direktem Blick in Richtung D\u00e4nemark \u2013 dort, wo auch der Fluss R\u00e5\u00e5n in den Sund m\u00fcndet. R\u00e5\u00e5 wurde um das 16. Jahrhundert als kleines Fischerdorf gegr\u00fcndet und hat heute etwa 3.000 Einwohner. Es ist der s\u00fcdlichste Teil von Helsingborg in der Provinz Sk\u00e5ne. &nbsp; LANDSCHAFTLICHER CHARAKTER Lange Zeit war [&hellip;]<\/p>\n","protected":false},"author":3,"featured_media":0,"parent":490,"menu_order":0,"comment_status":"closed","ping_status":"closed","template":"","meta":[],"categories":[34,15,31],"tags":[],"_links":{"self":[{"href":"https:\/\/sbt.ug.edu.pl\/de\/wp-json\/wp\/v2\/pages\/571"}],"collection":[{"href":"https:\/\/sbt.ug.edu.pl\/de\/wp-json\/wp\/v2\/pages"}],"about":[{"href":"https:\/\/sbt.ug.edu.pl\/de\/wp-json\/wp\/v2\/types\/page"}],"author":[{"embeddable":true,"href":"https:\/\/sbt.ug.edu.pl\/de\/wp-json\/wp\/v2\/users\/3"}],"replies":[{"embeddable":true,"href":"https:\/\/sbt.ug.edu.pl\/de\/wp-json\/wp\/v2\/comments?post=571"}],"version-history":[{"count":10,"href":"https:\/\/sbt.ug.edu.pl\/de\/wp-json\/wp\/v2\/pages\/571\/revisions"}],"predecessor-version":[{"id":5747,"href":"https:\/\/sbt.ug.edu.pl\/de\/wp-json\/wp\/v2\/pages\/571\/revisions\/5747"}],"up":[{"embeddable":true,"href":"https:\/\/sbt.ug.edu.pl\/de\/wp-json\/wp\/v2\/pages\/490"}],"wp:attachment":[{"href":"https:\/\/sbt.ug.edu.pl\/de\/wp-json\/wp\/v2\/media?parent=571"}],"wp:term":[{"taxonomy":"category","embeddable":true,"href":"https:\/\/sbt.ug.edu.pl\/de\/wp-json\/wp\/v2\/categories?post=571"},{"taxonomy":"post_tag","embeddable":true,"href":"https:\/\/sbt.ug.edu.pl\/de\/wp-json\/wp\/v2\/tags?post=571"}],"curies":[{"name":"wp","href":"https:\/\/api.w.org\/{rel}","templated":true}]}}