{"id":573,"date":"2018-12-23T11:42:20","date_gmt":"2018-12-23T10:42:20","guid":{"rendered":"http:\/\/southbaltic-tourist.eu\/?page_id=573"},"modified":"2021-06-02T12:49:20","modified_gmt":"2021-06-02T11:49:20","slug":"5-sassnitz","status":"publish","type":"page","link":"https:\/\/sbt.ug.edu.pl\/de\/routes\/world-of-fishermen\/5-sassnitz\/","title":{"rendered":"5. Sassnitz"},"content":{"rendered":"<p><\/p>\n<p style=\"text-align: justify;\"><strong>LAGE<\/strong><\/p>\n<p style=\"text-align: justify;\">Die Stadt Sassnitz liegt an der \u00f6stlichen K\u00fcste der Insel R\u00fcgen, neben dem malerischen Nationalpark Jasmund, der f\u00fcr seine Kreidefelsen bekannt ist.<\/p>\n<p><img decoding=\"async\" loading=\"lazy\" class=\"alignleft wp-image-2561\" src=\"https:\/\/southbaltic-tourist.eu\/wp-content\/uploads\/2019\/07\/R8A5-p1-freddieIMG_8804.jpg\" alt=\"\" width=\"600\" height=\"400\" srcset=\"https:\/\/sbt.ug.edu.pl\/wp-content\/uploads\/2019\/07\/R8A5-p1-freddieIMG_8804.jpg 1600w, https:\/\/sbt.ug.edu.pl\/wp-content\/uploads\/2019\/07\/R8A5-p1-freddieIMG_8804-300x200.jpg 300w, https:\/\/sbt.ug.edu.pl\/wp-content\/uploads\/2019\/07\/R8A5-p1-freddieIMG_8804-768x512.jpg 768w, https:\/\/sbt.ug.edu.pl\/wp-content\/uploads\/2019\/07\/R8A5-p1-freddieIMG_8804-1024x683.jpg 1024w, https:\/\/sbt.ug.edu.pl\/wp-content\/uploads\/2019\/07\/R8A5-p1-freddieIMG_8804-150x100.jpg 150w\" sizes=\"(max-width: 600px) 100vw, 600px\" \/><\/p>\n<p><a href=\"https:\/\/southbaltic-tourist.eu\/wp-content\/uploads\/2020\/02\/R8.05-Sassnitz.png\" data-rel=\"lightbox-gallery-qltkihgd\" data-rl_title=\"\" data-rl_caption=\"\" title=\"\"><img decoding=\"async\" loading=\"lazy\" class=\"alignnone wp-image-5337\" src=\"https:\/\/southbaltic-tourist.eu\/wp-content\/uploads\/2020\/02\/R8.05-Sassnitz-300x256.png\" alt=\"\" width=\"469\" height=\"400\" srcset=\"https:\/\/sbt.ug.edu.pl\/wp-content\/uploads\/2020\/02\/R8.05-Sassnitz-300x256.png 300w, https:\/\/sbt.ug.edu.pl\/wp-content\/uploads\/2020\/02\/R8.05-Sassnitz-1024x874.png 1024w, https:\/\/sbt.ug.edu.pl\/wp-content\/uploads\/2020\/02\/R8.05-Sassnitz-768x655.png 768w, https:\/\/sbt.ug.edu.pl\/wp-content\/uploads\/2020\/02\/R8.05-Sassnitz-1536x1310.png 1536w, https:\/\/sbt.ug.edu.pl\/wp-content\/uploads\/2020\/02\/R8.05-Sassnitz-150x128.png 150w, https:\/\/sbt.ug.edu.pl\/wp-content\/uploads\/2020\/02\/R8.05-Sassnitz.png 1600w\" sizes=\"(max-width: 469px) 100vw, 469px\" \/><\/a><\/p>\n<p style=\"text-align: justify;\"><strong>LANDSCHAFTLICHER CHARAKTER<\/strong><\/p>\n<p style=\"text-align: justify;\">Sassnitz ist eine kleine Stadt mit weniger als 10.000 Einwohnern. In der Touristensaison ist sie jedoch voller Besucher, da sie nicht nur als Hafenstadt, sondern auch als Badeort bekannt ist. Obwohl der internationale F\u00e4hr- und Handelshafen an einen nahegelegenen Ort -nach Mukran- umgezogen ist, erinnert der Sassnitzer Hafen immer noch an die 100-j\u00e4hrige Tradition der F\u00e4hrverbindungen von diesem Ort nach Schweden und weitere Orte Nordeuropas. Es ist der \u00f6stlichste Tiefwasserhafen Deutschlands. In Sassnitz sind noch viele lokale Fischer mit ihrem Handel besch\u00e4ftigt und von hier aus k\u00f6nnen Sie eine Bootsfahrt unternehmen, um die einzigartigen Kreidefelsen des Jasmund-Nationalparks zu bewundern. Der Hafen ist durch den l\u00e4ngsten Wellenbrecher Europas (1450 Meter) gesch\u00fctzt.<\/p>\n<p style=\"text-align: justify;\"><strong>SEHENSW\u00dcRDIGKEITEN<\/strong><\/p>\n<p style=\"text-align: justify;\">Sassnitz ist nicht nur das Tor zum Jasmund-Nationalpark, sein Hafen zieht auch Touristen wegen seines maritimen Charakters an. Aufgrund der hohen Steilk\u00fcste des Gebiets verbindet eine gro\u00dfe, 274 Meter lange H\u00e4ngebr\u00fccke nur f\u00fcr Fu\u00dfg\u00e4nger das Stadtzentrum mit dem Hafen. Das Fischerei- und Hafenmuseum dokumentiert die Geschichte der Stadt.<\/p>\n<p style=\"text-align: justify;\">GPS-Koordinaten: 54 \u00b0 30 &#8217;57 .287 &#8222;N 13 \u00b0 37 &#8217;59 .491&#8220; E.<\/p>\n<p style=\"text-align: justify;\"><a href=\"https:\/\/en.wikipedia.org\/wiki\/Sassnitz\">https:\/\/en.wikipedia.org\/wiki\/Sassnitz<\/a><\/p>\n<p style=\"text-align: justify;\"><a href=\"https:\/\/www.sassnitz.m-vp.de\/\">https:\/\/www.sassnitz.m-vp.de\/<\/a><\/p>\n<p style=\"text-align: justify;\"><a href=\"https:\/\/www.ruegen-travel.de\/Regionales\/Ruegen-Sehenswuerdigkeiten-Highlights\/Sassnitz-auf-Ruegen\/\">https:\/\/www.ruegen-travel.de\/Regionales\/Ruegen-Sehenswuerdigkeiten-Highlights\/Sassnitz-auf-Ruegen\/<\/a><\/p>\n<p><code><div class=\"rl-gallery-container rl-loading\" id=\"rl-gallery-container-2\" data-gallery_id=\"2560\"> <div class=\"rl-gallery rl-basicgrid-gallery \" id=\"rl-gallery-2\" data-gallery_no=\"2\"> <div class=\"rl-gallery-item\"><a href=\"https:\/\/sbt.ug.edu.pl\/wp-content\/uploads\/2019\/07\/R8A5-p1-freddieIMG_8804.jpg\" title=\"Maritime technology; \u00a9 Freddie Bijkerk\" data-rl_title=\"Maritime technology; \u00a9 Freddie Bijkerk\" class=\"rl-gallery-link\" data-rl_caption=\"\" data-rel=\"lightbox-gallery-2\"><img src=\"https:\/\/sbt.ug.edu.pl\/wp-content\/uploads\/2019\/07\/R8A5-p1-freddieIMG_8804-300x200.jpg\" width=\"300\" height=\"200\" alt=\"\" \/><\/a><\/div><div class=\"rl-gallery-item\"><a href=\"https:\/\/sbt.ug.edu.pl\/wp-content\/uploads\/2019\/07\/R8A5-p2-Ruegen_Sassnitz_Rathaus_2.jpg\" title=\"Rathaus; \u00a9 commons.wikimedia.org, Andreas Steinhoff\" data-rl_title=\"Rathaus; \u00a9 commons.wikimedia.org, Andreas Steinhoff\" class=\"rl-gallery-link\" data-rl_caption=\"\" data-rel=\"lightbox-gallery-2\"><img src=\"https:\/\/sbt.ug.edu.pl\/wp-content\/uploads\/2019\/07\/R8A5-p2-Ruegen_Sassnitz_Rathaus_2-199x300.jpg\" width=\"199\" height=\"300\" alt=\"\" \/><\/a><\/div><div class=\"rl-gallery-item\"><a href=\"https:\/\/sbt.ug.edu.pl\/wp-content\/uploads\/2019\/07\/R8A5-p3-Kirche_Sassnitz.jpg\" title=\"Church; \u00a9 commons.wikimedia.org, Kopist\" data-rl_title=\"Church; \u00a9 commons.wikimedia.org, Kopist\" class=\"rl-gallery-link\" data-rl_caption=\"\" data-rel=\"lightbox-gallery-2\"><img src=\"https:\/\/sbt.ug.edu.pl\/wp-content\/uploads\/2019\/07\/R8A5-p3-Kirche_Sassnitz-239x300.jpg\" width=\"239\" height=\"300\" alt=\"\" \/><\/a><\/div><div class=\"rl-gallery-item\"><a href=\"https:\/\/sbt.ug.edu.pl\/wp-content\/uploads\/2019\/07\/R8A5-p4-freddie-IMG_8794.jpg\" title=\"Ships; \u00a9 Freddie Bijkerk\" data-rl_title=\"Ships; \u00a9 Freddie Bijkerk\" class=\"rl-gallery-link\" data-rl_caption=\"\" data-rel=\"lightbox-gallery-2\"><img src=\"https:\/\/sbt.ug.edu.pl\/wp-content\/uploads\/2019\/07\/R8A5-p4-freddie-IMG_8794-300x200.jpg\" width=\"300\" height=\"200\" alt=\"\" \/><\/a><\/div><div class=\"rl-gallery-item\"><a href=\"https:\/\/sbt.ug.edu.pl\/wp-content\/uploads\/2019\/07\/R8A5-p5-freddie-IMG_8799.jpg\" title=\"R\u00fcgenFisch; \u00a9 Freddie Bijkerk\" data-rl_title=\"R\u00fcgenFisch; \u00a9 Freddie Bijkerk\" class=\"rl-gallery-link\" data-rl_caption=\"\" data-rel=\"lightbox-gallery-2\"><img src=\"https:\/\/sbt.ug.edu.pl\/wp-content\/uploads\/2019\/07\/R8A5-p5-freddie-IMG_8799-300x200.jpg\" width=\"300\" height=\"200\" alt=\"\" \/><\/a><\/div><div class=\"rl-gallery-item\"><a href=\"https:\/\/sbt.ug.edu.pl\/wp-content\/uploads\/2019\/07\/R8A5-p6-freddie-IMG_8788.jpg\" title=\"Lighthouse Sassnitz; \u00a9 Freddie Bijkerk\" data-rl_title=\"Lighthouse Sassnitz; \u00a9 Freddie Bijkerk\" class=\"rl-gallery-link\" data-rl_caption=\"\" data-rel=\"lightbox-gallery-2\"><img src=\"https:\/\/sbt.ug.edu.pl\/wp-content\/uploads\/2019\/07\/R8A5-p6-freddie-IMG_8788-300x200.jpg\" width=\"300\" height=\"200\" alt=\"\" \/><\/a><\/div><div class=\"rl-gallery-item\"><a href=\"https:\/\/sbt.ug.edu.pl\/wp-content\/uploads\/2019\/07\/R8A5-p7-freddieIMG_8805.jpg\" title=\"Rescue boats; \u00a9 Freddie Bijkerk\" data-rl_title=\"Rescue boats; \u00a9 Freddie Bijkerk\" class=\"rl-gallery-link\" data-rl_caption=\"\" data-rel=\"lightbox-gallery-2\"><img src=\"https:\/\/sbt.ug.edu.pl\/wp-content\/uploads\/2019\/07\/R8A5-p7-freddieIMG_8805-300x200.jpg\" width=\"300\" height=\"200\" alt=\"\" \/><\/a><\/div><div class=\"rl-gallery-item\"><a href=\"https:\/\/sbt.ug.edu.pl\/wp-content\/uploads\/2019\/07\/R8A5-p8-freddieIMG_8813.jpg\" title=\"Pedestrian bridge; \u00a9 Freddie Bijkerk\" data-rl_title=\"Pedestrian bridge; \u00a9 Freddie Bijkerk\" class=\"rl-gallery-link\" data-rl_caption=\"\" data-rel=\"lightbox-gallery-2\"><img src=\"https:\/\/sbt.ug.edu.pl\/wp-content\/uploads\/2019\/07\/R8A5-p8-freddieIMG_8813-300x200.jpg\" width=\"300\" height=\"200\" alt=\"\" \/><\/a><\/div><div class=\"rl-gallery-item\"><a href=\"https:\/\/sbt.ug.edu.pl\/wp-content\/uploads\/2019\/07\/R8A5-p9-Freddie-frozenlighthouse.jpg\" title=\"Lighthouse winter; \u00a9 Freddie Bijkerk\" data-rl_title=\"Lighthouse winter; \u00a9 Freddie Bijkerk\" class=\"rl-gallery-link\" data-rl_caption=\"\" data-rel=\"lightbox-gallery-2\"><img src=\"https:\/\/sbt.ug.edu.pl\/wp-content\/uploads\/2019\/07\/R8A5-p9-Freddie-frozenlighthouse-300x200.jpg\" width=\"300\" height=\"200\" alt=\"\" \/><\/a><\/div> <\/div> <\/div><\/code><\/p>","protected":false},"excerpt":{"rendered":"<p>LAGE Die Stadt Sassnitz liegt an der \u00f6stlichen K\u00fcste der Insel R\u00fcgen, neben dem malerischen Nationalpark Jasmund, der f\u00fcr seine Kreidefelsen bekannt ist. LANDSCHAFTLICHER CHARAKTER Sassnitz ist eine kleine Stadt mit weniger als 10.000 Einwohnern. In der Touristensaison ist sie jedoch voller Besucher, da sie nicht nur als Hafenstadt, sondern auch als Badeort bekannt ist. [&hellip;]<\/p>\n","protected":false},"author":3,"featured_media":0,"parent":490,"menu_order":0,"comment_status":"closed","ping_status":"closed","template":"","meta":[],"categories":[34,15,31],"tags":[],"_links":{"self":[{"href":"https:\/\/sbt.ug.edu.pl\/de\/wp-json\/wp\/v2\/pages\/573"}],"collection":[{"href":"https:\/\/sbt.ug.edu.pl\/de\/wp-json\/wp\/v2\/pages"}],"about":[{"href":"https:\/\/sbt.ug.edu.pl\/de\/wp-json\/wp\/v2\/types\/page"}],"author":[{"embeddable":true,"href":"https:\/\/sbt.ug.edu.pl\/de\/wp-json\/wp\/v2\/users\/3"}],"replies":[{"embeddable":true,"href":"https:\/\/sbt.ug.edu.pl\/de\/wp-json\/wp\/v2\/comments?post=573"}],"version-history":[{"count":9,"href":"https:\/\/sbt.ug.edu.pl\/de\/wp-json\/wp\/v2\/pages\/573\/revisions"}],"predecessor-version":[{"id":5748,"href":"https:\/\/sbt.ug.edu.pl\/de\/wp-json\/wp\/v2\/pages\/573\/revisions\/5748"}],"up":[{"embeddable":true,"href":"https:\/\/sbt.ug.edu.pl\/de\/wp-json\/wp\/v2\/pages\/490"}],"wp:attachment":[{"href":"https:\/\/sbt.ug.edu.pl\/de\/wp-json\/wp\/v2\/media?parent=573"}],"wp:term":[{"taxonomy":"category","embeddable":true,"href":"https:\/\/sbt.ug.edu.pl\/de\/wp-json\/wp\/v2\/categories?post=573"},{"taxonomy":"post_tag","embeddable":true,"href":"https:\/\/sbt.ug.edu.pl\/de\/wp-json\/wp\/v2\/tags?post=573"}],"curies":[{"name":"wp","href":"https:\/\/api.w.org\/{rel}","templated":true}]}}