{"id":575,"date":"2018-12-23T11:44:27","date_gmt":"2018-12-23T10:44:27","guid":{"rendered":"http:\/\/southbaltic-tourist.eu\/?page_id=575"},"modified":"2021-06-02T12:51:55","modified_gmt":"2021-06-02T11:51:55","slug":"6-jasmund-national-park","status":"publish","type":"page","link":"https:\/\/sbt.ug.edu.pl\/de\/routes\/world-of-fishermen\/6-jasmund-national-park\/","title":{"rendered":"6. Jasmund Nationalpark"},"content":{"rendered":"<p><\/p>\n<p style=\"text-align: justify;\"><strong>LAGE<\/strong><\/p>\n<p style=\"text-align: justify;\">Der Nationalpark Jasmund liegt in Mecklenburg-Vorpommern an der nord\u00f6stlichen K\u00fcste der Insel R\u00fcgen (Rugia), mit Blick \u00fcber die Ostsee. Die Fl\u00e4che des Nationalparks betr\u00e4gt 3.100 ha, davon 2400 ha Land- und 700 ha Wasserfl\u00e4che. Damit ist Jasmund der kleinste Nationalpark Deutschlands. In der N\u00e4he dieses Schutzgebietes liegen die Stadt Sassnitz und das Dorf Lohme. Es gibt auch einige kleine D\u00f6rfer innerhalb des Nationalparkgebietes.<\/p>\n<p><img decoding=\"async\" loading=\"lazy\" class=\"alignnone wp-image-2572 size-full\" src=\"https:\/\/southbaltic-tourist.eu\/wp-content\/uploads\/2019\/07\/R8A6-p1-Jasmund-1-K\u00f6nigsstuhl_und_Viktoria-Sicht.jpg\" alt=\"\" width=\"1600\" height=\"968\" srcset=\"https:\/\/sbt.ug.edu.pl\/wp-content\/uploads\/2019\/07\/R8A6-p1-Jasmund-1-K\u00f6nigsstuhl_und_Viktoria-Sicht.jpg 1600w, https:\/\/sbt.ug.edu.pl\/wp-content\/uploads\/2019\/07\/R8A6-p1-Jasmund-1-K\u00f6nigsstuhl_und_Viktoria-Sicht-300x182.jpg 300w, https:\/\/sbt.ug.edu.pl\/wp-content\/uploads\/2019\/07\/R8A6-p1-Jasmund-1-K\u00f6nigsstuhl_und_Viktoria-Sicht-768x465.jpg 768w, https:\/\/sbt.ug.edu.pl\/wp-content\/uploads\/2019\/07\/R8A6-p1-Jasmund-1-K\u00f6nigsstuhl_und_Viktoria-Sicht-1024x620.jpg 1024w, https:\/\/sbt.ug.edu.pl\/wp-content\/uploads\/2019\/07\/R8A6-p1-Jasmund-1-K\u00f6nigsstuhl_und_Viktoria-Sicht-150x91.jpg 150w\" sizes=\"(max-width: 1600px) 100vw, 1600px\" \/><\/p>\n<p style=\"text-align: justify;\"><strong>LANDSCHAFTLICHER CHARAKTER<\/strong><\/p>\n<p style=\"text-align: justify;\">Der Jasmund-Nationalpark ist einzigartig in Deutschland. Er hat zwei wichtige Wahrzeichen: Erstens die Kreidefelsen an der K\u00fcste, die bis zu 161 m hoch sind und sich \u00fcber 500 m erstrecken, einschlie\u00dflich des 118 m hohen Kreidefelsens \u201eK\u00f6nigsstuhl\u201c. Die Kreidefelsen bestehen aus Kreidekalk und sind mit Wald gekr\u00f6nt. Sie sind einer st\u00e4ndigen Erosion ausgesetzt, so dass nicht jeder Teil des Strandes f\u00fcr Besucher zug\u00e4nglich ist. Zweitens befinden sich in Jasmund wertvolle, alte Buchenw\u00e4lder, in denen einige der \u00e4ltesten Buchen Deutschlands wachsen. Seit 2011 geh\u00f6rt der Wald zum UNESCO-Welterbe.<\/p>\n<p style=\"text-align: justify;\"><strong>SEHENSW\u00dcRDIGKEITEN<\/strong><\/p>\n<p style=\"text-align: justify;\">Der Nationalpark ist ein Magnet f\u00fcr Naturliebhaber und aktive Urlauber. Im einzigartigen und gesch\u00fctzten Buchenwald werden Wander- und Radtouren angeboten. Der Wald selbst ist eine gro\u00dfe Attraktion. Es gibt auch zahlreiche Aussichtspunkte (Viktoriasicht, K\u00f6nigsstuhl, Hohes Ufer, Ernst-Moritz-Arndt-Blick) auf die K\u00fcstengebiete und die Ostsee. Das Nationalparkzentrum \u201eK\u00f6nigsstuhl\u201c befindet sich auf den Kreidefelsen \u2013 es beinhaltet eine 2000 Quadratmeter gro\u00dfe Ausstellungsfl\u00e4che, ein Kino mit mehreren Bildschirmen, eine Aussichtsplattform und einen Abenteuerkurs im Au\u00dfenbereich. Das Zentrum bietet einen umfassenden \u00dcberblick \u00fcber die faszinierende geologische Geschichte und die Naturattraktionen der Region.<\/p>\n<p style=\"text-align: justify;\">GPS-Koordinaten: 54 \u00b0 33 &#8218;3,812 &#8222;N 13 \u00b0 38&#8216; 52,318&#8220; E.<\/p>\n<p style=\"text-align: justify;\"><a href=\"http:\/\/www.nationalpark-jasmund.de\/\">http:\/\/www.nationalpark-jasmund.de\/<\/a><\/p>\n<p style=\"text-align: justify;\"><a href=\"https:\/\/en.wikipedia.org\/wiki\/Jasmund_National_Park\">https:\/\/en.wikipedia.org\/wiki\/Jasmund_National_Park<\/a><\/p>\n<p><code><div class=\"rl-gallery-container rl-loading\" id=\"rl-gallery-container-2\" data-gallery_id=\"2571\"> <div class=\"rl-gallery rl-basicgrid-gallery \" id=\"rl-gallery-2\" data-gallery_no=\"2\"> <div class=\"rl-gallery-item\"><a href=\"https:\/\/sbt.ug.edu.pl\/wp-content\/uploads\/2019\/07\/R8A6-p1-Jasmund-1-K\u00f6nigsstuhl_und_Viktoria-Sicht.jpg\" title=\"Kreidek\u00fcste; \u00a9 commons.wikimedia.org, Thomas Wolf\" data-rl_title=\"Kreidek\u00fcste; \u00a9 commons.wikimedia.org, Thomas Wolf\" class=\"rl-gallery-link\" data-rl_caption=\"\" data-rel=\"lightbox-gallery-2\"><img src=\"https:\/\/sbt.ug.edu.pl\/wp-content\/uploads\/2019\/07\/R8A6-p1-Jasmund-1-K\u00f6nigsstuhl_und_Viktoria-Sicht-300x182.jpg\" width=\"300\" height=\"182\" alt=\"\" \/><\/a><\/div><div class=\"rl-gallery-item\"><a href=\"https:\/\/sbt.ug.edu.pl\/wp-content\/uploads\/2019\/07\/R8A6-p2-Jasmund-4-Stubnitz-Parkzentrum-110513-008.jpg\" title=\"Nationalparkzentrum; \u00a9 commons.wikimedia.org, Chron-Paul\" data-rl_title=\"Nationalparkzentrum; \u00a9 commons.wikimedia.org, Chron-Paul\" class=\"rl-gallery-link\" data-rl_caption=\"\" data-rel=\"lightbox-gallery-2\"><img src=\"https:\/\/sbt.ug.edu.pl\/wp-content\/uploads\/2019\/07\/R8A6-p2-Jasmund-4-Stubnitz-Parkzentrum-110513-008-300x199.jpg\" width=\"300\" height=\"199\" alt=\"\" \/><\/a><\/div><div class=\"rl-gallery-item\"><a href=\"https:\/\/sbt.ug.edu.pl\/wp-content\/uploads\/2019\/07\/R8A6-p3-Nationalpark_Jasmund_Ansicht.jpg\" title=\"Buchenwald; \u00a9 commons.wikimedia.org, Queryzo\" data-rl_title=\"Buchenwald; \u00a9 commons.wikimedia.org, Queryzo\" class=\"rl-gallery-link\" data-rl_caption=\"\" data-rel=\"lightbox-gallery-2\"><img src=\"https:\/\/sbt.ug.edu.pl\/wp-content\/uploads\/2019\/07\/R8A6-p3-Nationalpark_Jasmund_Ansicht-300x225.jpg\" width=\"300\" height=\"225\" alt=\"\" \/><\/a><\/div><div class=\"rl-gallery-item\"><a href=\"https:\/\/sbt.ug.edu.pl\/wp-content\/uploads\/2019\/07\/R8A6-p4-Jasmund-6-Kreidefelsen_Stubbenkammer_2011-05-21_7.jpg\" title=\"K\u00f6nisstuhl aus Luft; \u00a9 commons.wikimedia.org, Klugschnacker\" data-rl_title=\"K\u00f6nisstuhl aus Luft; \u00a9 commons.wikimedia.org, Klugschnacker\" class=\"rl-gallery-link\" data-rl_caption=\"\" data-rel=\"lightbox-gallery-2\"><img src=\"https:\/\/sbt.ug.edu.pl\/wp-content\/uploads\/2019\/07\/R8A6-p4-Jasmund-6-Kreidefelsen_Stubbenkammer_2011-05-21_7-300x199.jpg\" width=\"300\" height=\"199\" alt=\"\" \/><\/a><\/div><div class=\"rl-gallery-item\"><a href=\"https:\/\/sbt.ug.edu.pl\/wp-content\/uploads\/2019\/07\/R8A6-p5-Jasmund-7-KoenigsstuhlRuegenPlatform.jpg\" title=\"Aussichtsplattform; \u00a9 commons.wikimedia.org, Ramessos\" data-rl_title=\"Aussichtsplattform; \u00a9 commons.wikimedia.org, Ramessos\" class=\"rl-gallery-link\" data-rl_caption=\"\" data-rel=\"lightbox-gallery-2\"><img src=\"https:\/\/sbt.ug.edu.pl\/wp-content\/uploads\/2019\/07\/R8A6-p5-Jasmund-7-KoenigsstuhlRuegenPlatform-225x300.jpg\" width=\"225\" height=\"300\" alt=\"\" \/><\/a><\/div><div class=\"rl-gallery-item\"><a href=\"https:\/\/sbt.ug.edu.pl\/wp-content\/uploads\/2019\/07\/R8A6-p6-Jasmund-8.jpg\" title=\"Sumpf; \u00a9 commons.wikimedia.org, Gerd W. Zinke\" data-rl_title=\"Sumpf; \u00a9 commons.wikimedia.org, Gerd W. Zinke\" class=\"rl-gallery-link\" data-rl_caption=\"\" data-rel=\"lightbox-gallery-2\"><img src=\"https:\/\/sbt.ug.edu.pl\/wp-content\/uploads\/2019\/07\/R8A6-p6-Jasmund-8-300x199.jpg\" width=\"300\" height=\"199\" alt=\"\" \/><\/a><\/div><div class=\"rl-gallery-item\"><a href=\"https:\/\/sbt.ug.edu.pl\/wp-content\/uploads\/2019\/07\/R8A6-p7-Wissower_Klinken_April_2004.jpg\" title=\"Wissower Klinken; \u00a9 commons.wikimedia.org, Lapplaender\" data-rl_title=\"Wissower Klinken; \u00a9 commons.wikimedia.org, Lapplaender\" class=\"rl-gallery-link\" data-rl_caption=\"\" data-rel=\"lightbox-gallery-2\"><img src=\"https:\/\/sbt.ug.edu.pl\/wp-content\/uploads\/2019\/07\/R8A6-p7-Wissower_Klinken_April_2004-300x225.jpg\" width=\"300\" height=\"225\" alt=\"\" \/><\/a><\/div><div class=\"rl-gallery-item\"><a href=\"https:\/\/sbt.ug.edu.pl\/wp-content\/uploads\/2019\/07\/R8A6-p8-102_-_Stubbenkammer.jpg\" title=\"Buchenwald; \u00a9 commons.wikimedia.org, Michael J. Zirbes\" data-rl_title=\"Buchenwald; \u00a9 commons.wikimedia.org, Michael J. Zirbes\" class=\"rl-gallery-link\" data-rl_caption=\"\" data-rel=\"lightbox-gallery-2\"><img src=\"https:\/\/sbt.ug.edu.pl\/wp-content\/uploads\/2019\/07\/R8A6-p8-102_-_Stubbenkammer-300x227.jpg\" width=\"300\" height=\"227\" alt=\"\" \/><\/a><\/div><div class=\"rl-gallery-item\"><a href=\"https:\/\/sbt.ug.edu.pl\/wp-content\/uploads\/2019\/07\/R8A6-p9-Jasmund-11-R\u00fcgen_Nationalpark-Jasmund_Wasserfall-am-Kieler-Ufer_May-2009_SL272761.jpg\" title=\"Kieler Ufer; \u00a9 commons.wikimedia.org, C. Loeser\" data-rl_title=\"Kieler Ufer; \u00a9 commons.wikimedia.org, C. Loeser\" class=\"rl-gallery-link\" data-rl_caption=\"\" data-rel=\"lightbox-gallery-2\"><img src=\"https:\/\/sbt.ug.edu.pl\/wp-content\/uploads\/2019\/07\/R8A6-p9-Jasmund-11-R\u00fcgen_Nationalpark-Jasmund_Wasserfall-am-Kieler-Ufer_May-2009_SL272761-225x300.jpg\" width=\"225\" height=\"300\" alt=\"\" \/><\/a><\/div> <\/div> <\/div><\/code><\/p>","protected":false},"excerpt":{"rendered":"<p>LAGE Der Nationalpark Jasmund liegt in Mecklenburg-Vorpommern an der nord\u00f6stlichen K\u00fcste der Insel R\u00fcgen (Rugia), mit Blick \u00fcber die Ostsee. Die Fl\u00e4che des Nationalparks betr\u00e4gt 3.100 ha, davon 2400 ha Land- und 700 ha Wasserfl\u00e4che. Damit ist Jasmund der kleinste Nationalpark Deutschlands. In der N\u00e4he dieses Schutzgebietes liegen die Stadt Sassnitz und das Dorf Lohme. [&hellip;]<\/p>\n","protected":false},"author":3,"featured_media":0,"parent":490,"menu_order":0,"comment_status":"closed","ping_status":"closed","template":"","meta":[],"categories":[34,15,31],"tags":[],"_links":{"self":[{"href":"https:\/\/sbt.ug.edu.pl\/de\/wp-json\/wp\/v2\/pages\/575"}],"collection":[{"href":"https:\/\/sbt.ug.edu.pl\/de\/wp-json\/wp\/v2\/pages"}],"about":[{"href":"https:\/\/sbt.ug.edu.pl\/de\/wp-json\/wp\/v2\/types\/page"}],"author":[{"embeddable":true,"href":"https:\/\/sbt.ug.edu.pl\/de\/wp-json\/wp\/v2\/users\/3"}],"replies":[{"embeddable":true,"href":"https:\/\/sbt.ug.edu.pl\/de\/wp-json\/wp\/v2\/comments?post=575"}],"version-history":[{"count":7,"href":"https:\/\/sbt.ug.edu.pl\/de\/wp-json\/wp\/v2\/pages\/575\/revisions"}],"predecessor-version":[{"id":5749,"href":"https:\/\/sbt.ug.edu.pl\/de\/wp-json\/wp\/v2\/pages\/575\/revisions\/5749"}],"up":[{"embeddable":true,"href":"https:\/\/sbt.ug.edu.pl\/de\/wp-json\/wp\/v2\/pages\/490"}],"wp:attachment":[{"href":"https:\/\/sbt.ug.edu.pl\/de\/wp-json\/wp\/v2\/media?parent=575"}],"wp:term":[{"taxonomy":"category","embeddable":true,"href":"https:\/\/sbt.ug.edu.pl\/de\/wp-json\/wp\/v2\/categories?post=575"},{"taxonomy":"post_tag","embeddable":true,"href":"https:\/\/sbt.ug.edu.pl\/de\/wp-json\/wp\/v2\/tags?post=575"}],"curies":[{"name":"wp","href":"https:\/\/api.w.org\/{rel}","templated":true}]}}