{"id":577,"date":"2018-12-23T11:46:45","date_gmt":"2018-12-23T10:46:45","guid":{"rendered":"http:\/\/southbaltic-tourist.eu\/?page_id=577"},"modified":"2021-06-08T17:04:55","modified_gmt":"2021-06-08T16:04:55","slug":"7-binz","status":"publish","type":"page","link":"https:\/\/sbt.ug.edu.pl\/de\/routes\/world-of-fishermen\/7-binz\/","title":{"rendered":"7. Binz"},"content":{"rendered":"<p><\/p>\n<p style=\"text-align: justify;\"><strong>LAGE<\/strong><\/p>\n<p style=\"text-align: justify;\">Der Badeort Binz liegt auf der Insel R\u00fcgen im Nordosten Deutschlands, in Mecklenburg-Vorpommern, an der Bucht der Prorer Wieck und zwischen der Halbinsel Jasmund, dem Biosph\u00e4renreservat S\u00fcdost-R\u00fcgen, Granitz und dem Heideland. Binz und seine Nachbard\u00f6rfer &#8211; das Jagdschloss Granitz und Prora &#8211; haben derzeit zusammen 5.887 Einwohner.<\/p>\n<p><img decoding=\"async\" loading=\"lazy\" class=\"alignnone wp-image-2591 size-full\" src=\"https:\/\/southbaltic-tourist.eu\/wp-content\/uploads\/2019\/07\/R8A7-p1-IMG_6459.jpg\" alt=\"\" width=\"1600\" height=\"1200\" srcset=\"https:\/\/sbt.ug.edu.pl\/wp-content\/uploads\/2019\/07\/R8A7-p1-IMG_6459.jpg 1600w, https:\/\/sbt.ug.edu.pl\/wp-content\/uploads\/2019\/07\/R8A7-p1-IMG_6459-300x225.jpg 300w, https:\/\/sbt.ug.edu.pl\/wp-content\/uploads\/2019\/07\/R8A7-p1-IMG_6459-768x576.jpg 768w, https:\/\/sbt.ug.edu.pl\/wp-content\/uploads\/2019\/07\/R8A7-p1-IMG_6459-1024x768.jpg 1024w, https:\/\/sbt.ug.edu.pl\/wp-content\/uploads\/2019\/07\/R8A7-p1-IMG_6459-150x113.jpg 150w, https:\/\/sbt.ug.edu.pl\/wp-content\/uploads\/2019\/07\/R8A7-p1-IMG_6459-136x102.jpg 136w\" sizes=\"(max-width: 1600px) 100vw, 1600px\" \/><\/p>\n<p style=\"text-align: justify;\"><strong>LANDSCHAFTLICHER CHARAKTER<\/strong><\/p>\n<p style=\"text-align: justify;\">Binz ist der gr\u00f6\u00dfte Badeort der Insel und weist einen 5 km langen Strand auf. Die Stadt hat sich von einem kleinen Fischerdorf zu einem wichtigen touristischen Badeort entwickelt. Mit seinen zahlreichen Hotels, Ferienh\u00e4usern, guten Restaurants und Caf\u00e9s ist es ein idealer Ort f\u00fcr Touristen. Diese Ostseek\u00fcstenstadt bietet eine charmante Symbiose aus traditionellem Badeort, abwechslungsreicher Naturlandschaft und zahlreichen Sehensw\u00fcrdigkeiten. Mit ihren 700 Jahren hat diese Stadt viele malerische Villen, eine lebhafte Promenade, einen Pier und Geb\u00e4ude aus der Zeit der B\u00e4derarchitektur.<\/p>\n<p style=\"text-align: justify;\"><strong>SEHENSW\u00dcRDIGKEITEN<\/strong><\/p>\n<p style=\"text-align: justify;\">Neben der Hauptattraktion &#8211; dem breiten, feinen Sandstrand ohne Steine \u200b\u200b- gibt es in Binz eine Vielzahl von Sehensw\u00fcrdigkeiten und Angebote von Aktivit\u00e4ten. Am bekanntesten ist die sogenannte \u201eB\u00e4derarchitektur\u201c, die f\u00fcr Badeorte an der deutschen Ostseek\u00fcste charakteristisch ist. Dar\u00fcber hinaus gibt es eine Kunstmeile, das Jagdschloss in Granitz und die Galileo Wissenswelt R\u00fcgen, die besonders f\u00fcr Kinder spannend ist. Ein weiterer historischer Anblick ist Prora, ein monumentales 4,5 km langes Geb\u00e4ude, das die Geschichte des Nationalsozialismus und der DDR-Zeit zeigt. Hier befinden sich das Prora Dokumentationszentrum, die KulturKunststatt und das Eisenbahn- und Technikmuseum. Es gibt auch einen Baumwipfelpfad mit herrlichem Blick \u00fcber das gesamte Gebiet. In Binz finden jedes Jahr zahlreiche kulturelle und sportliche Veranstaltungen statt, z.B. Sommerkonzerte, der Ironman von R\u00fcgen, ein Ostsee-Schwimmwettbewerb und die nationalen Beachvolleyball-Meisterschaften. Es gibt auch viele Wander- und Radwege rund um Binz; zahlreiche Spielpl\u00e4tze und Abenteuerbereiche laden vor allem Kinder ein.<\/p>\n<p style=\"text-align: justify;\">GPS-Koordinaten: 54 \u00b0 24 &#8218;7.974 &#8222;N 13 \u00b0 36&#8216; 21.69&#8220; E.<\/p>\n<p style=\"text-align: justify;\"><a href=\"https:\/\/en.wikipedia.org\/wiki\/Binz\">https:\/\/en.wikipedia.org\/wiki\/Binz<\/a><\/p>\n<p style=\"text-align: justify;\"><a href=\"https:\/\/www.ostseebad-binz.de\">https:\/\/www.ostseebad-binz.de<\/a><\/p>\n<p><code><div class=\"rl-gallery-container rl-loading\" id=\"rl-gallery-container-2\" data-gallery_id=\"2576\"> <div class=\"rl-gallery rl-basicgrid-gallery \" id=\"rl-gallery-2\" data-gallery_no=\"2\"> <div class=\"rl-gallery-item\"><a href=\"https:\/\/sbt.ug.edu.pl\/wp-content\/uploads\/2019\/07\/R8A7-p1-IMG_6459.jpg\" title=\"Parkhotel; \u00a9 Wilhelm Steingrube\" data-rl_title=\"Parkhotel; \u00a9 Wilhelm Steingrube\" class=\"rl-gallery-link\" data-rl_caption=\"\" data-rel=\"lightbox-gallery-2\"><img src=\"https:\/\/sbt.ug.edu.pl\/wp-content\/uploads\/2019\/07\/R8A7-p1-IMG_6459-300x225.jpg\" width=\"300\" height=\"225\" alt=\"\" \/><\/a><\/div><div class=\"rl-gallery-item\"><a href=\"https:\/\/sbt.ug.edu.pl\/wp-content\/uploads\/2019\/07\/R8A7-p2-IMG_6457.jpg\" title=\"Pier; \u00a9 Wilhelm Steingrube\" data-rl_title=\"Pier; \u00a9 Wilhelm Steingrube\" class=\"rl-gallery-link\" data-rl_caption=\"\" data-rel=\"lightbox-gallery-2\"><img src=\"https:\/\/sbt.ug.edu.pl\/wp-content\/uploads\/2019\/07\/R8A7-p2-IMG_6457-300x225.jpg\" width=\"300\" height=\"225\" alt=\"\" \/><\/a><\/div><div class=\"rl-gallery-item\"><a href=\"https:\/\/sbt.ug.edu.pl\/wp-content\/uploads\/2019\/07\/R8A7-p3-IMG_6454.jpg\" title=\"Resort architecture-Binz-1; \u00a9 Wilhelm Steingrube\" data-rl_title=\"Resort architecture-Binz-1; \u00a9 Wilhelm Steingrube\" class=\"rl-gallery-link\" data-rl_caption=\"\" data-rel=\"lightbox-gallery-2\"><img src=\"https:\/\/sbt.ug.edu.pl\/wp-content\/uploads\/2019\/07\/R8A7-p3-IMG_6454-300x225.jpg\" width=\"300\" height=\"225\" alt=\"\" \/><\/a><\/div><div class=\"rl-gallery-item\"><a href=\"https:\/\/sbt.ug.edu.pl\/wp-content\/uploads\/2019\/07\/R8A7-p4-IMG_6504.jpg\" title=\"Resort architecture-Binz-2; \u00a9 Wilhelm Steingrube\" data-rl_title=\"Resort architecture-Binz-2; \u00a9 Wilhelm Steingrube\" class=\"rl-gallery-link\" data-rl_caption=\"\" data-rel=\"lightbox-gallery-2\"><img src=\"https:\/\/sbt.ug.edu.pl\/wp-content\/uploads\/2019\/07\/R8A7-p4-IMG_6504-300x225.jpg\" width=\"300\" height=\"225\" alt=\"\" \/><\/a><\/div><div class=\"rl-gallery-item\"><a href=\"https:\/\/sbt.ug.edu.pl\/wp-content\/uploads\/2019\/07\/R8A7-p5-IMG_6505.jpg\" title=\"Resort architecture-Binz-3; \u00a9 Wilhelm Steingrube\" data-rl_title=\"Resort architecture-Binz-3; \u00a9 Wilhelm Steingrube\" class=\"rl-gallery-link\" data-rl_caption=\"\" data-rel=\"lightbox-gallery-2\"><img src=\"https:\/\/sbt.ug.edu.pl\/wp-content\/uploads\/2019\/07\/R8A7-p5-IMG_6505-225x300.jpg\" width=\"225\" height=\"300\" alt=\"\" \/><\/a><\/div><div class=\"rl-gallery-item\"><a href=\"https:\/\/sbt.ug.edu.pl\/wp-content\/uploads\/2019\/07\/R8A7-p6-IMG_6508.jpg\" title=\"Resort architecture-Binz-4; \u00a9 Wilhelm Steingrube\" data-rl_title=\"Resort architecture-Binz-4; \u00a9 Wilhelm Steingrube\" class=\"rl-gallery-link\" data-rl_caption=\"\" data-rel=\"lightbox-gallery-2\"><img src=\"https:\/\/sbt.ug.edu.pl\/wp-content\/uploads\/2019\/07\/R8A7-p6-IMG_6508-225x300.jpg\" width=\"225\" height=\"300\" alt=\"\" \/><\/a><\/div><div class=\"rl-gallery-item\"><a href=\"https:\/\/sbt.ug.edu.pl\/wp-content\/uploads\/2019\/07\/R8A7-p7-IMG_6514.jpg\" title=\"Resort architecture-Binz-5; \u00a9 Wilhelm Steingrube\" data-rl_title=\"Resort architecture-Binz-5; \u00a9 Wilhelm Steingrube\" class=\"rl-gallery-link\" data-rl_caption=\"\" data-rel=\"lightbox-gallery-2\"><img src=\"https:\/\/sbt.ug.edu.pl\/wp-content\/uploads\/2019\/07\/R8A7-p7-IMG_6514-300x225.jpg\" width=\"300\" height=\"225\" alt=\"\" \/><\/a><\/div><div class=\"rl-gallery-item\"><a href=\"https:\/\/sbt.ug.edu.pl\/wp-content\/uploads\/2019\/07\/R8A7-p8-IMG_6516.jpg\" title=\"Sculpture-1 Binz; \u00a9 Wilhelm Steingrube\" data-rl_title=\"Sculpture-1 Binz; \u00a9 Wilhelm Steingrube\" class=\"rl-gallery-link\" data-rl_caption=\"\" data-rel=\"lightbox-gallery-2\"><img src=\"https:\/\/sbt.ug.edu.pl\/wp-content\/uploads\/2019\/07\/R8A7-p8-IMG_6516-225x300.jpg\" width=\"225\" height=\"300\" alt=\"\" \/><\/a><\/div><div class=\"rl-gallery-item\"><a href=\"https:\/\/sbt.ug.edu.pl\/wp-content\/uploads\/2019\/07\/R8A7-p9-IMG_6519.jpg\" title=\"Kurpark Binz; \u00a9 Wilhelm Steingrube\" data-rl_title=\"Kurpark Binz; \u00a9 Wilhelm Steingrube\" class=\"rl-gallery-link\" data-rl_caption=\"\" data-rel=\"lightbox-gallery-2\"><img src=\"https:\/\/sbt.ug.edu.pl\/wp-content\/uploads\/2019\/07\/R8A7-p9-IMG_6519-300x225.jpg\" width=\"300\" height=\"225\" alt=\"\" \/><\/a><\/div><div class=\"rl-gallery-item\"><a href=\"https:\/\/sbt.ug.edu.pl\/wp-content\/uploads\/2019\/07\/R8A7-p10-IMG_6453.jpg\" title=\"Resort architecture-Binz-6; \u00a9 Wilhelm Steingrube\" data-rl_title=\"Resort architecture-Binz-6; \u00a9 Wilhelm Steingrube\" class=\"rl-gallery-link\" data-rl_caption=\"\" data-rel=\"lightbox-gallery-2\"><img src=\"https:\/\/sbt.ug.edu.pl\/wp-content\/uploads\/2019\/07\/R8A7-p10-IMG_6453-300x225.jpg\" width=\"300\" height=\"225\" alt=\"\" \/><\/a><\/div> <\/div> <\/div><\/code><\/p>","protected":false},"excerpt":{"rendered":"<p>LAGE Der Badeort Binz liegt auf der Insel R\u00fcgen im Nordosten Deutschlands, in Mecklenburg-Vorpommern, an der Bucht der Prorer Wieck und zwischen der Halbinsel Jasmund, dem Biosph\u00e4renreservat S\u00fcdost-R\u00fcgen, Granitz und dem Heideland. Binz und seine Nachbard\u00f6rfer &#8211; das Jagdschloss Granitz und Prora &#8211; haben derzeit zusammen 5.887 Einwohner. LANDSCHAFTLICHER CHARAKTER Binz ist der gr\u00f6\u00dfte Badeort [&hellip;]<\/p>\n","protected":false},"author":3,"featured_media":0,"parent":490,"menu_order":0,"comment_status":"closed","ping_status":"closed","template":"","meta":[],"categories":[34,15,31],"tags":[],"_links":{"self":[{"href":"https:\/\/sbt.ug.edu.pl\/de\/wp-json\/wp\/v2\/pages\/577"}],"collection":[{"href":"https:\/\/sbt.ug.edu.pl\/de\/wp-json\/wp\/v2\/pages"}],"about":[{"href":"https:\/\/sbt.ug.edu.pl\/de\/wp-json\/wp\/v2\/types\/page"}],"author":[{"embeddable":true,"href":"https:\/\/sbt.ug.edu.pl\/de\/wp-json\/wp\/v2\/users\/3"}],"replies":[{"embeddable":true,"href":"https:\/\/sbt.ug.edu.pl\/de\/wp-json\/wp\/v2\/comments?post=577"}],"version-history":[{"count":6,"href":"https:\/\/sbt.ug.edu.pl\/de\/wp-json\/wp\/v2\/pages\/577\/revisions"}],"predecessor-version":[{"id":5751,"href":"https:\/\/sbt.ug.edu.pl\/de\/wp-json\/wp\/v2\/pages\/577\/revisions\/5751"}],"up":[{"embeddable":true,"href":"https:\/\/sbt.ug.edu.pl\/de\/wp-json\/wp\/v2\/pages\/490"}],"wp:attachment":[{"href":"https:\/\/sbt.ug.edu.pl\/de\/wp-json\/wp\/v2\/media?parent=577"}],"wp:term":[{"taxonomy":"category","embeddable":true,"href":"https:\/\/sbt.ug.edu.pl\/de\/wp-json\/wp\/v2\/categories?post=577"},{"taxonomy":"post_tag","embeddable":true,"href":"https:\/\/sbt.ug.edu.pl\/de\/wp-json\/wp\/v2\/tags?post=577"}],"curies":[{"name":"wp","href":"https:\/\/api.w.org\/{rel}","templated":true}]}}