{"id":579,"date":"2018-12-23T11:48:15","date_gmt":"2018-12-23T10:48:15","guid":{"rendered":"http:\/\/southbaltic-tourist.eu\/?page_id=579"},"modified":"2021-06-08T17:07:09","modified_gmt":"2021-06-08T16:07:09","slug":"8-putbus-lauterbach","status":"publish","type":"page","link":"https:\/\/sbt.ug.edu.pl\/de\/routes\/world-of-fishermen\/8-putbus-lauterbach\/","title":{"rendered":"8. Putbus &#8211; Lauterbach"},"content":{"rendered":"<p><\/p>\n<p style=\"text-align: justify;\"><strong>LAGE<\/strong><\/p>\n<p style=\"text-align: justify;\">Die kleine Stadt Putbus liegt im s\u00fcd\u00f6stlichen Teil der Insel R\u00fcgen. Nicht weit entfernt davon liegt das K\u00fcstendorf Lauterbach.<\/p>\n<p><img decoding=\"async\" loading=\"lazy\" class=\"alignnone wp-image-2610 size-full\" src=\"https:\/\/southbaltic-tourist.eu\/wp-content\/uploads\/2019\/07\/R8A8-p1-IMG_5253.jpg\" alt=\"\" width=\"1600\" height=\"1200\" srcset=\"https:\/\/sbt.ug.edu.pl\/wp-content\/uploads\/2019\/07\/R8A8-p1-IMG_5253.jpg 1600w, https:\/\/sbt.ug.edu.pl\/wp-content\/uploads\/2019\/07\/R8A8-p1-IMG_5253-300x225.jpg 300w, https:\/\/sbt.ug.edu.pl\/wp-content\/uploads\/2019\/07\/R8A8-p1-IMG_5253-768x576.jpg 768w, https:\/\/sbt.ug.edu.pl\/wp-content\/uploads\/2019\/07\/R8A8-p1-IMG_5253-1024x768.jpg 1024w, https:\/\/sbt.ug.edu.pl\/wp-content\/uploads\/2019\/07\/R8A8-p1-IMG_5253-150x113.jpg 150w, https:\/\/sbt.ug.edu.pl\/wp-content\/uploads\/2019\/07\/R8A8-p1-IMG_5253-136x102.jpg 136w\" sizes=\"(max-width: 1600px) 100vw, 1600px\" \/><\/p>\n<p style=\"text-align: justify;\"><strong>LANDSCHAFTLICHER CHARAKTER<\/strong><\/p>\n<p style=\"text-align: justify;\">Putbus war der erste Badeort der Insel R\u00fcgen und das kulturelle Zentrum der Insel. Hier wurde 1817\/1818 ein dauerhaftes Badehaus gebaut. Einige Geb\u00e4ude in der Stadt erinnern noch an diese Zeit \u2013 das gro\u00dfe Schloss existiert nicht mehr, aber Sie k\u00f6nnen stattdessen einen gro\u00dfen &#8222;englischen Landschaftspark&#8220; mit einigen Geb\u00e4uden finden, die Touristen anziehen. Die Stadt wurde aufgrund eines wundersch\u00f6nen Kreises schillernder Geb\u00e4ude mit wei\u00dfer Fassade als \u201eWei\u00dfe Stadt\u201c bezeichnet.<\/p>\n<p style=\"text-align: justify;\"><strong>SEHENSW\u00dcRDIGKEITEN<\/strong><\/p>\n<p style=\"text-align: justify;\">Der \u201eKreis der wei\u00dfen Geb\u00e4ude\u201c, der Zirkus, und der Landschaftspark ziehen viele Touristen an. In Lauterbach k\u00f6nnen Sie im alten Badehaus \u201eGoor\u201c (heute ein 5 Sterne-Hotel) \u00fcbernachten oder eines der aufregenden schwimmenden H\u00e4user des Yachthafens als Ferienunterkunft nutzen. Im \u00f6ffentlichen Hafen finden Sie auch ein ganz bestimmtes kulinarisches Fischprodukt (Fastfood): Das R\u00e4ucherschiff Berta bietet eines der besten Fischbr\u00f6tchen Deutschlands! In Lauterbach endet au\u00dferdem die Linie einer Schmalspur-Dampfeisenbahn (\u201eRasender Roland\u201c), die dieses Resort mit dem beliebten Urlaubsziel Binz verbindet.<\/p>\n<p style=\"text-align: justify;\">GPS Koordinaten:<\/p>\n<p style=\"text-align: justify;\">Putbus: 54 \u00b0 21 &#8217;17, 842 &#8222;N 13 \u00b0 28 &#8218;0,934&#8220; E.<\/p>\n<p style=\"text-align: justify;\">Lauterbach: 54 \u00b0 20 &#8217;39 .264 &#8222;N 13 \u00b0 29 &#8218;57.487&#8220; E.<\/p>\n<p style=\"text-align: justify;\"><a href=\"https:\/\/www.putbus.de\/\">https:\/\/www.putbus.de\/<\/a><\/p>\n<p style=\"text-align: justify;\"><a href=\"https:\/\/en.wikipedia.org\/wiki\/Putbus\">https:\/\/en.wikipedia.org\/wiki\/Putbus<\/a><\/p>\n<p style=\"text-align: justify;\"><a href=\"https:\/\/de.wikipedia.org\/wiki\/Lauterbach_(R%C3%BCgen)\">https:\/\/de.wikipedia.org\/wiki\/Lauterbach_(R%C3%BCgen)<\/a><\/p>\n<p><code><div class=\"rl-gallery-container rl-loading\" id=\"rl-gallery-container-2\" data-gallery_id=\"2580\"> <div class=\"rl-gallery rl-basicgrid-gallery \" id=\"rl-gallery-2\" data-gallery_no=\"2\"> <div class=\"rl-gallery-item\"><a href=\"https:\/\/sbt.ug.edu.pl\/wp-content\/uploads\/2019\/07\/R8A8-p1-IMG_5253.jpg\" title=\"Theater Putbus; \u00a9 Wilhelm Steingrube\" data-rl_title=\"Theater Putbus; \u00a9 Wilhelm Steingrube\" class=\"rl-gallery-link\" data-rl_caption=\"\" data-rel=\"lightbox-gallery-2\"><img src=\"https:\/\/sbt.ug.edu.pl\/wp-content\/uploads\/2019\/07\/R8A8-p1-IMG_5253-768x576.jpg\" width=\"640\" height=\"480\" alt=\"\" \/><\/a><\/div><div class=\"rl-gallery-item\"><a href=\"https:\/\/sbt.ug.edu.pl\/wp-content\/uploads\/2019\/07\/R8A8-p2-IMG_5123.jpg\" title=\"Ehrenmal Putbus; \u00a9 Wilhelm Steingrube\" data-rl_title=\"Ehrenmal Putbus; \u00a9 Wilhelm Steingrube\" class=\"rl-gallery-link\" data-rl_caption=\"\" data-rel=\"lightbox-gallery-2\"><img src=\"https:\/\/sbt.ug.edu.pl\/wp-content\/uploads\/2019\/07\/R8A8-p2-IMG_5123-768x576.jpg\" width=\"640\" height=\"480\" alt=\"\" \/><\/a><\/div><div class=\"rl-gallery-item\"><a href=\"https:\/\/sbt.ug.edu.pl\/wp-content\/uploads\/2019\/07\/R8A8-p3-IMG_5131.jpg\" title=\"Obelisk Putbus; \u00a9 Wilhelm Steingrube\" data-rl_title=\"Obelisk Putbus; \u00a9 Wilhelm Steingrube\" class=\"rl-gallery-link\" data-rl_caption=\"\" data-rel=\"lightbox-gallery-2\"><img src=\"https:\/\/sbt.ug.edu.pl\/wp-content\/uploads\/2019\/07\/R8A8-p3-IMG_5131-768x1024.jpg\" width=\"640\" height=\"853\" alt=\"\" \/><\/a><\/div><div class=\"rl-gallery-item\"><a href=\"https:\/\/sbt.ug.edu.pl\/wp-content\/uploads\/2019\/07\/R8A8-p4-IMG_5127.jpg\" title=\"Schlosspark Putbus; \u00a9 Wilhelm Steingrube\" data-rl_title=\"Schlosspark Putbus; \u00a9 Wilhelm Steingrube\" class=\"rl-gallery-link\" data-rl_caption=\"\" data-rel=\"lightbox-gallery-2\"><img src=\"https:\/\/sbt.ug.edu.pl\/wp-content\/uploads\/2019\/07\/R8A8-p4-IMG_5127-768x576.jpg\" width=\"640\" height=\"480\" alt=\"\" \/><\/a><\/div><div class=\"rl-gallery-item\"><a href=\"https:\/\/sbt.ug.edu.pl\/wp-content\/uploads\/2019\/07\/R8A8-p5-IMG_5129.jpg\" title=\"Baum-in-Schlosspark Putbus; \u00a9 Wilhelm Steingrube\" data-rl_title=\"Baum-in-Schlosspark Putbus; \u00a9 Wilhelm Steingrube\" class=\"rl-gallery-link\" data-rl_caption=\"\" data-rel=\"lightbox-gallery-2\"><img src=\"https:\/\/sbt.ug.edu.pl\/wp-content\/uploads\/2019\/07\/R8A8-p5-IMG_5129-768x1024.jpg\" width=\"640\" height=\"853\" alt=\"\" \/><\/a><\/div><div class=\"rl-gallery-item\"><a href=\"https:\/\/sbt.ug.edu.pl\/wp-content\/uploads\/2019\/07\/R8A8-p6-41.jpg\" title=\"RosenCafe; \u00a9 Freddie Bijkerk\" data-rl_title=\"RosenCafe; \u00a9 Freddie Bijkerk\" class=\"rl-gallery-link\" data-rl_caption=\"\" data-rel=\"lightbox-gallery-2\"><img src=\"https:\/\/sbt.ug.edu.pl\/wp-content\/uploads\/2019\/07\/R8A8-p6-41-768x512.jpg\" width=\"640\" height=\"427\" alt=\"\" \/><\/a><\/div><div class=\"rl-gallery-item\"><a href=\"https:\/\/sbt.ug.edu.pl\/wp-content\/uploads\/2019\/07\/R8A8-p7-40.jpg\" title=\"Circus-from-air; \u00a9 Freddie Bijkerk\" data-rl_title=\"Circus-from-air; \u00a9 Freddie Bijkerk\" class=\"rl-gallery-link\" data-rl_caption=\"\" data-rel=\"lightbox-gallery-2\"><img src=\"https:\/\/sbt.ug.edu.pl\/wp-content\/uploads\/2019\/07\/R8A8-p7-40-768x512.jpg\" width=\"640\" height=\"427\" alt=\"\" \/><\/a><\/div><div class=\"rl-gallery-item\"><a href=\"https:\/\/sbt.ug.edu.pl\/wp-content\/uploads\/2019\/07\/R8A8-p8-48.jpg\" title=\"Goor bath house; \u00a9 Freddie Bijkerk\" data-rl_title=\"Goor bath house; \u00a9 Freddie Bijkerk\" class=\"rl-gallery-link\" data-rl_caption=\"\" data-rel=\"lightbox-gallery-2\"><img src=\"https:\/\/sbt.ug.edu.pl\/wp-content\/uploads\/2019\/07\/R8A8-p8-48-768x512.jpg\" width=\"640\" height=\"427\" alt=\"\" \/><\/a><\/div><div class=\"rl-gallery-item\"><a href=\"https:\/\/sbt.ug.edu.pl\/wp-content\/uploads\/2019\/07\/R8A8-p9-IMG_5150.jpg\" title=\"Floating house-1 Lauterbach; \u00a9 Wilhelm Steingrube\" data-rl_title=\"Floating house-1 Lauterbach; \u00a9 Wilhelm Steingrube\" class=\"rl-gallery-link\" data-rl_caption=\"\" data-rel=\"lightbox-gallery-2\"><img src=\"https:\/\/sbt.ug.edu.pl\/wp-content\/uploads\/2019\/07\/R8A8-p9-IMG_5150-768x576.jpg\" width=\"640\" height=\"480\" alt=\"\" \/><\/a><\/div><div class=\"rl-gallery-item\"><a href=\"https:\/\/sbt.ug.edu.pl\/wp-content\/uploads\/2019\/07\/R8A8-p10-IMG_5148.jpg\" title=\"Floating house-2 Lauterbach; \u00a9 Wilhelm Steingrube\" data-rl_title=\"Floating house-2 Lauterbach; \u00a9 Wilhelm Steingrube\" class=\"rl-gallery-link\" data-rl_caption=\"\" data-rel=\"lightbox-gallery-2\"><img src=\"https:\/\/sbt.ug.edu.pl\/wp-content\/uploads\/2019\/07\/R8A8-p10-IMG_5148-768x1024.jpg\" width=\"640\" height=\"853\" alt=\"\" \/><\/a><\/div> <\/div> <\/div><\/code><\/p>","protected":false},"excerpt":{"rendered":"<p>LAGE Die kleine Stadt Putbus liegt im s\u00fcd\u00f6stlichen Teil der Insel R\u00fcgen. Nicht weit entfernt davon liegt das K\u00fcstendorf Lauterbach. LANDSCHAFTLICHER CHARAKTER Putbus war der erste Badeort der Insel R\u00fcgen und das kulturelle Zentrum der Insel. Hier wurde 1817\/1818 ein dauerhaftes Badehaus gebaut. Einige Geb\u00e4ude in der Stadt erinnern noch an diese Zeit \u2013 das [&hellip;]<\/p>\n","protected":false},"author":3,"featured_media":0,"parent":490,"menu_order":0,"comment_status":"closed","ping_status":"closed","template":"","meta":[],"categories":[34,15,31],"tags":[],"_links":{"self":[{"href":"https:\/\/sbt.ug.edu.pl\/de\/wp-json\/wp\/v2\/pages\/579"}],"collection":[{"href":"https:\/\/sbt.ug.edu.pl\/de\/wp-json\/wp\/v2\/pages"}],"about":[{"href":"https:\/\/sbt.ug.edu.pl\/de\/wp-json\/wp\/v2\/types\/page"}],"author":[{"embeddable":true,"href":"https:\/\/sbt.ug.edu.pl\/de\/wp-json\/wp\/v2\/users\/3"}],"replies":[{"embeddable":true,"href":"https:\/\/sbt.ug.edu.pl\/de\/wp-json\/wp\/v2\/comments?post=579"}],"version-history":[{"count":6,"href":"https:\/\/sbt.ug.edu.pl\/de\/wp-json\/wp\/v2\/pages\/579\/revisions"}],"predecessor-version":[{"id":5752,"href":"https:\/\/sbt.ug.edu.pl\/de\/wp-json\/wp\/v2\/pages\/579\/revisions\/5752"}],"up":[{"embeddable":true,"href":"https:\/\/sbt.ug.edu.pl\/de\/wp-json\/wp\/v2\/pages\/490"}],"wp:attachment":[{"href":"https:\/\/sbt.ug.edu.pl\/de\/wp-json\/wp\/v2\/media?parent=579"}],"wp:term":[{"taxonomy":"category","embeddable":true,"href":"https:\/\/sbt.ug.edu.pl\/de\/wp-json\/wp\/v2\/categories?post=579"},{"taxonomy":"post_tag","embeddable":true,"href":"https:\/\/sbt.ug.edu.pl\/de\/wp-json\/wp\/v2\/tags?post=579"}],"curies":[{"name":"wp","href":"https:\/\/api.w.org\/{rel}","templated":true}]}}