{"id":581,"date":"2018-12-23T11:49:55","date_gmt":"2018-12-23T10:49:55","guid":{"rendered":"http:\/\/southbaltic-tourist.eu\/?page_id=581"},"modified":"2021-06-08T17:09:31","modified_gmt":"2021-06-08T16:09:31","slug":"9-stralsund","status":"publish","type":"page","link":"https:\/\/sbt.ug.edu.pl\/de\/routes\/world-of-fishermen\/9-stralsund\/","title":{"rendered":"9. Stralsund"},"content":{"rendered":"<p><\/p>\n<p style=\"text-align: justify;\"><strong>LAGE<\/strong><\/p>\n<p style=\"text-align: justify;\">Die Hansestadt Stralsund liegt am Strelasund, einer Meerenge der s\u00fcdlichen Ostsee. Stralsund ist \u00fcber zwei getrennte Br\u00fccken das \u201eTor\u201c zur Insel R\u00fcgen, der gr\u00f6\u00dften Insel Deutschlands. In Stralsund leben rund 59.600 Menschen (2017) und die Zahl w\u00e4chst kontinuierlich. Die Stadt hat eine Gr\u00f6\u00dfe von 54 km\u00b2 mit dem h\u00f6chsten Punkt \u201eGalgenberg\u201c (33 m). Stralsund liegt in der Region Mecklenburg-Vorpommern an der Nordostk\u00fcste Deutschlands.<\/p>\n<p><img decoding=\"async\" loading=\"lazy\" class=\"alignnone wp-image-2644 size-full\" src=\"https:\/\/southbaltic-tourist.eu\/wp-content\/uploads\/2019\/07\/R8A9-p1-Stralsund-3_Marienkirche_2006-1.jpg\" alt=\"\" width=\"1600\" height=\"1513\" srcset=\"https:\/\/sbt.ug.edu.pl\/wp-content\/uploads\/2019\/07\/R8A9-p1-Stralsund-3_Marienkirche_2006-1.jpg 1600w, https:\/\/sbt.ug.edu.pl\/wp-content\/uploads\/2019\/07\/R8A9-p1-Stralsund-3_Marienkirche_2006-1-300x284.jpg 300w, https:\/\/sbt.ug.edu.pl\/wp-content\/uploads\/2019\/07\/R8A9-p1-Stralsund-3_Marienkirche_2006-1-768x726.jpg 768w, https:\/\/sbt.ug.edu.pl\/wp-content\/uploads\/2019\/07\/R8A9-p1-Stralsund-3_Marienkirche_2006-1-1024x968.jpg 1024w, https:\/\/sbt.ug.edu.pl\/wp-content\/uploads\/2019\/07\/R8A9-p1-Stralsund-3_Marienkirche_2006-1-150x142.jpg 150w\" sizes=\"(max-width: 1600px) 100vw, 1600px\" \/><\/p>\n<p style=\"text-align: justify;\"><strong>LANDSCHAFTLICHER CHARAKTER<\/strong><\/p>\n<p style=\"text-align: justify;\">Stralsund ist sehr alt &#8211; bereits 1234 wurden die Stadtrechte verliehen. Als \u201eHansestadt\u201c hat Stralsund eine sehr interessante Geschichte. Seit 2006 geh\u00f6rt die Altstadt von Stralsund zum UNSECO-Welterbe und verf\u00fcgt \u00fcber viele historische Geb\u00e4ude. Seit 2016 ist es dar\u00fcber hinaus ein staatlich anerkannter Kurort. Die Stralsunder Promenade verl\u00e4uft entlang des Strelasund und bietet einen sch\u00f6nen Blick auf die Insel R\u00fcgen. 4 gro\u00dfe Seen umgeben die Altstadt und der Strand ist nur 10 Minuten zu Fu\u00df von der Altstadt entfernt.<\/p>\n<p style=\"text-align: justify;\"><strong>SEHENSW\u00dcRDIGKEITEN<\/strong><\/p>\n<p style=\"text-align: justify;\">Stralsund ist eine familienfreundliche Stadt, die sich auch um aktive Menschen k\u00fcmmert. Die gr\u00f6\u00dften Touristenattraktionen sind das &#8222;Deutsche Meeresmuseum&#8220;, das verschiedene maritime und ozeanographische Ausstellungen zeigt, und das &#8222;Ozeaneum&#8220;, das die weltweit gr\u00f6\u00dfte Ausstellung von Walen pr\u00e4sentiert. Ein weiteres interessantes Museum ist das Museum f\u00fcr Kulturgeschichte. Die St. Nikolai Kirche und andere Kirchen in der Stadt sind ebenfalls ein Muss. Die Stadt kann mit einem Stadtf\u00fchrer zu Fu\u00df oder mit dem Fahrrad in die Umgebung erkundet werden. Der Hafen kann mit einer Hafenrundfahrt besichtigt werden. Auch f\u00fcr Kinder gibt es viele Attraktionen: den Strand, Spielpl\u00e4tze und den Tierpark. Gerichte von frischem Fisch sind weit verbreitet &#8211; Stralsund hat eine ganze Reihe wundervoller Fischrestaurants. Eine Fahrt \u00fcber die dreispurige \u201eR\u00fcgenbr\u00fccke\u201d wird ebenfalls empfohlen.<\/p>\n<p style=\"text-align: justify;\">GPS-Koordinaten: 54 \u00b0 18 &#8218;51,12 &#8222;N 13 \u00b0 5 &#8218;30,689&#8220; E.<\/p>\n<p style=\"text-align: justify;\"><a href=\"https:\/\/en.wikipedia.org\/wiki\/Stralsund\">https:\/\/en.wikipedia.org\/wiki\/Stralsund<\/a><\/p>\n<p style=\"text-align: justify;\"><a href=\"https:\/\/www.stralsund.de\/de\/\">https:\/\/www.stralsund.de\/de\/<\/a><\/p>\n<p><code><div class=\"rl-gallery-container rl-loading\" id=\"rl-gallery-container-2\" data-gallery_id=\"2585\"> <div class=\"rl-gallery rl-basicgrid-gallery \" id=\"rl-gallery-2\" data-gallery_no=\"2\"> <div class=\"rl-gallery-item\"><a href=\"https:\/\/sbt.ug.edu.pl\/wp-content\/uploads\/2019\/07\/R8A9-p1-Stralsund-3_Marienkirche_2006-1.jpg\" title=\"Sankt-Marien; \u00a9 commons.wikimedia.org, Darkone\" data-rl_title=\"Sankt-Marien; \u00a9 commons.wikimedia.org, Darkone\" class=\"rl-gallery-link\" data-rl_caption=\"\" data-rel=\"lightbox-gallery-2\"><img src=\"https:\/\/sbt.ug.edu.pl\/wp-content\/uploads\/2019\/07\/R8A9-p1-Stralsund-3_Marienkirche_2006-1-768x726.jpg\" width=\"640\" height=\"605\" alt=\"\" \/><\/a><\/div><div class=\"rl-gallery-item\"><a href=\"https:\/\/sbt.ug.edu.pl\/wp-content\/uploads\/2019\/07\/R8A9-p2-Stralsund-4-Seestrasse_und_Nikolaikirche_Stralsund-1.jpg\" title=\"Nikolaikirche; \u00a9 commons.wikimedia.org, JoachimKohlerBremen\" data-rl_title=\"Nikolaikirche; \u00a9 commons.wikimedia.org, JoachimKohlerBremen\" class=\"rl-gallery-link\" data-rl_caption=\"\" data-rel=\"lightbox-gallery-2\"><img src=\"https:\/\/sbt.ug.edu.pl\/wp-content\/uploads\/2019\/07\/R8A9-p2-Stralsund-4-Seestrasse_und_Nikolaikirche_Stralsund-1-768x512.jpg\" width=\"640\" height=\"427\" alt=\"\" \/><\/a><\/div><div class=\"rl-gallery-item\"><a href=\"https:\/\/sbt.ug.edu.pl\/wp-content\/uploads\/2019\/07\/R8A9-p3-Stralsund-5_Hafen-1.jpg\" title=\"Stralsunder Yachthafen; \u00a9 commons.wikimedia.org, Harald909\" data-rl_title=\"Stralsunder Yachthafen; \u00a9 commons.wikimedia.org, Harald909\" class=\"rl-gallery-link\" data-rl_caption=\"\" data-rel=\"lightbox-gallery-2\"><img src=\"https:\/\/sbt.ug.edu.pl\/wp-content\/uploads\/2019\/07\/R8A9-p3-Stralsund-5_Hafen-1-768x510.jpg\" width=\"640\" height=\"425\" alt=\"\" \/><\/a><\/div><div class=\"rl-gallery-item\"><a href=\"https:\/\/sbt.ug.edu.pl\/wp-content\/uploads\/2019\/07\/R8A9-p4-Ozeaneum_in_Stralsund_Eingang-1.jpg\" title=\"Oceaneum; \u00a9 commons.wikimedia.org, Klugschnacker\" data-rl_title=\"Oceaneum; \u00a9 commons.wikimedia.org, Klugschnacker\" class=\"rl-gallery-link\" data-rl_caption=\"\" data-rel=\"lightbox-gallery-2\"><img src=\"https:\/\/sbt.ug.edu.pl\/wp-content\/uploads\/2019\/07\/R8A9-p4-Ozeaneum_in_Stralsund_Eingang-1-768x576.jpg\" width=\"640\" height=\"480\" alt=\"\" \/><\/a><\/div><div class=\"rl-gallery-item\"><a href=\"https:\/\/sbt.ug.edu.pl\/wp-content\/uploads\/2019\/07\/R8A9-p5-18-Kopie-2-1.jpg\" title=\"F\u00e4hrstra\u00dfe; \u00a9 Freddie Bijkerk\" data-rl_title=\"F\u00e4hrstra\u00dfe; \u00a9 Freddie Bijkerk\" class=\"rl-gallery-link\" data-rl_caption=\"\" data-rel=\"lightbox-gallery-2\"><img src=\"https:\/\/sbt.ug.edu.pl\/wp-content\/uploads\/2019\/07\/R8A9-p5-18-Kopie-2-1-768x512.jpg\" width=\"640\" height=\"427\" alt=\"\" \/><\/a><\/div><div class=\"rl-gallery-item\"><a href=\"https:\/\/sbt.ug.edu.pl\/wp-content\/uploads\/2019\/07\/R8A9-p6-20-Kopie-2-1.jpg\" title=\"Badenstra\u00dfe-1; \u00a9 Freddie Bijkerk\" data-rl_title=\"Badenstra\u00dfe-1; \u00a9 Freddie Bijkerk\" class=\"rl-gallery-link\" data-rl_caption=\"\" data-rel=\"lightbox-gallery-2\"><img src=\"https:\/\/sbt.ug.edu.pl\/wp-content\/uploads\/2019\/07\/R8A9-p6-20-Kopie-2-1-768x1152.jpg\" width=\"640\" height=\"960\" alt=\"\" \/><\/a><\/div><div class=\"rl-gallery-item\"><a href=\"https:\/\/sbt.ug.edu.pl\/wp-content\/uploads\/2019\/07\/R8A9-p7-21-Kopie-2-1.jpg\" title=\"Badenstra\u00dfe; \u00a9 Freddie Bijkerk\" data-rl_title=\"Badenstra\u00dfe; \u00a9 Freddie Bijkerk\" class=\"rl-gallery-link\" data-rl_caption=\"\" data-rel=\"lightbox-gallery-2\"><img src=\"https:\/\/sbt.ug.edu.pl\/wp-content\/uploads\/2019\/07\/R8A9-p7-21-Kopie-2-1-768x1152.jpg\" width=\"640\" height=\"960\" alt=\"\" \/><\/a><\/div><div class=\"rl-gallery-item\"><a href=\"https:\/\/sbt.ug.edu.pl\/wp-content\/uploads\/2019\/07\/R8A9-p8-22-Kopie-2-1.jpg\" title=\"Alter Markt; \u00a9 Freddie Bijkerk\" data-rl_title=\"Alter Markt; \u00a9 Freddie Bijkerk\" class=\"rl-gallery-link\" data-rl_caption=\"\" data-rel=\"lightbox-gallery-2\"><img src=\"https:\/\/sbt.ug.edu.pl\/wp-content\/uploads\/2019\/07\/R8A9-p8-22-Kopie-2-1-768x512.jpg\" width=\"640\" height=\"427\" alt=\"\" \/><\/a><\/div><div class=\"rl-gallery-item\"><a href=\"https:\/\/sbt.ug.edu.pl\/wp-content\/uploads\/2019\/07\/R8A9-p9-19-Kopie-2-1.jpg\" title=\"Bechermacherstra\u00dfe; \u00a9 Freddie Bijkerk\" data-rl_title=\"Bechermacherstra\u00dfe; \u00a9 Freddie Bijkerk\" class=\"rl-gallery-link\" data-rl_caption=\"\" data-rel=\"lightbox-gallery-2\"><img src=\"https:\/\/sbt.ug.edu.pl\/wp-content\/uploads\/2019\/07\/R8A9-p9-19-Kopie-2-1-768x512.jpg\" width=\"640\" height=\"427\" alt=\"\" \/><\/a><\/div><div class=\"rl-gallery-item\"><a href=\"https:\/\/sbt.ug.edu.pl\/wp-content\/uploads\/2019\/07\/R8A9-p10-25-Kopie-2-1.jpg\" title=\"Altstadtinsel; \u00a9 Freddie Bijkerk\" data-rl_title=\"Altstadtinsel; \u00a9 Freddie Bijkerk\" class=\"rl-gallery-link\" data-rl_caption=\"\" data-rel=\"lightbox-gallery-2\"><img src=\"https:\/\/sbt.ug.edu.pl\/wp-content\/uploads\/2019\/07\/R8A9-p10-25-Kopie-2-1-768x512.jpg\" width=\"640\" height=\"427\" alt=\"\" \/><\/a><\/div> <\/div> <\/div><\/code><\/p>","protected":false},"excerpt":{"rendered":"<p>LAGE Die Hansestadt Stralsund liegt am Strelasund, einer Meerenge der s\u00fcdlichen Ostsee. Stralsund ist \u00fcber zwei getrennte Br\u00fccken das \u201eTor\u201c zur Insel R\u00fcgen, der gr\u00f6\u00dften Insel Deutschlands. In Stralsund leben rund 59.600 Menschen (2017) und die Zahl w\u00e4chst kontinuierlich. Die Stadt hat eine Gr\u00f6\u00dfe von 54 km\u00b2 mit dem h\u00f6chsten Punkt \u201eGalgenberg\u201c (33 m). Stralsund [&hellip;]<\/p>\n","protected":false},"author":3,"featured_media":0,"parent":490,"menu_order":0,"comment_status":"closed","ping_status":"closed","template":"","meta":[],"categories":[34,15,31],"tags":[],"_links":{"self":[{"href":"https:\/\/sbt.ug.edu.pl\/de\/wp-json\/wp\/v2\/pages\/581"}],"collection":[{"href":"https:\/\/sbt.ug.edu.pl\/de\/wp-json\/wp\/v2\/pages"}],"about":[{"href":"https:\/\/sbt.ug.edu.pl\/de\/wp-json\/wp\/v2\/types\/page"}],"author":[{"embeddable":true,"href":"https:\/\/sbt.ug.edu.pl\/de\/wp-json\/wp\/v2\/users\/3"}],"replies":[{"embeddable":true,"href":"https:\/\/sbt.ug.edu.pl\/de\/wp-json\/wp\/v2\/comments?post=581"}],"version-history":[{"count":6,"href":"https:\/\/sbt.ug.edu.pl\/de\/wp-json\/wp\/v2\/pages\/581\/revisions"}],"predecessor-version":[{"id":5753,"href":"https:\/\/sbt.ug.edu.pl\/de\/wp-json\/wp\/v2\/pages\/581\/revisions\/5753"}],"up":[{"embeddable":true,"href":"https:\/\/sbt.ug.edu.pl\/de\/wp-json\/wp\/v2\/pages\/490"}],"wp:attachment":[{"href":"https:\/\/sbt.ug.edu.pl\/de\/wp-json\/wp\/v2\/media?parent=581"}],"wp:term":[{"taxonomy":"category","embeddable":true,"href":"https:\/\/sbt.ug.edu.pl\/de\/wp-json\/wp\/v2\/categories?post=581"},{"taxonomy":"post_tag","embeddable":true,"href":"https:\/\/sbt.ug.edu.pl\/de\/wp-json\/wp\/v2\/tags?post=581"}],"curies":[{"name":"wp","href":"https:\/\/api.w.org\/{rel}","templated":true}]}}