{"id":583,"date":"2018-12-23T11:52:06","date_gmt":"2018-12-23T10:52:06","guid":{"rendered":"http:\/\/southbaltic-tourist.eu\/?page_id=583"},"modified":"2021-06-08T17:12:02","modified_gmt":"2021-06-08T16:12:02","slug":"10-greifswald","status":"publish","type":"page","link":"https:\/\/sbt.ug.edu.pl\/de\/routes\/world-of-fishermen\/10-greifswald\/","title":{"rendered":"10. Greifswald"},"content":{"rendered":"<p><\/p>\n<p style=\"text-align: justify;\"><strong>LAGE<\/strong><\/p>\n<p style=\"text-align: justify;\">Die Universit\u00e4ts- und Hansestadt Greifswald liegt im Nordosten Deutschlands, an dem kleinen Fluss Ryck, der in eine Gletscherlagune in der Ostsee m\u00fcndet.<\/p>\n<p><img decoding=\"async\" loading=\"lazy\" class=\"alignnone wp-image-2641 size-full\" src=\"https:\/\/southbaltic-tourist.eu\/wp-content\/uploads\/2019\/07\/R8A10-p1-IMG_6290.jpg\" alt=\"\" width=\"1600\" height=\"1200\" srcset=\"https:\/\/sbt.ug.edu.pl\/wp-content\/uploads\/2019\/07\/R8A10-p1-IMG_6290.jpg 1600w, https:\/\/sbt.ug.edu.pl\/wp-content\/uploads\/2019\/07\/R8A10-p1-IMG_6290-300x225.jpg 300w, https:\/\/sbt.ug.edu.pl\/wp-content\/uploads\/2019\/07\/R8A10-p1-IMG_6290-768x576.jpg 768w, https:\/\/sbt.ug.edu.pl\/wp-content\/uploads\/2019\/07\/R8A10-p1-IMG_6290-1024x768.jpg 1024w, https:\/\/sbt.ug.edu.pl\/wp-content\/uploads\/2019\/07\/R8A10-p1-IMG_6290-150x113.jpg 150w, https:\/\/sbt.ug.edu.pl\/wp-content\/uploads\/2019\/07\/R8A10-p1-IMG_6290-136x102.jpg 136w\" sizes=\"(max-width: 1600px) 100vw, 1600px\" \/><\/p>\n<p style=\"text-align: justify;\"><strong>LANDSCHAFTLICHER CHARAKTER<\/strong><\/p>\n<p style=\"text-align: justify;\">Greifswald ist mit knapp 60.000 Einwohnern eine der wenigen gr\u00f6\u00dferen St\u00e4dte der Region. Es zeichnet sich durch seine Lage an der Flussm\u00fcndung in einer Bucht und eine junge Bev\u00f6lkerung aus (hier befindet sich eine Universit\u00e4t mit etwa 11.000 eingeschriebenen Studenten). Dar\u00fcber hinaus gibt es in Greifswald mehrere Kirchen im einzigartigen Stil der \u201eBacksteingotik\u201c, der besonders an und um die K\u00fcste der s\u00fcdlichen Ostsee verbreitet ist.<\/p>\n<p style=\"text-align: justify;\"><strong>SEHENSW\u00dcRDIGKEITEN<\/strong><\/p>\n<p style=\"text-align: justify;\">Das 800 Jahre alte Fischerdorf \u201eWieck\u201c liegt an der Flussm\u00fcndung und etwa 5 km vom Stadtzentrum entfernt, wo noch einige Fischer ihren alten Handel betreiben, um Touristen anzulocken. Dieses historische Dorf ist eines der \u00e4ltesten an der norddeutschen K\u00fcste und hat seinen maritimen Charme bewahrt. Das Wahrzeichen von Wieck ist eine h\u00f6lzerne Zugbr\u00fccke, die an historische niederl\u00e4ndische Br\u00fccken erinnert. Nur wenige Gehminuten vom Dorf entfernt befindet sich die Abtei Eldena, beeindruckende Ruinen eines ehemaligen Zisterzienserklosters.<\/p>\n<p style=\"text-align: justify;\">Im Zentrum dominieren vier Kirchen das Stadtbild, zusammen mit den historischen Geb\u00e4uden der Universit\u00e4t, einer der \u00e4ltesten Universit\u00e4ten Deutschlands (gegr\u00fcndet 1456). Der Marktplatz ist das Herz der Altstadt &#8211; umgeben von den sch\u00f6nen Fassaden der Backsteingotik und anderen historischen Geb\u00e4uden.<\/p>\n<p style=\"text-align: justify;\">Am kleinen Fluss Ryck k\u00f6nnen Sie einen der gr\u00f6\u00dften Museumsh\u00e4fen Deutschlands mit mehr als 50 Schiffen (einschlie\u00dflich historischer Schoner, Schlepper und Lastk\u00e4hne) besuchen.<\/p>\n<p style=\"text-align: justify;\">GPS-Koordinaten: 54 \u00b0 5 &#8217;45 .19 &#8222;N 13 \u00b0 22 &#8218;45.376&#8220; E.<\/p>\n<p style=\"text-align: justify;\"><a href=\"https:\/\/en.wikipedia.org\/wiki\/Greifswald\">https:\/\/en.wikipedia.org\/wiki\/Greifswald<\/a><\/p>\n<p style=\"text-align: justify;\"><a href=\"https:\/\/www.greifswald.de\/de\/\">https:\/\/www.greifswald.de\/de\/<\/a><\/p>\n<p><code><div class=\"rl-gallery-container rl-loading\" id=\"rl-gallery-container-2\" data-gallery_id=\"2587\"> <div class=\"rl-gallery rl-basicgrid-gallery \" id=\"rl-gallery-2\" data-gallery_no=\"2\"> <div class=\"rl-gallery-item\"><a href=\"https:\/\/sbt.ug.edu.pl\/wp-content\/uploads\/2019\/07\/R8A10-p1-IMG_6290.jpg\" title=\"Marktplatz-Alter-Fritz; \u00a9 Wilhelm Steingrube\" data-rl_title=\"Marktplatz-Alter-Fritz; \u00a9 Wilhelm Steingrube\" class=\"rl-gallery-link\" data-rl_caption=\"\" data-rel=\"lightbox-gallery-2\"><img src=\"https:\/\/sbt.ug.edu.pl\/wp-content\/uploads\/2019\/07\/R8A10-p1-IMG_6290-768x576.jpg\" width=\"640\" height=\"480\" alt=\"\" \/><\/a><\/div><div class=\"rl-gallery-item\"><a href=\"https:\/\/sbt.ug.edu.pl\/wp-content\/uploads\/2019\/07\/R8A10-p2-IMG_5174.jpg\" title=\"Wieck Boote; \u00a9 Wilhelm Steingrube\" data-rl_title=\"Wieck Boote; \u00a9 Wilhelm Steingrube\" class=\"rl-gallery-link\" data-rl_caption=\"\" data-rel=\"lightbox-gallery-2\"><img src=\"https:\/\/sbt.ug.edu.pl\/wp-content\/uploads\/2019\/07\/R8A10-p2-IMG_5174-768x576.jpg\" width=\"640\" height=\"480\" alt=\"\" \/><\/a><\/div><div class=\"rl-gallery-item\"><a href=\"https:\/\/sbt.ug.edu.pl\/wp-content\/uploads\/2019\/07\/R8A10-p3-IMG_5175.jpg\" title=\"Wieck Br\u00fccke; \u00a9 Wilhelm Steingrube\" data-rl_title=\"Wieck Br\u00fccke; \u00a9 Wilhelm Steingrube\" class=\"rl-gallery-link\" data-rl_caption=\"\" data-rel=\"lightbox-gallery-2\"><img src=\"https:\/\/sbt.ug.edu.pl\/wp-content\/uploads\/2019\/07\/R8A10-p3-IMG_5175-768x576.jpg\" width=\"640\" height=\"480\" alt=\"\" \/><\/a><\/div><div class=\"rl-gallery-item\"><a href=\"https:\/\/sbt.ug.edu.pl\/wp-content\/uploads\/2019\/07\/R8A10-p4-IMG_6926.jpg\" title=\"Museumshafen; \u00a9 Wilhelm Steingrube\" data-rl_title=\"Museumshafen; \u00a9 Wilhelm Steingrube\" class=\"rl-gallery-link\" data-rl_caption=\"\" data-rel=\"lightbox-gallery-2\"><img src=\"https:\/\/sbt.ug.edu.pl\/wp-content\/uploads\/2019\/07\/R8A10-p4-IMG_6926-768x576.jpg\" width=\"640\" height=\"480\" alt=\"\" \/><\/a><\/div><div class=\"rl-gallery-item\"><a href=\"https:\/\/sbt.ug.edu.pl\/wp-content\/uploads\/2019\/07\/R8A10-p5-IMG_6942.jpg\" title=\"Universit\u00e4t; \u00a9 Wilhelm Steingrube\" data-rl_title=\"Universit\u00e4t; \u00a9 Wilhelm Steingrube\" class=\"rl-gallery-link\" data-rl_caption=\"\" data-rel=\"lightbox-gallery-2\"><img src=\"https:\/\/sbt.ug.edu.pl\/wp-content\/uploads\/2019\/07\/R8A10-p5-IMG_6942-768x576.jpg\" width=\"640\" height=\"480\" alt=\"\" \/><\/a><\/div><div class=\"rl-gallery-item\"><a href=\"https:\/\/sbt.ug.edu.pl\/wp-content\/uploads\/2019\/07\/R8A10-p6-IMG_6944.jpg\" title=\"Rubenow-Denkmal; \u00a9 Wilhelm Steingrube\" data-rl_title=\"Rubenow-Denkmal; \u00a9 Wilhelm Steingrube\" class=\"rl-gallery-link\" data-rl_caption=\"\" data-rel=\"lightbox-gallery-2\"><img src=\"https:\/\/sbt.ug.edu.pl\/wp-content\/uploads\/2019\/07\/R8A10-p6-IMG_6944-768x1024.jpg\" width=\"640\" height=\"853\" alt=\"\" \/><\/a><\/div><div class=\"rl-gallery-item\"><a href=\"https:\/\/sbt.ug.edu.pl\/wp-content\/uploads\/2019\/07\/R8A10-p7-IMG_6279.jpg\" title=\"Marktplatz-Rathaus; \u00a9 Wilhelm Steingrube\" data-rl_title=\"Marktplatz-Rathaus; \u00a9 Wilhelm Steingrube\" class=\"rl-gallery-link\" data-rl_caption=\"\" data-rel=\"lightbox-gallery-2\"><img src=\"https:\/\/sbt.ug.edu.pl\/wp-content\/uploads\/2019\/07\/R8A10-p7-IMG_6279-768x576.jpg\" width=\"640\" height=\"480\" alt=\"\" \/><\/a><\/div><div class=\"rl-gallery-item\"><a href=\"https:\/\/sbt.ug.edu.pl\/wp-content\/uploads\/2019\/07\/R8A10-p8-IMG_6281.jpg\" title=\"Marktplatz-Stadthaus; \u00a9 Wilhelm Steingrube\" data-rl_title=\"Marktplatz-Stadthaus; \u00a9 Wilhelm Steingrube\" class=\"rl-gallery-link\" data-rl_caption=\"\" data-rel=\"lightbox-gallery-2\"><img src=\"https:\/\/sbt.ug.edu.pl\/wp-content\/uploads\/2019\/07\/R8A10-p8-IMG_6281-768x576.jpg\" width=\"640\" height=\"480\" alt=\"\" \/><\/a><\/div><div class=\"rl-gallery-item\"><a href=\"https:\/\/sbt.ug.edu.pl\/wp-content\/uploads\/2019\/07\/R8A10-p9-IMG_6288.jpg\" title=\"Marktplatz-Buchhandlung; \u00a9 Wilhelm Steingrube\" data-rl_title=\"Marktplatz-Buchhandlung; \u00a9 Wilhelm Steingrube\" class=\"rl-gallery-link\" data-rl_caption=\"\" data-rel=\"lightbox-gallery-2\"><img src=\"https:\/\/sbt.ug.edu.pl\/wp-content\/uploads\/2019\/07\/R8A10-p9-IMG_6288-768x576.jpg\" width=\"640\" height=\"480\" alt=\"\" \/><\/a><\/div><div class=\"rl-gallery-item\"><a href=\"https:\/\/sbt.ug.edu.pl\/wp-content\/uploads\/2019\/07\/R8A10-p10-IMG_5181.jpg\" title=\"Eldena-1; \u00a9 Wilhelm Steingrube\" data-rl_title=\"Eldena-1; \u00a9 Wilhelm Steingrube\" class=\"rl-gallery-link\" data-rl_caption=\"\" data-rel=\"lightbox-gallery-2\"><img src=\"https:\/\/sbt.ug.edu.pl\/wp-content\/uploads\/2019\/07\/R8A10-p10-IMG_5181-768x1024.jpg\" width=\"640\" height=\"853\" alt=\"\" \/><\/a><\/div><div class=\"rl-gallery-item\"><a href=\"https:\/\/sbt.ug.edu.pl\/wp-content\/uploads\/2019\/07\/R8A10-p11-S1290010.jpg\" title=\"Eldena-2; \u00a9 Wilhelm Steingrube\" data-rl_title=\"Eldena-2; \u00a9 Wilhelm Steingrube\" class=\"rl-gallery-link\" data-rl_caption=\"\" data-rel=\"lightbox-gallery-2\"><img src=\"https:\/\/sbt.ug.edu.pl\/wp-content\/uploads\/2019\/07\/R8A10-p11-S1290010-768x432.jpg\" width=\"640\" height=\"360\" alt=\"\" \/><\/a><\/div><div class=\"rl-gallery-item\"><a href=\"https:\/\/sbt.ug.edu.pl\/wp-content\/uploads\/2019\/07\/R8A10-p12-IMG_5183.jpg\" title=\"Eldena-3; \u00a9 Wilhelm Steingrube\" data-rl_title=\"Eldena-3; \u00a9 Wilhelm Steingrube\" class=\"rl-gallery-link\" data-rl_caption=\"\" data-rel=\"lightbox-gallery-2\"><img src=\"https:\/\/sbt.ug.edu.pl\/wp-content\/uploads\/2019\/07\/R8A10-p12-IMG_5183-768x1024.jpg\" width=\"640\" height=\"853\" alt=\"\" \/><\/a><\/div> <\/div> <\/div><\/code><\/p>","protected":false},"excerpt":{"rendered":"<p>LAGE Die Universit\u00e4ts- und Hansestadt Greifswald liegt im Nordosten Deutschlands, an dem kleinen Fluss Ryck, der in eine Gletscherlagune in der Ostsee m\u00fcndet. LANDSCHAFTLICHER CHARAKTER Greifswald ist mit knapp 60.000 Einwohnern eine der wenigen gr\u00f6\u00dferen St\u00e4dte der Region. Es zeichnet sich durch seine Lage an der Flussm\u00fcndung in einer Bucht und eine junge Bev\u00f6lkerung aus [&hellip;]<\/p>\n","protected":false},"author":3,"featured_media":0,"parent":490,"menu_order":0,"comment_status":"closed","ping_status":"closed","template":"","meta":[],"categories":[34,15,31],"tags":[],"_links":{"self":[{"href":"https:\/\/sbt.ug.edu.pl\/de\/wp-json\/wp\/v2\/pages\/583"}],"collection":[{"href":"https:\/\/sbt.ug.edu.pl\/de\/wp-json\/wp\/v2\/pages"}],"about":[{"href":"https:\/\/sbt.ug.edu.pl\/de\/wp-json\/wp\/v2\/types\/page"}],"author":[{"embeddable":true,"href":"https:\/\/sbt.ug.edu.pl\/de\/wp-json\/wp\/v2\/users\/3"}],"replies":[{"embeddable":true,"href":"https:\/\/sbt.ug.edu.pl\/de\/wp-json\/wp\/v2\/comments?post=583"}],"version-history":[{"count":7,"href":"https:\/\/sbt.ug.edu.pl\/de\/wp-json\/wp\/v2\/pages\/583\/revisions"}],"predecessor-version":[{"id":5754,"href":"https:\/\/sbt.ug.edu.pl\/de\/wp-json\/wp\/v2\/pages\/583\/revisions\/5754"}],"up":[{"embeddable":true,"href":"https:\/\/sbt.ug.edu.pl\/de\/wp-json\/wp\/v2\/pages\/490"}],"wp:attachment":[{"href":"https:\/\/sbt.ug.edu.pl\/de\/wp-json\/wp\/v2\/media?parent=583"}],"wp:term":[{"taxonomy":"category","embeddable":true,"href":"https:\/\/sbt.ug.edu.pl\/de\/wp-json\/wp\/v2\/categories?post=583"},{"taxonomy":"post_tag","embeddable":true,"href":"https:\/\/sbt.ug.edu.pl\/de\/wp-json\/wp\/v2\/tags?post=583"}],"curies":[{"name":"wp","href":"https:\/\/api.w.org\/{rel}","templated":true}]}}