{"id":585,"date":"2018-12-23T11:53:53","date_gmt":"2018-12-23T10:53:53","guid":{"rendered":"http:\/\/southbaltic-tourist.eu\/?page_id=585"},"modified":"2021-06-08T17:13:53","modified_gmt":"2021-06-08T16:13:53","slug":"11-freest","status":"publish","type":"page","link":"https:\/\/sbt.ug.edu.pl\/de\/routes\/world-of-fishermen\/11-freest\/","title":{"rendered":"11. Freest"},"content":{"rendered":"<p><strong>LAGE<\/strong><\/p>\n<p>Das kleine Fischerdorf Freest liegt im Nordosten Deutschlands in Mecklenburg-Vorpommern am Achterwasser, einem Teil der Ostsee. Das Dorf grenzt im S\u00fcden an die D\u00f6rfer Kr\u00f6slin, im Westen an Lubmin und im Osten an den Fluss Peene. Die Insel Usedom ist nicht weit entfernt und kann an einem guten Tag deutlich gesehen werden.<\/p>\n<p><img decoding=\"async\" loading=\"lazy\" class=\"alignnone wp-image-2670 size-full\" src=\"https:\/\/southbaltic-tourist.eu\/wp-content\/uploads\/2019\/07\/R8A11-p1-IMG_5101.jpg\" alt=\"\" width=\"1600\" height=\"1200\" srcset=\"https:\/\/sbt.ug.edu.pl\/wp-content\/uploads\/2019\/07\/R8A11-p1-IMG_5101.jpg 1600w, https:\/\/sbt.ug.edu.pl\/wp-content\/uploads\/2019\/07\/R8A11-p1-IMG_5101-300x225.jpg 300w, https:\/\/sbt.ug.edu.pl\/wp-content\/uploads\/2019\/07\/R8A11-p1-IMG_5101-768x576.jpg 768w, https:\/\/sbt.ug.edu.pl\/wp-content\/uploads\/2019\/07\/R8A11-p1-IMG_5101-1024x768.jpg 1024w, https:\/\/sbt.ug.edu.pl\/wp-content\/uploads\/2019\/07\/R8A11-p1-IMG_5101-150x113.jpg 150w, https:\/\/sbt.ug.edu.pl\/wp-content\/uploads\/2019\/07\/R8A11-p1-IMG_5101-136x102.jpg 136w\" sizes=\"(max-width: 1600px) 100vw, 1600px\" \/><\/p>\n<p><strong>LANDSCHAFTLICHER CHARAKTER<\/strong><\/p>\n<p>Als eines der \u00e4ltesten Fischerd\u00f6rfer Deutschlands, hat Freest eine einzigartige Atmosph\u00e4re. Das Dorf ist umgeben von W\u00e4ldern, Wiesen, der Ostsee und dem Strand. Freest hat einen neuen Yachthafen und einen neu gestalteten Fischereihafen. Es ist sehr ruhig und idyllisch. Die maritime Atmosph\u00e4re des Dorfes und der Fischer bei der Arbeit laden zu einem Besuch ein.<\/p>\n<p>&nbsp;<\/p>\n<p><strong>SEHENSW\u00dcRDIGKEITEN<\/strong><\/p>\n<p>Eine besondere Attraktion von Freest ist der Hafen und die alte Bootswerft. Hier k\u00f6nnen Sie beobachten, wie die Fischer leben. Sie k\u00f6nnen frisch gefangenen Fisch von ihnen kaufen. Eine weitere Attraktion ist die 1992 er\u00f6ffnete Heimatstube. Dieses Museum pr\u00e4sentiert in einer Dauerausstellung die Geschichte der Region. Die bekanntesten Exponate sind die Freester Fischerteppiche &#8211; Geschichte von Freest in traditionellen, lokalen Mustern. Jedes Jahr veranstaltet Freest ein Angelfestival, bei dem Sie regionale Gerichte probieren k\u00f6nnen &#8211; insbesondere frischen Fisch. Das Festival hat auch einen kleinen Markt, ein Riesenrad und Musik.<\/p>\n<p>&nbsp;<\/p>\n<p>GPS-Koordinaten: 54 \u00b0 8 &#8218;9.629 &#8222;N 13 \u00b0 43&#8216; 34.979&#8220; E.<\/p>\n<p>&nbsp;<\/p>\n<p><a href=\"https:\/\/de.wikipedia.org\/wiki\/Freest\">https:\/\/de.wikipedia.org\/wiki\/Freest<\/a><\/p>\n<p><a href=\"https:\/\/www.vorpommern.de\/reiseziele\/greifswalder-bodden-seebad-lubmin\/freest\/\">https:\/\/www.vorpommern.de\/reiseziele\/greifswalder-bodden-seebad-lubmin\/freest\/<\/a><\/p>\n<p><code><div class=\"rl-gallery-container rl-loading\" id=\"rl-gallery-container-2\" data-gallery_id=\"2588\"> <div class=\"rl-gallery rl-basicgrid-gallery \" id=\"rl-gallery-2\" data-gallery_no=\"2\"> <div class=\"rl-gallery-item\"><a href=\"https:\/\/sbt.ug.edu.pl\/wp-content\/uploads\/2019\/07\/R8A11-p1-IMG_5101.jpg\" title=\"Hafen-1; \u00a9 Wilhelm Steingrube\" data-rl_title=\"Hafen-1; \u00a9 Wilhelm Steingrube\" class=\"rl-gallery-link\" data-rl_caption=\"\" data-rel=\"lightbox-gallery-2\"><img src=\"https:\/\/sbt.ug.edu.pl\/wp-content\/uploads\/2019\/07\/R8A11-p1-IMG_5101-768x576.jpg\" width=\"640\" height=\"480\" alt=\"\" \/><\/a><\/div><div class=\"rl-gallery-item\"><a href=\"https:\/\/sbt.ug.edu.pl\/wp-content\/uploads\/2019\/07\/R8A11-p2-IMG_5093.jpg\" title=\"Hafen-2; \u00a9 Wilhelm Steingrube\" data-rl_title=\"Hafen-2; \u00a9 Wilhelm Steingrube\" class=\"rl-gallery-link\" data-rl_caption=\"\" data-rel=\"lightbox-gallery-2\"><img src=\"https:\/\/sbt.ug.edu.pl\/wp-content\/uploads\/2019\/07\/R8A11-p2-IMG_5093-768x576.jpg\" width=\"640\" height=\"480\" alt=\"\" \/><\/a><\/div><div class=\"rl-gallery-item\"><a href=\"https:\/\/sbt.ug.edu.pl\/wp-content\/uploads\/2019\/07\/R8A11-p3-IMG_5099.jpg\" title=\"Fisch-Hus; \u00a9 Wilhelm Steingrube\" data-rl_title=\"Fisch-Hus; \u00a9 Wilhelm Steingrube\" class=\"rl-gallery-link\" data-rl_caption=\"\" data-rel=\"lightbox-gallery-2\"><img src=\"https:\/\/sbt.ug.edu.pl\/wp-content\/uploads\/2019\/07\/R8A11-p3-IMG_5099-768x576.jpg\" width=\"640\" height=\"480\" alt=\"\" \/><\/a><\/div><div class=\"rl-gallery-item\"><a href=\"https:\/\/sbt.ug.edu.pl\/wp-content\/uploads\/2019\/07\/R8A11-p4-IMG_5004.jpg\" title=\"Hafen-Geb\u00e4ude; \u00a9 Wilhelm Steingrube\" data-rl_title=\"Hafen-Geb\u00e4ude; \u00a9 Wilhelm Steingrube\" class=\"rl-gallery-link\" data-rl_caption=\"\" data-rel=\"lightbox-gallery-2\"><img src=\"https:\/\/sbt.ug.edu.pl\/wp-content\/uploads\/2019\/07\/R8A11-p4-IMG_5004-768x576.jpg\" width=\"640\" height=\"480\" alt=\"\" \/><\/a><\/div><div class=\"rl-gallery-item\"><a href=\"https:\/\/sbt.ug.edu.pl\/wp-content\/uploads\/2019\/07\/R8A11-p5-IMG_5001.jpg\" title=\"Werft; \u00a9 Wilhelm Steingrube\" data-rl_title=\"Werft; \u00a9 Wilhelm Steingrube\" class=\"rl-gallery-link\" data-rl_caption=\"\" data-rel=\"lightbox-gallery-2\"><img src=\"https:\/\/sbt.ug.edu.pl\/wp-content\/uploads\/2019\/07\/R8A11-p5-IMG_5001-768x576.jpg\" width=\"640\" height=\"480\" alt=\"\" \/><\/a><\/div><div class=\"rl-gallery-item\"><a href=\"https:\/\/sbt.ug.edu.pl\/wp-content\/uploads\/2019\/07\/R8A11-p6-Freest_Strand.jpg\" title=\"Beach; \u00a9 commons.wikimedia.org, Corradox\" data-rl_title=\"Beach; \u00a9 commons.wikimedia.org, Corradox\" class=\"rl-gallery-link\" data-rl_caption=\"\" data-rel=\"lightbox-gallery-2\"><img src=\"https:\/\/sbt.ug.edu.pl\/wp-content\/uploads\/2019\/07\/R8A11-p6-Freest_Strand-768x342.jpg\" width=\"640\" height=\"285\" alt=\"\" \/><\/a><\/div><div class=\"rl-gallery-item\"><a href=\"https:\/\/sbt.ug.edu.pl\/wp-content\/uploads\/2019\/07\/R8A11-p7-Kr\u00f6slin_Freest_-5Heimatmuseum.jpg\" title=\"Heimatmuseum; \u00a9 commons.wikimedia.org, Assenmacher\" data-rl_title=\"Heimatmuseum; \u00a9 commons.wikimedia.org, Assenmacher\" class=\"rl-gallery-link\" data-rl_caption=\"\" data-rel=\"lightbox-gallery-2\"><img src=\"https:\/\/sbt.ug.edu.pl\/wp-content\/uploads\/2019\/07\/R8A11-p7-Kr\u00f6slin_Freest_-5Heimatmuseum-768x576.jpg\" width=\"640\" height=\"480\" alt=\"\" \/><\/a><\/div><div class=\"rl-gallery-item\"><a href=\"https:\/\/sbt.ug.edu.pl\/wp-content\/uploads\/2019\/07\/R8A11-p8-reest-6_Fischereihafen_2013-11-12_2.jpg\" title=\"Hafen-3; \u00a9 commons.wikimedia.org, Erell\" data-rl_title=\"Hafen-3; \u00a9 commons.wikimedia.org, Erell\" class=\"rl-gallery-link\" data-rl_caption=\"\" data-rel=\"lightbox-gallery-2\"><img src=\"https:\/\/sbt.ug.edu.pl\/wp-content\/uploads\/2019\/07\/R8A11-p8-reest-6_Fischereihafen_2013-11-12_2-768x576.jpg\" width=\"640\" height=\"480\" alt=\"\" \/><\/a><\/div> <\/div> <\/div><\/code><\/p>","protected":false},"excerpt":{"rendered":"<p>LAGE Das kleine Fischerdorf Freest liegt im Nordosten Deutschlands in Mecklenburg-Vorpommern am Achterwasser, einem Teil der Ostsee. Das Dorf grenzt im S\u00fcden an die D\u00f6rfer Kr\u00f6slin, im Westen an Lubmin und im Osten an den Fluss Peene. Die Insel Usedom ist nicht weit entfernt und kann an einem guten Tag deutlich gesehen werden. LANDSCHAFTLICHER CHARAKTER [&hellip;]<\/p>\n","protected":false},"author":3,"featured_media":0,"parent":490,"menu_order":0,"comment_status":"closed","ping_status":"closed","template":"","meta":[],"categories":[34,15,31],"tags":[],"_links":{"self":[{"href":"https:\/\/sbt.ug.edu.pl\/de\/wp-json\/wp\/v2\/pages\/585"}],"collection":[{"href":"https:\/\/sbt.ug.edu.pl\/de\/wp-json\/wp\/v2\/pages"}],"about":[{"href":"https:\/\/sbt.ug.edu.pl\/de\/wp-json\/wp\/v2\/types\/page"}],"author":[{"embeddable":true,"href":"https:\/\/sbt.ug.edu.pl\/de\/wp-json\/wp\/v2\/users\/3"}],"replies":[{"embeddable":true,"href":"https:\/\/sbt.ug.edu.pl\/de\/wp-json\/wp\/v2\/comments?post=585"}],"version-history":[{"count":7,"href":"https:\/\/sbt.ug.edu.pl\/de\/wp-json\/wp\/v2\/pages\/585\/revisions"}],"predecessor-version":[{"id":5755,"href":"https:\/\/sbt.ug.edu.pl\/de\/wp-json\/wp\/v2\/pages\/585\/revisions\/5755"}],"up":[{"embeddable":true,"href":"https:\/\/sbt.ug.edu.pl\/de\/wp-json\/wp\/v2\/pages\/490"}],"wp:attachment":[{"href":"https:\/\/sbt.ug.edu.pl\/de\/wp-json\/wp\/v2\/media?parent=585"}],"wp:term":[{"taxonomy":"category","embeddable":true,"href":"https:\/\/sbt.ug.edu.pl\/de\/wp-json\/wp\/v2\/categories?post=585"},{"taxonomy":"post_tag","embeddable":true,"href":"https:\/\/sbt.ug.edu.pl\/de\/wp-json\/wp\/v2\/tags?post=585"}],"curies":[{"name":"wp","href":"https:\/\/api.w.org\/{rel}","templated":true}]}}