{"id":587,"date":"2018-12-23T11:55:36","date_gmt":"2018-12-23T10:55:36","guid":{"rendered":"http:\/\/southbaltic-tourist.eu\/?page_id=587"},"modified":"2021-06-08T17:16:17","modified_gmt":"2021-06-08T16:16:17","slug":"12-kaiserbader-swinemunde","status":"publish","type":"page","link":"https:\/\/sbt.ug.edu.pl\/de\/routes\/world-of-fishermen\/12-kaiserbader-swinemunde\/","title":{"rendered":"12. Kaiserb\u00e4der &#8211; Swinem\u00fcnde"},"content":{"rendered":"<p><\/p>\n<p style=\"text-align: justify;\"><strong>LAGE<\/strong><\/p>\n<p style=\"text-align: justify;\">K\u00e5seberga ist ein Dorf im schwedischen Skane, in der historischen Provinz Schonen. Es liegt auf einer kleinen Halbinsel mit mehr als 20 m hohen Steilk\u00fcsten, etwa 18 km s\u00fcd\u00f6stlich von Ystad. Ystad kann mit der F\u00e4hre von Polen (Gdynia) und Deutschland (Sassnitz \/ Mukran) erreicht werden. K\u00e5seberga ist nur ein kleines Fischerdorf, aber nicht nur in Schweden f\u00fcr sein kulturelles Erbe bekannt.<\/p>\n<p><img decoding=\"async\" loading=\"lazy\" class=\"alignnone wp-image-2679 size-full\" src=\"https:\/\/southbaltic-tourist.eu\/wp-content\/uploads\/2019\/07\/R8A12-p1-Usedom-IMG_0498.jpg\" alt=\"\" width=\"1600\" height=\"1200\" srcset=\"https:\/\/sbt.ug.edu.pl\/wp-content\/uploads\/2019\/07\/R8A12-p1-Usedom-IMG_0498.jpg 1600w, https:\/\/sbt.ug.edu.pl\/wp-content\/uploads\/2019\/07\/R8A12-p1-Usedom-IMG_0498-300x225.jpg 300w, https:\/\/sbt.ug.edu.pl\/wp-content\/uploads\/2019\/07\/R8A12-p1-Usedom-IMG_0498-768x576.jpg 768w, https:\/\/sbt.ug.edu.pl\/wp-content\/uploads\/2019\/07\/R8A12-p1-Usedom-IMG_0498-1024x768.jpg 1024w, https:\/\/sbt.ug.edu.pl\/wp-content\/uploads\/2019\/07\/R8A12-p1-Usedom-IMG_0498-150x113.jpg 150w, https:\/\/sbt.ug.edu.pl\/wp-content\/uploads\/2019\/07\/R8A12-p1-Usedom-IMG_0498-136x102.jpg 136w\" sizes=\"(max-width: 1600px) 100vw, 1600px\" \/><\/p>\n<p style=\"text-align: justify;\"><strong>LANDSCHAFTLICHER CHARAKTER<\/strong><\/p>\n<p style=\"text-align: justify;\">K\u00e5seberga ist nur ein kleines Dorf, aber viele Touristen besuchen den Ort &#8211; so kann man eine gute touristische Infrastruktur und ausreichend Parkpl\u00e4tze f\u00fcr viele Autos finden. Im gro\u00dfen Fischereihafen k\u00f6nnen Besucher den Fischern \u00fcber die Schultern schauen, frischen Fisch kaufen oder an Angel-Fahrten teilnehmen. Es gibt viele Restaurants, die Pl\u00e4tze im Freien anbieten, um die regionale Fischk\u00fcche zu genie\u00dfen. Oben, auf den Steilk\u00fcsten, k\u00f6nnen Besucher \u201eAles stenar\u201c (Ale&#8217;s Steine) sehen &#8211; die am besten erhaltene Schiffssetzung in Schweden. Sie ist 70 m lang, 19 m breit und jeder Felsbrocken wiegt etwa 5 Tonnen \u2013 sie wurde irgendwann zwischen 500-1000 n. Chr. errichtet.<\/p>\n<p style=\"text-align: justify;\"><strong>SEHENSW\u00dcRDIGKEITEN<\/strong><\/p>\n<p style=\"text-align: justify;\">K\u00e5seberga ist vor allem f\u00fcr sein wertvolles kulturelles Erbe bekannt: Ales stenar (Ale\u2019s Steine). Jeden Tag klettern zahlreiche Besucher die Steilk\u00fcste hinauf, um Schwedens besterhaltene Schiffssetzung zu besuchen, die auch &#8222;Schwedens Stonehenge&#8220; genannt wird. Dieses Denkmal geh\u00f6rt zum gemeinsamen kulturellen Erbe Schwedens und wird seit 2015 vom National Property Board of Sweden verwaltet.<\/p>\n<p style=\"text-align: justify;\">Ein paar Meter weiter l\u00e4dt eine Gruppe sch\u00f6ner braun-wei\u00dfer K\u00fche die Besucher ein, ihre Kameras mitzunehmen und einige Fotos von ihnen zu machen, vor einem wundersch\u00f6nen Hintergrund der Ostsee und einem blauen, blauen Himmel mit nur wenigen Wolken.<\/p>\n<p style=\"text-align: justify;\">Als weitere besondere Attraktion k\u00f6nnen Besucher Sportler beobachten, die eine Art Gleitschirmfliegen betreiben. Mit ihren Segeln fliegen sie die Klippen entlang, nutzen die aufsteigenden Luftstr\u00f6mungen und kehren auf die gleiche Weise zur\u00fcck. Es wird nicht empfohlen, dies ohne Anleitung und praktische Hilfe auszuprobieren.<\/p>\n<p style=\"text-align: justify;\">GPS-Koordinaten: 55 \u00b0 23 &#8217;11, 587 &#8222;N 14 \u00b0 3 &#8218;54,41&#8220; E.<\/p>\n<p style=\"text-align: justify;\"><a href=\"https:\/\/de.wikipedia.org\/wiki\/K%C3%A5seberga\">https:\/\/de.wikipedia.org\/wiki\/K%C3%A5seberga<\/a><\/p>\n<p style=\"text-align: justify;\"><a href=\"http:\/\/www.sfv.se\">www.sfv.se<\/a>.<\/p>\n<p style=\"text-align: justify;\"><a href=\"https:\/\/en.wikipedia.org\/wiki\/Ale%27s_Stones\">https:\/\/en.wikipedia.org\/wiki\/Ale%27s_Stones<\/a><\/p>\n<p><code><div class=\"rl-gallery-container rl-loading\" id=\"rl-gallery-container-2\" data-gallery_id=\"2592\"> <div class=\"rl-gallery rl-basicgrid-gallery \" id=\"rl-gallery-2\" data-gallery_no=\"2\"> <div class=\"rl-gallery-item\"><a href=\"https:\/\/sbt.ug.edu.pl\/wp-content\/uploads\/2019\/07\/R8A12-p1-Usedom-IMG_0498.jpg\" title=\"Grenze-1; \u00a9 Wilhelm Steingrube\" data-rl_title=\"Grenze-1; \u00a9 Wilhelm Steingrube\" class=\"rl-gallery-link\" data-rl_caption=\"\" data-rel=\"lightbox-gallery-2\"><img src=\"https:\/\/sbt.ug.edu.pl\/wp-content\/uploads\/2019\/07\/R8A12-p1-Usedom-IMG_0498-768x576.jpg\" width=\"640\" height=\"480\" alt=\"\" \/><\/a><\/div><div class=\"rl-gallery-item\"><a href=\"https:\/\/sbt.ug.edu.pl\/wp-content\/uploads\/2019\/07\/R8A12-p2-IMG_5481.jpg\" title=\"Pier-Ahlbeck; \u00a9 Wilhelm Steingrube\" data-rl_title=\"Pier-Ahlbeck; \u00a9 Wilhelm Steingrube\" class=\"rl-gallery-link\" data-rl_caption=\"\" data-rel=\"lightbox-gallery-2\"><img src=\"https:\/\/sbt.ug.edu.pl\/wp-content\/uploads\/2019\/07\/R8A12-p2-IMG_5481-768x576.jpg\" width=\"640\" height=\"480\" alt=\"\" \/><\/a><\/div><div class=\"rl-gallery-item\"><a href=\"https:\/\/sbt.ug.edu.pl\/wp-content\/uploads\/2019\/07\/R8A12-p3-IMG_5468.jpg\" title=\"Pier-Heringsdorf; \u00a9 Wilhelm Steingrube\" data-rl_title=\"Pier-Heringsdorf; \u00a9 Wilhelm Steingrube\" class=\"rl-gallery-link\" data-rl_caption=\"\" data-rel=\"lightbox-gallery-2\"><img src=\"https:\/\/sbt.ug.edu.pl\/wp-content\/uploads\/2019\/07\/R8A12-p3-IMG_5468-768x576.jpg\" width=\"640\" height=\"480\" alt=\"\" \/><\/a><\/div><div class=\"rl-gallery-item\"><a href=\"https:\/\/sbt.ug.edu.pl\/wp-content\/uploads\/2019\/07\/R8A12-p4-IMG_5445.jpg\" title=\"Shops-Heringsdorf; \u00a9 Wilhelm Steingrube\" data-rl_title=\"Shops-Heringsdorf; \u00a9 Wilhelm Steingrube\" class=\"rl-gallery-link\" data-rl_caption=\"\" data-rel=\"lightbox-gallery-2\"><img src=\"https:\/\/sbt.ug.edu.pl\/wp-content\/uploads\/2019\/07\/R8A12-p4-IMG_5445-768x576.jpg\" width=\"640\" height=\"480\" alt=\"\" \/><\/a><\/div><div class=\"rl-gallery-item\"><a href=\"https:\/\/sbt.ug.edu.pl\/wp-content\/uploads\/2019\/07\/R8A12-p5-IMG_5469.jpg\" title=\"Spielbank; \u00a9 Wilhelm Steingrube\" data-rl_title=\"Spielbank; \u00a9 Wilhelm Steingrube\" class=\"rl-gallery-link\" data-rl_caption=\"\" data-rel=\"lightbox-gallery-2\"><img src=\"https:\/\/sbt.ug.edu.pl\/wp-content\/uploads\/2019\/07\/R8A12-p5-IMG_5469-768x576.jpg\" width=\"640\" height=\"480\" alt=\"\" \/><\/a><\/div><div class=\"rl-gallery-item\"><a href=\"https:\/\/sbt.ug.edu.pl\/wp-content\/uploads\/2019\/07\/R8A12-p6-IMG_5442.jpg\" title=\"Strandkorb; \u00a9 Wilhelm Steingrube\" data-rl_title=\"Strandkorb; \u00a9 Wilhelm Steingrube\" class=\"rl-gallery-link\" data-rl_caption=\"\" data-rel=\"lightbox-gallery-2\"><img src=\"https:\/\/sbt.ug.edu.pl\/wp-content\/uploads\/2019\/07\/R8A12-p6-IMG_5442-768x576.jpg\" width=\"640\" height=\"480\" alt=\"\" \/><\/a><\/div><div class=\"rl-gallery-item\"><a href=\"https:\/\/sbt.ug.edu.pl\/wp-content\/uploads\/2019\/07\/R8A12-p7-IMG_5505.jpg\" title=\"Hotel-Ahlbeck; \u00a9 Wilhelm Steingrube\" data-rl_title=\"Hotel-Ahlbeck; \u00a9 Wilhelm Steingrube\" class=\"rl-gallery-link\" data-rl_caption=\"\" data-rel=\"lightbox-gallery-2\"><img src=\"https:\/\/sbt.ug.edu.pl\/wp-content\/uploads\/2019\/07\/R8A12-p7-IMG_5505-768x576.jpg\" width=\"640\" height=\"480\" alt=\"\" \/><\/a><\/div><div class=\"rl-gallery-item\"><a href=\"https:\/\/sbt.ug.edu.pl\/wp-content\/uploads\/2019\/07\/R8A12-p8-IMG_5477.jpg\" title=\"Architektur-Ahlbeck; \u00a9 Wilhelm Steingrube\" data-rl_title=\"Architektur-Ahlbeck; \u00a9 Wilhelm Steingrube\" class=\"rl-gallery-link\" data-rl_caption=\"\" data-rel=\"lightbox-gallery-2\"><img src=\"https:\/\/sbt.ug.edu.pl\/wp-content\/uploads\/2019\/07\/R8A12-p8-IMG_5477-768x1024.jpg\" width=\"640\" height=\"853\" alt=\"\" \/><\/a><\/div><div class=\"rl-gallery-item\"><a href=\"https:\/\/sbt.ug.edu.pl\/wp-content\/uploads\/2019\/07\/R8A12-p9-Usedom-IMG_0499.jpg\" title=\"Grenze-2; \u00a9 Wilhelm Steingrube\" data-rl_title=\"Grenze-2; \u00a9 Wilhelm Steingrube\" class=\"rl-gallery-link\" data-rl_caption=\"\" data-rel=\"lightbox-gallery-2\"><img src=\"https:\/\/sbt.ug.edu.pl\/wp-content\/uploads\/2019\/07\/R8A12-p9-Usedom-IMG_0499-768x576.jpg\" width=\"640\" height=\"480\" alt=\"\" \/><\/a><\/div> <\/div> <\/div><\/code><\/p>","protected":false},"excerpt":{"rendered":"<p>LAGE K\u00e5seberga ist ein Dorf im schwedischen Skane, in der historischen Provinz Schonen. Es liegt auf einer kleinen Halbinsel mit mehr als 20 m hohen Steilk\u00fcsten, etwa 18 km s\u00fcd\u00f6stlich von Ystad. Ystad kann mit der F\u00e4hre von Polen (Gdynia) und Deutschland (Sassnitz \/ Mukran) erreicht werden. K\u00e5seberga ist nur ein kleines Fischerdorf, aber nicht [&hellip;]<\/p>\n","protected":false},"author":3,"featured_media":0,"parent":490,"menu_order":0,"comment_status":"closed","ping_status":"closed","template":"","meta":[],"categories":[34,15,31],"tags":[],"_links":{"self":[{"href":"https:\/\/sbt.ug.edu.pl\/de\/wp-json\/wp\/v2\/pages\/587"}],"collection":[{"href":"https:\/\/sbt.ug.edu.pl\/de\/wp-json\/wp\/v2\/pages"}],"about":[{"href":"https:\/\/sbt.ug.edu.pl\/de\/wp-json\/wp\/v2\/types\/page"}],"author":[{"embeddable":true,"href":"https:\/\/sbt.ug.edu.pl\/de\/wp-json\/wp\/v2\/users\/3"}],"replies":[{"embeddable":true,"href":"https:\/\/sbt.ug.edu.pl\/de\/wp-json\/wp\/v2\/comments?post=587"}],"version-history":[{"count":7,"href":"https:\/\/sbt.ug.edu.pl\/de\/wp-json\/wp\/v2\/pages\/587\/revisions"}],"predecessor-version":[{"id":5756,"href":"https:\/\/sbt.ug.edu.pl\/de\/wp-json\/wp\/v2\/pages\/587\/revisions\/5756"}],"up":[{"embeddable":true,"href":"https:\/\/sbt.ug.edu.pl\/de\/wp-json\/wp\/v2\/pages\/490"}],"wp:attachment":[{"href":"https:\/\/sbt.ug.edu.pl\/de\/wp-json\/wp\/v2\/media?parent=587"}],"wp:term":[{"taxonomy":"category","embeddable":true,"href":"https:\/\/sbt.ug.edu.pl\/de\/wp-json\/wp\/v2\/categories?post=587"},{"taxonomy":"post_tag","embeddable":true,"href":"https:\/\/sbt.ug.edu.pl\/de\/wp-json\/wp\/v2\/tags?post=587"}],"curies":[{"name":"wp","href":"https:\/\/api.w.org\/{rel}","templated":true}]}}