{"id":589,"date":"2018-12-23T11:56:49","date_gmt":"2018-12-23T10:56:49","guid":{"rendered":"http:\/\/southbaltic-tourist.eu\/?page_id=589"},"modified":"2021-06-08T17:28:15","modified_gmt":"2021-06-08T16:28:15","slug":"13-wolinski-national-park","status":"publish","type":"page","link":"https:\/\/sbt.ug.edu.pl\/de\/routes\/world-of-fishermen\/13-wolinski-national-park\/","title":{"rendered":"13. Wolinski Nationalpark"},"content":{"rendered":"<p><\/p>\n<p style=\"text-align: justify;\"><strong>LAGE<\/strong><\/p>\n<p style=\"text-align: justify;\">Der Wolinski-Nationalpark liegt im Nordwesten Polens an der M\u00fcndung der Oder. Er befindet sich auf der Insel Wolin und wurde geschaffen, um das wertvollste Gebiet dieser Insel zu sch\u00fctzen. Als Teil eines von der Ostsee umgebenen Archipels von K\u00fcsteninseln, wurde der Wolinski-Nationalpark der erste Meerespark in Polen.<\/p>\n<p><img decoding=\"async\" loading=\"lazy\" class=\"alignnone wp-image-2699 size-full\" src=\"https:\/\/southbaltic-tourist.eu\/wp-content\/uploads\/2019\/07\/R8A13-p1-20180802-DSC_5654.jpg\" alt=\"\" width=\"1600\" height=\"1067\" srcset=\"https:\/\/sbt.ug.edu.pl\/wp-content\/uploads\/2019\/07\/R8A13-p1-20180802-DSC_5654.jpg 1600w, https:\/\/sbt.ug.edu.pl\/wp-content\/uploads\/2019\/07\/R8A13-p1-20180802-DSC_5654-300x200.jpg 300w, https:\/\/sbt.ug.edu.pl\/wp-content\/uploads\/2019\/07\/R8A13-p1-20180802-DSC_5654-768x512.jpg 768w, https:\/\/sbt.ug.edu.pl\/wp-content\/uploads\/2019\/07\/R8A13-p1-20180802-DSC_5654-1024x683.jpg 1024w, https:\/\/sbt.ug.edu.pl\/wp-content\/uploads\/2019\/07\/R8A13-p1-20180802-DSC_5654-150x100.jpg 150w\" sizes=\"(max-width: 1600px) 100vw, 1600px\" \/><\/p>\n<p style=\"text-align: justify;\"><strong>LANDSCHAFTLICHER CHARAKTER<\/strong><\/p>\n<p style=\"text-align: justify;\">Der Wolinski-Nationalpark wurde 1960 gegr\u00fcndet. Er hat eine Fl\u00e4che von 10.937 ha und umfasst eine Vielzahl verschiedener Naturmerkmale: Steilk\u00fcsten, postglaziale Seen (Warnowskie, Rabi\u0105\u017c, Czajdze, Domys\u0142owskie), k\u00fcnstliche Seen (T\u00fcrkis und Stara Kredownia), seltene Pflanzenarten, reizvolle Sandstr\u00e4nde, sumpfige Inseln und W\u00e4lder aus Eichen, Buchen und Kiefern. Die Landschaft des Wolinski-Nationalparks ver\u00e4ndert sich durch die Erosion st\u00e4ndig. Besucher sollten den Park erkunden, da die Steilk\u00fcsten jedes Jahr um etwa 80 cm zur\u00fcckweichen.<\/p>\n<p style=\"text-align: justify;\"><strong>SEHENSW\u00dcRDIGKEITEN<\/strong><\/p>\n<p style=\"text-align: justify;\">Die gr\u00f6\u00dfte Attraktion und ein Symbol des Wolinski-Nationalparks sind die Seeadler. In dieser Gegend k\u00f6nnen Delfine, Schweinswale und Seehunde gesichtet werden. Es gibt fast 230 Vogelarten, die im Nationalpark beobachtet werden k\u00f6nnen, aufgrund seiner Lage am Hauptwanderweg entlang der Ostseek\u00fcste. Touristen k\u00f6nnen auf einem der vielen Wander- und Bildungswege, die viele Aussichtspunkte und Rastpl\u00e4tze bieten, die Steilk\u00fcsten erwandern und erklimmen. Das malerische Delta der Swina kann vom Zielonka-H\u00fcgel aus besichtigt werden. Jedes Jahr im Juli \/ August wird in Wolin das Slawen- und Wikingerfest organisiert.<\/p>\n<p style=\"text-align: justify;\">GPS-Koordinaten: 53 \u00b0 53 &#8217;50, 521 &#8222;N 14 \u00b0 29 &#8218;9,838&#8220; E.<\/p>\n<p style=\"text-align: justify;\"><a href=\"https:\/\/en.wikipedia.org\/wiki\/Wolin_National_Park\">https:\/\/en.wikipedia.org\/wiki\/Wolin_National_Park<\/a><\/p>\n<p style=\"text-align: justify;\"><a href=\"http:\/\/www.wolinpn.pl\/index.php?page=45\">http:\/\/www.wolinpn.pl\/index.php?page=45<\/a><\/p>\n<p><code><div class=\"rl-gallery-container rl-loading\" id=\"rl-gallery-container-2\" data-gallery_id=\"2594\"> <div class=\"rl-gallery rl-basicgrid-gallery \" id=\"rl-gallery-2\" data-gallery_no=\"2\"> <div class=\"rl-gallery-item\"><a href=\"https:\/\/sbt.ug.edu.pl\/wp-content\/uploads\/2019\/07\/R8A13-p1-20180802-DSC_5654.jpg\" title=\"Shore of Wolinski; \u00a9 commons.wikimedia.org, Anna Natalia Zadroga\" data-rl_title=\"Shore of Wolinski; \u00a9 commons.wikimedia.org, Anna Natalia Zadroga\" class=\"rl-gallery-link\" data-rl_caption=\"\" data-rel=\"lightbox-gallery-2\"><img src=\"https:\/\/sbt.ug.edu.pl\/wp-content\/uploads\/2019\/07\/R8A13-p1-20180802-DSC_5654-768x512.jpg\" width=\"640\" height=\"427\" alt=\"\" \/><\/a><\/div><div class=\"rl-gallery-item\"><a href=\"https:\/\/sbt.ug.edu.pl\/wp-content\/uploads\/2019\/07\/R8A13-p2-IMG_3597.jpg\" title=\"Sign of Wolinski; \u00a9 Wilhelm Steingrube\" data-rl_title=\"Sign of Wolinski; \u00a9 Wilhelm Steingrube\" class=\"rl-gallery-link\" data-rl_caption=\"\" data-rel=\"lightbox-gallery-2\"><img src=\"https:\/\/sbt.ug.edu.pl\/wp-content\/uploads\/2019\/07\/R8A13-p2-IMG_3597-768x576.jpg\" width=\"640\" height=\"480\" alt=\"\" \/><\/a><\/div><div class=\"rl-gallery-item\"><a href=\"https:\/\/sbt.ug.edu.pl\/wp-content\/uploads\/2019\/07\/R8A13-p3-MG_5327.jpg\" title=\"Bunker in Wolinski; \u00a9 Wilhelm Steingrube\" data-rl_title=\"Bunker in Wolinski; \u00a9 Wilhelm Steingrube\" class=\"rl-gallery-link\" data-rl_caption=\"\" data-rel=\"lightbox-gallery-2\"><img src=\"https:\/\/sbt.ug.edu.pl\/wp-content\/uploads\/2019\/07\/R8A13-p3-MG_5327-768x576.jpg\" width=\"640\" height=\"480\" alt=\"\" \/><\/a><\/div><div class=\"rl-gallery-item\"><a href=\"https:\/\/sbt.ug.edu.pl\/wp-content\/uploads\/2019\/07\/R8A13-p4-IMG_5325.jpg\" title=\"\" data-rl_title=\"\" class=\"rl-gallery-link\" data-rl_caption=\"\" data-rel=\"lightbox-gallery-2\"><img src=\"https:\/\/sbt.ug.edu.pl\/wp-content\/uploads\/2019\/07\/R8A13-p4-IMG_5325-768x576.jpg\" width=\"640\" height=\"480\" alt=\"\" \/><\/a><\/div><div class=\"rl-gallery-item\"><a href=\"https:\/\/sbt.ug.edu.pl\/wp-content\/uploads\/2019\/07\/R8A13-p5-Wisent-1.jpg\" title=\"Bison in Wolinski; \u00a9 Wilhelm Steingrube\" data-rl_title=\"Bison in Wolinski; \u00a9 Wilhelm Steingrube\" class=\"rl-gallery-link\" data-rl_caption=\"\" data-rel=\"lightbox-gallery-2\"><img src=\"https:\/\/sbt.ug.edu.pl\/wp-content\/uploads\/2019\/07\/R8A13-p5-Wisent-1-768x576.jpg\" width=\"640\" height=\"480\" alt=\"\" \/><\/a><\/div><div class=\"rl-gallery-item\"><a href=\"https:\/\/sbt.ug.edu.pl\/wp-content\/uploads\/2019\/07\/R8A13-p6-T\u00fcrkis-See-Lubin-1.jpg\" title=\"T\u00fcrkis-See in Wolinski; \u00a9 Wilhelm Steingrube\" data-rl_title=\"T\u00fcrkis-See in Wolinski; \u00a9 Wilhelm Steingrube\" class=\"rl-gallery-link\" data-rl_caption=\"\" data-rel=\"lightbox-gallery-2\"><img src=\"https:\/\/sbt.ug.edu.pl\/wp-content\/uploads\/2019\/07\/R8A13-p6-T\u00fcrkis-See-Lubin-1-768x576.jpg\" width=\"640\" height=\"480\" alt=\"\" \/><\/a><\/div> <\/div> <\/div><\/code><\/p>","protected":false},"excerpt":{"rendered":"<p>LAGE Der Wolinski-Nationalpark liegt im Nordwesten Polens an der M\u00fcndung der Oder. Er befindet sich auf der Insel Wolin und wurde geschaffen, um das wertvollste Gebiet dieser Insel zu sch\u00fctzen. Als Teil eines von der Ostsee umgebenen Archipels von K\u00fcsteninseln, wurde der Wolinski-Nationalpark der erste Meerespark in Polen. LANDSCHAFTLICHER CHARAKTER Der Wolinski-Nationalpark wurde 1960 gegr\u00fcndet. [&hellip;]<\/p>\n","protected":false},"author":3,"featured_media":0,"parent":490,"menu_order":0,"comment_status":"closed","ping_status":"closed","template":"","meta":[],"categories":[34,15,31],"tags":[],"_links":{"self":[{"href":"https:\/\/sbt.ug.edu.pl\/de\/wp-json\/wp\/v2\/pages\/589"}],"collection":[{"href":"https:\/\/sbt.ug.edu.pl\/de\/wp-json\/wp\/v2\/pages"}],"about":[{"href":"https:\/\/sbt.ug.edu.pl\/de\/wp-json\/wp\/v2\/types\/page"}],"author":[{"embeddable":true,"href":"https:\/\/sbt.ug.edu.pl\/de\/wp-json\/wp\/v2\/users\/3"}],"replies":[{"embeddable":true,"href":"https:\/\/sbt.ug.edu.pl\/de\/wp-json\/wp\/v2\/comments?post=589"}],"version-history":[{"count":8,"href":"https:\/\/sbt.ug.edu.pl\/de\/wp-json\/wp\/v2\/pages\/589\/revisions"}],"predecessor-version":[{"id":5759,"href":"https:\/\/sbt.ug.edu.pl\/de\/wp-json\/wp\/v2\/pages\/589\/revisions\/5759"}],"up":[{"embeddable":true,"href":"https:\/\/sbt.ug.edu.pl\/de\/wp-json\/wp\/v2\/pages\/490"}],"wp:attachment":[{"href":"https:\/\/sbt.ug.edu.pl\/de\/wp-json\/wp\/v2\/media?parent=589"}],"wp:term":[{"taxonomy":"category","embeddable":true,"href":"https:\/\/sbt.ug.edu.pl\/de\/wp-json\/wp\/v2\/categories?post=589"},{"taxonomy":"post_tag","embeddable":true,"href":"https:\/\/sbt.ug.edu.pl\/de\/wp-json\/wp\/v2\/tags?post=589"}],"curies":[{"name":"wp","href":"https:\/\/api.w.org\/{rel}","templated":true}]}}