{"id":591,"date":"2018-12-23T11:57:55","date_gmt":"2018-12-23T10:57:55","guid":{"rendered":"http:\/\/southbaltic-tourist.eu\/?page_id=591"},"modified":"2021-06-08T17:27:29","modified_gmt":"2021-06-08T16:27:29","slug":"14-stepnica","status":"publish","type":"page","link":"https:\/\/sbt.ug.edu.pl\/de\/routes\/world-of-fishermen\/14-stepnica\/","title":{"rendered":"14. St\u0119pnica"},"content":{"rendered":"<p><\/p>\n<p style=\"text-align: justify;\"><strong>LAGE<\/strong><\/p>\n<p style=\"text-align: justify;\">St\u0119pnica ist ein kleines Dorf im Landkreis Goleni\u00f3w am Stettiner Haff in der N\u00e4he der W\u00e4lder um Goleni\u00f3w, im Naturschutzgebiet Olszanka. Am gegen\u00fcberliegenden Ufer der Oder liegt der Wald von Wkrza\u0144ska.<\/p>\n<p><img decoding=\"async\" loading=\"lazy\" class=\"alignnone wp-image-2701 size-full\" src=\"https:\/\/southbaltic-tourist.eu\/wp-content\/uploads\/2019\/07\/R8A14-p1-Stepnica_Poland_-_panoramio.jpg\" alt=\"\" width=\"1600\" height=\"1200\" srcset=\"https:\/\/sbt.ug.edu.pl\/wp-content\/uploads\/2019\/07\/R8A14-p1-Stepnica_Poland_-_panoramio.jpg 1600w, https:\/\/sbt.ug.edu.pl\/wp-content\/uploads\/2019\/07\/R8A14-p1-Stepnica_Poland_-_panoramio-300x225.jpg 300w, https:\/\/sbt.ug.edu.pl\/wp-content\/uploads\/2019\/07\/R8A14-p1-Stepnica_Poland_-_panoramio-768x576.jpg 768w, https:\/\/sbt.ug.edu.pl\/wp-content\/uploads\/2019\/07\/R8A14-p1-Stepnica_Poland_-_panoramio-1024x768.jpg 1024w, https:\/\/sbt.ug.edu.pl\/wp-content\/uploads\/2019\/07\/R8A14-p1-Stepnica_Poland_-_panoramio-150x113.jpg 150w, https:\/\/sbt.ug.edu.pl\/wp-content\/uploads\/2019\/07\/R8A14-p1-Stepnica_Poland_-_panoramio-136x102.jpg 136w\" sizes=\"(max-width: 1600px) 100vw, 1600px\" \/><\/p>\n<p style=\"text-align: justify;\"><strong>LANDSCHAFTLICHER CHARAKTER<\/strong><\/p>\n<p style=\"text-align: justify;\">Stepnica liegt im n\u00f6rdlichen Teil des unteren Odertals, nahe der Grenze zur Goleni\u00f3w-Ebene. Das Dorf und der Hafen befinden sich am Golf von Stepnica. Der Hafen von St\u0119pnica ist als Fischerei- und Segelknotenpunkt von gro\u00dfer lokaler Bedeutung und eine wichtige Basis f\u00fcr Handel und Versorgung. Im S\u00fcden befindet sich das 1.345,4 ha gro\u00dfe Naturschutzgebiet Olszanka (Wald- und Torfreservat).<\/p>\n<p style=\"text-align: justify;\"><strong>SEHENSW\u00dcRDIGKEITEN<\/strong><\/p>\n<p style=\"text-align: justify;\">Das Dorf hat einen Seehafen und ein Meeresbad. Touristen k\u00f6nnen in der Lagune Boot fahren oder surfen. Ein internationaler gr\u00fcner Radweg, der die Stettiner Lagune umgibt, f\u00fchrt durch Stepnica. Es ist eine gro\u00dfartige Erfahrung, mit einem Boot auf das Meer hinaus zu fahren und von dort aus die Adler zu beobachten &#8211; eine Begegnung mit einem Seeadler ist sehr gut m\u00f6glich. Reisende k\u00f6nnen Kajak fahren und Bootsfahrten rund um das Stettiner Haff unternehmen. St\u0119pnica ist ber\u00fchmt f\u00fcr seine Fischerei &#8211; ein Wettbewerb und ein Fest der Fischer und der Fischerei, das Stepnickie Festival, finden jedes Jahr im Juli statt.<\/p>\n<p style=\"text-align: justify;\">GPS-Koordinaten: 53 \u00b0 39 &#8218;6,75 &#8222;N 14 \u00b0 37&#8216; 29.042&#8220; E.<\/p>\n<p style=\"text-align: justify;\"><a href=\"https:\/\/en.wikipedia.org\/wiki\/Stepnica\">https:\/\/en.wikipedia.org\/wiki\/Stepnica<\/a><\/p>\n<p><code><div class=\"rl-gallery-container rl-loading\" id=\"rl-gallery-container-2\" data-gallery_id=\"2597\"> <div class=\"rl-gallery rl-basicgrid-gallery \" id=\"rl-gallery-2\" data-gallery_no=\"2\"> <div class=\"rl-gallery-item\"><a href=\"https:\/\/sbt.ug.edu.pl\/wp-content\/uploads\/2019\/07\/R8A14-p1-Stepnica_Poland_-_panoramio.jpg\" title=\"Stepnica-1; \u00a9 commons.wikimedia.org, Stasi\u00d3 Stach\u00f3w\" data-rl_title=\"Stepnica-1; \u00a9 commons.wikimedia.org, Stasi\u00d3 Stach\u00f3w\" class=\"rl-gallery-link\" data-rl_caption=\"\" data-rel=\"lightbox-gallery-2\"><img src=\"https:\/\/sbt.ug.edu.pl\/wp-content\/uploads\/2019\/07\/R8A14-p1-Stepnica_Poland_-_panoramio-768x576.jpg\" width=\"640\" height=\"480\" alt=\"\" \/><\/a><\/div><div class=\"rl-gallery-item\"><a href=\"https:\/\/sbt.ug.edu.pl\/wp-content\/uploads\/2019\/07\/R8A14-p2-Port_rybacki_w_Stepnicy_nad_Zalewem_Szczeci\u0144skim_-_panoramio.jpg\" title=\"Stepnica-2; \u00a9 commons.wikimedia.org, rysnal\" data-rl_title=\"Stepnica-2; \u00a9 commons.wikimedia.org, rysnal\" class=\"rl-gallery-link\" data-rl_caption=\"\" data-rel=\"lightbox-gallery-2\"><img src=\"https:\/\/sbt.ug.edu.pl\/wp-content\/uploads\/2019\/07\/R8A14-p2-Port_rybacki_w_Stepnicy_nad_Zalewem_Szczeci\u0144skim_-_panoramio-768x576.jpg\" width=\"640\" height=\"480\" alt=\"\" \/><\/a><\/div><div class=\"rl-gallery-item\"><a href=\"https:\/\/sbt.ug.edu.pl\/wp-content\/uploads\/2019\/07\/R8A14-p3-The_port_of_Stepnica_-_Southern_Quay.jpg\" title=\"Stepnica-3; \u00a9 commons.wikimedia.org, Piotrek gs\" data-rl_title=\"Stepnica-3; \u00a9 commons.wikimedia.org, Piotrek gs\" class=\"rl-gallery-link\" data-rl_caption=\"\" data-rel=\"lightbox-gallery-2\"><img src=\"https:\/\/sbt.ug.edu.pl\/wp-content\/uploads\/2019\/07\/R8A14-p3-The_port_of_Stepnica_-_Southern_Quay-768x514.jpg\" width=\"640\" height=\"428\" alt=\"\" \/><\/a><\/div><div class=\"rl-gallery-item\"><a href=\"https:\/\/sbt.ug.edu.pl\/wp-content\/uploads\/2019\/07\/R8A14-p4-Gmina_Stepnica_Poland_-_panoramio.jpg\" title=\"Stepnica-4; \u00a9 commons.wikimedia.org, Stasi\u00d3 Stach\u00f3w\" data-rl_title=\"Stepnica-4; \u00a9 commons.wikimedia.org, Stasi\u00d3 Stach\u00f3w\" class=\"rl-gallery-link\" data-rl_caption=\"\" data-rel=\"lightbox-gallery-2\"><img src=\"https:\/\/sbt.ug.edu.pl\/wp-content\/uploads\/2019\/07\/R8A14-p4-Gmina_Stepnica_Poland_-_panoramio-768x1024.jpg\" width=\"640\" height=\"853\" alt=\"\" \/><\/a><\/div><div class=\"rl-gallery-item\"><a href=\"https:\/\/sbt.ug.edu.pl\/wp-content\/uploads\/2019\/07\/R8A14-p5-Stepnica_port_rybacki.jpg\" title=\"Stepnica-5; \u00a9 commons.wikimedia.org, kapitel\" data-rl_title=\"Stepnica-5; \u00a9 commons.wikimedia.org, kapitel\" class=\"rl-gallery-link\" data-rl_caption=\"\" data-rel=\"lightbox-gallery-2\"><img src=\"https:\/\/sbt.ug.edu.pl\/wp-content\/uploads\/2019\/07\/R8A14-p5-Stepnica_port_rybacki-768x511.jpg\" width=\"640\" height=\"426\" alt=\"\" \/><\/a><\/div><div class=\"rl-gallery-item\"><a href=\"https:\/\/sbt.ug.edu.pl\/wp-content\/uploads\/2019\/07\/R8A14-p6-Stepnica_-_panoramio.jpg\" title=\"Stepnica-6; \u00a9 commons.wikimedia.org, Jan M\" data-rl_title=\"Stepnica-6; \u00a9 commons.wikimedia.org, Jan M\" class=\"rl-gallery-link\" data-rl_caption=\"\" data-rel=\"lightbox-gallery-2\"><img src=\"https:\/\/sbt.ug.edu.pl\/wp-content\/uploads\/2019\/07\/R8A14-p6-Stepnica_-_panoramio-768x510.jpg\" width=\"640\" height=\"425\" alt=\"\" \/><\/a><\/div> <\/div> <\/div><\/code><\/p>","protected":false},"excerpt":{"rendered":"<p>LAGE St\u0119pnica ist ein kleines Dorf im Landkreis Goleni\u00f3w am Stettiner Haff in der N\u00e4he der W\u00e4lder um Goleni\u00f3w, im Naturschutzgebiet Olszanka. Am gegen\u00fcberliegenden Ufer der Oder liegt der Wald von Wkrza\u0144ska. LANDSCHAFTLICHER CHARAKTER Stepnica liegt im n\u00f6rdlichen Teil des unteren Odertals, nahe der Grenze zur Goleni\u00f3w-Ebene. Das Dorf und der Hafen befinden sich am [&hellip;]<\/p>\n","protected":false},"author":3,"featured_media":0,"parent":490,"menu_order":0,"comment_status":"closed","ping_status":"closed","template":"","meta":[],"categories":[34,15,31],"tags":[],"_links":{"self":[{"href":"https:\/\/sbt.ug.edu.pl\/de\/wp-json\/wp\/v2\/pages\/591"}],"collection":[{"href":"https:\/\/sbt.ug.edu.pl\/de\/wp-json\/wp\/v2\/pages"}],"about":[{"href":"https:\/\/sbt.ug.edu.pl\/de\/wp-json\/wp\/v2\/types\/page"}],"author":[{"embeddable":true,"href":"https:\/\/sbt.ug.edu.pl\/de\/wp-json\/wp\/v2\/users\/3"}],"replies":[{"embeddable":true,"href":"https:\/\/sbt.ug.edu.pl\/de\/wp-json\/wp\/v2\/comments?post=591"}],"version-history":[{"count":8,"href":"https:\/\/sbt.ug.edu.pl\/de\/wp-json\/wp\/v2\/pages\/591\/revisions"}],"predecessor-version":[{"id":5758,"href":"https:\/\/sbt.ug.edu.pl\/de\/wp-json\/wp\/v2\/pages\/591\/revisions\/5758"}],"up":[{"embeddable":true,"href":"https:\/\/sbt.ug.edu.pl\/de\/wp-json\/wp\/v2\/pages\/490"}],"wp:attachment":[{"href":"https:\/\/sbt.ug.edu.pl\/de\/wp-json\/wp\/v2\/media?parent=591"}],"wp:term":[{"taxonomy":"category","embeddable":true,"href":"https:\/\/sbt.ug.edu.pl\/de\/wp-json\/wp\/v2\/categories?post=591"},{"taxonomy":"post_tag","embeddable":true,"href":"https:\/\/sbt.ug.edu.pl\/de\/wp-json\/wp\/v2\/tags?post=591"}],"curies":[{"name":"wp","href":"https:\/\/api.w.org\/{rel}","templated":true}]}}