{"id":593,"date":"2018-12-23T11:59:04","date_gmt":"2018-12-23T10:59:04","guid":{"rendered":"http:\/\/southbaltic-tourist.eu\/?page_id=593"},"modified":"2021-06-10T15:25:08","modified_gmt":"2021-06-10T14:25:08","slug":"15-szczecin","status":"publish","type":"page","link":"https:\/\/sbt.ug.edu.pl\/de\/routes\/world-of-fishermen\/15-szczecin\/","title":{"rendered":"15. Halbinsel Falsterbo"},"content":{"rendered":"<p><\/p>\n<p style=\"text-align: justify;\"><strong>LAGE<\/strong><\/p>\n<p style=\"text-align: justify;\">Skanor med Falsterbo &#8211; wie die beiden St\u00e4dte der Halbinsel genannt werden &#8211; geh\u00f6ren zur Gemeinde Vellinge im schwedischen Landkreis Skane, mit nur etwa 7.000 Einwohnern. Die Einheimischen betrachten sie immer noch als verschiedene Kommunen, obwohl sie bereits 1754 vereinigt wurden. Die Halbinsel bildet die s\u00fcdwestlichste Spitze S\u00fcdschwedens.<\/p>\n<p><img decoding=\"async\" loading=\"lazy\" class=\"alignnone wp-image-2731 size-full\" src=\"https:\/\/southbaltic-tourist.eu\/wp-content\/uploads\/2019\/07\/R8A15-p1-IMG_1035.jpg\" alt=\"\" width=\"1600\" height=\"1200\" srcset=\"https:\/\/sbt.ug.edu.pl\/wp-content\/uploads\/2019\/07\/R8A15-p1-IMG_1035.jpg 1600w, https:\/\/sbt.ug.edu.pl\/wp-content\/uploads\/2019\/07\/R8A15-p1-IMG_1035-300x225.jpg 300w, https:\/\/sbt.ug.edu.pl\/wp-content\/uploads\/2019\/07\/R8A15-p1-IMG_1035-768x576.jpg 768w, https:\/\/sbt.ug.edu.pl\/wp-content\/uploads\/2019\/07\/R8A15-p1-IMG_1035-1024x768.jpg 1024w, https:\/\/sbt.ug.edu.pl\/wp-content\/uploads\/2019\/07\/R8A15-p1-IMG_1035-150x113.jpg 150w, https:\/\/sbt.ug.edu.pl\/wp-content\/uploads\/2019\/07\/R8A15-p1-IMG_1035-136x102.jpg 136w\" sizes=\"(max-width: 1600px) 100vw, 1600px\" \/><\/p>\n<p style=\"text-align: justify;\"><strong>LANDSCHAFTLICHER CHARAKTER<\/strong><\/p>\n<p style=\"text-align: justify;\">Die Halbinsel liegt im S\u00fcden von Malm\u00f6. Die beiden mittelalterlichen St\u00e4dte Skan\u00f6r und Falsterbo befinden sich im westlichen Teil der Halbinsel: Falsterbo im S\u00fcden und Skan\u00f6r im Norden. Die Halbinsel wird durch den Falsterbo-Kanal geteilt. Sie hat ein maritimes Klima, mit mehr Sonnenstunden sowie sehr trockene und fast eisfreie Winter. W\u00e4hrend des vergangenen Jahrhunderts wurden die beiden St\u00e4dte zu wohlhabenden Vororten f\u00fcr Menschen, die in Malm\u00f6 und Lund arbeiten, sowie zu einem beliebten Ort f\u00fcr \u00e4ltere Menschen, die sich aus h\u00f6heren Positionen zur\u00fcckzogen. Und sie entwickelte sich zu einem beliebten Tourismusziel.<\/p>\n<p style=\"text-align: justify;\"><strong>SEHENSW\u00dcRDIGKEITEN<\/strong><\/p>\n<p style=\"text-align: justify;\">Die Halbinsel hat atemberaubende Landschaften mit feinen, wei\u00dfen Sandstr\u00e4nden und D\u00fcnen. Entlang der Str\u00e4nde k\u00f6nnen Besucher kleine, verschiedenfarbige Strandh\u00e4user bewundern, die in ganz Schweden einzigartig sind. Die H\u00e4user sind sehr klein und haben nur die Funktion, ihren Besitzern zu erm\u00f6glichen, ihre Kleidung zum Sonnenbaden und Schwimmen zu wechseln. Vielleicht beherbergen sie auch einige Ausstattung, um eine einfache Mahlzeit zu bereiten &#8211; aber nicht mehr. Die H\u00e4user sind zu klein f\u00fcr Betten oder andere M\u00f6bel.<\/p>\n<p style=\"text-align: justify;\">Die Halbinsel ist ein Paradies f\u00fcr Vogelbeobachter. Manchmal sind sie unterwegs, um Fotos von speziellen V\u00f6geln zu machen &#8211; und Besucher k\u00f6nnen eine beachtliche Sammlung kostenintensiver Fotoausr\u00fcstung bewundern. Eines der Highlights: Neben vielen anderen Vogelarten kann man sogar mehrere Seeadler gleichzeitig sehen.<\/p>\n<p style=\"text-align: justify;\">Die Halbinsel ist auch ein sehr gesch\u00e4tzter Golfplatz. Und es scheint, dass Golfspieler und andere Besucher dort eine Art friedliche Kommunikation gefunden haben, weil Wanderwege direkt durch Golfgebiete f\u00fchren.<\/p>\n<p style=\"text-align: justify;\">Naturliebhaber finden die typische Meereslandschaft, Ruhe, Entspannung und einen sch\u00f6nen Ort zum Angeln.<\/p>\n<p style=\"text-align: justify;\">GPS-Koordinaten: 55 \u00b0 23 &#8217;49 .636 &#8222;N 12 \u00b0 50 &#8217;29 .501&#8220; E.<\/p>\n<p style=\"text-align: justify;\"><a href=\"https:\/\/en.wikipedia.org\/wiki\/Falsterbo\">https:\/\/en.wikipedia.org\/wiki\/Falsterbo<\/a><\/p>\n<p style=\"text-align: justify;\"><a href=\"https:\/\/visitskane.com\/cities-locations\/southwest\">https:\/\/visitskane.com\/cities-locations\/southwest<\/a><\/p>\n<p><code><div class=\"rl-gallery-container rl-loading\" id=\"rl-gallery-container-2\" data-gallery_id=\"2599\"> <div class=\"rl-gallery rl-basicgrid-gallery \" id=\"rl-gallery-2\" data-gallery_no=\"2\"> <div class=\"rl-gallery-item\"><a href=\"https:\/\/sbt.ug.edu.pl\/wp-content\/uploads\/2019\/07\/R8A15-p1-IMG_1035.jpg\" title=\"Woiwodschaft; \u00a9 Wilhelm Steingrube\" data-rl_title=\"Woiwodschaft; \u00a9 Wilhelm Steingrube\" class=\"rl-gallery-link\" data-rl_caption=\"\" data-rel=\"lightbox-gallery-2\"><img src=\"https:\/\/sbt.ug.edu.pl\/wp-content\/uploads\/2019\/07\/R8A15-p1-IMG_1035-768x576.jpg\" width=\"640\" height=\"480\" alt=\"\" \/><\/a><\/div><div class=\"rl-gallery-item\"><a href=\"https:\/\/sbt.ug.edu.pl\/wp-content\/uploads\/2019\/07\/R8A15-p2-IMG_1038.jpg\" title=\"Castle-1; \u00a9 Wilhelm Steingrube\" data-rl_title=\"Castle-1; \u00a9 Wilhelm Steingrube\" class=\"rl-gallery-link\" data-rl_caption=\"\" data-rel=\"lightbox-gallery-2\"><img src=\"https:\/\/sbt.ug.edu.pl\/wp-content\/uploads\/2019\/07\/R8A15-p2-IMG_1038-768x576.jpg\" width=\"640\" height=\"480\" alt=\"\" \/><\/a><\/div><div class=\"rl-gallery-item\"><a href=\"https:\/\/sbt.ug.edu.pl\/wp-content\/uploads\/2019\/07\/R8A15-p3-Stettin-BlcikvomSchloss.jpg\" title=\"Castle-2; \u00a9 Wilhelm Steingrube\" data-rl_title=\"Castle-2; \u00a9 Wilhelm Steingrube\" class=\"rl-gallery-link\" data-rl_caption=\"\" data-rel=\"lightbox-gallery-2\"><img src=\"https:\/\/sbt.ug.edu.pl\/wp-content\/uploads\/2019\/07\/R8A15-p3-Stettin-BlcikvomSchloss-768x576.jpg\" width=\"640\" height=\"480\" alt=\"\" \/><\/a><\/div><div class=\"rl-gallery-item\"><a href=\"https:\/\/sbt.ug.edu.pl\/wp-content\/uploads\/2019\/07\/R8A15-p4-Stettin-Schloss.jpg\" title=\"Castle-3; \u00a9 Wilhelm Steingrube\" data-rl_title=\"Castle-3; \u00a9 Wilhelm Steingrube\" class=\"rl-gallery-link\" data-rl_caption=\"\" data-rel=\"lightbox-gallery-2\"><img src=\"https:\/\/sbt.ug.edu.pl\/wp-content\/uploads\/2019\/07\/R8A15-p4-Stettin-Schloss-768x1024.jpg\" width=\"640\" height=\"853\" alt=\"\" \/><\/a><\/div><div class=\"rl-gallery-item\"><a href=\"https:\/\/sbt.ug.edu.pl\/wp-content\/uploads\/2019\/07\/R8A15-p5-Stettin-BlcikvomSchloss-11.jpg\" title=\"Church; \u00a9 Wilhelm Steingrube\" data-rl_title=\"Church; \u00a9 Wilhelm Steingrube\" class=\"rl-gallery-link\" data-rl_caption=\"\" data-rel=\"lightbox-gallery-2\"><img src=\"https:\/\/sbt.ug.edu.pl\/wp-content\/uploads\/2019\/07\/R8A15-p5-Stettin-BlcikvomSchloss-11-768x576.jpg\" width=\"640\" height=\"480\" alt=\"\" \/><\/a><\/div><div class=\"rl-gallery-item\"><a href=\"https:\/\/sbt.ug.edu.pl\/wp-content\/uploads\/2019\/07\/R8A15-p6-IMG_1050.jpg\" title=\"Terrace; \u00a9 Wilhelm Steingrube\" data-rl_title=\"Terrace; \u00a9 Wilhelm Steingrube\" class=\"rl-gallery-link\" data-rl_caption=\"\" data-rel=\"lightbox-gallery-2\"><img src=\"https:\/\/sbt.ug.edu.pl\/wp-content\/uploads\/2019\/07\/R8A15-p6-IMG_1050-768x576.jpg\" width=\"640\" height=\"480\" alt=\"\" \/><\/a><\/div> <\/div> <\/div><\/code><\/p>\n<p>&nbsp;<\/p>","protected":false},"excerpt":{"rendered":"<p>LAGE Skanor med Falsterbo &#8211; wie die beiden St\u00e4dte der Halbinsel genannt werden &#8211; geh\u00f6ren zur Gemeinde Vellinge im schwedischen Landkreis Skane, mit nur etwa 7.000 Einwohnern. Die Einheimischen betrachten sie immer noch als verschiedene Kommunen, obwohl sie bereits 1754 vereinigt wurden. Die Halbinsel bildet die s\u00fcdwestlichste Spitze S\u00fcdschwedens. LANDSCHAFTLICHER CHARAKTER Die Halbinsel liegt im [&hellip;]<\/p>\n","protected":false},"author":3,"featured_media":0,"parent":490,"menu_order":0,"comment_status":"closed","ping_status":"closed","template":"","meta":[],"categories":[34,15,31],"tags":[],"_links":{"self":[{"href":"https:\/\/sbt.ug.edu.pl\/de\/wp-json\/wp\/v2\/pages\/593"}],"collection":[{"href":"https:\/\/sbt.ug.edu.pl\/de\/wp-json\/wp\/v2\/pages"}],"about":[{"href":"https:\/\/sbt.ug.edu.pl\/de\/wp-json\/wp\/v2\/types\/page"}],"author":[{"embeddable":true,"href":"https:\/\/sbt.ug.edu.pl\/de\/wp-json\/wp\/v2\/users\/3"}],"replies":[{"embeddable":true,"href":"https:\/\/sbt.ug.edu.pl\/de\/wp-json\/wp\/v2\/comments?post=593"}],"version-history":[{"count":10,"href":"https:\/\/sbt.ug.edu.pl\/de\/wp-json\/wp\/v2\/pages\/593\/revisions"}],"predecessor-version":[{"id":5796,"href":"https:\/\/sbt.ug.edu.pl\/de\/wp-json\/wp\/v2\/pages\/593\/revisions\/5796"}],"up":[{"embeddable":true,"href":"https:\/\/sbt.ug.edu.pl\/de\/wp-json\/wp\/v2\/pages\/490"}],"wp:attachment":[{"href":"https:\/\/sbt.ug.edu.pl\/de\/wp-json\/wp\/v2\/media?parent=593"}],"wp:term":[{"taxonomy":"category","embeddable":true,"href":"https:\/\/sbt.ug.edu.pl\/de\/wp-json\/wp\/v2\/categories?post=593"},{"taxonomy":"post_tag","embeddable":true,"href":"https:\/\/sbt.ug.edu.pl\/de\/wp-json\/wp\/v2\/tags?post=593"}],"curies":[{"name":"wp","href":"https:\/\/api.w.org\/{rel}","templated":true}]}}