{"id":599,"date":"2018-12-23T12:02:49","date_gmt":"2018-12-23T11:02:49","guid":{"rendered":"http:\/\/southbaltic-tourist.eu\/?page_id=599"},"modified":"2021-06-10T15:29:03","modified_gmt":"2021-06-10T14:29:03","slug":"18-ustka","status":"publish","type":"page","link":"https:\/\/sbt.ug.edu.pl\/de\/routes\/world-of-fishermen\/18-ustka\/","title":{"rendered":"18. Ustka"},"content":{"rendered":"<p><\/p>\n<p style=\"text-align: justify;\"><strong>LAGE<\/strong><\/p>\n<p style=\"text-align: justify;\">Ustka ist eine Stadt in der Woiwodschaft Pommern im Norden Polens mit 16.000 Einwohnern. Dieser charmante Ort ist eine Hafenstadt, ein Kurort und ein Seebad an der S\u0142owi\u0144ski-K\u00fcste, an der M\u00fcndung des Flusses S\u0142upia in die Ostsee.<\/p>\n<p style=\"text-align: justify;\"><strong>LANDSCHAFTLICHER CHARAKTER<\/strong><\/p>\n<p style=\"text-align: justify;\">Ustka liegt in der N\u00e4he des S\u0142owi\u0144ski-Nationalparks. Der Strand der Stadt ist durch die M\u00fcndung des Flusses S\u0142upia in zwei Teile geteilt: Die westliche H\u00e4lfte wird von Touristen gesch\u00e4tzt, die Ruhe und Frieden suchen. Die \u00f6stliche H\u00e4lfte mit ihrem Boulevard, Restaurants, Bars und der sch\u00f6nen Promenade wird von Touristen bevorzugt, die eine lebendigere und geselligere Zeit suchen. Hier k\u00f6nnen Besucher durch die einzigartigen, weltber\u00fchmten Wanderd\u00fcnen und duftende Kiefern spazieren.<\/p>\n<p style=\"text-align: justify;\"><strong>SEHENSW\u00dcRDIGKEITEN<\/strong><\/p>\n<p style=\"text-align: justify;\">Touristen k\u00f6nnen am Meer spazieren gehen, Wassersport treiben und Fahrrad fahren. Es gibt auch viele Wanderwege. Der Hafen in Ustka wurde im 19. Jahrhundert auf den Fundamenten von Wellenbrechern aus dem 16. Jahrhundert erbaut. Heute werden haupts\u00e4chlich Fischerboote, Yachten und Touristenboote abgefertigt. In der Stadt befindet sich ein ber\u00fchmter Leuchtturm aus dem Jahr 1892, dessen Licht aus einer Entfernung von 30 km sichtbar ist. Er ist im Sommer f\u00fcr Besucher ge\u00f6ffnet. Sehenswert sind auch die Getreidespeicher der Stadt, aus rotem Backstein. Hier werden Angeltouren organisiert und der Dorschfang ist fast garantiert. Ustka betreibt die gr\u00f6\u00dfte Fischauktion in der Woiwodschaft Pomorskie.<\/p>\n<p style=\"text-align: justify;\">GPS-Koordinaten: 54 \u00b0 34 &#8218;50.02 &#8222;N 16 \u00b0 51 &#8218;42.808&#8220; E.<\/p>\n<p style=\"text-align: justify;\"><a href=\"https:\/\/en.wikipedia.org\/wiki\/Ustka\">https:\/\/en.wikipedia.org\/wiki\/Ustka<\/a><\/p>\n<p style=\"text-align: justify;\"><a href=\"https:\/\/www.poland.travel\/en\/experience\/relax\/health-resorts\/ustka\">https:\/\/www.poland.travel\/en\/experience\/relax\/health-resorts\/ustka<\/a><\/p>\n<p><code><div class=\"rl-gallery-container rl-loading\" id=\"rl-gallery-container-2\" data-gallery_id=\"2607\"> <div class=\"rl-gallery rl-basicgrid-gallery \" id=\"rl-gallery-2\" data-gallery_no=\"2\"> <div class=\"rl-gallery-item\"><a href=\"https:\/\/sbt.ug.edu.pl\/wp-content\/uploads\/2019\/07\/R8A18-p1-IMG_4385.jpg\" title=\"Boats; \u00a9 Wilhelm Steingrube\" data-rl_title=\"Boats; \u00a9 Wilhelm Steingrube\" class=\"rl-gallery-link\" data-rl_caption=\"\" data-rel=\"lightbox-gallery-2\"><img src=\"https:\/\/sbt.ug.edu.pl\/wp-content\/uploads\/2019\/07\/R8A18-p1-IMG_4385-768x1024.jpg\" width=\"640\" height=\"853\" alt=\"\" \/><\/a><\/div><div class=\"rl-gallery-item\"><a href=\"https:\/\/sbt.ug.edu.pl\/wp-content\/uploads\/2019\/07\/R8A18-p2-IMG_4369.jpg\" title=\"Sculpture; \u00a9 Wilhelm Steingrube\" data-rl_title=\"Sculpture; \u00a9 Wilhelm Steingrube\" class=\"rl-gallery-link\" data-rl_caption=\"\" data-rel=\"lightbox-gallery-2\"><img src=\"https:\/\/sbt.ug.edu.pl\/wp-content\/uploads\/2019\/07\/R8A18-p2-IMG_4369-768x1024.jpg\" width=\"640\" height=\"853\" alt=\"\" \/><\/a><\/div><div class=\"rl-gallery-item\"><a href=\"https:\/\/sbt.ug.edu.pl\/wp-content\/uploads\/2019\/07\/R8A18-p3-IMG_4376.jpg\" title=\"Lighthouse; \u00a9 Wilhelm Steingrube\" data-rl_title=\"Lighthouse; \u00a9 Wilhelm Steingrube\" class=\"rl-gallery-link\" data-rl_caption=\"\" data-rel=\"lightbox-gallery-2\"><img src=\"https:\/\/sbt.ug.edu.pl\/wp-content\/uploads\/2019\/07\/R8A18-p3-IMG_4376-768x1024.jpg\" width=\"640\" height=\"853\" alt=\"\" \/><\/a><\/div><div class=\"rl-gallery-item\"><a href=\"https:\/\/sbt.ug.edu.pl\/wp-content\/uploads\/2019\/07\/R8A18-p4-IMG_4356.jpg\" title=\"Buildings; \u00a9 Wilhelm Steingrube\" data-rl_title=\"Buildings; \u00a9 Wilhelm Steingrube\" class=\"rl-gallery-link\" data-rl_caption=\"\" data-rel=\"lightbox-gallery-2\"><img src=\"https:\/\/sbt.ug.edu.pl\/wp-content\/uploads\/2019\/07\/R8A18-p4-IMG_4356-768x576.jpg\" width=\"640\" height=\"480\" alt=\"\" \/><\/a><\/div> <\/div> <\/div><\/code><\/p>","protected":false},"excerpt":{"rendered":"<p>LAGE Ustka ist eine Stadt in der Woiwodschaft Pommern im Norden Polens mit 16.000 Einwohnern. Dieser charmante Ort ist eine Hafenstadt, ein Kurort und ein Seebad an der S\u0142owi\u0144ski-K\u00fcste, an der M\u00fcndung des Flusses S\u0142upia in die Ostsee. LANDSCHAFTLICHER CHARAKTER Ustka liegt in der N\u00e4he des S\u0142owi\u0144ski-Nationalparks. Der Strand der Stadt ist durch die M\u00fcndung [&hellip;]<\/p>\n","protected":false},"author":3,"featured_media":0,"parent":490,"menu_order":0,"comment_status":"closed","ping_status":"closed","template":"","meta":[],"categories":[34,15,31],"tags":[],"_links":{"self":[{"href":"https:\/\/sbt.ug.edu.pl\/de\/wp-json\/wp\/v2\/pages\/599"}],"collection":[{"href":"https:\/\/sbt.ug.edu.pl\/de\/wp-json\/wp\/v2\/pages"}],"about":[{"href":"https:\/\/sbt.ug.edu.pl\/de\/wp-json\/wp\/v2\/types\/page"}],"author":[{"embeddable":true,"href":"https:\/\/sbt.ug.edu.pl\/de\/wp-json\/wp\/v2\/users\/3"}],"replies":[{"embeddable":true,"href":"https:\/\/sbt.ug.edu.pl\/de\/wp-json\/wp\/v2\/comments?post=599"}],"version-history":[{"count":5,"href":"https:\/\/sbt.ug.edu.pl\/de\/wp-json\/wp\/v2\/pages\/599\/revisions"}],"predecessor-version":[{"id":5798,"href":"https:\/\/sbt.ug.edu.pl\/de\/wp-json\/wp\/v2\/pages\/599\/revisions\/5798"}],"up":[{"embeddable":true,"href":"https:\/\/sbt.ug.edu.pl\/de\/wp-json\/wp\/v2\/pages\/490"}],"wp:attachment":[{"href":"https:\/\/sbt.ug.edu.pl\/de\/wp-json\/wp\/v2\/media?parent=599"}],"wp:term":[{"taxonomy":"category","embeddable":true,"href":"https:\/\/sbt.ug.edu.pl\/de\/wp-json\/wp\/v2\/categories?post=599"},{"taxonomy":"post_tag","embeddable":true,"href":"https:\/\/sbt.ug.edu.pl\/de\/wp-json\/wp\/v2\/tags?post=599"}],"curies":[{"name":"wp","href":"https:\/\/api.w.org\/{rel}","templated":true}]}}