{"id":608,"date":"2018-12-23T17:07:31","date_gmt":"2018-12-23T16:07:31","guid":{"rendered":"http:\/\/southbaltic-tourist.eu\/?page_id=608"},"modified":"2019-08-17T18:47:21","modified_gmt":"2019-08-17T16:47:21","slug":"3-morrum-sweden-blekinge-biking-trail","status":"publish","type":"page","link":"https:\/\/sbt.ug.edu.pl\/de\/routes\/wildlife-nature-trails-folkuniversitetet-sweden\/3-morrum-sweden-blekinge-biking-trail\/","title":{"rendered":"3. M\u00f6rrum &#8211; Sweden \u2013 Blekinge biking trail"},"content":{"rendered":"<p><strong>LOCATION<\/strong><\/p>\n<p>M\u00f6rrum river is in Karlshamn in Blekinge, Sweden. 56\u00b09\u203213\u2033N 14\u00b044\u203248\u2033E.<\/p>\n<p><strong>SCENIC CHARACTER<br \/>\n<\/strong>The salmon and trout fishing in M\u00f6rrum has long been among Sweden&#8217;s best-known and most popular. M\u00f6rrums river stream and M\u00f6rrum salmon fishing are renowned among anglers all over Europe. Those who are interested in nature will find possibilities to fishing, cycling along the old railway embankment, footpath along Salmon route (Laxaleden) a long-distance footpath from the coast and canoeing the area around M\u00f6rrum has fantastic natural and cultural values, an interesting history with many fascinating myths and legends.<\/p>\n<p><strong>ATTRACTIONS <\/strong><\/p>\n<p>Laxaleden is a 30-km long hiking trail following M\u00f6rrums\u00e5ns rushing through a piece of beautiful Blekinge nature, from farmland to woodland.<\/p>\n<p>It runs between the old town of Elleholm in the south and Hovmansbygd in the north. At \u00c5keholm it connects to Blekingeleden.<\/p>\n<p>Along the trail there are information boards that tell us about the history and culture that over time shape life along this fishy and powerful watercourse.<\/p>\n<p>In total there are 100 information texts on the trail with varying distances.<\/p>\n<p>There is a free app for Laxaleden, Hiking in Karlshamn, to download to both iPhone and Android mobiles. <\/p>","protected":false},"excerpt":{"rendered":"<p>LOCATION M\u00f6rrum river is in Karlshamn in Blekinge, Sweden. 56\u00b09\u203213\u2033N 14\u00b044\u203248\u2033E. SCENIC CHARACTER The salmon and trout fishing in M\u00f6rrum has long been among Sweden&#8217;s best-known and most popular. M\u00f6rrums river stream and M\u00f6rrum salmon fishing are renowned among anglers all over Europe. Those who are interested in nature will find possibilities to fishing, cycling [&hellip;]<\/p>\n","protected":false},"author":3,"featured_media":0,"parent":488,"menu_order":0,"comment_status":"closed","ping_status":"closed","template":"","meta":[],"categories":[34,13,30],"tags":[],"_links":{"self":[{"href":"https:\/\/sbt.ug.edu.pl\/de\/wp-json\/wp\/v2\/pages\/608"}],"collection":[{"href":"https:\/\/sbt.ug.edu.pl\/de\/wp-json\/wp\/v2\/pages"}],"about":[{"href":"https:\/\/sbt.ug.edu.pl\/de\/wp-json\/wp\/v2\/types\/page"}],"author":[{"embeddable":true,"href":"https:\/\/sbt.ug.edu.pl\/de\/wp-json\/wp\/v2\/users\/3"}],"replies":[{"embeddable":true,"href":"https:\/\/sbt.ug.edu.pl\/de\/wp-json\/wp\/v2\/comments?post=608"}],"version-history":[{"count":5,"href":"https:\/\/sbt.ug.edu.pl\/de\/wp-json\/wp\/v2\/pages\/608\/revisions"}],"predecessor-version":[{"id":4529,"href":"https:\/\/sbt.ug.edu.pl\/de\/wp-json\/wp\/v2\/pages\/608\/revisions\/4529"}],"up":[{"embeddable":true,"href":"https:\/\/sbt.ug.edu.pl\/de\/wp-json\/wp\/v2\/pages\/488"}],"wp:attachment":[{"href":"https:\/\/sbt.ug.edu.pl\/de\/wp-json\/wp\/v2\/media?parent=608"}],"wp:term":[{"taxonomy":"category","embeddable":true,"href":"https:\/\/sbt.ug.edu.pl\/de\/wp-json\/wp\/v2\/categories?post=608"},{"taxonomy":"post_tag","embeddable":true,"href":"https:\/\/sbt.ug.edu.pl\/de\/wp-json\/wp\/v2\/tags?post=608"}],"curies":[{"name":"wp","href":"https:\/\/api.w.org\/{rel}","templated":true}]}}