{"id":613,"date":"2018-12-23T17:13:52","date_gmt":"2018-12-23T16:13:52","guid":{"rendered":"http:\/\/southbaltic-tourist.eu\/?page_id=613"},"modified":"2019-08-17T18:48:52","modified_gmt":"2019-08-17T16:48:52","slug":"5-bromolla-ivosjon-sweden","status":"publish","type":"page","link":"https:\/\/sbt.ug.edu.pl\/de\/routes\/wildlife-nature-trails-folkuniversitetet-sweden\/5-bromolla-ivosjon-sweden\/","title":{"rendered":"5. Brom\u00f6lla &#8211; Iv\u00f6sj\u00f6n &#8211; Sweden"},"content":{"rendered":"<p><strong>LOCATION<br \/>\n<\/strong>Iv\u00f6sj\u00f6n is a lake in Brom\u00f6lla municipality, Iv\u00f6sj\u00f6n is Sk\u00e5nes largest lake and the fishing area covers the entire lake. It has clean water and with a maximum depth of 52 meters Coordinators\u00a0\u00a0 WGS 84 &#8211; 56.10633\u00b0N 14.42449\u00b0E.<\/p>\n<p><strong>SCENIC CHARACTER <\/strong><br \/>\nIv\u00f6sj\u00f6n is a popular destination for those who want to experience the relaxing and tranquil countryside of northeaster Sk\u00e5ne. Here you can escape the stress of everyday life for an experience in the wilderness.<br \/>\nIv\u00f6sj\u00f6n is a large lake with many islands and coves. Iv\u00f6n is Sk\u00e5nes largest island with resident population and a regular ferry service to and from the island.<\/p>\n<p><strong>ATTRACTIONS <\/strong><strong><br \/>\n<\/strong>The fishing in the lake is amazing and you can catch pikes and perch. The northeaster part of Iv\u00f6sj\u00f6n offers paddling both in the lake and in Holje\u00e5n. Here are several uninhabited islands where you can live Robinson life for a day or even longer. There are also plenty of coves and beaches that you can visit with canoeing. It&#8217;s no problem to find your own little bathing place where you can stay completely undisturbed. Several of the islands have access to barbecue, benches and information boards with maps. You can also take the ferry to the island of Iv\u00f6n. The ferry runs between Barum and Iv\u00f6n in Iv\u00f6sj\u00f6n northwest of Brom\u00f6lla in Sk\u00e5ne. The ferry length is 700 meters and the crossing time is seven minutes. The journey with the road ferry is free of charge. <\/p>","protected":false},"excerpt":{"rendered":"<p>LOCATION Iv\u00f6sj\u00f6n is a lake in Brom\u00f6lla municipality, Iv\u00f6sj\u00f6n is Sk\u00e5nes largest lake and the fishing area covers the entire lake. It has clean water and with a maximum depth of 52 meters Coordinators\u00a0\u00a0 WGS 84 &#8211; 56.10633\u00b0N 14.42449\u00b0E. SCENIC CHARACTER Iv\u00f6sj\u00f6n is a popular destination for those who want to experience the relaxing and [&hellip;]<\/p>\n","protected":false},"author":3,"featured_media":0,"parent":488,"menu_order":0,"comment_status":"closed","ping_status":"closed","template":"","meta":[],"categories":[34,12,30],"tags":[],"_links":{"self":[{"href":"https:\/\/sbt.ug.edu.pl\/de\/wp-json\/wp\/v2\/pages\/613"}],"collection":[{"href":"https:\/\/sbt.ug.edu.pl\/de\/wp-json\/wp\/v2\/pages"}],"about":[{"href":"https:\/\/sbt.ug.edu.pl\/de\/wp-json\/wp\/v2\/types\/page"}],"author":[{"embeddable":true,"href":"https:\/\/sbt.ug.edu.pl\/de\/wp-json\/wp\/v2\/users\/3"}],"replies":[{"embeddable":true,"href":"https:\/\/sbt.ug.edu.pl\/de\/wp-json\/wp\/v2\/comments?post=613"}],"version-history":[{"count":5,"href":"https:\/\/sbt.ug.edu.pl\/de\/wp-json\/wp\/v2\/pages\/613\/revisions"}],"predecessor-version":[{"id":4531,"href":"https:\/\/sbt.ug.edu.pl\/de\/wp-json\/wp\/v2\/pages\/613\/revisions\/4531"}],"up":[{"embeddable":true,"href":"https:\/\/sbt.ug.edu.pl\/de\/wp-json\/wp\/v2\/pages\/488"}],"wp:attachment":[{"href":"https:\/\/sbt.ug.edu.pl\/de\/wp-json\/wp\/v2\/media?parent=613"}],"wp:term":[{"taxonomy":"category","embeddable":true,"href":"https:\/\/sbt.ug.edu.pl\/de\/wp-json\/wp\/v2\/categories?post=613"},{"taxonomy":"post_tag","embeddable":true,"href":"https:\/\/sbt.ug.edu.pl\/de\/wp-json\/wp\/v2\/tags?post=613"}],"curies":[{"name":"wp","href":"https:\/\/api.w.org\/{rel}","templated":true}]}}