{"id":1022,"date":"2019-05-20T14:23:58","date_gmt":"2019-05-20T12:23:58","guid":{"rendered":"https:\/\/southbaltic-tourist.eu\/?page_id=1022"},"modified":"2019-08-17T19:04:43","modified_gmt":"2019-08-17T17:04:43","slug":"23-walking-natural-trails-in-zemaitija-national-park","status":"publish","type":"page","link":"https:\/\/sbt.ug.edu.pl\/lt\/routes\/wildlife-nature-trails-folkuniversitetet-sweden\/23-walking-natural-trails-in-zemaitija-national-park\/","title":{"rendered":"(English) 23. WALKING NATURAL TRAILS IN ZEMAITIJA NATIONAL PARK"},"content":{"rendered":"<p class=\"qtranxs-available-languages-message qtranxs-available-languages-message-lt\">Atsipra\u0161ome, \u0161is puslapis galimas tik <a href=\"https:\/\/sbt.ug.edu.pl\/en\/wp-json\/wp\/v2\/pages\/1022\" class=\"qtranxs-available-language-link qtranxs-available-language-link-en\" title=\"English\">Jungtini\u0173 Valstij\u0173 Angl\u0173<\/a>. For the sake of viewer convenience, the content is shown below in the alternative language. You may click the link to switch the active language.<\/p><p><\/p>\n<p style=\"text-align: justify;\"><strong>LOCATION<\/strong><\/p>\n<p style=\"text-align: justify;\">The Zemaitija National park is situated near Plung\u00e9 in Lithuania in North &#8211; Western part of Lithuania.<\/p>\n<p><img decoding=\"async\" loading=\"lazy\" class=\"alignnone wp-image-2985 size-full\" src=\"https:\/\/southbaltic-tourist.eu\/wp-content\/uploads\/2019\/07\/1.-The-territory-of-Zemaitija-National-Park-R7.-A23.jpg\" alt=\"\" width=\"1600\" height=\"1200\" srcset=\"https:\/\/sbt.ug.edu.pl\/wp-content\/uploads\/2019\/07\/1.-The-territory-of-Zemaitija-National-Park-R7.-A23.jpg 1600w, https:\/\/sbt.ug.edu.pl\/wp-content\/uploads\/2019\/07\/1.-The-territory-of-Zemaitija-National-Park-R7.-A23-300x225.jpg 300w, https:\/\/sbt.ug.edu.pl\/wp-content\/uploads\/2019\/07\/1.-The-territory-of-Zemaitija-National-Park-R7.-A23-768x576.jpg 768w, https:\/\/sbt.ug.edu.pl\/wp-content\/uploads\/2019\/07\/1.-The-territory-of-Zemaitija-National-Park-R7.-A23-1024x768.jpg 1024w, https:\/\/sbt.ug.edu.pl\/wp-content\/uploads\/2019\/07\/1.-The-territory-of-Zemaitija-National-Park-R7.-A23-150x113.jpg 150w, https:\/\/sbt.ug.edu.pl\/wp-content\/uploads\/2019\/07\/1.-The-territory-of-Zemaitija-National-Park-R7.-A23-136x102.jpg 136w\" sizes=\"(max-width: 1600px) 100vw, 1600px\" \/><\/p>\n<p style=\"text-align: justify;\"><strong>SCENIC CHARACTER <\/strong><\/p>\n<p style=\"text-align: justify;\">A one kilometre walking trail is situated in the northern part of the \u017demaitija National Park, about 11 km from the \u017demaitija National Park Administration Plateliai Visitor Centre. The coordinates of the starting point of the trail are: 364875, 6223471 (LKS) or 21.826587, 56.125956 (WGS).<\/p>\n<p style=\"text-align: justify;\">This trail of natural paving has plenty of helpful signposts to ensure you don\u2019t get lost and there is a National Park Information Board at the starting point. Exclusive to the trail experience is: Mikytai altar hill, stone with a Devils footprint and the Mikytai landscape reserve.<\/p>\n<p style=\"text-align: justify;\"><strong>ATTRACTIONS \u00a0\u00a0\u00a0\u00a0\u00a0 <\/strong><\/p>\n<p style=\"text-align: justify;\">There are a lot different walking trails in the area. You can choose short or long trails, each with a different character and providing a different challenge according to your level of fitness. Whichever trail you choose you can be sure to enjoy magnificent nature all around in this wonderful landscape.<\/p>\n<p><code><div class=\"rl-gallery-container rl-loading\" id=\"rl-gallery-container-1\" data-gallery_id=\"2984\"> <div class=\"rl-gallery rl-basicgrid-gallery \" id=\"rl-gallery-1\" data-gallery_no=\"1\"> <div class=\"rl-gallery-item\"><a href=\"https:\/\/sbt.ug.edu.pl\/wp-content\/uploads\/2019\/07\/1.-The-territory-of-Zemaitija-National-Park-R7.-A23.jpg\" title=\"1. The territory of Zemaitija National Park; author: Algirdas ; License: CC BY 3.0\" data-rl_title=\"1. The territory of Zemaitija National Park; author: Algirdas ; License: CC BY 3.0\" class=\"rl-gallery-link\" data-rl_caption=\"\" data-rel=\"lightbox-gallery-1\"><img src=\"https:\/\/sbt.ug.edu.pl\/wp-content\/uploads\/2019\/07\/1.-The-territory-of-Zemaitija-National-Park-R7.-A23-768x576.jpg\" width=\"640\" height=\"480\" alt=\"\" \/><\/a><\/div><div class=\"rl-gallery-item\"><a href=\"https:\/\/sbt.ug.edu.pl\/wp-content\/uploads\/2019\/07\/2.-The-territory-of-Zemaitija-National-Park-R7.-A23.jpg\" title=\"2. The territory of Zemaitija National Park; author: Algirdas ; License: CC BY 3.0\" data-rl_title=\"2. The territory of Zemaitija National Park; author: Algirdas ; License: CC BY 3.0\" class=\"rl-gallery-link\" data-rl_caption=\"\" data-rel=\"lightbox-gallery-1\"><img src=\"https:\/\/sbt.ug.edu.pl\/wp-content\/uploads\/2019\/07\/2.-The-territory-of-Zemaitija-National-Park-R7.-A23-768x576.jpg\" width=\"640\" height=\"480\" alt=\"\" \/><\/a><\/div><div class=\"rl-gallery-item\"><a href=\"https:\/\/sbt.ug.edu.pl\/wp-content\/uploads\/2019\/07\/3.-The-territory-of-Zemaitija-National-Park-R7.-A23.jpg\" title=\"3. The territory of Zemaitija National Park; author: Algirdas ; License: CC BY 3.0\" data-rl_title=\"3. The territory of Zemaitija National Park; author: Algirdas ; License: CC BY 3.0\" class=\"rl-gallery-link\" data-rl_caption=\"\" data-rel=\"lightbox-gallery-1\"><img src=\"https:\/\/sbt.ug.edu.pl\/wp-content\/uploads\/2019\/07\/3.-The-territory-of-Zemaitija-National-Park-R7.-A23-768x576.jpg\" width=\"640\" height=\"480\" alt=\"\" \/><\/a><\/div><div class=\"rl-gallery-item\"><a href=\"https:\/\/sbt.ug.edu.pl\/wp-content\/uploads\/2019\/07\/4.-The-territory-of-Zemaitija-National-Park-R7.-A23.jpg\" title=\"4. The territory of Zemaitija National Park; author: Algirdas ; License: CC BY 3.0\" data-rl_title=\"4. The territory of Zemaitija National Park; author: Algirdas ; License: CC BY 3.0\" class=\"rl-gallery-link\" data-rl_caption=\"\" data-rel=\"lightbox-gallery-1\"><img src=\"https:\/\/sbt.ug.edu.pl\/wp-content\/uploads\/2019\/07\/4.-The-territory-of-Zemaitija-National-Park-R7.-A23-768x576.jpg\" width=\"640\" height=\"480\" alt=\"\" \/><\/a><\/div><div class=\"rl-gallery-item\"><a href=\"https:\/\/sbt.ug.edu.pl\/wp-content\/uploads\/2019\/07\/5.-Plateliai-lake-R7.-A23.jpg\" title=\"5. Plateliai lake; author: Wojsyl; License: CC BY 3.0\" data-rl_title=\"5. Plateliai lake; author: Wojsyl; License: CC BY 3.0\" class=\"rl-gallery-link\" data-rl_caption=\"\" data-rel=\"lightbox-gallery-1\"><img src=\"https:\/\/sbt.ug.edu.pl\/wp-content\/uploads\/2019\/07\/5.-Plateliai-lake-R7.-A23-768x526.jpg\" width=\"640\" height=\"438\" alt=\"\" \/><\/a><\/div><div class=\"rl-gallery-item\"><a href=\"https:\/\/sbt.ug.edu.pl\/wp-content\/uploads\/2019\/07\/6.-Zemaitija-Calvary-R7.-A23.jpg\" title=\"6. Zemaitija Calvary; author: Gnarls Barkley; License: CC BY 3.0\" data-rl_title=\"6. Zemaitija Calvary; author: Gnarls Barkley; License: CC BY 3.0\" class=\"rl-gallery-link\" data-rl_caption=\"\" data-rel=\"lightbox-gallery-1\"><img src=\"https:\/\/sbt.ug.edu.pl\/wp-content\/uploads\/2019\/07\/6.-Zemaitija-Calvary-R7.-A23.jpg\" width=\"640\" height=\"480\" alt=\"\" \/><\/a><\/div> <\/div> <\/div><\/code><\/p>\n<p><a href=\"https:\/\/southbaltic-tourist.eu\/wp-content\/uploads\/2019\/08\/Photos-sources-data-R7.pdf\">Photos sources data R7<\/a><\/p>\n<p>&nbsp; <\/p>","protected":false},"excerpt":{"rendered":"<p>Atsipra\u0161ome, \u0161is puslapis galimas tik Jungtini\u0173 Valstij\u0173 Angl\u0173. For the sake of viewer convenience, the content is shown below in the alternative language. You may click the link to switch the active language. LOCATION The Zemaitija National park is situated near Plung\u00e9 in Lithuania in North &#8211; Western part of Lithuania. SCENIC CHARACTER A one [&hellip;]<\/p>\n","protected":false},"author":4,"featured_media":0,"parent":488,"menu_order":0,"comment_status":"closed","ping_status":"closed","template":"","meta":[],"categories":[34,15,30],"tags":[],"_links":{"self":[{"href":"https:\/\/sbt.ug.edu.pl\/lt\/wp-json\/wp\/v2\/pages\/1022"}],"collection":[{"href":"https:\/\/sbt.ug.edu.pl\/lt\/wp-json\/wp\/v2\/pages"}],"about":[{"href":"https:\/\/sbt.ug.edu.pl\/lt\/wp-json\/wp\/v2\/types\/page"}],"author":[{"embeddable":true,"href":"https:\/\/sbt.ug.edu.pl\/lt\/wp-json\/wp\/v2\/users\/4"}],"replies":[{"embeddable":true,"href":"https:\/\/sbt.ug.edu.pl\/lt\/wp-json\/wp\/v2\/comments?post=1022"}],"version-history":[{"count":5,"href":"https:\/\/sbt.ug.edu.pl\/lt\/wp-json\/wp\/v2\/pages\/1022\/revisions"}],"predecessor-version":[{"id":4549,"href":"https:\/\/sbt.ug.edu.pl\/lt\/wp-json\/wp\/v2\/pages\/1022\/revisions\/4549"}],"up":[{"embeddable":true,"href":"https:\/\/sbt.ug.edu.pl\/lt\/wp-json\/wp\/v2\/pages\/488"}],"wp:attachment":[{"href":"https:\/\/sbt.ug.edu.pl\/lt\/wp-json\/wp\/v2\/media?parent=1022"}],"wp:term":[{"taxonomy":"category","embeddable":true,"href":"https:\/\/sbt.ug.edu.pl\/lt\/wp-json\/wp\/v2\/categories?post=1022"},{"taxonomy":"post_tag","embeddable":true,"href":"https:\/\/sbt.ug.edu.pl\/lt\/wp-json\/wp\/v2\/tags?post=1022"}],"curies":[{"name":"wp","href":"https:\/\/api.w.org\/{rel}","templated":true}]}}