{"id":1422,"date":"2019-07-09T12:54:21","date_gmt":"2019-07-09T10:54:21","guid":{"rendered":"https:\/\/southbaltic-tourist.eu\/?page_id=1422"},"modified":"2021-07-02T12:17:56","modified_gmt":"2021-07-02T11:17:56","slug":"1-zemaitija-nacional-park","status":"publish","type":"page","link":"https:\/\/sbt.ug.edu.pl\/lt\/routes\/national-parks-exploration\/1-zemaitija-nacional-park\/","title":{"rendered":"(English) 1. \u017dEMAITIJA NATIONAL PARK"},"content":{"rendered":"<p class=\"qtranxs-available-languages-message qtranxs-available-languages-message-lt\">Atsipra\u0161ome, \u0161is puslapis galimas tik <a href=\"https:\/\/sbt.ug.edu.pl\/en\/wp-json\/wp\/v2\/pages\/1422\" class=\"qtranxs-available-language-link qtranxs-available-language-link-en\" title=\"English\">Jungtini\u0173 Valstij\u0173 Angl\u0173<\/a>, <a href=\"https:\/\/sbt.ug.edu.pl\/de\/wp-json\/wp\/v2\/pages\/1422\" class=\"qtranxs-available-language-link qtranxs-available-language-link-de\" title=\"Deutsch\">Vokie\u010di\u0173<\/a> ir <a href=\"https:\/\/sbt.ug.edu.pl\/pl\/wp-json\/wp\/v2\/pages\/1422\" class=\"qtranxs-available-language-link qtranxs-available-language-link-pl\" title=\"Polski\">Lenk\u0173<\/a>. For the sake of viewer convenience, the content is shown below in this site default language. You may click one of the links to switch the site language to another available language.<\/p><p><\/p>\n<p lang=\"en-US\" style=\"text-align: justify;\"><span style=\"font-family: georgia, palatino, serif; color: #000000; font-size: 12pt;\"><b>LOCATION<\/b><\/span><\/p>\n<p lang=\"en-US\" style=\"text-align: justify;\"><span style=\"font-family: georgia, palatino, serif; color: #000000; font-size: 12pt;\"><b> <\/b>\u017demaitija National Park is<span lang=\"en\"> located in western Lithuania, in Plung\u0117 district, about 70 km from the Baltic Sea. Total area 21 754 ha: forests &#8211; 10515 ha<\/span> (44,6%). (Visitors center coordination: 56.042586, 21.815143 (WGS)<\/span><\/p>\n<p lang=\"en-US\" style=\"text-align: justify;\"><span style=\"color: #000000; font-size: 12pt; font-family: georgia, palatino, serif;\"><img decoding=\"async\" loading=\"lazy\" class=\"alignnone wp-image-1426 size-full\" src=\"https:\/\/southbaltic-tourist.eu\/wp-content\/uploads\/2019\/07\/foto-1-1.jpg\" alt=\"\" width=\"1277\" height=\"638\" srcset=\"https:\/\/sbt.ug.edu.pl\/wp-content\/uploads\/2019\/07\/foto-1-1.jpg 1277w, https:\/\/sbt.ug.edu.pl\/wp-content\/uploads\/2019\/07\/foto-1-1-300x150.jpg 300w, https:\/\/sbt.ug.edu.pl\/wp-content\/uploads\/2019\/07\/foto-1-1-768x384.jpg 768w, https:\/\/sbt.ug.edu.pl\/wp-content\/uploads\/2019\/07\/foto-1-1-1024x512.jpg 1024w, https:\/\/sbt.ug.edu.pl\/wp-content\/uploads\/2019\/07\/foto-1-1-150x75.jpg 150w\" sizes=\"(max-width: 1277px) 100vw, 1277px\" \/><\/span><\/p>\n<p style=\"text-align: justify;\" align=\"JUSTIFY\"><span style=\"color: #000000; font-size: 12pt; font-family: georgia, palatino, serif;\"><b>\u017demaitija Nacional <\/b><span lang=\"en-US\">Park <\/span><span lang=\"en-US\">was established in<\/span><span lang=\"en-US\"> 1991 to preserve the natural and cultural heritage, to guarantee proper <\/span><span lang=\"en-US\">usage<\/span><span lang=\"en-US\"> and regeneration of natural resources <\/span><span lang=\"en-US\">and<\/span><span lang=\"en-US\"> to create <\/span><span lang=\"en-US\">suitable<\/span><span lang=\"en-US\"> conditions <\/span><span lang=\"en-US\">for<\/span><span lang=\"en-US\"> cognitive tourism. All life in \u017demaitija National Park revolves around Lake Plateliai. This lake is <\/span><span lang=\"en-US\">not only <\/span><span lang=\"en-US\">the largest and deepest, <\/span><span lang=\"en-US\">but also <\/span><span lang=\"en-US\">the most beautiful in all \u017demaitija, together with <\/span><span lang=\"en-US\">the landscape around it <\/span><span lang=\"en-US\">&#8211; <\/span><span lang=\"en-US\">invaluable<\/span><span lang=\"en-US\"> shores, islands and <\/span><span lang=\"en-US\">lovely<\/span><span lang=\"en-US\"> forests. The biggest part of the Park <\/span><span lang=\"en-US\">constitutes of <\/span><span lang=\"en-US\">quite high (150-190 <\/span><span lang=\"en-US\">m.a.s.l<\/span><span lang=\"en-US\">.) hills. Park is full of unique valuables showing the cultural heritage of this land dating back to the Stone Age. <\/span><span lang=\"en-US\">It\u2019s inhabited <\/span><span lang=\"en-US\">by Samogitians, who have preserved their dialect, customs, features of character, buildings and original small- scale architecture. More than 200 of valuables of cultural heritage are taken care of. The old cultural heritage are mounds, old sacred places, grave- yards, places of the settlements and small architectural values (Samogitian crosses, chapels). Cross symbolism <\/span><span lang=\"en-US\">is<\/span><span lang=\"en-US\"> included in the UNESCO representative List of Intangible Cultural Heritage of Humanity. <\/span><\/span><\/p>\n<p style=\"text-align: justify;\" align=\"JUSTIFY\"><span style=\"color: #000000; font-size: 12pt; font-family: georgia, palatino, serif;\"><span lang=\"en-US\"><b>Wildlife<\/b><\/span><span lang=\"en-US\">: <\/span><span lang=\"en-US\">The National park is filled with <\/span><span lang=\"en-US\">dense, shady fir trees, western taiga called natural old coniferous and mixed forests. They are protected in all Europe. Swamps are rich in various species. There are many exclusive trees in the National Park <\/span><span lang=\"en-US\">considered to be <\/span><span lang=\"en-US\">natural heritage objects, including the most impressive one <\/span><span lang=\"en-US\">\u2013 Witch\u2018s Ash Tree<\/span><span lang=\"en-US\">. It\u2018s the thickest ash in Lithuania. Bird species protected in Europe put eggs in the National park (Hazel Grouse, Corn Crake, Whooper Swan), you can also find there relics of the ice age plant \u2013 beats. Park territory, except for recreational and other functional zones (residential purpose priority), has been granted the status of an important site for protection of Bird and habitats &#8211; NATURA 2000. In 2008, The \u017demaitija National Park and Plateliai, famous for Shrovetide celebration, became the most attractive Europe\u2019s tourism destination (EDEN). In 2013, the Park became a member of the European Charter for Sustainable Tourism in Protected Areas.<\/span><\/span><\/p>\n<p style=\"text-align: justify;\" align=\"JUSTIFY\"><span style=\"color: #000000; font-size: 12pt; font-family: georgia, palatino, serif;\"><span lang=\"en-US\"><b>Attractions: <\/b><\/span><span lang=\"en-US\">It is offered for visitors to try \u0160eir\u0117 (4,1km) and Paplatel\u0117 (2,3km) Walking trail or to try Cycling Path (24km) around Lake Plateliai. Visitors can <\/span><span lang=\"en-US\">watch the birds in the observation towers, sail by boats, water bikes, windsurfers and yachts or <\/span><span lang=\"en-US\">enjoy <\/span><span lang=\"en-US\">other activities such as diving, fishing, swimming and camping, or excursions around the Park and surroundings. It\u2019s <\/span><span lang=\"en-US\">recommended<\/span><span lang=\"en-US\"> to climb the Siberia viewing tower, <\/span><span lang=\"en-US\">which<\/span><span lang=\"en-US\"> overlooks Ber\u017eoras surroundings, e.g. the Siberia Marsh, Lake Plateliai, etc.<\/span><\/span><\/p>\n<p style=\"text-align: justify;\" align=\"JUSTIFY\"><span style=\"color: #000000; font-size: 12pt; font-family: georgia, palatino, serif;\"><span lang=\"en-US\"><b>Visiting the museum: 1. The Cold War exposition. <\/b><\/span><span lang=\"en-US\">It is the only one in all of Europe. It\u2018s located in the former Soviet Union\u2018s complex of ballistic missile silo launch.<\/span><span lang=\"en-US\"><b> 2. Expositions of \u017demaitija National park and Shrove Tuesday. <\/b><\/span><span lang=\"en-US\">Here visitors can see ethnography of this region. <\/span><span lang=\"en-US\">In the traditional craft center, visitors can taste traditional Samogitian dishes and participate in educational activities. It is recommended to visit <\/span><span lang=\"en-US\"><b>\u017demai\u010di\u0173 Kalvarija<\/b><\/span><span lang=\"en-US\">, <\/span><span lang=\"en-US\">which<\/span><span lang=\"en-US\"> is one of the most visited Lithuanian sacral areas and is included in the pilgrimage of Pope John Paul II.<\/span><\/span><\/p>\n<p style=\"text-align: justify;\">\n<p><\/p>","protected":false},"excerpt":{"rendered":"<p>Atsipra\u0161ome, \u0161is puslapis galimas tik Jungtini\u0173 Valstij\u0173 Angl\u0173, Vokie\u010di\u0173 ir Lenk\u0173. For the sake of viewer convenience, the content is shown below in this site default language. You may click one of the links to switch the site language to another available language. LOCATION \u017demaitija National Park is located in western Lithuania, in Plung\u0117 district, [&hellip;]<\/p>\n","protected":false},"author":3,"featured_media":0,"parent":457,"menu_order":0,"comment_status":"closed","ping_status":"closed","template":"","meta":[],"categories":[34,15,26],"tags":[],"_links":{"self":[{"href":"https:\/\/sbt.ug.edu.pl\/lt\/wp-json\/wp\/v2\/pages\/1422"}],"collection":[{"href":"https:\/\/sbt.ug.edu.pl\/lt\/wp-json\/wp\/v2\/pages"}],"about":[{"href":"https:\/\/sbt.ug.edu.pl\/lt\/wp-json\/wp\/v2\/types\/page"}],"author":[{"embeddable":true,"href":"https:\/\/sbt.ug.edu.pl\/lt\/wp-json\/wp\/v2\/users\/3"}],"replies":[{"embeddable":true,"href":"https:\/\/sbt.ug.edu.pl\/lt\/wp-json\/wp\/v2\/comments?post=1422"}],"version-history":[{"count":13,"href":"https:\/\/sbt.ug.edu.pl\/lt\/wp-json\/wp\/v2\/pages\/1422\/revisions"}],"predecessor-version":[{"id":5858,"href":"https:\/\/sbt.ug.edu.pl\/lt\/wp-json\/wp\/v2\/pages\/1422\/revisions\/5858"}],"up":[{"embeddable":true,"href":"https:\/\/sbt.ug.edu.pl\/lt\/wp-json\/wp\/v2\/pages\/457"}],"wp:attachment":[{"href":"https:\/\/sbt.ug.edu.pl\/lt\/wp-json\/wp\/v2\/media?parent=1422"}],"wp:term":[{"taxonomy":"category","embeddable":true,"href":"https:\/\/sbt.ug.edu.pl\/lt\/wp-json\/wp\/v2\/categories?post=1422"},{"taxonomy":"post_tag","embeddable":true,"href":"https:\/\/sbt.ug.edu.pl\/lt\/wp-json\/wp\/v2\/tags?post=1422"}],"curies":[{"name":"wp","href":"https:\/\/api.w.org\/{rel}","templated":true}]}}