{"id":1610,"date":"2019-07-10T09:35:35","date_gmt":"2019-07-10T07:35:35","guid":{"rendered":"https:\/\/southbaltic-tourist.eu\/?page_id=1610"},"modified":"2021-07-02T12:41:50","modified_gmt":"2021-07-02T11:41:50","slug":"2-little-lithuania","status":"publish","type":"page","link":"https:\/\/sbt.ug.edu.pl\/lt\/routes\/blue-and-green-believes-and-religions-of-the-south-baltic-area\/2-little-lithuania\/","title":{"rendered":"(English) 2. Little Lithuania"},"content":{"rendered":"<p class=\"qtranxs-available-languages-message qtranxs-available-languages-message-lt\">Atsipra\u0161ome, \u0161is puslapis galimas tik <a href=\"https:\/\/sbt.ug.edu.pl\/en\/wp-json\/wp\/v2\/pages\/1610\" class=\"qtranxs-available-language-link qtranxs-available-language-link-en\" title=\"English\">Jungtini\u0173 Valstij\u0173 Angl\u0173<\/a>, <a href=\"https:\/\/sbt.ug.edu.pl\/de\/wp-json\/wp\/v2\/pages\/1610\" class=\"qtranxs-available-language-link qtranxs-available-language-link-de\" title=\"Deutsch\">Vokie\u010di\u0173<\/a> ir <a href=\"https:\/\/sbt.ug.edu.pl\/pl\/wp-json\/wp\/v2\/pages\/1610\" class=\"qtranxs-available-language-link qtranxs-available-language-link-pl\" title=\"Polski\">Lenk\u0173<\/a>. For the sake of viewer convenience, the content is shown below in this site default language. You may click one of the links to switch the site language to another available language.<\/p><p><span style=\"font-family: Segoe UI, serif;\"><span style=\"font-size: medium;\"><b>LOCATION<\/b><\/span><\/span><\/p>\n<p align=\"JUSTIFY\"><span style=\"font-family: georgia, palatino, serif;\"><span style=\"color: #000000;\"><span style=\"font-size: medium;\"><span lang=\"en-GB\">Lithuania Minor (Prussian Lithuania) is a south-western part of Lithuania, conquered by the Teutonic Knights to constitute a part of Prussia. Today divided between Kaliningrad Oblast and Lithuania. It is a well-developed area as far as tourism is concerned, with the unique Curonian Spit. Although Christianity has prevailed here for 600 years, the previous visions of the world where whatever is real mixes with the spiritual and supernatural, are still visible here. <\/span><\/span><\/span><span style=\"font-size: medium;\"><span lang=\"en-GB\">Klaip\u0117da<\/span><\/span> <span style=\"color: #000000;\"><span style=\"font-size: medium;\"><span lang=\"en-GB\">(Lit. Klaip\u0117da, Germ. Memel) 55\u00b042<\/span><\/span><\/span><span style=\"color: #000000;\"><span style=\"font-size: medium;\"><span lang=\"en-GB\">\u2032<\/span><\/span><\/span><span style=\"color: #000000;\"><span style=\"font-size: medium;\"><span lang=\"en-GB\">N 21\u00b008<\/span><\/span><\/span><span style=\"color: #000000;\"><span style=\"font-size: medium;\"><span lang=\"en-GB\">\u2032<\/span><\/span><\/span><span style=\"color: #000000;\"><span style=\"font-size: medium;\"><span lang=\"en-GB\">E is the main city with a harbour and ferry connections with Swedish Karlshamn. There is also an airport (Palangos oro uostas) in Palanga (Lit. Palanga, Germ. Polangen).<\/span><\/span><\/span><\/span><\/p>\n<p align=\"JUSTIFY\"><img decoding=\"async\" loading=\"lazy\" class=\"alignleft wp-image-1611\" src=\"https:\/\/southbaltic-tourist.eu\/wp-content\/uploads\/2019\/07\/foto-2-1.jpg\" alt=\"\" width=\"610\" height=\"400\" srcset=\"https:\/\/sbt.ug.edu.pl\/wp-content\/uploads\/2019\/07\/foto-2-1.jpg 709w, https:\/\/sbt.ug.edu.pl\/wp-content\/uploads\/2019\/07\/foto-2-1-300x197.jpg 300w, https:\/\/sbt.ug.edu.pl\/wp-content\/uploads\/2019\/07\/foto-2-1-150x98.jpg 150w\" sizes=\"(max-width: 610px) 100vw, 610px\" \/> <a href=\"https:\/\/southbaltic-tourist.eu\/wp-content\/uploads\/2020\/02\/R4.2-Little-Lithuania.png\" data-rel=\"lightbox-gallery-ojYtENW3\" data-rl_title=\"\" data-rl_caption=\"\" title=\"\"><img decoding=\"async\" loading=\"lazy\" class=\"alignnone wp-image-5218\" src=\"https:\/\/southbaltic-tourist.eu\/wp-content\/uploads\/2020\/02\/R4.2-Little-Lithuania-300x256.png\" alt=\"\" width=\"469\" height=\"400\" srcset=\"https:\/\/sbt.ug.edu.pl\/wp-content\/uploads\/2020\/02\/R4.2-Little-Lithuania-300x256.png 300w, https:\/\/sbt.ug.edu.pl\/wp-content\/uploads\/2020\/02\/R4.2-Little-Lithuania-1024x874.png 1024w, https:\/\/sbt.ug.edu.pl\/wp-content\/uploads\/2020\/02\/R4.2-Little-Lithuania-768x655.png 768w, https:\/\/sbt.ug.edu.pl\/wp-content\/uploads\/2020\/02\/R4.2-Little-Lithuania-1536x1310.png 1536w, https:\/\/sbt.ug.edu.pl\/wp-content\/uploads\/2020\/02\/R4.2-Little-Lithuania-150x128.png 150w, https:\/\/sbt.ug.edu.pl\/wp-content\/uploads\/2020\/02\/R4.2-Little-Lithuania.png 1600w\" sizes=\"(max-width: 469px) 100vw, 469px\" \/><\/a><\/p>\n<p align=\"JUSTIFY\"><span style=\"color: #000000;\"><span style=\"font-family: Segoe UI, serif;\"><span style=\"font-size: medium;\"><span lang=\"en-GB\"><b>SIGHTSEEING<\/b><\/span><\/span><\/span><\/span><b> <\/b><\/p>\n<p align=\"JUSTIFY\"><span style=\"font-family: georgia, palatino, serif;\"><span style=\"color: #000000;\"><span style=\"font-size: medium;\"><span lang=\"en-GB\">The sites located along the coast are connected with convenient asphalt roads. The Curonian Spit is only accessible by ferries from <\/span><\/span><\/span><span style=\"color: #000000;\"><span style=\"font-size: medium;\"><span lang=\"en-GB\">Klaip\u0117da<\/span><\/span><\/span><span style=\"color: #000000;\"><span style=\"font-size: medium;\"><span lang=\"en-GB\"> (the old and new passage, ferry payable). You can get Nida, 50 km away, and the villages located on the Spit, by car or local bus transport (correlated with the ferries). Nida and the settlements forming the town of Neringa are situated within the area of the National Park of the Curonian Spit, and therefore admission fee is required. Parking is subject to charge in <\/span><\/span><\/span><span style=\"color: #000000;\"><span style=\"font-size: medium;\"><span lang=\"en-GB\">Klaip\u0117da<\/span><\/span><\/span><span style=\"color: #000000;\"><span style=\"font-size: medium;\"><span lang=\"en-GB\"> all year long, and in Nida in high season as well. Churches are open during the day (usually from 9 am to 5 pm). You need to be ready for a longer walk in the case of the Hill of Witches in Juodkrant\u0117 (Raganu Kalnas), and Parnidis Dune in Nida (Parnid\u017eio Kopa). The sightseeing is worth dividing into two days \u2013 one for the Curonian Spit and the other for <\/span><\/span><\/span><span style=\"color: #000000;\"><span style=\"font-size: medium;\"><span lang=\"en-GB\">Klaip\u0117da<\/span><\/span><\/span><span style=\"color: #000000;\"><span style=\"font-size: medium;\"><span lang=\"en-GB\">.<\/span><\/span><\/span><\/span><\/p>\n<p align=\"JUSTIFY\"><span style=\"font-size: medium;\"><span lang=\"en-GB\"><b>ATTRACTIONS<\/b><\/span><\/span><\/p>\n<p align=\"JUSTIFY\"><span style=\"font-family: georgia, palatino, serif;\"><span style=\"color: #000000;\"><span style=\"font-size: medium;\"><span lang=\"en-GB\"><b>The Curonian Spit<\/b><\/span><\/span><\/span><span style=\"color: #000000;\"><span style=\"font-size: medium;\"><span lang=\"en-GB\"> is a unique kingdom of nature, with cosy summer resorts by the Curonian Lagoon. When in <\/span><\/span><\/span><span style=\"color: #000000;\"><span style=\"font-size: medium;\"><span lang=\"en-GB\"><b>Juodkrant\u0117 <\/b><\/span><\/span><\/span><span style=\"color: #000000;\"><span style=\"font-size: medium;\"><span lang=\"en-GB\">you must go to the Hill of Witches (Raganu Kalnas). It is here that a park of sculptures inspired by Lithuanian beliefs was created in 1979. On the way to Nida it is worth going to the top of magnificent Grey Dunes (Pilkosios Kopos, c.a. 2 hours). <\/span><\/span><\/span><span style=\"color: #000000;\"><span style=\"font-size: medium;\"><span lang=\"en-GB\"><b>Nida <\/b><\/span><\/span><\/span><span style=\"color: #000000;\"><span style=\"font-size: medium;\"><span lang=\"en-GB\">is a well-known resort and the former summer resort of German bohemia. In the centre there is a modern Catholic Church of Blessed Virgin Mary (Taikos str. 17) as well as a neo-Gothic Evangelical church next to which there is an old cemetery with 19<\/span><\/span><\/span><span style=\"color: #000000;\"><sup><span style=\"font-size: medium;\"><span lang=\"en-GB\">th<\/span><\/span><\/sup><\/span><span style=\"color: #000000;\"><span style=\"font-size: medium;\"><span lang=\"en-GB\"> century wooden graves. On Parnid\u017eio Dune (Parnid\u017eio Kopa) there is an astronomical clock (Saul\u0117s Laikrodis) indicating time and holidays throughout the year. <\/span><\/span><\/span><span style=\"color: #000000;\"><span style=\"font-size: medium;\"><span lang=\"en-GB\"><b>Klaip\u0117da<\/b><\/span><\/span><\/span><span style=\"color: #000000;\"><span style=\"font-size: medium;\"><span lang=\"en-GB\"> was destroyed in<\/span><\/span><\/span><b> <\/b><span style=\"color: #000000;\"><span style=\"font-size: medium;\"><span lang=\"en-GB\">80% in 1945. It is worth visiting the Church of Virgin Mary the Queen of Peace (Rumpi\u0161k\u0117s str. 6), reconstructed after the war, to see the site of the former Lutheran Cathedral (Pylimo str. 2).<\/span><\/span><\/span><\/span><\/p>\n<p align=\"JUSTIFY\"><strong><code><div class=\"rl-gallery-container rl-loading\" id=\"rl-gallery-container-1\" data-gallery_id=\"4579\"> <div class=\"rl-gallery rl-basicgrid-gallery \" id=\"rl-gallery-1\" data-gallery_no=\"1\"> <div class=\"rl-gallery-item\"><a href=\"https:\/\/sbt.ug.edu.pl\/wp-content\/uploads\/2019\/08\/Joudkrante_P1200681.jpg\" title=\"The path to the Witches&#039; Hill; author: Jaros\u0142aw Ellwart \/ Wydawnictwo REGION \/ BHR\" data-rl_title=\"The path to the Witches&#039; Hill; author: Jaros\u0142aw Ellwart \/ Wydawnictwo REGION \/ BHR\" class=\"rl-gallery-link\" data-rl_caption=\"\" data-rel=\"lightbox-gallery-1\"><img src=\"https:\/\/sbt.ug.edu.pl\/wp-content\/uploads\/2019\/08\/Joudkrante_P1200681-768x1024.jpg\" width=\"640\" height=\"853\" alt=\"\" \/><\/a><\/div><div class=\"rl-gallery-item\"><a href=\"https:\/\/sbt.ug.edu.pl\/wp-content\/uploads\/2019\/08\/Joudkrante_P1200728.jpg\" title=\"Lucifer and the Gate of Hell; author: Jaros\u0142aw Ellwart \/ Wydawnictwo REGION \/ BHR\" data-rl_title=\"Lucifer and the Gate of Hell; author: Jaros\u0142aw Ellwart \/ Wydawnictwo REGION \/ BHR\" class=\"rl-gallery-link\" data-rl_caption=\"\" data-rel=\"lightbox-gallery-1\"><img src=\"https:\/\/sbt.ug.edu.pl\/wp-content\/uploads\/2019\/08\/Joudkrante_P1200728-768x1024.jpg\" width=\"640\" height=\"853\" alt=\"\" \/><\/a><\/div><div class=\"rl-gallery-item\"><a href=\"https:\/\/sbt.ug.edu.pl\/wp-content\/uploads\/2019\/08\/Klaipeda_P1630554.jpg\" title=\"Here in the past stood the church of St. John; author: Jaros\u0142aw Ellwart \/ Wydawnictwo REGION \/ BHR\" data-rl_title=\"Here in the past stood the church of St. John; author: Jaros\u0142aw Ellwart \/ Wydawnictwo REGION \/ BHR\" class=\"rl-gallery-link\" data-rl_caption=\"\" data-rel=\"lightbox-gallery-1\"><img src=\"https:\/\/sbt.ug.edu.pl\/wp-content\/uploads\/2019\/08\/Klaipeda_P1630554-768x576.jpg\" width=\"640\" height=\"480\" alt=\"\" \/><\/a><\/div><div class=\"rl-gallery-item\"><a href=\"https:\/\/sbt.ug.edu.pl\/wp-content\/uploads\/2019\/08\/Klaipeda_P1630725.jpg\" title=\"Church of Mary Queen of Peace; author: Jaros\u0142aw Ellwart \/ Wydawnictwo REGION \/ BHR\" data-rl_title=\"Church of Mary Queen of Peace; author: Jaros\u0142aw Ellwart \/ Wydawnictwo REGION \/ BHR\" class=\"rl-gallery-link\" data-rl_caption=\"\" data-rel=\"lightbox-gallery-1\"><img src=\"https:\/\/sbt.ug.edu.pl\/wp-content\/uploads\/2019\/08\/Klaipeda_P1630725-768x1024.jpg\" width=\"640\" height=\"853\" alt=\"\" \/><\/a><\/div><div class=\"rl-gallery-item\"><a href=\"https:\/\/sbt.ug.edu.pl\/wp-content\/uploads\/2019\/08\/Klaipeda_P1630742.jpg\" title=\"Polychromy in the church of St. Mary; author: Jaros\u0142aw Ellwart \/ Wydawnictwo REGION \/ BHR\" data-rl_title=\"Polychromy in the church of St. Mary; author: Jaros\u0142aw Ellwart \/ Wydawnictwo REGION \/ BHR\" class=\"rl-gallery-link\" data-rl_caption=\"\" data-rel=\"lightbox-gallery-1\"><img src=\"https:\/\/sbt.ug.edu.pl\/wp-content\/uploads\/2019\/08\/Klaipeda_P1630742-768x1024.jpg\" width=\"640\" height=\"853\" alt=\"\" \/><\/a><\/div><div class=\"rl-gallery-item\"><a href=\"https:\/\/sbt.ug.edu.pl\/wp-content\/uploads\/2019\/08\/Nida_P1200999.jpg\" title=\"Clock - solar calendar on the dune Parnidis; author: Jaros\u0142aw Ellwart \/ Wydawnictwo REGION \/ BHR\" data-rl_title=\"Clock - solar calendar on the dune Parnidis; author: Jaros\u0142aw Ellwart \/ Wydawnictwo REGION \/ BHR\" class=\"rl-gallery-link\" data-rl_caption=\"\" data-rel=\"lightbox-gallery-1\"><img src=\"https:\/\/sbt.ug.edu.pl\/wp-content\/uploads\/2019\/08\/Nida_P1200999-768x576.jpg\" width=\"640\" height=\"480\" alt=\"\" \/><\/a><\/div><div class=\"rl-gallery-item\"><a href=\"https:\/\/sbt.ug.edu.pl\/wp-content\/uploads\/2019\/08\/Nida_P1210046.jpg\" title=\"The interior of the Catholic church in Nida; author: Jaros\u0142aw Ellwart \/ Wydawnictwo REGION \/ BHR\" data-rl_title=\"The interior of the Catholic church in Nida; author: Jaros\u0142aw Ellwart \/ Wydawnictwo REGION \/ BHR\" class=\"rl-gallery-link\" data-rl_caption=\"\" data-rel=\"lightbox-gallery-1\"><img src=\"https:\/\/sbt.ug.edu.pl\/wp-content\/uploads\/2019\/08\/Nida_P1210046-768x576.jpg\" width=\"640\" height=\"480\" alt=\"\" \/><\/a><\/div><div class=\"rl-gallery-item\"><a href=\"https:\/\/sbt.ug.edu.pl\/wp-content\/uploads\/2019\/08\/Nida_P1210190.jpg\" title=\"Old cemetery in Nida; author: Jaros\u0142aw Ellwart \/ Wydawnictwo REGION \/ BHR\" data-rl_title=\"Old cemetery in Nida; author: Jaros\u0142aw Ellwart \/ Wydawnictwo REGION \/ BHR\" class=\"rl-gallery-link\" data-rl_caption=\"\" data-rel=\"lightbox-gallery-1\"><img src=\"https:\/\/sbt.ug.edu.pl\/wp-content\/uploads\/2019\/08\/Nida_P1210190-768x576.jpg\" width=\"640\" height=\"480\" alt=\"\" \/><\/a><\/div> <\/div> <\/div><\/code><\/strong><\/p>\n<p><\/p>","protected":false},"excerpt":{"rendered":"<p>Atsipra\u0161ome, \u0161is puslapis galimas tik Jungtini\u0173 Valstij\u0173 Angl\u0173, Vokie\u010di\u0173 ir Lenk\u0173. For the sake of viewer convenience, the content is shown below in this site default language. You may click one of the links to switch the site language to another available language.LOCATION Lithuania Minor (Prussian Lithuania) is a south-western part of Lithuania, conquered by [&hellip;]<\/p>\n","protected":false},"author":3,"featured_media":0,"parent":482,"menu_order":0,"comment_status":"closed","ping_status":"closed","template":"","meta":[],"categories":[34,27,15],"tags":[],"_links":{"self":[{"href":"https:\/\/sbt.ug.edu.pl\/lt\/wp-json\/wp\/v2\/pages\/1610"}],"collection":[{"href":"https:\/\/sbt.ug.edu.pl\/lt\/wp-json\/wp\/v2\/pages"}],"about":[{"href":"https:\/\/sbt.ug.edu.pl\/lt\/wp-json\/wp\/v2\/types\/page"}],"author":[{"embeddable":true,"href":"https:\/\/sbt.ug.edu.pl\/lt\/wp-json\/wp\/v2\/users\/3"}],"replies":[{"embeddable":true,"href":"https:\/\/sbt.ug.edu.pl\/lt\/wp-json\/wp\/v2\/comments?post=1610"}],"version-history":[{"count":6,"href":"https:\/\/sbt.ug.edu.pl\/lt\/wp-json\/wp\/v2\/pages\/1610\/revisions"}],"predecessor-version":[{"id":5872,"href":"https:\/\/sbt.ug.edu.pl\/lt\/wp-json\/wp\/v2\/pages\/1610\/revisions\/5872"}],"up":[{"embeddable":true,"href":"https:\/\/sbt.ug.edu.pl\/lt\/wp-json\/wp\/v2\/pages\/482"}],"wp:attachment":[{"href":"https:\/\/sbt.ug.edu.pl\/lt\/wp-json\/wp\/v2\/media?parent=1610"}],"wp:term":[{"taxonomy":"category","embeddable":true,"href":"https:\/\/sbt.ug.edu.pl\/lt\/wp-json\/wp\/v2\/categories?post=1610"},{"taxonomy":"post_tag","embeddable":true,"href":"https:\/\/sbt.ug.edu.pl\/lt\/wp-json\/wp\/v2\/tags?post=1610"}],"curies":[{"name":"wp","href":"https:\/\/api.w.org\/{rel}","templated":true}]}}