{"id":1650,"date":"2019-07-10T10:27:34","date_gmt":"2019-07-10T08:27:34","guid":{"rendered":"https:\/\/southbaltic-tourist.eu\/?page_id=1650"},"modified":"2021-07-02T12:56:49","modified_gmt":"2021-07-02T11:56:49","slug":"9-wolin-island-and-trzebiatow-coast","status":"publish","type":"page","link":"https:\/\/sbt.ug.edu.pl\/lt\/routes\/blue-and-green-believes-and-religions-of-the-south-baltic-area\/9-wolin-island-and-trzebiatow-coast\/","title":{"rendered":"(English) 9. Wolin Island and Trzebiat\u00f3w Coast"},"content":{"rendered":"<p class=\"qtranxs-available-languages-message qtranxs-available-languages-message-lt\">Atsipra\u0161ome, \u0161is puslapis galimas tik <a href=\"https:\/\/sbt.ug.edu.pl\/en\/wp-json\/wp\/v2\/pages\/1650\" class=\"qtranxs-available-language-link qtranxs-available-language-link-en\" title=\"English\">Jungtini\u0173 Valstij\u0173 Angl\u0173<\/a>, <a href=\"https:\/\/sbt.ug.edu.pl\/de\/wp-json\/wp\/v2\/pages\/1650\" class=\"qtranxs-available-language-link qtranxs-available-language-link-de\" title=\"Deutsch\">Vokie\u010di\u0173<\/a> ir <a href=\"https:\/\/sbt.ug.edu.pl\/pl\/wp-json\/wp\/v2\/pages\/1650\" class=\"qtranxs-available-language-link qtranxs-available-language-link-pl\" title=\"Polski\">Lenk\u0173<\/a>. For the sake of viewer convenience, the content is shown below in this site default language. You may click one of the links to switch the site language to another available language.<\/p><p><\/p>\n<p style=\"text-align: justify;\"><strong>LOCATION<\/strong><br \/>\nWolin Island and Trzebiat\u00f3w Coast are separated by the Dziwna \u2013 one of three straits connecting Szczecin Lagoon with the Baltic Sea. This is the historical centre of former Western Pomerania, a place where the Pomeranian statehood and culture shaped, starting from Jomsborg factory founded by the Vikings in present day Wolin, to the bishops\u2019 capital in Kamie\u0144 Pomorski and the Norbertine Order in Trzebiat\u00f3w, one of the most resilient monasteries. It is here, in Trzebiat\u00f3w that in 1534 the Pomeranian states decided to become converted into Protestantism. Kamie\u0144 Pomorski (Germ. Cammin in Pommern), 53\u00b058\u203208\u2033N 14\u00b046\u203245\u2033E, a resort located on the Dziwna Strait is the main town of the region.<\/p>\n<p style=\"text-align: justify;\"><img decoding=\"async\" loading=\"lazy\" class=\"alignleft wp-image-1651\" src=\"https:\/\/southbaltic-tourist.eu\/wp-content\/uploads\/2019\/07\/9.jpg\" alt=\"\" width=\"649\" height=\"400\" srcset=\"https:\/\/sbt.ug.edu.pl\/wp-content\/uploads\/2019\/07\/9.jpg 755w, https:\/\/sbt.ug.edu.pl\/wp-content\/uploads\/2019\/07\/9-300x185.jpg 300w, https:\/\/sbt.ug.edu.pl\/wp-content\/uploads\/2019\/07\/9-150x92.jpg 150w\" sizes=\"(max-width: 649px) 100vw, 649px\" \/><\/p>\n<p style=\"text-align: justify;\"><a href=\"https:\/\/southbaltic-tourist.eu\/wp-content\/uploads\/2020\/02\/R4.09-Wolin-Trzebiat\u00f3w.png\" data-rel=\"lightbox-gallery-omoXJ86O\" data-rl_title=\"\" data-rl_caption=\"\" title=\"\"><img decoding=\"async\" loading=\"lazy\" class=\"alignnone wp-image-5239\" src=\"https:\/\/southbaltic-tourist.eu\/wp-content\/uploads\/2020\/02\/R4.09-Wolin-Trzebiat\u00f3w-300x256.png\" alt=\"\" width=\"469\" height=\"400\" srcset=\"https:\/\/sbt.ug.edu.pl\/wp-content\/uploads\/2020\/02\/R4.09-Wolin-Trzebiat\u00f3w-300x256.png 300w, https:\/\/sbt.ug.edu.pl\/wp-content\/uploads\/2020\/02\/R4.09-Wolin-Trzebiat\u00f3w-1024x874.png 1024w, https:\/\/sbt.ug.edu.pl\/wp-content\/uploads\/2020\/02\/R4.09-Wolin-Trzebiat\u00f3w-768x655.png 768w, https:\/\/sbt.ug.edu.pl\/wp-content\/uploads\/2020\/02\/R4.09-Wolin-Trzebiat\u00f3w-1536x1310.png 1536w, https:\/\/sbt.ug.edu.pl\/wp-content\/uploads\/2020\/02\/R4.09-Wolin-Trzebiat\u00f3w-150x128.png 150w, https:\/\/sbt.ug.edu.pl\/wp-content\/uploads\/2020\/02\/R4.09-Wolin-Trzebiat\u00f3w.png 1600w\" sizes=\"(max-width: 469px) 100vw, 469px\" \/><\/a><\/p>\n<p style=\"text-align: justify;\"><strong>SIGHTSEEING<\/strong><br \/>\nThe recommended landmarks are situated within 40 km from Kamie\u0144 Pomorski, on the coastline between Trzebiat\u00f3w and Wolin. As far as connections are concerned, we may choose car or bike connections, although route R10 runs farther to the north. Sacral buildings in Kamie\u0144 Pomorski and Trzebiat\u00f3w, such as cathedrals are open during the day (admission payable in Kamie\u0144). The ruins of churches in Trz\u0119sacz and Trzebiat\u00f3w are open to visitors round the clock, similarly to the cemetery in Wolin. It is worth visiting local museums in Wolin and Trz\u0119sacz. The village of the Vikings in Wolin is open from April until October.<\/p>\n<p style=\"text-align: justify;\"><strong>ATTRACTIONS<\/strong><br \/>\n<strong>Kamie\u0144 Pomorski<\/strong> is a health resort and the former seat of the Pomeranian bishops, with impressive Gothic St John\u2019s Cathedral with its precious furnishings, housing a tiny museum. In the town there is also 15th century St Nicholas\u2019 Church erected on the former cemetery referred to as \u017balnik. The legendary Royal Boulder is situated in <strong>Buniewice<\/strong>, near the northern shore of Chrz\u0105szczewska Island. Its meaning in pagan time remains unknown, however, it provided the name Kamie\u0144 to the nearby town. <strong>Wolin<\/strong>, or Jomsborg medieval trading post, is now a small town popularising the remote history in the Slavs and Vikings\u2019 Village Open-air Museum. In the centre there is a runic stone commemorating the place of death of Harald Bluetooth. Near the town towers Hangman Hill with a monument to Tryg\u0142aw and a 9th-12th vast kurgan cemetery. An attraction of <strong>Trz\u0119sacz<\/strong> is the ruins of a Gothic church the major part of which was devoured by the sea. The high cliff and the panorama terrace allow a view of the remnants of a temple and the so called Depths of the Dead, the former cemetery. The history of the church is presented in the local museum. <strong>Trzebiat\u00f3w<\/strong> is one of few towns of Pomerania that remained undamaged in 1945. Above it there is the Temple of the Divine Maternity of Our Lady, the highest Pomeranian church and present day St Mary\u2019s Sanctuary. Relics of the former Monastery of the Norbertine Sisters (Trzebiat\u00f3w-Wyszk\u00f3w) have been preserved on the Rega River, near the railway station.<\/p>\n<p style=\"text-align: justify;\"><code><div class=\"rl-gallery-container rl-loading\" id=\"rl-gallery-container-1\" data-gallery_id=\"4585\"> <div class=\"rl-gallery rl-basicgrid-gallery \" id=\"rl-gallery-1\" data-gallery_no=\"1\"> <div class=\"rl-gallery-item\"><a href=\"https:\/\/sbt.ug.edu.pl\/wp-content\/uploads\/2019\/08\/Buniewice_P1260353-e1566298610984.jpg\" title=\"Great Stone and Lagoon of Kamie\u0144; author: Jaros\u0142aw Ellwart \/ Wydawnictwo REGION \/ BHR\" data-rl_title=\"Great Stone and Lagoon of Kamie\u0144; author: Jaros\u0142aw Ellwart \/ Wydawnictwo REGION \/ BHR\" class=\"rl-gallery-link\" data-rl_caption=\"\" data-rel=\"lightbox-gallery-1\"><img src=\"https:\/\/sbt.ug.edu.pl\/wp-content\/uploads\/2019\/08\/Buniewice_P1260353-e1566298610984-768x1024.jpg\" width=\"640\" height=\"853\" alt=\"\" \/><\/a><\/div><div class=\"rl-gallery-item\"><a href=\"https:\/\/sbt.ug.edu.pl\/wp-content\/uploads\/2019\/08\/Cerkwica_P1420974.jpg\" title=\"St. Ottons Well - the place of the Baptism of the Pomeranians; author: Jaros\u0142aw Ellwart \/ Wydawnictwo REGION \/ BHR\" data-rl_title=\"St. Ottons Well - the place of the Baptism of the Pomeranians; author: Jaros\u0142aw Ellwart \/ Wydawnictwo REGION \/ BHR\" class=\"rl-gallery-link\" data-rl_caption=\"\" data-rel=\"lightbox-gallery-1\"><img src=\"https:\/\/sbt.ug.edu.pl\/wp-content\/uploads\/2019\/08\/Cerkwica_P1420974-768x576.jpg\" width=\"640\" height=\"480\" alt=\"\" \/><\/a><\/div><div class=\"rl-gallery-item\"><a href=\"https:\/\/sbt.ug.edu.pl\/wp-content\/uploads\/2019\/08\/Cerkwica_P1430009.jpg\" title=\"Gothic church in Cerekwica; author: Jaros\u0142aw Ellwart \/ Wydawnictwo REGION \/ BHR\" data-rl_title=\"Gothic church in Cerekwica; author: Jaros\u0142aw Ellwart \/ Wydawnictwo REGION \/ BHR\" class=\"rl-gallery-link\" data-rl_caption=\"\" data-rel=\"lightbox-gallery-1\"><img src=\"https:\/\/sbt.ug.edu.pl\/wp-content\/uploads\/2019\/08\/Cerkwica_P1430009-768x576.jpg\" width=\"640\" height=\"480\" alt=\"\" \/><\/a><\/div><div class=\"rl-gallery-item\"><a href=\"https:\/\/sbt.ug.edu.pl\/wp-content\/uploads\/2019\/08\/Kamien_P1430078.jpg\" title=\"Ceramic facade ornaments of the cathedral; author: Jaros\u0142aw Ellwart \/ Wydawnictwo REGION \/ BHR\" data-rl_title=\"Ceramic facade ornaments of the cathedral; author: Jaros\u0142aw Ellwart \/ Wydawnictwo REGION \/ BHR\" class=\"rl-gallery-link\" data-rl_caption=\"\" data-rel=\"lightbox-gallery-1\"><img src=\"https:\/\/sbt.ug.edu.pl\/wp-content\/uploads\/2019\/08\/Kamien_P1430078-768x576.jpg\" width=\"640\" height=\"480\" alt=\"\" \/><\/a><\/div><div class=\"rl-gallery-item\"><a href=\"https:\/\/sbt.ug.edu.pl\/wp-content\/uploads\/2019\/08\/Kamien_P1430134-e1566298716901.jpg\" title=\"An exhibition in the cloisters of the cathedral church; author: Jaros\u0142aw Ellwart \/ Wydawnictwo REGION \/ BHR\" data-rl_title=\"An exhibition in the cloisters of the cathedral church; author: Jaros\u0142aw Ellwart \/ Wydawnictwo REGION \/ BHR\" class=\"rl-gallery-link\" data-rl_caption=\"\" data-rel=\"lightbox-gallery-1\"><img src=\"https:\/\/sbt.ug.edu.pl\/wp-content\/uploads\/2019\/08\/Kamien_P1430134-e1566298716901-768x1024.jpg\" width=\"640\" height=\"853\" alt=\"\" \/><\/a><\/div><div class=\"rl-gallery-item\"><a href=\"https:\/\/sbt.ug.edu.pl\/wp-content\/uploads\/2019\/08\/Kamie\u0144_P1260420.jpg\" title=\"Cathedral in Kamie\u0144 Pomorski from the west side; author: Jaros\u0142aw Ellwart \/ Wydawnictwo REGION \/ BHR\" data-rl_title=\"Cathedral in Kamie\u0144 Pomorski from the west side; author: Jaros\u0142aw Ellwart \/ Wydawnictwo REGION \/ BHR\" class=\"rl-gallery-link\" data-rl_caption=\"\" data-rel=\"lightbox-gallery-1\"><img src=\"https:\/\/sbt.ug.edu.pl\/wp-content\/uploads\/2019\/08\/Kamie\u0144_P1260420-768x576.jpg\" width=\"640\" height=\"480\" alt=\"\" \/><\/a><\/div><div class=\"rl-gallery-item\"><a href=\"https:\/\/sbt.ug.edu.pl\/wp-content\/uploads\/2019\/08\/Trzebiatow_P1420911-e1566298745583.jpg\" title=\"St. Mary&#039;s Church in Trzebiat\u00f3w; author: Jaros\u0142aw Ellwart \/ Wydawnictwo REGION \/ BHR\" data-rl_title=\"St. Mary&#039;s Church in Trzebiat\u00f3w; author: Jaros\u0142aw Ellwart \/ Wydawnictwo REGION \/ BHR\" class=\"rl-gallery-link\" data-rl_caption=\"\" data-rel=\"lightbox-gallery-1\"><img src=\"https:\/\/sbt.ug.edu.pl\/wp-content\/uploads\/2019\/08\/Trzebiatow_P1420911-e1566298745583-768x1024.jpg\" width=\"640\" height=\"853\" alt=\"\" \/><\/a><\/div><div class=\"rl-gallery-item\"><a href=\"https:\/\/sbt.ug.edu.pl\/wp-content\/uploads\/2019\/08\/Trzebiatow_P1420930-e1566299028786.jpg\" title=\"Presbytery of the church of St. Mary; author: Jaros\u0142aw Ellwart \/ Wydawnictwo REGION \/ BHR\" data-rl_title=\"Presbytery of the church of St. Mary; author: Jaros\u0142aw Ellwart \/ Wydawnictwo REGION \/ BHR\" class=\"rl-gallery-link\" data-rl_caption=\"\" data-rel=\"lightbox-gallery-1\"><img src=\"https:\/\/sbt.ug.edu.pl\/wp-content\/uploads\/2019\/08\/Trzebiatow_P1420930-e1566299028786-768x1024.jpg\" width=\"640\" height=\"853\" alt=\"\" \/><\/a><\/div><div class=\"rl-gallery-item\"><a href=\"https:\/\/sbt.ug.edu.pl\/wp-content\/uploads\/2019\/08\/Trzesacz_P1260471.jpg\" title=\"Ruins of the church in Trz\u0119sacz from the observation deck over the beach; author: Jaros\u0142aw Ellwart \/ Wydawnictwo REGION \/ BHR\" data-rl_title=\"Ruins of the church in Trz\u0119sacz from the observation deck over the beach; author: Jaros\u0142aw Ellwart \/ Wydawnictwo REGION \/ BHR\" class=\"rl-gallery-link\" data-rl_caption=\"\" data-rel=\"lightbox-gallery-1\"><img src=\"https:\/\/sbt.ug.edu.pl\/wp-content\/uploads\/2019\/08\/Trzesacz_P1260471-768x576.jpg\" width=\"640\" height=\"480\" alt=\"\" \/><\/a><\/div><div class=\"rl-gallery-item\"><a href=\"https:\/\/sbt.ug.edu.pl\/wp-content\/uploads\/2019\/08\/Trzesacz_P1260497.jpg\" title=\"Ruins of the church in Trz\u0119sacz; author: Jaros\u0142aw Ellwart \/ Wydawnictwo REGION \/ BHR\" data-rl_title=\"Ruins of the church in Trz\u0119sacz; author: Jaros\u0142aw Ellwart \/ Wydawnictwo REGION \/ BHR\" class=\"rl-gallery-link\" data-rl_caption=\"\" data-rel=\"lightbox-gallery-1\"><img src=\"https:\/\/sbt.ug.edu.pl\/wp-content\/uploads\/2019\/08\/Trzesacz_P1260497-768x576.jpg\" width=\"640\" height=\"480\" alt=\"\" \/><\/a><\/div><div class=\"rl-gallery-item\"><a href=\"https:\/\/sbt.ug.edu.pl\/wp-content\/uploads\/2019\/08\/Wolin_P1160901.jpg\" title=\"Burial Graveyard on the Hill of the Hanged Men in Wolin; author: Jaros\u0142aw Ellwart \/ Wydawnictwo REGION \/ BHR\" data-rl_title=\"Burial Graveyard on the Hill of the Hanged Men in Wolin; author: Jaros\u0142aw Ellwart \/ Wydawnictwo REGION \/ BHR\" class=\"rl-gallery-link\" data-rl_caption=\"\" data-rel=\"lightbox-gallery-1\"><img src=\"https:\/\/sbt.ug.edu.pl\/wp-content\/uploads\/2019\/08\/Wolin_P1160901-768x576.jpg\" width=\"640\" height=\"480\" alt=\"\" \/><\/a><\/div><div class=\"rl-gallery-item\"><a href=\"https:\/\/sbt.ug.edu.pl\/wp-content\/uploads\/2019\/08\/Wolin_P1160938-e1566299112896.jpg\" title=\"The contemporary figure of the god Triglav; author: Jaros\u0142aw Ellwart \/ Wydawnictwo REGION \/ BHR\" data-rl_title=\"The contemporary figure of the god Triglav; author: Jaros\u0142aw Ellwart \/ Wydawnictwo REGION \/ BHR\" class=\"rl-gallery-link\" data-rl_caption=\"\" data-rel=\"lightbox-gallery-1\"><img src=\"https:\/\/sbt.ug.edu.pl\/wp-content\/uploads\/2019\/08\/Wolin_P1160938-e1566299112896-768x1024.jpg\" width=\"640\" height=\"853\" alt=\"\" \/><\/a><\/div><div class=\"rl-gallery-item\"><a href=\"https:\/\/sbt.ug.edu.pl\/wp-content\/uploads\/2019\/08\/Wolin_P1260173.jpg\" title=\"The Vikings runic stone in Wolin; author: Jaros\u0142aw Ellwart \/ Wydawnictwo REGION \/ BHR\" data-rl_title=\"The Vikings runic stone in Wolin; author: Jaros\u0142aw Ellwart \/ Wydawnictwo REGION \/ BHR\" class=\"rl-gallery-link\" data-rl_caption=\"\" data-rel=\"lightbox-gallery-1\"><img src=\"https:\/\/sbt.ug.edu.pl\/wp-content\/uploads\/2019\/08\/Wolin_P1260173-768x576.jpg\" width=\"640\" height=\"480\" alt=\"\" \/><\/a><\/div><div class=\"rl-gallery-item\"><a href=\"https:\/\/sbt.ug.edu.pl\/wp-content\/uploads\/2019\/08\/Wolin_P1260230.jpg\" title=\"Reconstruction of the temple of the Slavic god Svantevit; author: Jaros\u0142aw Ellwart \/ Wydawnictwo REGION \/ BHR\" data-rl_title=\"Reconstruction of the temple of the Slavic god Svantevit; author: Jaros\u0142aw Ellwart \/ Wydawnictwo REGION \/ BHR\" class=\"rl-gallery-link\" data-rl_caption=\"\" data-rel=\"lightbox-gallery-1\"><img src=\"https:\/\/sbt.ug.edu.pl\/wp-content\/uploads\/2019\/08\/Wolin_P1260230-768x576.jpg\" width=\"640\" height=\"480\" alt=\"\" \/><\/a><\/div><div class=\"rl-gallery-item\"><a href=\"https:\/\/sbt.ug.edu.pl\/wp-content\/uploads\/2019\/08\/Wyszkow_IMG_5887.jpg\" title=\"Ruins of the church of the Marienbusch monasteryin Trzebiat\u00f3w ; author: Jaros\u0142aw Ellwart \/ Wydawnictwo REGION \/ BHR\" data-rl_title=\"Ruins of the church of the Marienbusch monasteryin Trzebiat\u00f3w ; author: Jaros\u0142aw Ellwart \/ Wydawnictwo REGION \/ BHR\" class=\"rl-gallery-link\" data-rl_caption=\"\" data-rel=\"lightbox-gallery-1\"><img src=\"https:\/\/sbt.ug.edu.pl\/wp-content\/uploads\/2019\/08\/Wyszkow_IMG_5887-768x512.jpg\" width=\"640\" height=\"427\" alt=\"\" \/><\/a><\/div> <\/div> <\/div><\/code><\/p>\n<p><\/p>","protected":false},"excerpt":{"rendered":"<p>Atsipra\u0161ome, \u0161is puslapis galimas tik Jungtini\u0173 Valstij\u0173 Angl\u0173, Vokie\u010di\u0173 ir Lenk\u0173. For the sake of viewer convenience, the content is shown below in this site default language. You may click one of the links to switch the site language to another available language. LOCATION Wolin Island and Trzebiat\u00f3w Coast are separated by the Dziwna \u2013 [&hellip;]<\/p>\n","protected":false},"author":3,"featured_media":0,"parent":482,"menu_order":0,"comment_status":"closed","ping_status":"closed","template":"","meta":[],"categories":[34,27,15],"tags":[],"_links":{"self":[{"href":"https:\/\/sbt.ug.edu.pl\/lt\/wp-json\/wp\/v2\/pages\/1650"}],"collection":[{"href":"https:\/\/sbt.ug.edu.pl\/lt\/wp-json\/wp\/v2\/pages"}],"about":[{"href":"https:\/\/sbt.ug.edu.pl\/lt\/wp-json\/wp\/v2\/types\/page"}],"author":[{"embeddable":true,"href":"https:\/\/sbt.ug.edu.pl\/lt\/wp-json\/wp\/v2\/users\/3"}],"replies":[{"embeddable":true,"href":"https:\/\/sbt.ug.edu.pl\/lt\/wp-json\/wp\/v2\/comments?post=1650"}],"version-history":[{"count":7,"href":"https:\/\/sbt.ug.edu.pl\/lt\/wp-json\/wp\/v2\/pages\/1650\/revisions"}],"predecessor-version":[{"id":5879,"href":"https:\/\/sbt.ug.edu.pl\/lt\/wp-json\/wp\/v2\/pages\/1650\/revisions\/5879"}],"up":[{"embeddable":true,"href":"https:\/\/sbt.ug.edu.pl\/lt\/wp-json\/wp\/v2\/pages\/482"}],"wp:attachment":[{"href":"https:\/\/sbt.ug.edu.pl\/lt\/wp-json\/wp\/v2\/media?parent=1650"}],"wp:term":[{"taxonomy":"category","embeddable":true,"href":"https:\/\/sbt.ug.edu.pl\/lt\/wp-json\/wp\/v2\/categories?post=1650"},{"taxonomy":"post_tag","embeddable":true,"href":"https:\/\/sbt.ug.edu.pl\/lt\/wp-json\/wp\/v2\/tags?post=1650"}],"curies":[{"name":"wp","href":"https:\/\/api.w.org\/{rel}","templated":true}]}}