{"id":1662,"date":"2019-07-10T10:40:52","date_gmt":"2019-07-10T08:40:52","guid":{"rendered":"https:\/\/southbaltic-tourist.eu\/?page_id=1662"},"modified":"2020-02-18T09:04:21","modified_gmt":"2020-02-18T09:04:21","slug":"13-mecklenburg","status":"publish","type":"page","link":"https:\/\/sbt.ug.edu.pl\/lt\/routes\/blue-and-green-believes-and-religions-of-the-south-baltic-area\/13-mecklenburg\/","title":{"rendered":"(English) 13. Mecklenburg"},"content":{"rendered":"<p class=\"qtranxs-available-languages-message qtranxs-available-languages-message-lt\">Atsipra\u0161ome, \u0161is puslapis galimas tik <a href=\"https:\/\/sbt.ug.edu.pl\/en\/wp-json\/wp\/v2\/pages\/1662\" class=\"qtranxs-available-language-link qtranxs-available-language-link-en\" title=\"English\">Jungtini\u0173 Valstij\u0173 Angl\u0173<\/a>, <a href=\"https:\/\/sbt.ug.edu.pl\/de\/wp-json\/wp\/v2\/pages\/1662\" class=\"qtranxs-available-language-link qtranxs-available-language-link-de\" title=\"Deutsch\">Vokie\u010di\u0173<\/a> ir <a href=\"https:\/\/sbt.ug.edu.pl\/pl\/wp-json\/wp\/v2\/pages\/1662\" class=\"qtranxs-available-language-link qtranxs-available-language-link-pl\" title=\"Polski\">Lenk\u0173<\/a>. For the sake of viewer convenience, the content is shown below in this site default language. You may click one of the links to switch the site language to another available language.<\/p><p><\/p>\n<p style=\"text-align: justify;\"><strong>LOCATION<\/strong><br \/>\nMecklenburg with Rostock, the biggest harbour town in this part of the Baltic Sea, is the historical Obodrite land, the arena of bloody Slavic-Germanic fights at the turn of the 1st and 2nd millennium, as well as area facing a medieval crusade against Pagans, finished with the Christianisation of Mecklenburg in the mid-12th c. Selected sites and facilities show both the traditions \u2013 Christian and pre-Christian. Rostock (Pl Rostok) 54\u00b005\u2032N 12\u00b008\u2032E is a recommended tourist base for sightseeing the region.<\/p>\n<p style=\"text-align: justify;\"><img decoding=\"async\" loading=\"lazy\" class=\"alignleft wp-image-1663\" src=\"https:\/\/southbaltic-tourist.eu\/wp-content\/uploads\/2019\/07\/13.jpg\" alt=\"\" width=\"598\" height=\"400\" srcset=\"https:\/\/sbt.ug.edu.pl\/wp-content\/uploads\/2019\/07\/13.jpg 695w, https:\/\/sbt.ug.edu.pl\/wp-content\/uploads\/2019\/07\/13-300x201.jpg 300w, https:\/\/sbt.ug.edu.pl\/wp-content\/uploads\/2019\/07\/13-150x100.jpg 150w\" sizes=\"(max-width: 598px) 100vw, 598px\" \/> <a href=\"https:\/\/southbaltic-tourist.eu\/wp-content\/uploads\/2020\/02\/R4.13-Mecklenburg.png\" data-rel=\"lightbox-gallery-P5nh9ZD3\" data-rl_title=\"\" data-rl_caption=\"\" title=\"\"><img decoding=\"async\" loading=\"lazy\" class=\"alignnone wp-image-5254\" src=\"https:\/\/southbaltic-tourist.eu\/wp-content\/uploads\/2020\/02\/R4.13-Mecklenburg-300x256.png\" alt=\"\" width=\"469\" height=\"400\" srcset=\"https:\/\/sbt.ug.edu.pl\/wp-content\/uploads\/2020\/02\/R4.13-Mecklenburg-300x256.png 300w, https:\/\/sbt.ug.edu.pl\/wp-content\/uploads\/2020\/02\/R4.13-Mecklenburg-1024x874.png 1024w, https:\/\/sbt.ug.edu.pl\/wp-content\/uploads\/2020\/02\/R4.13-Mecklenburg-768x655.png 768w, https:\/\/sbt.ug.edu.pl\/wp-content\/uploads\/2020\/02\/R4.13-Mecklenburg-1536x1310.png 1536w, https:\/\/sbt.ug.edu.pl\/wp-content\/uploads\/2020\/02\/R4.13-Mecklenburg-150x128.png 150w, https:\/\/sbt.ug.edu.pl\/wp-content\/uploads\/2020\/02\/R4.13-Mecklenburg.png 1600w\" sizes=\"(max-width: 469px) 100vw, 469px\" \/><\/a><\/p>\n<p style=\"text-align: justify;\"><strong>SIGHTSEEING<\/strong><br \/>\nSelected sites are situated within 60 km from Rostock. Except the stone circles near Boitin, all places are accessible by car down clearly marked asphalt roads. The Neolithic Dancing Stones from Boitin are situated in the middle of the forest \u2013 by a forest dirt road, marked with signposts. It may be impassable after the rain. Radegost (Gros Raden) fort hill is accessible on foot only (a 15-minute walk). The hill fort is a part of a museum, and therefore admission requires a ticket. The working hours of the institution change throughout the year. The admission to the former Cistercian Abbey in Bad Doberan and St Mary\u2019s Church is payable, and the opening hours of both the churches are subject to change throughout the year (usually open between 10 am and 5 pm).<\/p>\n<p style=\"text-align: justify;\"><strong>ATTRACTIONS<\/strong><br \/>\nMighty St Mary\u2019s Church with its abundant Renaissance and baroque furnishings and the well-known astronomical clock is the sacral pearl of Rostock. St Peter\u2019s Church with a soaring bastille (a recommendable observation site, accessible by the disabled &#8211; the lift) reconstructed after the war towers over the eastern part of the old town. Bad Doberan is a Cistercian Abbey and necropolis of the rulers of Denmark and Mecklenburg, founded in the 12th century. The interior of the impressive Gothic cathedral features abundant preserved furnishings, from Gothic to baroque ones. Within the area surrounding the temple, some former monastic outbuildings with picturesque ruins of a granary have been preserved. Radegost (Gros Raden), also referred to as Rethra, has been the Radegost- Svaro\u017ei\u0107 worship centre and the main hill fort of the Slavonic Veleti Association until the introduction of Christianity. Today it is the site of an open-air archaeological heritage park with a museum where you can learn about the past of Radegost. The restored castle town by the lake is surrounded by a beautiful beech forest, a relic of the holy forest worshipped by the Veleti. There are also much older, Neolithic stone circles in the middle of the forest, near Radegost. These are the well-known Dancing Stones from Boitin. Scientists claim that they originate from the Iron Age when they served as a place of worship. Moreover, the circles serve as an astronomical clock. On one of the menhirs there are 13 openings which correspond to the lunar months of the year.<\/p>\n<p><code><div class=\"rl-gallery-container rl-loading\" id=\"rl-gallery-container-1\" data-gallery_id=\"4589\"> <div class=\"rl-gallery rl-basicgrid-gallery \" id=\"rl-gallery-1\" data-gallery_no=\"1\"> <div class=\"rl-gallery-item\"><a href=\"https:\/\/sbt.ug.edu.pl\/wp-content\/uploads\/2019\/08\/BadDoberan_P1150343.jpg\" title=\"The main nave of the Cistercian church; author: Jaros\u0142aw Ellwart \/ Wydawnictwo REGION \/ BHR\" data-rl_title=\"The main nave of the Cistercian church; author: Jaros\u0142aw Ellwart \/ Wydawnictwo REGION \/ BHR\" class=\"rl-gallery-link\" data-rl_caption=\"\" data-rel=\"lightbox-gallery-1\"><img src=\"https:\/\/sbt.ug.edu.pl\/wp-content\/uploads\/2019\/08\/BadDoberan_P1150343-768x1024.jpg\" width=\"640\" height=\"853\" alt=\"\" \/><\/a><\/div><div class=\"rl-gallery-item\"><a href=\"https:\/\/sbt.ug.edu.pl\/wp-content\/uploads\/2019\/08\/BadDoberan_P1150377.jpg\" title=\"Chapel with a sarcophagus of queen Margaret Sambiria; author: Jaros\u0142aw Ellwart \/ Wydawnictwo REGION \/ BHR\" data-rl_title=\"Chapel with a sarcophagus of queen Margaret Sambiria; author: Jaros\u0142aw Ellwart \/ Wydawnictwo REGION \/ BHR\" class=\"rl-gallery-link\" data-rl_caption=\"\" data-rel=\"lightbox-gallery-1\"><img src=\"https:\/\/sbt.ug.edu.pl\/wp-content\/uploads\/2019\/08\/BadDoberan_P1150377-768x1024.jpg\" width=\"640\" height=\"853\" alt=\"\" \/><\/a><\/div><div class=\"rl-gallery-item\"><a href=\"https:\/\/sbt.ug.edu.pl\/wp-content\/uploads\/2019\/08\/BadDoberan_P1240344.jpg\" title=\"General view of the church of the Cistercian abbey; author: Jaros\u0142aw Ellwart \/ Wydawnictwo REGION \/ BHR\" data-rl_title=\"General view of the church of the Cistercian abbey; author: Jaros\u0142aw Ellwart \/ Wydawnictwo REGION \/ BHR\" class=\"rl-gallery-link\" data-rl_caption=\"\" data-rel=\"lightbox-gallery-1\"><img src=\"https:\/\/sbt.ug.edu.pl\/wp-content\/uploads\/2019\/08\/BadDoberan_P1240344-768x1024.jpg\" width=\"640\" height=\"853\" alt=\"\" \/><\/a><\/div><div class=\"rl-gallery-item\"><a href=\"https:\/\/sbt.ug.edu.pl\/wp-content\/uploads\/2019\/08\/Boitin_P1150062.jpg\" title=\"Dancing Stones in Boitin; author: Jaros\u0142aw Ellwart \/ Wydawnictwo REGION \/ BHR\" data-rl_title=\"Dancing Stones in Boitin; author: Jaros\u0142aw Ellwart \/ Wydawnictwo REGION \/ BHR\" class=\"rl-gallery-link\" data-rl_caption=\"\" data-rel=\"lightbox-gallery-1\"><img src=\"https:\/\/sbt.ug.edu.pl\/wp-content\/uploads\/2019\/08\/Boitin_P1150062-768x576.jpg\" width=\"640\" height=\"480\" alt=\"\" \/><\/a><\/div><div class=\"rl-gallery-item\"><a href=\"https:\/\/sbt.ug.edu.pl\/wp-content\/uploads\/2019\/08\/Boitin_P1150064.jpg\" title=\"Prehistoric calendar with holes corresponding to lunar months; author: Jaros\u0142aw Ellwart \/ Wydawnictwo REGION \/ BHR\" data-rl_title=\"Prehistoric calendar with holes corresponding to lunar months; author: Jaros\u0142aw Ellwart \/ Wydawnictwo REGION \/ BHR\" class=\"rl-gallery-link\" data-rl_caption=\"\" data-rel=\"lightbox-gallery-1\"><img src=\"https:\/\/sbt.ug.edu.pl\/wp-content\/uploads\/2019\/08\/Boitin_P1150064-768x1024.jpg\" width=\"640\" height=\"853\" alt=\"\" \/><\/a><\/div><div class=\"rl-gallery-item\"><a href=\"https:\/\/sbt.ug.edu.pl\/wp-content\/uploads\/2019\/08\/GrossRaden_P1150010.jpg\" title=\"Burgwall of Retra and the former place of worship of the Slavic god of fire - Radegast; author: Jaros\u0142aw Ellwart \/ Wydawnictwo REGION \/ BHR\" data-rl_title=\"Burgwall of Retra and the former place of worship of the Slavic god of fire - Radegast; author: Jaros\u0142aw Ellwart \/ Wydawnictwo REGION \/ BHR\" class=\"rl-gallery-link\" data-rl_caption=\"\" data-rel=\"lightbox-gallery-1\"><img src=\"https:\/\/sbt.ug.edu.pl\/wp-content\/uploads\/2019\/08\/GrossRaden_P1150010-768x576.jpg\" width=\"640\" height=\"480\" alt=\"\" \/><\/a><\/div><div class=\"rl-gallery-item\"><a href=\"https:\/\/sbt.ug.edu.pl\/wp-content\/uploads\/2019\/08\/GrossRaden_P1150029.jpg\" title=\"Fragment of archaeological installation; author: Jaros\u0142aw Ellwart \/ Wydawnictwo REGION \/ BHR\" data-rl_title=\"Fragment of archaeological installation; author: Jaros\u0142aw Ellwart \/ Wydawnictwo REGION \/ BHR\" class=\"rl-gallery-link\" data-rl_caption=\"\" data-rel=\"lightbox-gallery-1\"><img src=\"https:\/\/sbt.ug.edu.pl\/wp-content\/uploads\/2019\/08\/GrossRaden_P1150029-768x576.jpg\" width=\"640\" height=\"480\" alt=\"\" \/><\/a><\/div><div class=\"rl-gallery-item\"><a href=\"https:\/\/sbt.ug.edu.pl\/wp-content\/uploads\/2019\/08\/GrossRaden_P1150031.jpg\" title=\"A restored farm for holy horses; author: Jaros\u0142aw Ellwart \/ Wydawnictwo REGION \/ BHR\" data-rl_title=\"A restored farm for holy horses; author: Jaros\u0142aw Ellwart \/ Wydawnictwo REGION \/ BHR\" class=\"rl-gallery-link\" data-rl_caption=\"\" data-rel=\"lightbox-gallery-1\"><img src=\"https:\/\/sbt.ug.edu.pl\/wp-content\/uploads\/2019\/08\/GrossRaden_P1150031-768x1024.jpg\" width=\"640\" height=\"853\" alt=\"\" \/><\/a><\/div><div class=\"rl-gallery-item\"><a href=\"https:\/\/sbt.ug.edu.pl\/wp-content\/uploads\/2019\/08\/Rostock_P1150216.jpg\" title=\"The nave of the St. Mary&#039;s church; author: Jaros\u0142aw Ellwart \/ Wydawnictwo REGION \/ BHR\" data-rl_title=\"The nave of the St. Mary&#039;s church; author: Jaros\u0142aw Ellwart \/ Wydawnictwo REGION \/ BHR\" class=\"rl-gallery-link\" data-rl_caption=\"\" data-rel=\"lightbox-gallery-1\"><img src=\"https:\/\/sbt.ug.edu.pl\/wp-content\/uploads\/2019\/08\/Rostock_P1150216-768x1024.jpg\" width=\"640\" height=\"853\" alt=\"\" \/><\/a><\/div><div class=\"rl-gallery-item\"><a href=\"https:\/\/sbt.ug.edu.pl\/wp-content\/uploads\/2019\/08\/Rostock_P1150233.jpg\" title=\"The famous astronomical clock in the church of St. Mary; author: Jaros\u0142aw Ellwart \/ Wydawnictwo REGION \/ BHR\" data-rl_title=\"The famous astronomical clock in the church of St. Mary; author: Jaros\u0142aw Ellwart \/ Wydawnictwo REGION \/ BHR\" class=\"rl-gallery-link\" data-rl_caption=\"\" data-rel=\"lightbox-gallery-1\"><img src=\"https:\/\/sbt.ug.edu.pl\/wp-content\/uploads\/2019\/08\/Rostock_P1150233-768x1024.jpg\" width=\"640\" height=\"853\" alt=\"\" \/><\/a><\/div><div class=\"rl-gallery-item\"><a href=\"https:\/\/sbt.ug.edu.pl\/wp-content\/uploads\/2019\/08\/Rostock_P1240259.jpg\" title=\"Church of St. Peter from behind the walls of the Old Town; author: Jaros\u0142aw Ellwart \/ Wydawnictwo REGION \/ BHR\" data-rl_title=\"Church of St. Peter from behind the walls of the Old Town; author: Jaros\u0142aw Ellwart \/ Wydawnictwo REGION \/ BHR\" class=\"rl-gallery-link\" data-rl_caption=\"\" data-rel=\"lightbox-gallery-1\"><img src=\"https:\/\/sbt.ug.edu.pl\/wp-content\/uploads\/2019\/08\/Rostock_P1240259-768x1024.jpg\" width=\"640\" height=\"853\" alt=\"\" \/><\/a><\/div><div class=\"rl-gallery-item\"><a href=\"https:\/\/sbt.ug.edu.pl\/wp-content\/uploads\/2019\/08\/Rostock_P1240268.jpg\" title=\"Contemporary interior of the church of St. Peter; author: Jaros\u0142aw Ellwart \/ Wydawnictwo REGION \/ BHR\" data-rl_title=\"Contemporary interior of the church of St. Peter; author: Jaros\u0142aw Ellwart \/ Wydawnictwo REGION \/ BHR\" class=\"rl-gallery-link\" data-rl_caption=\"\" data-rel=\"lightbox-gallery-1\"><img src=\"https:\/\/sbt.ug.edu.pl\/wp-content\/uploads\/2019\/08\/Rostock_P1240268-768x576.jpg\" width=\"640\" height=\"480\" alt=\"\" \/><\/a><\/div><div class=\"rl-gallery-item\"><a href=\"https:\/\/sbt.ug.edu.pl\/wp-content\/uploads\/2019\/08\/Rostock_P1240281-1.jpg\" title=\"\" data-rl_title=\"\" class=\"rl-gallery-link\" data-rl_caption=\"\" data-rel=\"lightbox-gallery-1\"><img src=\"https:\/\/sbt.ug.edu.pl\/wp-content\/uploads\/2019\/08\/Rostock_P1240281-1-768x576.jpg\" width=\"640\" height=\"480\" alt=\"\" \/><\/a><\/div> <\/div> <\/div><\/code><\/p>","protected":false},"excerpt":{"rendered":"<p>Atsipra\u0161ome, \u0161is puslapis galimas tik Jungtini\u0173 Valstij\u0173 Angl\u0173, Vokie\u010di\u0173 ir Lenk\u0173. For the sake of viewer convenience, the content is shown below in this site default language. You may click one of the links to switch the site language to another available language. LOCATION Mecklenburg with Rostock, the biggest harbour town in this part of [&hellip;]<\/p>\n","protected":false},"author":3,"featured_media":0,"parent":482,"menu_order":0,"comment_status":"closed","ping_status":"closed","template":"","meta":[],"categories":[34,27,15],"tags":[],"_links":{"self":[{"href":"https:\/\/sbt.ug.edu.pl\/lt\/wp-json\/wp\/v2\/pages\/1662"}],"collection":[{"href":"https:\/\/sbt.ug.edu.pl\/lt\/wp-json\/wp\/v2\/pages"}],"about":[{"href":"https:\/\/sbt.ug.edu.pl\/lt\/wp-json\/wp\/v2\/types\/page"}],"author":[{"embeddable":true,"href":"https:\/\/sbt.ug.edu.pl\/lt\/wp-json\/wp\/v2\/users\/3"}],"replies":[{"embeddable":true,"href":"https:\/\/sbt.ug.edu.pl\/lt\/wp-json\/wp\/v2\/comments?post=1662"}],"version-history":[{"count":6,"href":"https:\/\/sbt.ug.edu.pl\/lt\/wp-json\/wp\/v2\/pages\/1662\/revisions"}],"predecessor-version":[{"id":5253,"href":"https:\/\/sbt.ug.edu.pl\/lt\/wp-json\/wp\/v2\/pages\/1662\/revisions\/5253"}],"up":[{"embeddable":true,"href":"https:\/\/sbt.ug.edu.pl\/lt\/wp-json\/wp\/v2\/pages\/482"}],"wp:attachment":[{"href":"https:\/\/sbt.ug.edu.pl\/lt\/wp-json\/wp\/v2\/media?parent=1662"}],"wp:term":[{"taxonomy":"category","embeddable":true,"href":"https:\/\/sbt.ug.edu.pl\/lt\/wp-json\/wp\/v2\/categories?post=1662"},{"taxonomy":"post_tag","embeddable":true,"href":"https:\/\/sbt.ug.edu.pl\/lt\/wp-json\/wp\/v2\/tags?post=1662"}],"curies":[{"name":"wp","href":"https:\/\/api.w.org\/{rel}","templated":true}]}}