{"id":1681,"date":"2019-07-10T11:05:51","date_gmt":"2019-07-10T09:05:51","guid":{"rendered":"https:\/\/southbaltic-tourist.eu\/?page_id=1681"},"modified":"2020-02-18T09:52:59","modified_gmt":"2020-02-18T09:52:59","slug":"18-eastern-scania-and-blekinge","status":"publish","type":"page","link":"https:\/\/sbt.ug.edu.pl\/lt\/routes\/blue-and-green-believes-and-religions-of-the-south-baltic-area\/18-eastern-scania-and-blekinge\/","title":{"rendered":"(English) 18. Eastern Scania and Blekinge"},"content":{"rendered":"<p class=\"qtranxs-available-languages-message qtranxs-available-languages-message-lt\">Atsipra\u0161ome, \u0161is puslapis galimas tik <a href=\"https:\/\/sbt.ug.edu.pl\/en\/wp-json\/wp\/v2\/pages\/1681\" class=\"qtranxs-available-language-link qtranxs-available-language-link-en\" title=\"English\">Jungtini\u0173 Valstij\u0173 Angl\u0173<\/a>, <a href=\"https:\/\/sbt.ug.edu.pl\/de\/wp-json\/wp\/v2\/pages\/1681\" class=\"qtranxs-available-language-link qtranxs-available-language-link-de\" title=\"Deutsch\">Vokie\u010di\u0173<\/a> ir <a href=\"https:\/\/sbt.ug.edu.pl\/pl\/wp-json\/wp\/v2\/pages\/1681\" class=\"qtranxs-available-language-link qtranxs-available-language-link-pl\" title=\"Polski\">Lenk\u0173<\/a>. For the sake of viewer convenience, the content is shown below in this site default language. You may click one of the links to switch the site language to another available language.<\/p><p><\/p>\n<p style=\"text-align: justify;\"><strong>LOCATION<\/strong><br \/>\nBlekinge and eastern Scania is the south-eastern part of Sweden, located by the Baltic Sea, also referred to as the Garden of Sweden owing to its natural abundance. Historically, it is a part of Gotland from which Goths and Gepids set off to the south in the early years of our millennium. As far as beliefs and religion are concerned, Protestant Christianity is predominant. A number of fishing or harbour towns on the skerries coast are late-medieval or modern. We suggest choosing tiny Karlshamn (56\u00b010\u2032N 14\u00b051\u2032E), formerly, the main harbour of the Swedish immigration to America, as your starting point. Karlshamn offers ferry connections with Klaip\u0117da and Karlskrona with Gdynia.<\/p>\n<p style=\"text-align: justify;\"><img decoding=\"async\" loading=\"lazy\" class=\"alignleft wp-image-1682\" src=\"https:\/\/southbaltic-tourist.eu\/wp-content\/uploads\/2019\/07\/18.jpg\" alt=\"\" width=\"598\" height=\"400\" srcset=\"https:\/\/sbt.ug.edu.pl\/wp-content\/uploads\/2019\/07\/18.jpg 695w, https:\/\/sbt.ug.edu.pl\/wp-content\/uploads\/2019\/07\/18-300x201.jpg 300w, https:\/\/sbt.ug.edu.pl\/wp-content\/uploads\/2019\/07\/18-150x100.jpg 150w\" sizes=\"(max-width: 598px) 100vw, 598px\" \/><\/p>\n<p style=\"text-align: justify;\"><a href=\"https:\/\/southbaltic-tourist.eu\/wp-content\/uploads\/2020\/02\/R4.18-Eastern-Scania-and-Blekinge.png\" data-rel=\"lightbox-gallery-wi867CQr\" data-rl_title=\"\" data-rl_caption=\"\" title=\"\"><img decoding=\"async\" loading=\"lazy\" class=\"alignnone wp-image-5269\" src=\"https:\/\/southbaltic-tourist.eu\/wp-content\/uploads\/2020\/02\/R4.18-Eastern-Scania-and-Blekinge-300x256.png\" alt=\"\" width=\"469\" height=\"400\" srcset=\"https:\/\/sbt.ug.edu.pl\/wp-content\/uploads\/2020\/02\/R4.18-Eastern-Scania-and-Blekinge-300x256.png 300w, https:\/\/sbt.ug.edu.pl\/wp-content\/uploads\/2020\/02\/R4.18-Eastern-Scania-and-Blekinge-1024x874.png 1024w, https:\/\/sbt.ug.edu.pl\/wp-content\/uploads\/2020\/02\/R4.18-Eastern-Scania-and-Blekinge-768x655.png 768w, https:\/\/sbt.ug.edu.pl\/wp-content\/uploads\/2020\/02\/R4.18-Eastern-Scania-and-Blekinge-1536x1310.png 1536w, https:\/\/sbt.ug.edu.pl\/wp-content\/uploads\/2020\/02\/R4.18-Eastern-Scania-and-Blekinge-150x128.png 150w, https:\/\/sbt.ug.edu.pl\/wp-content\/uploads\/2020\/02\/R4.18-Eastern-Scania-and-Blekinge.png 1600w\" sizes=\"(max-width: 469px) 100vw, 469px\" \/><\/a><\/p>\n<p><a href=\"https:\/\/www.google.com\/maps\/place\/Blekinge,+Szwecja\/@56.2452561,14.6515897,9z\/data=!3m1!4b1!4m5!3m4!1s0x465420820701b753:0x866420937613e0c5!8m2!3d56.2783837!4d15.0180058\" target=\"_blank\" rel=\"noopener noreferrer\">View on Google Maps<\/a><\/p>\n<p style=\"text-align: justify;\"><strong>SIGHTSEEING<\/strong><br \/>\nThe area described is covered with a dense network of roads, and the biggest towns are connected via convenient Malm\u00f6\u2013Norrk\u00f6ping highway (E22). Along the coast there is also a railway line connecting Danish Copenhagen with Karlskrona. All the foregoing churches are open during the day, usually between 10 am and 4 pm. Only in Ahus the key is available in the nearby Museum, and the temple in Norra Asum may be visited from 10 am to 15 pm. The admission to the temples is free of charge.<\/p>\n<p style=\"text-align: justify;\"><strong>ATTRACTIONS<\/strong><br \/>\n<strong>Kalshamn<\/strong> is a tiny town founded by Charles X Gustav in 1658. Furthermore, he was the founder of the brick baroque church (Carl Gustafs kyrka) erected in the centre on a cross ground plan in 1680\u20131700. Its construction was possible thanks to a money collection ordered throughout Scania. The furnishings of the church are baroque and they originate from the 18th century. A similar story is connected with the biggest wooden church in Sweden \u2013 the Admiralty Church (Amiralitetskyrkan) in <strong>Karlskrona<\/strong>, dating back to 1685. The temple furnishings date back to the 19th century, yet the older epitaphs of Swedish marine commanders are quite conspicuous. Classicistic Frederic\u2019s Church (Fredrikskyrkan), which also serves the purpose of a concert hall, is situated in the town centre. Unique medieval furnishings are characteristic of Gothic St Nicholas Church in <strong>S\u00f6lvesborg<\/strong> (Sankt Nicolai kyrka), erected in the 13th century as a monastic temple of the Carmelite Fathers. Inside there are Renaissance and Gothic furnishings as well as beautiful 14th century polychromes. The Church of the Holy Trinity in <strong>Kristianstad<\/strong>, erected in 1628 upon the order of Danish King Chrystian IV, is uniform in terms of style. The temple is believed to be the most beautiful Renaissance church of northern Europe. Original furnishings have been preserved inside. The impressive Romanesque church in<strong> Norra Asum<\/strong>, in the southern suburb of Kristianstad is more than 400 years older. Inside there is a 12th century stone bearing a runic inscription, commemorating Bishop Absalon, the founder of Copenhagen and Esbj\u00f6rn Mule, the builder of the church. Also St Mary\u2019s Church in harbour town of <strong>Ahus<\/strong>, founded by the Vikings in the 8th century, has the Romanesque genesis. However, the furnishings of the church are newer, dating back mainly to the 17th century.<\/p>\n<p><code><div class=\"rl-gallery-container rl-loading\" id=\"rl-gallery-container-1\" data-gallery_id=\"4594\"> <div class=\"rl-gallery rl-basicgrid-gallery \" id=\"rl-gallery-1\" data-gallery_no=\"1\"> <div class=\"rl-gallery-item\"><a href=\"https:\/\/sbt.ug.edu.pl\/wp-content\/uploads\/2019\/08\/Ahus_P1230099.jpg\" title=\"Gothic church in \u00c5hus; author: Jaros\u0142aw Ellwart \/ Wydawnictwo REGION \/ BHR\" data-rl_title=\"Gothic church in \u00c5hus; author: Jaros\u0142aw Ellwart \/ Wydawnictwo REGION \/ BHR\" class=\"rl-gallery-link\" data-rl_caption=\"\" data-rel=\"lightbox-gallery-1\"><img src=\"https:\/\/sbt.ug.edu.pl\/wp-content\/uploads\/2019\/08\/Ahus_P1230099-768x576.jpg\" width=\"640\" height=\"480\" alt=\"\" \/><\/a><\/div><div class=\"rl-gallery-item\"><a href=\"https:\/\/sbt.ug.edu.pl\/wp-content\/uploads\/2019\/08\/Ahus_P1230117.jpg\" title=\"Lapidarium at the church in \u00c5hus; author: Jaros\u0142aw Ellwart \/ Wydawnictwo REGION \/ BHR\" data-rl_title=\"Lapidarium at the church in \u00c5hus; author: Jaros\u0142aw Ellwart \/ Wydawnictwo REGION \/ BHR\" class=\"rl-gallery-link\" data-rl_caption=\"\" data-rel=\"lightbox-gallery-1\"><img src=\"https:\/\/sbt.ug.edu.pl\/wp-content\/uploads\/2019\/08\/Ahus_P1230117-768x576.jpg\" width=\"640\" height=\"480\" alt=\"\" \/><\/a><\/div><div class=\"rl-gallery-item\"><a href=\"https:\/\/sbt.ug.edu.pl\/wp-content\/uploads\/2019\/08\/Ahus_P1230128.jpg\" title=\"Romanesque church portal; author: Jaros\u0142aw Ellwart \/ Wydawnictwo REGION \/ BHR\" data-rl_title=\"Romanesque church portal; author: Jaros\u0142aw Ellwart \/ Wydawnictwo REGION \/ BHR\" class=\"rl-gallery-link\" data-rl_caption=\"\" data-rel=\"lightbox-gallery-1\"><img src=\"https:\/\/sbt.ug.edu.pl\/wp-content\/uploads\/2019\/08\/Ahus_P1230128-768x1024.jpg\" width=\"640\" height=\"853\" alt=\"\" \/><\/a><\/div><div class=\"rl-gallery-item\"><a href=\"https:\/\/sbt.ug.edu.pl\/wp-content\/uploads\/2019\/08\/Karlshamn_P1220866.jpg\" title=\"Old cemetery at the church; author: Jaros\u0142aw Ellwart \/ Wydawnictwo REGION \/ BHR\" data-rl_title=\"Old cemetery at the church; author: Jaros\u0142aw Ellwart \/ Wydawnictwo REGION \/ BHR\" class=\"rl-gallery-link\" data-rl_caption=\"\" data-rel=\"lightbox-gallery-1\"><img src=\"https:\/\/sbt.ug.edu.pl\/wp-content\/uploads\/2019\/08\/Karlshamn_P1220866-768x576.jpg\" width=\"640\" height=\"480\" alt=\"\" \/><\/a><\/div><div class=\"rl-gallery-item\"><a href=\"https:\/\/sbt.ug.edu.pl\/wp-content\/uploads\/2019\/08\/Karlshamn_P1650413.jpg\" title=\"Carl Gustaf&#039;s church; author: Jaros\u0142aw Ellwart \/ Wydawnictwo REGION \/ BHR\" data-rl_title=\"Carl Gustaf&#039;s church; author: Jaros\u0142aw Ellwart \/ Wydawnictwo REGION \/ BHR\" class=\"rl-gallery-link\" data-rl_caption=\"\" data-rel=\"lightbox-gallery-1\"><img src=\"https:\/\/sbt.ug.edu.pl\/wp-content\/uploads\/2019\/08\/Karlshamn_P1650413-768x576.jpg\" width=\"640\" height=\"480\" alt=\"\" \/><\/a><\/div><div class=\"rl-gallery-item\"><a href=\"https:\/\/sbt.ug.edu.pl\/wp-content\/uploads\/2019\/08\/Karlskrone_P1650510.jpg\" title=\"Fredrik&#039;s Church; author: Jaros\u0142aw Ellwart \/ Wydawnictwo REGION \/ BHR\" data-rl_title=\"Fredrik&#039;s Church; author: Jaros\u0142aw Ellwart \/ Wydawnictwo REGION \/ BHR\" class=\"rl-gallery-link\" data-rl_caption=\"\" data-rel=\"lightbox-gallery-1\"><img src=\"https:\/\/sbt.ug.edu.pl\/wp-content\/uploads\/2019\/08\/Karlskrone_P1650510-768x576.jpg\" width=\"640\" height=\"480\" alt=\"\" \/><\/a><\/div><div class=\"rl-gallery-item\"><a href=\"https:\/\/sbt.ug.edu.pl\/wp-content\/uploads\/2019\/08\/Karlskrone_P1650550.jpg\" title=\"Admiralty Church; author: Jaros\u0142aw Ellwart \/ Wydawnictwo REGION \/ BHR\" data-rl_title=\"Admiralty Church; author: Jaros\u0142aw Ellwart \/ Wydawnictwo REGION \/ BHR\" class=\"rl-gallery-link\" data-rl_caption=\"\" data-rel=\"lightbox-gallery-1\"><img src=\"https:\/\/sbt.ug.edu.pl\/wp-content\/uploads\/2019\/08\/Karlskrone_P1650550-768x576.jpg\" width=\"640\" height=\"480\" alt=\"\" \/><\/a><\/div><div class=\"rl-gallery-item\"><a href=\"https:\/\/sbt.ug.edu.pl\/wp-content\/uploads\/2019\/08\/Karlskrone_P1650564.jpg\" title=\"Interior of the Admiralty church; author: Jaros\u0142aw Ellwart \/ Wydawnictwo REGION \/ BHR\" data-rl_title=\"Interior of the Admiralty church; author: Jaros\u0142aw Ellwart \/ Wydawnictwo REGION \/ BHR\" class=\"rl-gallery-link\" data-rl_caption=\"\" data-rel=\"lightbox-gallery-1\"><img src=\"https:\/\/sbt.ug.edu.pl\/wp-content\/uploads\/2019\/08\/Karlskrone_P1650564-768x576.jpg\" width=\"640\" height=\"480\" alt=\"\" \/><\/a><\/div><div class=\"rl-gallery-item\"><a href=\"https:\/\/sbt.ug.edu.pl\/wp-content\/uploads\/2019\/08\/Kristianstad_P1220988.jpg\" title=\"Trinity Church in Kristianstad; author: Jaros\u0142aw Ellwart \/ Wydawnictwo REGION \/ BHR\" data-rl_title=\"Trinity Church in Kristianstad; author: Jaros\u0142aw Ellwart \/ Wydawnictwo REGION \/ BHR\" class=\"rl-gallery-link\" data-rl_caption=\"\" data-rel=\"lightbox-gallery-1\"><img src=\"https:\/\/sbt.ug.edu.pl\/wp-content\/uploads\/2019\/08\/Kristianstad_P1220988-768x576.jpg\" width=\"640\" height=\"480\" alt=\"\" \/><\/a><\/div><div class=\"rl-gallery-item\"><a href=\"https:\/\/sbt.ug.edu.pl\/wp-content\/uploads\/2019\/08\/Kristianstad_P1220996.jpg\" title=\"Interior of the Trinity Church; author: Jaros\u0142aw Ellwart \/ Wydawnictwo REGION \/ BHR\" data-rl_title=\"Interior of the Trinity Church; author: Jaros\u0142aw Ellwart \/ Wydawnictwo REGION \/ BHR\" class=\"rl-gallery-link\" data-rl_caption=\"\" data-rel=\"lightbox-gallery-1\"><img src=\"https:\/\/sbt.ug.edu.pl\/wp-content\/uploads\/2019\/08\/Kristianstad_P1220996-768x576.jpg\" width=\"640\" height=\"480\" alt=\"\" \/><\/a><\/div><div class=\"rl-gallery-item\"><a href=\"https:\/\/sbt.ug.edu.pl\/wp-content\/uploads\/2019\/08\/Norraasum_P1230069.jpg\" title=\"Historic church in Norra \u00c5sum; author: Jaros\u0142aw Ellwart \/ Wydawnictwo REGION \/ BHR\" data-rl_title=\"Historic church in Norra \u00c5sum; author: Jaros\u0142aw Ellwart \/ Wydawnictwo REGION \/ BHR\" class=\"rl-gallery-link\" data-rl_caption=\"\" data-rel=\"lightbox-gallery-1\"><img src=\"https:\/\/sbt.ug.edu.pl\/wp-content\/uploads\/2019\/08\/Norraasum_P1230069-768x576.jpg\" width=\"640\" height=\"480\" alt=\"\" \/><\/a><\/div><div class=\"rl-gallery-item\"><a href=\"https:\/\/sbt.ug.edu.pl\/wp-content\/uploads\/2019\/08\/Norraasum_P1230071.jpg\" title=\"Cemetery at the church in Norra \u00c5sum; author: Jaros\u0142aw Ellwart \/ Wydawnictwo REGION \/ BHR\" data-rl_title=\"Cemetery at the church in Norra \u00c5sum; author: Jaros\u0142aw Ellwart \/ Wydawnictwo REGION \/ BHR\" class=\"rl-gallery-link\" data-rl_caption=\"\" data-rel=\"lightbox-gallery-1\"><img src=\"https:\/\/sbt.ug.edu.pl\/wp-content\/uploads\/2019\/08\/Norraasum_P1230071-768x576.jpg\" width=\"640\" height=\"480\" alt=\"\" \/><\/a><\/div><div class=\"rl-gallery-item\"><a href=\"https:\/\/sbt.ug.edu.pl\/wp-content\/uploads\/2019\/08\/Norraasum_P1230075.jpg\" title=\"Architectural detail of Norra \u00c5sum church;author: Jaros\u0142aw Ellwart \/ Wydawnictwo REGION \/ BHR\" data-rl_title=\"Architectural detail of Norra \u00c5sum church;author: Jaros\u0142aw Ellwart \/ Wydawnictwo REGION \/ BHR\" class=\"rl-gallery-link\" data-rl_caption=\"\" data-rel=\"lightbox-gallery-1\"><img src=\"https:\/\/sbt.ug.edu.pl\/wp-content\/uploads\/2019\/08\/Norraasum_P1230075-768x1024.jpg\" width=\"640\" height=\"853\" alt=\"\" \/><\/a><\/div><div class=\"rl-gallery-item\"><a href=\"https:\/\/sbt.ug.edu.pl\/wp-content\/uploads\/2019\/08\/S\u00f6lvesborg_P1220905.jpg\" title=\"Runic stone; author: Jaros\u0142aw Ellwart \/ Wydawnictwo REGION \/ BHR\" data-rl_title=\"Runic stone; author: Jaros\u0142aw Ellwart \/ Wydawnictwo REGION \/ BHR\" class=\"rl-gallery-link\" data-rl_caption=\"\" data-rel=\"lightbox-gallery-1\"><img src=\"https:\/\/sbt.ug.edu.pl\/wp-content\/uploads\/2019\/08\/S\u00f6lvesborg_P1220905-768x1024.jpg\" width=\"640\" height=\"853\" alt=\"\" \/><\/a><\/div><div class=\"rl-gallery-item\"><a href=\"https:\/\/sbt.ug.edu.pl\/wp-content\/uploads\/2019\/08\/S\u00f6lvesborg_P1220934.jpg\" title=\"Interior of the S\u00f6lvesborg Church; author: Jaros\u0142aw Ellwart \/ Wydawnictwo REGION \/ BHR\" data-rl_title=\"Interior of the S\u00f6lvesborg Church; author: Jaros\u0142aw Ellwart \/ Wydawnictwo REGION \/ BHR\" class=\"rl-gallery-link\" data-rl_caption=\"\" data-rel=\"lightbox-gallery-1\"><img src=\"https:\/\/sbt.ug.edu.pl\/wp-content\/uploads\/2019\/08\/S\u00f6lvesborg_P1220934-768x1024.jpg\" width=\"640\" height=\"853\" alt=\"\" \/><\/a><\/div><div class=\"rl-gallery-item\"><a href=\"https:\/\/sbt.ug.edu.pl\/wp-content\/uploads\/2019\/08\/S\u00f6lvesborg_P1220973.jpg\" title=\"S\u00f6lvesborg Church; author: Jaros\u0142aw Ellwart \/ Wydawnictwo REGION \/ BHR\" data-rl_title=\"S\u00f6lvesborg Church; author: Jaros\u0142aw Ellwart \/ Wydawnictwo REGION \/ BHR\" class=\"rl-gallery-link\" data-rl_caption=\"\" data-rel=\"lightbox-gallery-1\"><img src=\"https:\/\/sbt.ug.edu.pl\/wp-content\/uploads\/2019\/08\/S\u00f6lvesborg_P1220973-768x576.jpg\" width=\"640\" height=\"480\" alt=\"\" \/><\/a><\/div> <\/div> <\/div><\/code><\/p>","protected":false},"excerpt":{"rendered":"<p>Atsipra\u0161ome, \u0161is puslapis galimas tik Jungtini\u0173 Valstij\u0173 Angl\u0173, Vokie\u010di\u0173 ir Lenk\u0173. For the sake of viewer convenience, the content is shown below in this site default language. You may click one of the links to switch the site language to another available language. LOCATION Blekinge and eastern Scania is the south-eastern part of Sweden, located [&hellip;]<\/p>\n","protected":false},"author":3,"featured_media":0,"parent":482,"menu_order":0,"comment_status":"closed","ping_status":"closed","template":"","meta":[],"categories":[34,27,15],"tags":[],"_links":{"self":[{"href":"https:\/\/sbt.ug.edu.pl\/lt\/wp-json\/wp\/v2\/pages\/1681"}],"collection":[{"href":"https:\/\/sbt.ug.edu.pl\/lt\/wp-json\/wp\/v2\/pages"}],"about":[{"href":"https:\/\/sbt.ug.edu.pl\/lt\/wp-json\/wp\/v2\/types\/page"}],"author":[{"embeddable":true,"href":"https:\/\/sbt.ug.edu.pl\/lt\/wp-json\/wp\/v2\/users\/3"}],"replies":[{"embeddable":true,"href":"https:\/\/sbt.ug.edu.pl\/lt\/wp-json\/wp\/v2\/comments?post=1681"}],"version-history":[{"count":8,"href":"https:\/\/sbt.ug.edu.pl\/lt\/wp-json\/wp\/v2\/pages\/1681\/revisions"}],"predecessor-version":[{"id":5268,"href":"https:\/\/sbt.ug.edu.pl\/lt\/wp-json\/wp\/v2\/pages\/1681\/revisions\/5268"}],"up":[{"embeddable":true,"href":"https:\/\/sbt.ug.edu.pl\/lt\/wp-json\/wp\/v2\/pages\/482"}],"wp:attachment":[{"href":"https:\/\/sbt.ug.edu.pl\/lt\/wp-json\/wp\/v2\/media?parent=1681"}],"wp:term":[{"taxonomy":"category","embeddable":true,"href":"https:\/\/sbt.ug.edu.pl\/lt\/wp-json\/wp\/v2\/categories?post=1681"},{"taxonomy":"post_tag","embeddable":true,"href":"https:\/\/sbt.ug.edu.pl\/lt\/wp-json\/wp\/v2\/tags?post=1681"}],"curies":[{"name":"wp","href":"https:\/\/api.w.org\/{rel}","templated":true}]}}