{"id":1701,"date":"2019-07-10T11:30:45","date_gmt":"2019-07-10T09:30:45","guid":{"rendered":"https:\/\/southbaltic-tourist.eu\/?page_id=1701"},"modified":"2020-02-21T00:31:02","modified_gmt":"2020-02-21T00:31:02","slug":"5-port-of-klaipeda-dutchmans-cap","status":"publish","type":"page","link":"https:\/\/sbt.ug.edu.pl\/lt\/routes\/south-baltic-scenic-coastal-road\/5-port-of-klaipeda-dutchmans-cap\/","title":{"rendered":"(English) 5. PORT OF KLAIP\u0116DA \u2013 DUTCHMAN\u2019S CAP"},"content":{"rendered":"<p class=\"qtranxs-available-languages-message qtranxs-available-languages-message-lt\">Atsipra\u0161ome, \u0161is puslapis galimas tik <a href=\"https:\/\/sbt.ug.edu.pl\/en\/wp-json\/wp\/v2\/pages\/1701\" class=\"qtranxs-available-language-link qtranxs-available-language-link-en\" title=\"English\">Jungtini\u0173 Valstij\u0173 Angl\u0173<\/a>, <a href=\"https:\/\/sbt.ug.edu.pl\/de\/wp-json\/wp\/v2\/pages\/1701\" class=\"qtranxs-available-language-link qtranxs-available-language-link-de\" title=\"Deutsch\">Vokie\u010di\u0173<\/a> ir <a href=\"https:\/\/sbt.ug.edu.pl\/pl\/wp-json\/wp\/v2\/pages\/1701\" class=\"qtranxs-available-language-link qtranxs-available-language-link-pl\" title=\"Polski\">Lenk\u0173<\/a>. For the sake of viewer convenience, the content is shown below in this site default language. You may click one of the links to switch the site language to another available language.<\/p><p><\/p>\n<p style=\"text-align: justify;\"><span style=\"font-size: medium;\"><b>LOCATION<\/b><\/span><\/p>\n<p style=\"text-align: justify;\"><span style=\"font-size: medium;\">Klaipeda is the third largest city in Lithuania, in the Curonian Lagoon and in the Baltic Sea. The main transport links with Klaipeda are railway station, bus station, and seaport.<\/span><\/p>\n<p style=\"text-align: justify;\"><img decoding=\"async\" loading=\"lazy\" class=\"alignleft wp-image-1702\" src=\"https:\/\/southbaltic-tourist.eu\/wp-content\/uploads\/2019\/07\/5-1.jpg\" alt=\"\" width=\"675\" height=\"400\" srcset=\"https:\/\/sbt.ug.edu.pl\/wp-content\/uploads\/2019\/07\/5-1.jpg 967w, https:\/\/sbt.ug.edu.pl\/wp-content\/uploads\/2019\/07\/5-1-300x178.jpg 300w, https:\/\/sbt.ug.edu.pl\/wp-content\/uploads\/2019\/07\/5-1-768x455.jpg 768w, https:\/\/sbt.ug.edu.pl\/wp-content\/uploads\/2019\/07\/5-1-150x89.jpg 150w\" sizes=\"(max-width: 675px) 100vw, 675px\" \/><\/p>\n<p style=\"text-align: justify;\"><a href=\"https:\/\/southbaltic-tourist.eu\/wp-content\/uploads\/2020\/02\/R5.05-PORT-OF-KLAIP\u0116DA-\u2013-DUTCHMAN\u2019S-CAP.png\" data-rel=\"lightbox-gallery-5VabBsXy\" data-rl_title=\"\" data-rl_caption=\"\" title=\"\"><img decoding=\"async\" loading=\"lazy\" class=\"alignnone wp-image-5365\" src=\"https:\/\/southbaltic-tourist.eu\/wp-content\/uploads\/2020\/02\/R5.05-PORT-OF-KLAIP\u0116DA-\u2013-DUTCHMAN\u2019S-CAP-300x256.png\" alt=\"\" width=\"469\" height=\"400\" srcset=\"https:\/\/sbt.ug.edu.pl\/wp-content\/uploads\/2020\/02\/R5.05-PORT-OF-KLAIP\u0116DA-\u2013-DUTCHMAN\u2019S-CAP-300x256.png 300w, https:\/\/sbt.ug.edu.pl\/wp-content\/uploads\/2020\/02\/R5.05-PORT-OF-KLAIP\u0116DA-\u2013-DUTCHMAN\u2019S-CAP-1024x874.png 1024w, https:\/\/sbt.ug.edu.pl\/wp-content\/uploads\/2020\/02\/R5.05-PORT-OF-KLAIP\u0116DA-\u2013-DUTCHMAN\u2019S-CAP-768x655.png 768w, https:\/\/sbt.ug.edu.pl\/wp-content\/uploads\/2020\/02\/R5.05-PORT-OF-KLAIP\u0116DA-\u2013-DUTCHMAN\u2019S-CAP-1536x1310.png 1536w, https:\/\/sbt.ug.edu.pl\/wp-content\/uploads\/2020\/02\/R5.05-PORT-OF-KLAIP\u0116DA-\u2013-DUTCHMAN\u2019S-CAP-150x128.png 150w, https:\/\/sbt.ug.edu.pl\/wp-content\/uploads\/2020\/02\/R5.05-PORT-OF-KLAIP\u0116DA-\u2013-DUTCHMAN\u2019S-CAP.png 1600w\" sizes=\"(max-width: 469px) 100vw, 469px\" \/><\/a><\/p>\n<p><a href=\"https:\/\/www.google.pl\/maps\/place\/Dutchman's+Cap\/@55.3947018,20.7072291,9z\/data=!4m5!3m4!1s0x46e4d7f602aefa83:0x82fb95b8081d048c!8m2!3d55.7979628!4d21.0671387\" target=\"_blank\" rel=\"noopener noreferrer\">View on Google Maps<\/a><\/p>\n<p style=\"text-align: justify;\"><span style=\"font-size: medium;\"><b>SCENIC CHARACTER <\/b><\/span><\/p>\n<p style=\"text-align: justify;\"><span style=\"font-size: medium;\">Klaip\u0117da, often called as the country\u2019s sea gates, is the third biggest and oldest city in Lithuania, founded in year 1252 and had the name \u201eMemelburg\u201c at first. The city is amazing of unique architecture of fachverk contruction buildings, romantic ambience of the old town, which is decorated <\/span><span style=\"font-size: medium;\">by many sculptures around. The city enchants and inspires everyone for the scenic views of the Sea coast and harbor area. Klaip\u0117da is very attractive, welcoming and live place in summer when International Castle Jazz Festival, Sea Festival and other events take place at popular gathering place Theater Square, the heart of Klaip\u0117da city.<\/span><\/p>\n<p style=\"text-align: justify;\"><span style=\"font-size: medium;\"><b>ATTRACTIONS<\/b><\/span><\/p>\n<p style=\"text-align: justify;\"><span style=\"font-size: medium;\">Walk in the old town, where many cozy cafes, restaurants, local shops can be founded, as <\/span><span style=\"font-size: medium;\">well as get inspired by many interesting and creative sculptures which meet you in every corner. Visit the unique Marine Museum, located on the northernmost point of the Curonian Spit \u2013 Kopgaliai. <\/span><span style=\"font-size: medium;\">Trip to the sea. Stop at Coastal Regional Park and visit the Dutchman&#8217;s Cap (24.4 m high cliff) formed by moving glaciers 12-15 thousand years ago. This is also most visited object in region due to its unique view of nature: steep cliffs and rocky beaches <\/span><span style=\"font-size: medium;\">which is perfect place for birdwatching. Also have a walk in the park which was constructed in XIX century with many decorative trees. <\/span><\/p>\n<p><code><div class=\"rl-gallery-container rl-loading\" id=\"rl-gallery-container-1\" data-gallery_id=\"3037\"> <div class=\"rl-gallery rl-basicgrid-gallery \" id=\"rl-gallery-1\" data-gallery_no=\"1\"> <div class=\"rl-gallery-item\"><a href=\"https:\/\/sbt.ug.edu.pl\/wp-content\/uploads\/2019\/07\/27.jpg\" title=\"27. Theatre Square, Klaipeda; author: Greta Leleikaite\" data-rl_title=\"27. Theatre Square, Klaipeda; author: Greta Leleikaite\" class=\"rl-gallery-link\" data-rl_caption=\"\" data-rel=\"lightbox-gallery-1\"><img src=\"https:\/\/sbt.ug.edu.pl\/wp-content\/uploads\/2019\/07\/27-768x1382.jpg\" width=\"640\" height=\"1152\" alt=\"\" \/><\/a><\/div><div class=\"rl-gallery-item\"><a href=\"https:\/\/sbt.ug.edu.pl\/wp-content\/uploads\/2019\/07\/28.jpg\" title=\"28. Klaipeda; author: Greta Leleikaite\" data-rl_title=\"28. Klaipeda; author: Greta Leleikaite\" class=\"rl-gallery-link\" data-rl_caption=\"\" data-rel=\"lightbox-gallery-1\"><img src=\"https:\/\/sbt.ug.edu.pl\/wp-content\/uploads\/2019\/07\/28-768x433.jpg\" width=\"640\" height=\"361\" alt=\"\" \/><\/a><\/div><div class=\"rl-gallery-item\"><a href=\"https:\/\/sbt.ug.edu.pl\/wp-content\/uploads\/2019\/07\/29.jpg\" title=\"29. Dutchman&#039;s Cap; author: Egle Barciauskiene\/ BHR\" data-rl_title=\"29. Dutchman&#039;s Cap; author: Egle Barciauskiene\/ BHR\" class=\"rl-gallery-link\" data-rl_caption=\"\" data-rel=\"lightbox-gallery-1\"><img src=\"https:\/\/sbt.ug.edu.pl\/wp-content\/uploads\/2019\/07\/29-768x1024.jpg\" width=\"640\" height=\"853\" alt=\"\" \/><\/a><\/div><div class=\"rl-gallery-item\"><a href=\"https:\/\/sbt.ug.edu.pl\/wp-content\/uploads\/2019\/07\/30.jpg\" title=\"30. Dutchman&#039;s Cap; author: Egle Barciauskiene\/ BHR\" data-rl_title=\"30. Dutchman&#039;s Cap; author: Egle Barciauskiene\/ BHR\" class=\"rl-gallery-link\" data-rl_caption=\"\" data-rel=\"lightbox-gallery-1\"><img src=\"https:\/\/sbt.ug.edu.pl\/wp-content\/uploads\/2019\/07\/30-768x576.jpg\" width=\"640\" height=\"480\" alt=\"\" \/><\/a><\/div><div class=\"rl-gallery-item\"><a href=\"https:\/\/sbt.ug.edu.pl\/wp-content\/uploads\/2019\/07\/31.jpg\" title=\"31. Dutchman&#039;s Cap; author: Egle Barciauskiene\/ BHR\" data-rl_title=\"31. Dutchman&#039;s Cap; author: Egle Barciauskiene\/ BHR\" class=\"rl-gallery-link\" data-rl_caption=\"\" data-rel=\"lightbox-gallery-1\"><img src=\"https:\/\/sbt.ug.edu.pl\/wp-content\/uploads\/2019\/07\/31-768x576.jpg\" width=\"640\" height=\"480\" alt=\"\" \/><\/a><\/div><div class=\"rl-gallery-item\"><a href=\"https:\/\/sbt.ug.edu.pl\/wp-content\/uploads\/2019\/07\/32.jpg\" title=\"32. Kopgalis; wikimedia commons\" data-rl_title=\"32. Kopgalis; wikimedia commons\" class=\"rl-gallery-link\" data-rl_caption=\"\" data-rel=\"lightbox-gallery-1\"><img src=\"https:\/\/sbt.ug.edu.pl\/wp-content\/uploads\/2019\/07\/32-768x515.jpg\" width=\"640\" height=\"429\" alt=\"\" \/><\/a><\/div><div class=\"rl-gallery-item\"><a href=\"https:\/\/sbt.ug.edu.pl\/wp-content\/uploads\/2019\/07\/33.jpg\" title=\"33. Curonian Spit; wikimedia commons\" data-rl_title=\"33. Curonian Spit; wikimedia commons\" class=\"rl-gallery-link\" data-rl_caption=\"\" data-rel=\"lightbox-gallery-1\"><img src=\"https:\/\/sbt.ug.edu.pl\/wp-content\/uploads\/2019\/07\/33-768x480.jpg\" width=\"640\" height=\"400\" alt=\"\" \/><\/a><\/div><div class=\"rl-gallery-item\"><a href=\"https:\/\/sbt.ug.edu.pl\/wp-content\/uploads\/2019\/07\/34.jpg\" title=\"34. Juodkrante dunes, Curonian Spit; wikimedia commons\" data-rl_title=\"34. Juodkrante dunes, Curonian Spit; wikimedia commons\" class=\"rl-gallery-link\" data-rl_caption=\"\" data-rel=\"lightbox-gallery-1\"><img src=\"https:\/\/sbt.ug.edu.pl\/wp-content\/uploads\/2019\/07\/34-768x512.jpg\" width=\"640\" height=\"427\" alt=\"\" \/><\/a><\/div><div class=\"rl-gallery-item\"><a href=\"https:\/\/sbt.ug.edu.pl\/wp-content\/uploads\/2019\/07\/35.jpg\" title=\"35. Curonian Spit; wikimedia commons\" data-rl_title=\"35. Curonian Spit; wikimedia commons\" class=\"rl-gallery-link\" data-rl_caption=\"\" data-rel=\"lightbox-gallery-1\"><img src=\"https:\/\/sbt.ug.edu.pl\/wp-content\/uploads\/2019\/07\/35-768x576.jpg\" width=\"640\" height=\"480\" alt=\"\" \/><\/a><\/div><div class=\"rl-gallery-item\"><a href=\"https:\/\/sbt.ug.edu.pl\/wp-content\/uploads\/2019\/07\/36.jpg\" title=\"36. Cycling path in Pervalka; R5\" data-rl_title=\"36. Cycling path in Pervalka; R5\" class=\"rl-gallery-link\" data-rl_caption=\"\" data-rel=\"lightbox-gallery-1\"><img src=\"https:\/\/sbt.ug.edu.pl\/wp-content\/uploads\/2019\/07\/36-768x576.jpg\" width=\"640\" height=\"480\" alt=\"\" \/><\/a><\/div><div class=\"rl-gallery-item\"><a href=\"https:\/\/sbt.ug.edu.pl\/wp-content\/uploads\/2019\/07\/37.jpg\" title=\"37. Nida, Curonian Spit; wikimedia commons\" data-rl_title=\"37. Nida, Curonian Spit; wikimedia commons\" class=\"rl-gallery-link\" data-rl_caption=\"\" data-rel=\"lightbox-gallery-1\"><img src=\"https:\/\/sbt.ug.edu.pl\/wp-content\/uploads\/2019\/07\/37-768x576.jpg\" width=\"640\" height=\"480\" alt=\"\" \/><\/a><\/div><div class=\"rl-gallery-item\"><a href=\"https:\/\/sbt.ug.edu.pl\/wp-content\/uploads\/2019\/07\/38.jpg\" title=\"38. Beach in Pervalka, Curonian Spit; wikimedia commons\" data-rl_title=\"38. Beach in Pervalka, Curonian Spit; wikimedia commons\" class=\"rl-gallery-link\" data-rl_caption=\"\" data-rel=\"lightbox-gallery-1\"><img src=\"https:\/\/sbt.ug.edu.pl\/wp-content\/uploads\/2019\/07\/38-768x576.jpg\" width=\"640\" height=\"480\" alt=\"\" \/><\/a><\/div><div class=\"rl-gallery-item\"><a href=\"https:\/\/sbt.ug.edu.pl\/wp-content\/uploads\/2019\/07\/39.jpg\" title=\"39. Parnidis Dune, Curonian Spit; wikimedia commons\" data-rl_title=\"39. Parnidis Dune, Curonian Spit; wikimedia commons\" class=\"rl-gallery-link\" data-rl_caption=\"\" data-rel=\"lightbox-gallery-1\"><img src=\"https:\/\/sbt.ug.edu.pl\/wp-content\/uploads\/2019\/07\/39-768x544.jpg\" width=\"640\" height=\"453\" alt=\"\" \/><\/a><\/div> <\/div> <\/div><\/code><\/p>\n<p style=\"text-align: justify;\"><span style=\"font-size: medium;\">\u00a0<\/span><\/p>\n<p style=\"text-align: justify;\"><span style=\"font-size: medium;\">\u00a0<\/span><\/p>\n<p><\/p>","protected":false},"excerpt":{"rendered":"<p>Atsipra\u0161ome, \u0161is puslapis galimas tik Jungtini\u0173 Valstij\u0173 Angl\u0173, Vokie\u010di\u0173 ir Lenk\u0173. For the sake of viewer convenience, the content is shown below in this site default language. You may click one of the links to switch the site language to another available language. LOCATION Klaipeda is the third largest city in Lithuania, in the Curonian [&hellip;]<\/p>\n","protected":false},"author":3,"featured_media":0,"parent":484,"menu_order":0,"comment_status":"closed","ping_status":"closed","template":"","meta":[],"categories":[34,15,28],"tags":[],"_links":{"self":[{"href":"https:\/\/sbt.ug.edu.pl\/lt\/wp-json\/wp\/v2\/pages\/1701"}],"collection":[{"href":"https:\/\/sbt.ug.edu.pl\/lt\/wp-json\/wp\/v2\/pages"}],"about":[{"href":"https:\/\/sbt.ug.edu.pl\/lt\/wp-json\/wp\/v2\/types\/page"}],"author":[{"embeddable":true,"href":"https:\/\/sbt.ug.edu.pl\/lt\/wp-json\/wp\/v2\/users\/3"}],"replies":[{"embeddable":true,"href":"https:\/\/sbt.ug.edu.pl\/lt\/wp-json\/wp\/v2\/comments?post=1701"}],"version-history":[{"count":6,"href":"https:\/\/sbt.ug.edu.pl\/lt\/wp-json\/wp\/v2\/pages\/1701\/revisions"}],"predecessor-version":[{"id":5367,"href":"https:\/\/sbt.ug.edu.pl\/lt\/wp-json\/wp\/v2\/pages\/1701\/revisions\/5367"}],"up":[{"embeddable":true,"href":"https:\/\/sbt.ug.edu.pl\/lt\/wp-json\/wp\/v2\/pages\/484"}],"wp:attachment":[{"href":"https:\/\/sbt.ug.edu.pl\/lt\/wp-json\/wp\/v2\/media?parent=1701"}],"wp:term":[{"taxonomy":"category","embeddable":true,"href":"https:\/\/sbt.ug.edu.pl\/lt\/wp-json\/wp\/v2\/categories?post=1701"},{"taxonomy":"post_tag","embeddable":true,"href":"https:\/\/sbt.ug.edu.pl\/lt\/wp-json\/wp\/v2\/tags?post=1701"}],"curies":[{"name":"wp","href":"https:\/\/api.w.org\/{rel}","templated":true}]}}