{"id":1705,"date":"2019-07-10T11:32:37","date_gmt":"2019-07-10T09:32:37","guid":{"rendered":"https:\/\/southbaltic-tourist.eu\/?page_id=1705"},"modified":"2020-02-21T00:37:17","modified_gmt":"2020-02-21T00:37:17","slug":"6-curonian-spit","status":"publish","type":"page","link":"https:\/\/sbt.ug.edu.pl\/lt\/routes\/south-baltic-scenic-coastal-road\/6-curonian-spit\/","title":{"rendered":"(English) 6. CURONIAN SPIT"},"content":{"rendered":"<p class=\"qtranxs-available-languages-message qtranxs-available-languages-message-lt\">Atsipra\u0161ome, \u0161is puslapis galimas tik <a href=\"https:\/\/sbt.ug.edu.pl\/en\/wp-json\/wp\/v2\/pages\/1705\" class=\"qtranxs-available-language-link qtranxs-available-language-link-en\" title=\"English\">Jungtini\u0173 Valstij\u0173 Angl\u0173<\/a>, <a href=\"https:\/\/sbt.ug.edu.pl\/de\/wp-json\/wp\/v2\/pages\/1705\" class=\"qtranxs-available-language-link qtranxs-available-language-link-de\" title=\"Deutsch\">Vokie\u010di\u0173<\/a> ir <a href=\"https:\/\/sbt.ug.edu.pl\/pl\/wp-json\/wp\/v2\/pages\/1705\" class=\"qtranxs-available-language-link qtranxs-available-language-link-pl\" title=\"Polski\">Lenk\u0173<\/a>. For the sake of viewer convenience, the content is shown below in this site default language. You may click one of the links to switch the site language to another available language.<\/p><p><\/p>\n<p style=\"text-align: justify;\"><span style=\"font-size: medium;\"><b>LOCATION<\/b><\/span><\/p>\n<p style=\"text-align: justify;\"><span style=\"font-size: medium;\">Curonian Spit is a peninsula with sand dunes, of 98 km separating the Curonian Lagoon from the Baltic Sea. Along the Nerija, the only peninsular road 167 Smiltyne-Nida is built.<\/span><\/p>\n<p style=\"text-align: justify;\"><img decoding=\"async\" loading=\"lazy\" class=\"alignleft wp-image-1706\" src=\"https:\/\/southbaltic-tourist.eu\/wp-content\/uploads\/2019\/07\/6-1.jpg\" alt=\"\" width=\"640\" height=\"400\" srcset=\"https:\/\/sbt.ug.edu.pl\/wp-content\/uploads\/2019\/07\/6-1.jpg 1024w, https:\/\/sbt.ug.edu.pl\/wp-content\/uploads\/2019\/07\/6-1-300x188.jpg 300w, https:\/\/sbt.ug.edu.pl\/wp-content\/uploads\/2019\/07\/6-1-768x480.jpg 768w, https:\/\/sbt.ug.edu.pl\/wp-content\/uploads\/2019\/07\/6-1-150x94.jpg 150w\" sizes=\"(max-width: 640px) 100vw, 640px\" \/><\/p>\n<p style=\"text-align: justify;\"><a href=\"https:\/\/southbaltic-tourist.eu\/wp-content\/uploads\/2020\/02\/R5.06-Curonian-Spit.png\" data-rel=\"lightbox-gallery-bEWi6nqj\" data-rl_title=\"\" data-rl_caption=\"\" title=\"\"><img decoding=\"async\" loading=\"lazy\" class=\"alignnone wp-image-5368\" src=\"https:\/\/southbaltic-tourist.eu\/wp-content\/uploads\/2020\/02\/R5.06-Curonian-Spit-300x256.png\" alt=\"\" width=\"469\" height=\"400\" srcset=\"https:\/\/sbt.ug.edu.pl\/wp-content\/uploads\/2020\/02\/R5.06-Curonian-Spit-300x256.png 300w, https:\/\/sbt.ug.edu.pl\/wp-content\/uploads\/2020\/02\/R5.06-Curonian-Spit-1024x874.png 1024w, https:\/\/sbt.ug.edu.pl\/wp-content\/uploads\/2020\/02\/R5.06-Curonian-Spit-768x655.png 768w, https:\/\/sbt.ug.edu.pl\/wp-content\/uploads\/2020\/02\/R5.06-Curonian-Spit-1536x1310.png 1536w, https:\/\/sbt.ug.edu.pl\/wp-content\/uploads\/2020\/02\/R5.06-Curonian-Spit-150x128.png 150w, https:\/\/sbt.ug.edu.pl\/wp-content\/uploads\/2020\/02\/R5.06-Curonian-Spit.png 1600w\" sizes=\"(max-width: 469px) 100vw, 469px\" \/><\/a><\/p>\n<p><a href=\"https:\/\/www.google.pl\/maps\/place\/Juodkrant%C4%97,+Litwa\/@55.5391151,20.9790077,11z\/data=!4m5!3m4!1s0x46e4c18a713993b7:0x75cc645b230d556a!8m2!3d55.5429449!4d21.1206609\" target=\"_blank\" rel=\"noopener noreferrer\">View on Google Maps<\/a><\/p>\n<p style=\"text-align: justify;\"><span style=\"font-size: medium;\"><b>SCENIC CHARACTER <\/b><\/span><\/p>\n<p style=\"text-align: justify;\"><span style=\"font-size: medium;\">Curonian Spit is UNESCO World heritage site, a real miracle which was created by nature winds, sand and human hands for the reason to fight against the unbearable wind and trying to hold back its sand. Often called as \u201eThe pearl of the Baltic Sea\u201d, Curonian Spit is a magical place with beautiful dunes and forests, magnificient views and landscapes, perfect for unique experience of the coast in Lithuania. Visit the towns of Juodkrant\u0117, Pervalka, Preila, Nida, and indulge yourself in many activities in the nature. The Curonian Lagoon and the Baltic Sea provide excellent conditions for sailing in the territory of the Curonian Spit National Park. There are yachting clubs in Smiltyn\u0117 and Nida, which accept different sizes of yachts, you can rent a sailboat, or a yacht with a crew. <\/span><\/p>\n<p style=\"text-align: justify;\"><span style=\"font-size: medium;\"><b>ATTRACTIONS<\/b><\/span><\/p>\n<p style=\"text-align: justify;\">\u2022<span style=\"font-size: medium;\"> Nida, a well-known for fisher\u2019s ethnographic farmstead of XIX-XX century introduces visitors to Nerija fishers mode of life. <\/span><\/p>\n<p style=\"text-align: justify;\">\u2022<span style=\"font-size: medium;\"> Juodkrant\u0117 is famous for its the hill of Witches exposition of more than 80 wooden sculpture in Juodkrant\u0117 \u2013 a special place where you might feel strong creative powers and imagination. <\/span><\/p>\n<p style=\"text-align: justify;\">\u2022<span style=\"font-size: medium;\"> Take part in education trail in Nagliai nature reserve near Pervalka, famous for the Dead dune which continues 9 kilometers from Juodkrant\u0117 till Pervalka. There you can see selfish origin nature, in sand covered old villages, hundred years old forests, amazing hollows formed by strong winds. <\/span><\/p>\n<p style=\"text-align: justify;\">\u2022<span style=\"font-size: medium;\"> Parnidis dune has a viewpoint from where you can see a breathtaking view of Curonian Lagoon and the best horizont of The Baltic Sea. On the top of the dune there is a viewing area with sun clock.<\/span><\/p>\n<p style=\"text-align: justify;\">\u2022<span style=\"font-size: medium;\"> Take part in canoe trip \u201cGrob\u0161tas\u201d which is a fascinating trip to explore unique nature of the Curonian Spit. Departing from Nida, stopping by Parnidis dune and arriving to the Grob\u0161tas bay.<\/span><\/p>\n<p><code><div class=\"rl-gallery-container rl-loading\" id=\"rl-gallery-container-1\" data-gallery_id=\"3039\"> <div class=\"rl-gallery rl-basicgrid-gallery \" id=\"rl-gallery-1\" data-gallery_no=\"1\"> <div class=\"rl-gallery-item\"><a href=\"https:\/\/sbt.ug.edu.pl\/wp-content\/uploads\/2019\/07\/40.jpg\" title=\"40. Basanavicius street; wikimedia commons\" data-rl_title=\"40. Basanavicius street; wikimedia commons\" class=\"rl-gallery-link\" data-rl_caption=\"\" data-rel=\"lightbox-gallery-1\"><img src=\"https:\/\/sbt.ug.edu.pl\/wp-content\/uploads\/2019\/07\/40-768x576.jpg\" width=\"640\" height=\"480\" alt=\"\" \/><\/a><\/div><div class=\"rl-gallery-item\"><a href=\"https:\/\/sbt.ug.edu.pl\/wp-content\/uploads\/2019\/07\/41.jpg\" title=\"41. Palanga beach; author: Egle Barciauskiene; BHR\" data-rl_title=\"41. Palanga beach; author: Egle Barciauskiene; BHR\" class=\"rl-gallery-link\" data-rl_caption=\"\" data-rel=\"lightbox-gallery-1\"><img src=\"https:\/\/sbt.ug.edu.pl\/wp-content\/uploads\/2019\/07\/41-768x433.jpg\" width=\"640\" height=\"361\" alt=\"\" \/><\/a><\/div><div class=\"rl-gallery-item\"><a href=\"https:\/\/sbt.ug.edu.pl\/wp-content\/uploads\/2019\/07\/42.jpg\" title=\"42. Palanga dunes; author: Egle Barciauskiene; BHR\" data-rl_title=\"42. Palanga dunes; author: Egle Barciauskiene; BHR\" class=\"rl-gallery-link\" data-rl_caption=\"\" data-rel=\"lightbox-gallery-1\"><img src=\"https:\/\/sbt.ug.edu.pl\/wp-content\/uploads\/2019\/07\/42-768x433.jpg\" width=\"640\" height=\"361\" alt=\"\" \/><\/a><\/div><div class=\"rl-gallery-item\"><a href=\"https:\/\/sbt.ug.edu.pl\/wp-content\/uploads\/2019\/07\/43.jpg\" title=\"43. Palanga bridge; author: Egle Barciauskiene; BHR\" data-rl_title=\"43. Palanga bridge; author: Egle Barciauskiene; BHR\" class=\"rl-gallery-link\" data-rl_caption=\"\" data-rel=\"lightbox-gallery-1\"><img src=\"https:\/\/sbt.ug.edu.pl\/wp-content\/uploads\/2019\/07\/43-768x433.jpg\" width=\"640\" height=\"361\" alt=\"\" \/><\/a><\/div><div class=\"rl-gallery-item\"><a href=\"https:\/\/sbt.ug.edu.pl\/wp-content\/uploads\/2019\/07\/44.jpg\" title=\"44. Amber museum in Palanga; author: Egle Barciauskiene; BHR\" data-rl_title=\"44. Amber museum in Palanga; author: Egle Barciauskiene; BHR\" class=\"rl-gallery-link\" data-rl_caption=\"\" data-rel=\"lightbox-gallery-1\"><img src=\"https:\/\/sbt.ug.edu.pl\/wp-content\/uploads\/2019\/07\/44-768x433.jpg\" width=\"640\" height=\"361\" alt=\"\" \/><\/a><\/div><div class=\"rl-gallery-item\"><a href=\"https:\/\/sbt.ug.edu.pl\/wp-content\/uploads\/2019\/07\/45.jpg\" title=\"45. Botanical park in Palanga; author: Egle Barciauskiene; BHR\" data-rl_title=\"45. Botanical park in Palanga; author: Egle Barciauskiene; BHR\" class=\"rl-gallery-link\" data-rl_caption=\"\" data-rel=\"lightbox-gallery-1\"><img src=\"https:\/\/sbt.ug.edu.pl\/wp-content\/uploads\/2019\/07\/45-768x433.jpg\" width=\"640\" height=\"361\" alt=\"\" \/><\/a><\/div> <\/div> <\/div><\/code><\/p>","protected":false},"excerpt":{"rendered":"<p>Atsipra\u0161ome, \u0161is puslapis galimas tik Jungtini\u0173 Valstij\u0173 Angl\u0173, Vokie\u010di\u0173 ir Lenk\u0173. For the sake of viewer convenience, the content is shown below in this site default language. You may click one of the links to switch the site language to another available language. LOCATION Curonian Spit is a peninsula with sand dunes, of 98 km [&hellip;]<\/p>\n","protected":false},"author":3,"featured_media":0,"parent":484,"menu_order":0,"comment_status":"closed","ping_status":"closed","template":"","meta":[],"categories":[34,28,12],"tags":[],"_links":{"self":[{"href":"https:\/\/sbt.ug.edu.pl\/lt\/wp-json\/wp\/v2\/pages\/1705"}],"collection":[{"href":"https:\/\/sbt.ug.edu.pl\/lt\/wp-json\/wp\/v2\/pages"}],"about":[{"href":"https:\/\/sbt.ug.edu.pl\/lt\/wp-json\/wp\/v2\/types\/page"}],"author":[{"embeddable":true,"href":"https:\/\/sbt.ug.edu.pl\/lt\/wp-json\/wp\/v2\/users\/3"}],"replies":[{"embeddable":true,"href":"https:\/\/sbt.ug.edu.pl\/lt\/wp-json\/wp\/v2\/comments?post=1705"}],"version-history":[{"count":6,"href":"https:\/\/sbt.ug.edu.pl\/lt\/wp-json\/wp\/v2\/pages\/1705\/revisions"}],"predecessor-version":[{"id":5370,"href":"https:\/\/sbt.ug.edu.pl\/lt\/wp-json\/wp\/v2\/pages\/1705\/revisions\/5370"}],"up":[{"embeddable":true,"href":"https:\/\/sbt.ug.edu.pl\/lt\/wp-json\/wp\/v2\/pages\/484"}],"wp:attachment":[{"href":"https:\/\/sbt.ug.edu.pl\/lt\/wp-json\/wp\/v2\/media?parent=1705"}],"wp:term":[{"taxonomy":"category","embeddable":true,"href":"https:\/\/sbt.ug.edu.pl\/lt\/wp-json\/wp\/v2\/categories?post=1705"},{"taxonomy":"post_tag","embeddable":true,"href":"https:\/\/sbt.ug.edu.pl\/lt\/wp-json\/wp\/v2\/tags?post=1705"}],"curies":[{"name":"wp","href":"https:\/\/api.w.org\/{rel}","templated":true}]}}