{"id":1718,"date":"2019-07-10T11:44:05","date_gmt":"2019-07-10T09:44:05","guid":{"rendered":"https:\/\/southbaltic-tourist.eu\/?page_id=1718"},"modified":"2020-02-21T01:04:28","modified_gmt":"2020-02-21T01:04:28","slug":"9-telsiai-district","status":"publish","type":"page","link":"https:\/\/sbt.ug.edu.pl\/lt\/routes\/south-baltic-scenic-coastal-road\/9-telsiai-district\/","title":{"rendered":"(English) 9. TEL\u0160IAI DISTRICT"},"content":{"rendered":"<p class=\"qtranxs-available-languages-message qtranxs-available-languages-message-lt\">Atsipra\u0161ome, \u0161is puslapis galimas tik <a href=\"https:\/\/sbt.ug.edu.pl\/en\/wp-json\/wp\/v2\/pages\/1718\" class=\"qtranxs-available-language-link qtranxs-available-language-link-en\" title=\"English\">Jungtini\u0173 Valstij\u0173 Angl\u0173<\/a>, <a href=\"https:\/\/sbt.ug.edu.pl\/de\/wp-json\/wp\/v2\/pages\/1718\" class=\"qtranxs-available-language-link qtranxs-available-language-link-de\" title=\"Deutsch\">Vokie\u010di\u0173<\/a> ir <a href=\"https:\/\/sbt.ug.edu.pl\/pl\/wp-json\/wp\/v2\/pages\/1718\" class=\"qtranxs-available-language-link qtranxs-available-language-link-pl\" title=\"Polski\">Lenk\u0173<\/a>. For the sake of viewer convenience, the content is shown below in this site default language. You may click one of the links to switch the site language to another available language.<\/p><p><\/p>\n<p style=\"text-align: justify;\"><span style=\"font-size: medium;\"><b>LOCATION<\/b><\/span><\/p>\n<p style=\"text-align: justify;\"><span style=\"font-size: medium;\">Tel\u0161iai is situated in Samogitia region, on the shores of Lake Mastis. An important highway passing through Tel\u0161iai is the route A11 highway from \u0160iauliai to Palanga. Trains going on the routes Vilnius\u2013Klaip\u0117da and Radvili\u0161kis\u2013Klaip\u0117da pass through the Tel\u0161iai railway station. Tel\u0161iai can also be reached by bus from many Lithuanian cities and smaller towns in Tel\u0161iai county.<\/span><\/p>\n<p style=\"text-align: justify;\"><img decoding=\"async\" loading=\"lazy\" class=\"alignleft wp-image-1719\" src=\"https:\/\/southbaltic-tourist.eu\/wp-content\/uploads\/2019\/07\/9.png\" alt=\"\" width=\"623\" height=\"350\" srcset=\"https:\/\/sbt.ug.edu.pl\/wp-content\/uploads\/2019\/07\/9.png 559w, https:\/\/sbt.ug.edu.pl\/wp-content\/uploads\/2019\/07\/9-300x169.png 300w, https:\/\/sbt.ug.edu.pl\/wp-content\/uploads\/2019\/07\/9-150x84.png 150w\" sizes=\"(max-width: 623px) 100vw, 623px\" \/><\/p>\n<p style=\"text-align: justify;\"><a href=\"https:\/\/southbaltic-tourist.eu\/wp-content\/uploads\/2020\/02\/R5.09-Tel\u0161iai.png\" data-rel=\"lightbox-gallery-iGqQgEsI\" data-rl_title=\"\" data-rl_caption=\"\" title=\"\"><img decoding=\"async\" loading=\"lazy\" class=\"alignnone wp-image-5378\" src=\"https:\/\/southbaltic-tourist.eu\/wp-content\/uploads\/2020\/02\/R5.09-Tel\u0161iai-300x256.png\" alt=\"\" width=\"410\" height=\"350\" srcset=\"https:\/\/sbt.ug.edu.pl\/wp-content\/uploads\/2020\/02\/R5.09-Tel\u0161iai-300x256.png 300w, https:\/\/sbt.ug.edu.pl\/wp-content\/uploads\/2020\/02\/R5.09-Tel\u0161iai-1024x874.png 1024w, https:\/\/sbt.ug.edu.pl\/wp-content\/uploads\/2020\/02\/R5.09-Tel\u0161iai-768x655.png 768w, https:\/\/sbt.ug.edu.pl\/wp-content\/uploads\/2020\/02\/R5.09-Tel\u0161iai-1536x1310.png 1536w, https:\/\/sbt.ug.edu.pl\/wp-content\/uploads\/2020\/02\/R5.09-Tel\u0161iai-150x128.png 150w, https:\/\/sbt.ug.edu.pl\/wp-content\/uploads\/2020\/02\/R5.09-Tel\u0161iai.png 1600w\" sizes=\"(max-width: 410px) 100vw, 410px\" \/><\/a><\/p>\n<p><a href=\"https:\/\/www.google.pl\/maps\/place\/Okr%C4%99g+telsza%C5%84ski,+Litwa\/@56.0142445,21.564691,9z\/data=!3m1!4b1!4m5!3m4!1s0x46e5752edb916213:0x300d18c70e9d890!8m2!3d56.1026616!4d22.1113916\" target=\"_blank\" rel=\"noopener noreferrer\">View on Google Maps<\/a><\/p>\n<p style=\"text-align: justify;\"><span style=\"font-size: medium;\"><b>SCENIC CHARACTER <\/b><\/span><\/p>\n<p style=\"text-align: justify;\"><span style=\"font-size: medium;\">Tel\u0161iai, the capital of Samogitian region, is one of the oldest cities in Lithuania, dating earlier than the 14th century and built on seven hills. <\/span> <span style=\"font-size: medium;\">The town is recognized as a monument of urban development, a heritage site whose old part has a special historical and cultural significance. Tel\u0161iai can be described as a very charming town with fantastic landscape on the shore of Lake Mastis where everyone gathers for nice promenades on the coastline, or joins in water sports. The town has iconic landmark and symbol &#8211; the bear, so visitors soon get familiar with a lot of sculptures decorating the city in every corner. Tel\u0161iai district has many beautiful places to visit such as \u0160atrija Hill (227km high), a nature preserve, where you can see Samogitia like on the palm, and \u201cAngels Mill\u201d \u2013 a unique farmstead on river bank surrounded by dense forest, huge pond and offering various relaxing entertainments. Bir\u017euv\u0117nai royal mansion with beautiful location offers educational activities and the park in Degai\u010diai which is popular among bicycle tours. <\/span><\/p>\n<p style=\"text-align: justify;\"><span style=\"font-size: medium;\"><b>ATTRACTIONS<\/b><\/span><\/p>\n<p style=\"text-align: justify;\"><span style=\"font-size: medium;\">Visit the Open-Air Museum of Rural Life of Samogitia, explore the coastline of the lake Mastis &#8211; take a swim in the raft for enjoying afternoon sunset with a little picnic. On the hill in D\u017eiugas caf\u00e9 house visitors can participate in workshop of the best Lithuanian hard cheese degustation. Take a cycling tour in Degai\u010diai park, one of the State parks which exhibit the heaviest bicycle in the world and listed in the Guinness Book of Records. Then visitors can take part in Bir\u017euv\u0117nai education activity ,,Treasure hunt&#8221;, climb the \u0160atrija Hill, and stay in \u201cAngels Mill\u201d farmstead for kayaking activity or spa relaxation.<\/span><\/p>\n<p>&nbsp;<\/p>","protected":false},"excerpt":{"rendered":"<p>Atsipra\u0161ome, \u0161is puslapis galimas tik Jungtini\u0173 Valstij\u0173 Angl\u0173, Vokie\u010di\u0173 ir Lenk\u0173. For the sake of viewer convenience, the content is shown below in this site default language. You may click one of the links to switch the site language to another available language. LOCATION Tel\u0161iai is situated in Samogitia region, on the shores of Lake [&hellip;]<\/p>\n","protected":false},"author":3,"featured_media":0,"parent":484,"menu_order":0,"comment_status":"closed","ping_status":"closed","template":"","meta":[],"categories":[34,15,28],"tags":[],"_links":{"self":[{"href":"https:\/\/sbt.ug.edu.pl\/lt\/wp-json\/wp\/v2\/pages\/1718"}],"collection":[{"href":"https:\/\/sbt.ug.edu.pl\/lt\/wp-json\/wp\/v2\/pages"}],"about":[{"href":"https:\/\/sbt.ug.edu.pl\/lt\/wp-json\/wp\/v2\/types\/page"}],"author":[{"embeddable":true,"href":"https:\/\/sbt.ug.edu.pl\/lt\/wp-json\/wp\/v2\/users\/3"}],"replies":[{"embeddable":true,"href":"https:\/\/sbt.ug.edu.pl\/lt\/wp-json\/wp\/v2\/comments?post=1718"}],"version-history":[{"count":6,"href":"https:\/\/sbt.ug.edu.pl\/lt\/wp-json\/wp\/v2\/pages\/1718\/revisions"}],"predecessor-version":[{"id":5380,"href":"https:\/\/sbt.ug.edu.pl\/lt\/wp-json\/wp\/v2\/pages\/1718\/revisions\/5380"}],"up":[{"embeddable":true,"href":"https:\/\/sbt.ug.edu.pl\/lt\/wp-json\/wp\/v2\/pages\/484"}],"wp:attachment":[{"href":"https:\/\/sbt.ug.edu.pl\/lt\/wp-json\/wp\/v2\/media?parent=1718"}],"wp:term":[{"taxonomy":"category","embeddable":true,"href":"https:\/\/sbt.ug.edu.pl\/lt\/wp-json\/wp\/v2\/categories?post=1718"},{"taxonomy":"post_tag","embeddable":true,"href":"https:\/\/sbt.ug.edu.pl\/lt\/wp-json\/wp\/v2\/tags?post=1718"}],"curies":[{"name":"wp","href":"https:\/\/api.w.org\/{rel}","templated":true}]}}