{"id":174,"date":"2018-11-02T23:21:20","date_gmt":"2018-11-02T22:21:20","guid":{"rendered":"http:\/\/southbaltic-tourist.eu\/?page_id=174"},"modified":"2021-05-31T18:12:33","modified_gmt":"2021-05-31T17:12:33","slug":"windsurfing-exploration","status":"publish","type":"page","link":"https:\/\/sbt.ug.edu.pl\/lt\/routes\/windsurfing-exploration\/","title":{"rendered":"Windsurfing Exploration"},"content":{"rendered":"<p class=\"qtranxs-available-languages-message qtranxs-available-languages-message-lt\">Atsipra\u0161ome, \u0161is puslapis galimas tik <a href=\"https:\/\/sbt.ug.edu.pl\/en\/wp-json\/wp\/v2\/pages\/174\" class=\"qtranxs-available-language-link qtranxs-available-language-link-en\" title=\"English\">Jungtini\u0173 Valstij\u0173 Angl\u0173<\/a>, <a href=\"https:\/\/sbt.ug.edu.pl\/de\/wp-json\/wp\/v2\/pages\/174\" class=\"qtranxs-available-language-link qtranxs-available-language-link-de\" title=\"Deutsch\">Vokie\u010di\u0173<\/a>, <a href=\"https:\/\/sbt.ug.edu.pl\/pl\/wp-json\/wp\/v2\/pages\/174\" class=\"qtranxs-available-language-link qtranxs-available-language-link-pl\" title=\"Polski\">Lenk\u0173<\/a> ir <a href=\"https:\/\/sbt.ug.edu.pl\/sv\/wp-json\/wp\/v2\/pages\/174\" class=\"qtranxs-available-language-link qtranxs-available-language-link-sv\" title=\"Svenska\">\u0160ved\u0173<\/a>. For the sake of viewer convenience, the content is shown below in this site default language. You may click one of the links to switch the site language to another available language.<\/p><p><img decoding=\"async\" loading=\"lazy\" class=\"wp-image-273 alignleft\" src=\"https:\/\/southbaltic-tourist.eu\/wp-content\/uploads\/2018\/11\/kolo.png\" alt=\"\" width=\"141\" height=\"110\" srcset=\"https:\/\/sbt.ug.edu.pl\/wp-content\/uploads\/2018\/11\/kolo.png 484w, https:\/\/sbt.ug.edu.pl\/wp-content\/uploads\/2018\/11\/kolo-300x234.png 300w\" sizes=\"(max-width: 141px) 100vw, 141px\" \/><\/p>\n<p style=\"text-align: justify;\"><strong>Route Highlights<\/strong>: Surfing hotspots in 5 countries: Germany (Rugen-Kite, Warnemunde, Lubmin), Denmark (Zealand and Bornholm Islands), Sweden (Malmo Bay and Oland Island), Lithuania (Palanga Beach and Curonian Lagoon) and Poland (Gdansk Bay, \u0141eba and D\u0105bki Beaches). The route is complemented with biking trails (in Rugen, Bornholm Skane, Oland, Palanga and Hel Peninsula) and nature sightseeing: national parks and reserves (dunes, lagoons, rivers, lakes and wildlife).<\/p>\n<p>&nbsp;<\/p>\n<p><img decoding=\"async\" loading=\"lazy\" class=\"alignnone wp-image-175 size-full\" src=\"https:\/\/southbaltic-tourist.eu\/wp-content\/uploads\/2018\/11\/Zrzut-ekranu-2018-11-02-o-23.19.42.png\" alt=\"\" width=\"1738\" height=\"906\" srcset=\"https:\/\/sbt.ug.edu.pl\/wp-content\/uploads\/2018\/11\/Zrzut-ekranu-2018-11-02-o-23.19.42.png 1738w, https:\/\/sbt.ug.edu.pl\/wp-content\/uploads\/2018\/11\/Zrzut-ekranu-2018-11-02-o-23.19.42-300x156.png 300w, https:\/\/sbt.ug.edu.pl\/wp-content\/uploads\/2018\/11\/Zrzut-ekranu-2018-11-02-o-23.19.42-768x400.png 768w, https:\/\/sbt.ug.edu.pl\/wp-content\/uploads\/2018\/11\/Zrzut-ekranu-2018-11-02-o-23.19.42-1024x534.png 1024w\" sizes=\"(max-width: 1738px) 100vw, 1738px\" \/><\/p>\n<p><a href=\"https:\/\/www.google.com\/maps\/place\/54%C2%B025'00.0%22N+13%C2%B022'00.0%22E\/@55.1034958,14.681374,7.24z\/data=!4m5!3m4!1s0x0:0x0!8m2!3d54.4166667!4d13.3666667\" target=\"_blank\" rel=\"noopener noreferrer\"><img decoding=\"async\" loading=\"lazy\" class=\"wp-image-5083 size-full aligncenter\" src=\"https:\/\/southbaltic-tourist.eu\/wp-content\/uploads\/2020\/01\/R01-Windsurfing_02.jpg\" alt=\"\" width=\"1600\" height=\"767\" srcset=\"https:\/\/sbt.ug.edu.pl\/wp-content\/uploads\/2020\/01\/R01-Windsurfing_02.jpg 1600w, https:\/\/sbt.ug.edu.pl\/wp-content\/uploads\/2020\/01\/R01-Windsurfing_02-300x144.jpg 300w, https:\/\/sbt.ug.edu.pl\/wp-content\/uploads\/2020\/01\/R01-Windsurfing_02-1024x491.jpg 1024w, https:\/\/sbt.ug.edu.pl\/wp-content\/uploads\/2020\/01\/R01-Windsurfing_02-768x368.jpg 768w, https:\/\/sbt.ug.edu.pl\/wp-content\/uploads\/2020\/01\/R01-Windsurfing_02-1536x736.jpg 1536w, https:\/\/sbt.ug.edu.pl\/wp-content\/uploads\/2020\/01\/R01-Windsurfing_02-150x72.jpg 150w\" sizes=\"(max-width: 1600px) 100vw, 1600px\" \/><\/a><\/p>\n<p>&nbsp;<\/p>\n<p style=\"text-align: justify;\"><strong>Route Concept: 4 ADVENTURES IN 1 TRIP <\/strong><\/p>\n<p style=\"text-align: justify;\">The route offers ample opportunities for windsurfers and kite surfers to explore the region\u2019s diverse beaches and coasts, waves, climates and sea colours. The route provides astonishing scenery ranging from white beaches and high cliffs to skerry coasts. On the route you can explore both well-known and hidden surfing spots \u2013 discovering them will be an unforgettable challenge. Not only can you enjoy exciting surf sessions, you can also savour beautiful coastal environments afterwards. Located throughout this route are biking trails along the picturesque coastline and countless beautiful spots. You can also explore beautiful natural wonders (high dunes, rapid rivers, quiet lakes, wildlife, etc.) by hiking, climbing, boating or kayaking. Our surfing hotspots are located in all possible wind exposures, so you will have 4 adventures in 1 trip and surely, a lot of fun.<\/p>\n<h1><strong>\u00a0<\/strong><\/h1>\n<p>&nbsp;<\/p>\n<p>&nbsp;<\/p>","protected":false},"excerpt":{"rendered":"<p>Atsipra\u0161ome, \u0161is puslapis galimas tik Jungtini\u0173 Valstij\u0173 Angl\u0173, Vokie\u010di\u0173, Lenk\u0173 ir \u0160ved\u0173. For the sake of viewer convenience, the content is shown below in this site default language. You may click one of the links to switch the site language to another available language. Route Highlights: Surfing hotspots in 5 countries: Germany (Rugen-Kite, Warnemunde, Lubmin), [&hellip;]<\/p>\n","protected":false},"author":1,"featured_media":176,"parent":171,"menu_order":0,"comment_status":"closed","ping_status":"closed","template":"","meta":[],"categories":[17],"tags":[],"_links":{"self":[{"href":"https:\/\/sbt.ug.edu.pl\/lt\/wp-json\/wp\/v2\/pages\/174"}],"collection":[{"href":"https:\/\/sbt.ug.edu.pl\/lt\/wp-json\/wp\/v2\/pages"}],"about":[{"href":"https:\/\/sbt.ug.edu.pl\/lt\/wp-json\/wp\/v2\/types\/page"}],"author":[{"embeddable":true,"href":"https:\/\/sbt.ug.edu.pl\/lt\/wp-json\/wp\/v2\/users\/1"}],"replies":[{"embeddable":true,"href":"https:\/\/sbt.ug.edu.pl\/lt\/wp-json\/wp\/v2\/comments?post=174"}],"version-history":[{"count":41,"href":"https:\/\/sbt.ug.edu.pl\/lt\/wp-json\/wp\/v2\/pages\/174\/revisions"}],"predecessor-version":[{"id":5727,"href":"https:\/\/sbt.ug.edu.pl\/lt\/wp-json\/wp\/v2\/pages\/174\/revisions\/5727"}],"up":[{"embeddable":true,"href":"https:\/\/sbt.ug.edu.pl\/lt\/wp-json\/wp\/v2\/pages\/171"}],"wp:featuredmedia":[{"embeddable":true,"href":"https:\/\/sbt.ug.edu.pl\/lt\/wp-json\/wp\/v2\/media\/176"}],"wp:attachment":[{"href":"https:\/\/sbt.ug.edu.pl\/lt\/wp-json\/wp\/v2\/media?parent=174"}],"wp:term":[{"taxonomy":"category","embeddable":true,"href":"https:\/\/sbt.ug.edu.pl\/lt\/wp-json\/wp\/v2\/categories?post=174"},{"taxonomy":"post_tag","embeddable":true,"href":"https:\/\/sbt.ug.edu.pl\/lt\/wp-json\/wp\/v2\/tags?post=174"}],"curies":[{"name":"wp","href":"https:\/\/api.w.org\/{rel}","templated":true}]}}