{"id":1750,"date":"2019-07-10T12:04:06","date_gmt":"2019-07-10T10:04:06","guid":{"rendered":"https:\/\/southbaltic-tourist.eu\/?page_id=1750"},"modified":"2020-02-21T02:31:45","modified_gmt":"2020-02-21T02:31:45","slug":"15-rugen-island","status":"publish","type":"page","link":"https:\/\/sbt.ug.edu.pl\/lt\/routes\/south-baltic-scenic-coastal-road\/15-rugen-island\/","title":{"rendered":"(English) 15. R\u00dcGEN ISLAND"},"content":{"rendered":"<p class=\"qtranxs-available-languages-message qtranxs-available-languages-message-lt\">Atsipra\u0161ome, \u0161is puslapis galimas tik <a href=\"https:\/\/sbt.ug.edu.pl\/en\/wp-json\/wp\/v2\/pages\/1750\" class=\"qtranxs-available-language-link qtranxs-available-language-link-en\" title=\"English\">Jungtini\u0173 Valstij\u0173 Angl\u0173<\/a>, <a href=\"https:\/\/sbt.ug.edu.pl\/de\/wp-json\/wp\/v2\/pages\/1750\" class=\"qtranxs-available-language-link qtranxs-available-language-link-de\" title=\"Deutsch\">Vokie\u010di\u0173<\/a> ir <a href=\"https:\/\/sbt.ug.edu.pl\/pl\/wp-json\/wp\/v2\/pages\/1750\" class=\"qtranxs-available-language-link qtranxs-available-language-link-pl\" title=\"Polski\">Lenk\u0173<\/a>. For the sake of viewer convenience, the content is shown below in this site default language. You may click one of the links to switch the site language to another available language.<\/p><p><\/p>\n<p style=\"text-align: justify;\"><span lang=\"en-US\"><b>LOCATION<\/b><\/span><\/p>\n<p style=\"text-align: justify;\" align=\"JUSTIFY\"><span lang=\"en-US\">R\u00fcgen island is Germany&#8217;s largest island by area, located off the Pomeranian coast in the Baltic Sea with its county seat in Stralsund, linked to the mainland by road and railway via the R\u00fcgen Bridge and Causeway.<\/span><\/p>\n<p style=\"text-align: justify;\" align=\"JUSTIFY\"><img decoding=\"async\" loading=\"lazy\" class=\"alignleft wp-image-1751\" src=\"https:\/\/southbaltic-tourist.eu\/wp-content\/uploads\/2019\/07\/15-2.jpg\" alt=\"\" width=\"600\" height=\"400\" srcset=\"https:\/\/sbt.ug.edu.pl\/wp-content\/uploads\/2019\/07\/15-2.jpg 799w, https:\/\/sbt.ug.edu.pl\/wp-content\/uploads\/2019\/07\/15-2-300x200.jpg 300w, https:\/\/sbt.ug.edu.pl\/wp-content\/uploads\/2019\/07\/15-2-768x512.jpg 768w, https:\/\/sbt.ug.edu.pl\/wp-content\/uploads\/2019\/07\/15-2-150x100.jpg 150w\" sizes=\"(max-width: 600px) 100vw, 600px\" \/><\/p>\n<p style=\"text-align: justify;\" align=\"JUSTIFY\"><a href=\"https:\/\/southbaltic-tourist.eu\/wp-content\/uploads\/2020\/02\/R5.15-R\u00fcgen.png\" data-rel=\"lightbox-gallery-GiukoqkH\" data-rl_title=\"\" data-rl_caption=\"\" title=\"\"><img decoding=\"async\" loading=\"lazy\" class=\"alignnone wp-image-5393\" src=\"https:\/\/southbaltic-tourist.eu\/wp-content\/uploads\/2020\/02\/R5.15-R\u00fcgen-300x256.png\" alt=\"\" width=\"469\" height=\"400\" srcset=\"https:\/\/sbt.ug.edu.pl\/wp-content\/uploads\/2020\/02\/R5.15-R\u00fcgen-300x256.png 300w, https:\/\/sbt.ug.edu.pl\/wp-content\/uploads\/2020\/02\/R5.15-R\u00fcgen-1024x874.png 1024w, https:\/\/sbt.ug.edu.pl\/wp-content\/uploads\/2020\/02\/R5.15-R\u00fcgen-768x655.png 768w, https:\/\/sbt.ug.edu.pl\/wp-content\/uploads\/2020\/02\/R5.15-R\u00fcgen-1536x1310.png 1536w, https:\/\/sbt.ug.edu.pl\/wp-content\/uploads\/2020\/02\/R5.15-R\u00fcgen-150x128.png 150w, https:\/\/sbt.ug.edu.pl\/wp-content\/uploads\/2020\/02\/R5.15-R\u00fcgen.png 1600w\" sizes=\"(max-width: 469px) 100vw, 469px\" \/><\/a><\/p>\n<p align=\"JUSTIFY\"><a href=\"https:\/\/www.google.pl\/maps\/place\/Rugia\/@54.4530887,13.1601003,10z\/data=!3m1!4b1!4m5!3m4!1s0x47ab43be69cbbd7f:0x80ba77d923cc7534!8m2!3d54.3519967!4d13.3630491\" target=\"_blank\" rel=\"noopener noreferrer\">View on Google Maps<\/a><\/p>\n<p style=\"text-align: justify;\"><span lang=\"en-US\"><b>SCENIC CHARACTER <\/b><\/span><\/p>\n<p style=\"text-align: justify;\"><span lang=\"en-US\">R\u00fcgen island has a lot of scenic places to offer for visitors in unique resort towns of Sassnitz, Binz, Sellin, Putbus within eye-catching unique architecture, the diverse landscapes and long, sandy beaches. The island is famous for the World\u2019s Heritage Site &#8211; Jasmund National Park and the White Cliff, the main landmark of <\/span> <span lang=\"en-US\">R\u00fcgen. Another unique place for a breathtaking view of the island is at the Treetop path of the Naturerbe Zentrum, made as an eagle\u2019s nest where visitors climb 40 meter high observation tower where everyone can see not only the island, but also the church spiers of Stralsund and the pylons of the R\u00fcgenbr\u00fccke in good weather. R\u00fcgen can be explored in many ways, by bicycle, boat trip, drive car or even by \u201cRasender Roland\u201d, the historic narrow-gauge railway and enjoy authentic and pleasant experience while admiring diverse views of the island with a comfortable speed of 30 km \/h. A lot of sailing, surfing, windurfing activities can be taken in R\u00fcgen island.<\/span><\/p>\n<p lang=\"pl-PL\" style=\"text-align: justify;\"><b>ATTRACTIONS <\/b><\/p>\n<ul style=\"text-align: justify;\">\n<li>\n<p lang=\"pl-PL\">Visit the Jasmund National Park, only 500 meters you walk on the beach promenade from restaurant \u201eGastmahl des Meres\u201d in Sassnitz.<\/p>\n<\/li>\n<li>\n<p lang=\"pl-PL\">Stop at Binz, a very elegant and charming resort town perfect for romantic lunch break at Strandcafe, in sunny terrace in front of Mediteranean Sea often referred as a magical place for magnificient view. Have a walk in the town where yo may be astonished by sophisticated design of old houses, bath villas, buildings combining Art Nouveau, Classicism and baroque elements.<\/p>\n<\/li>\n<li>\n<p lang=\"pl-PL\">Sellin resort town has the longest pier of 394 metres on R\u00fcgen island, and is popular for outstanding landscape of the Baltic Sea coast on the pier.<\/p>\n<\/li>\n<li>\n<p lang=\"pl-PL\">Putbus town must also be visited on the way, famous for \u201cthe Circus Putbus\u201d, a strictly structured park in the form of a circular with an obelisk in the middle, and the marina in Lauterbach district. You can spent here overnight in fabulous floating houses on the shore and have dinner at the best fish restaurant \u201cRaucherschiff Berta\u201d. Nearby in Lauterbach, the forest area Goor can be founded \u2013 an ideal place for walking hikes through R\u00fcgen&#8217;s riparian forest.<\/p>\n<\/li>\n<\/ul>\n<p style=\"text-align: justify;\"><span lang=\"en-US\"> <code><div class=\"rl-gallery-container rl-loading\" id=\"rl-gallery-container-1\" data-gallery_id=\"3046\"> <div class=\"rl-gallery rl-basicgrid-gallery \" id=\"rl-gallery-1\" data-gallery_no=\"1\"> <div class=\"rl-gallery-item\"><a href=\"https:\/\/sbt.ug.edu.pl\/wp-content\/uploads\/2019\/07\/73.jpg\" title=\"73. Stralsund; author: Rita Dizaviciene; BHR\" data-rl_title=\"73. Stralsund; author: Rita Dizaviciene; BHR\" class=\"rl-gallery-link\" data-rl_caption=\"\" data-rel=\"lightbox-gallery-1\"><img src=\"https:\/\/sbt.ug.edu.pl\/wp-content\/uploads\/2019\/07\/73-768x512.jpg\" width=\"640\" height=\"427\" alt=\"\" \/><\/a><\/div><div class=\"rl-gallery-item\"><a href=\"https:\/\/sbt.ug.edu.pl\/wp-content\/uploads\/2019\/07\/74.jpg\" title=\"74. Stralsund Old Town; author: Rita Dizaviciene; BHR\" data-rl_title=\"74. Stralsund Old Town; author: Rita Dizaviciene; BHR\" class=\"rl-gallery-link\" data-rl_caption=\"\" data-rel=\"lightbox-gallery-1\"><img src=\"https:\/\/sbt.ug.edu.pl\/wp-content\/uploads\/2019\/07\/74-768x509.jpg\" width=\"640\" height=\"424\" alt=\"\" \/><\/a><\/div><div class=\"rl-gallery-item\"><a href=\"https:\/\/sbt.ug.edu.pl\/wp-content\/uploads\/2019\/07\/75.jpg\" title=\"75. Stralsund; author: Rita Dizaviciene; BHR\" data-rl_title=\"75. Stralsund; author: Rita Dizaviciene; BHR\" class=\"rl-gallery-link\" data-rl_caption=\"\" data-rel=\"lightbox-gallery-1\"><img src=\"https:\/\/sbt.ug.edu.pl\/wp-content\/uploads\/2019\/07\/75-768x509.jpg\" width=\"640\" height=\"424\" alt=\"\" \/><\/a><\/div><div class=\"rl-gallery-item\"><a href=\"https:\/\/sbt.ug.edu.pl\/wp-content\/uploads\/2019\/07\/76.jpg\" title=\"76. Stralsund Bay; author: Rita Dizaviciene\/ BHR\" data-rl_title=\"76. Stralsund Bay; author: Rita Dizaviciene\/ BHR\" class=\"rl-gallery-link\" data-rl_caption=\"\" data-rel=\"lightbox-gallery-1\"><img src=\"https:\/\/sbt.ug.edu.pl\/wp-content\/uploads\/2019\/07\/76-768x509.jpg\" width=\"640\" height=\"424\" alt=\"\" \/><\/a><\/div><div class=\"rl-gallery-item\"><a href=\"https:\/\/sbt.ug.edu.pl\/wp-content\/uploads\/2019\/07\/77.jpg\" title=\"77. Marina Promenade in Stralsund; author: Rita Dizaviciene; BHR\" data-rl_title=\"77. Marina Promenade in Stralsund; author: Rita Dizaviciene; BHR\" class=\"rl-gallery-link\" data-rl_caption=\"\" data-rel=\"lightbox-gallery-1\"><img src=\"https:\/\/sbt.ug.edu.pl\/wp-content\/uploads\/2019\/07\/77-768x509.jpg\" width=\"640\" height=\"424\" alt=\"\" \/><\/a><\/div><div class=\"rl-gallery-item\"><a href=\"https:\/\/sbt.ug.edu.pl\/wp-content\/uploads\/2019\/07\/78.jpg\" title=\"78. Stralsund Old Town; author: Rita Dizaviciene; BHR\" data-rl_title=\"78. Stralsund Old Town; author: Rita Dizaviciene; BHR\" class=\"rl-gallery-link\" data-rl_caption=\"\" data-rel=\"lightbox-gallery-1\"><img src=\"https:\/\/sbt.ug.edu.pl\/wp-content\/uploads\/2019\/07\/78-768x509.jpg\" width=\"640\" height=\"424\" alt=\"\" \/><\/a><\/div> <\/div> <\/div><\/code><\/span><\/p>\n<p><\/p>","protected":false},"excerpt":{"rendered":"<p>Atsipra\u0161ome, \u0161is puslapis galimas tik Jungtini\u0173 Valstij\u0173 Angl\u0173, Vokie\u010di\u0173 ir Lenk\u0173. For the sake of viewer convenience, the content is shown below in this site default language. You may click one of the links to switch the site language to another available language. LOCATION R\u00fcgen island is Germany&#8217;s largest island by area, located off the [&hellip;]<\/p>\n","protected":false},"author":3,"featured_media":0,"parent":484,"menu_order":0,"comment_status":"closed","ping_status":"closed","template":"","meta":[],"categories":[34,15,28],"tags":[],"_links":{"self":[{"href":"https:\/\/sbt.ug.edu.pl\/lt\/wp-json\/wp\/v2\/pages\/1750"}],"collection":[{"href":"https:\/\/sbt.ug.edu.pl\/lt\/wp-json\/wp\/v2\/pages"}],"about":[{"href":"https:\/\/sbt.ug.edu.pl\/lt\/wp-json\/wp\/v2\/types\/page"}],"author":[{"embeddable":true,"href":"https:\/\/sbt.ug.edu.pl\/lt\/wp-json\/wp\/v2\/users\/3"}],"replies":[{"embeddable":true,"href":"https:\/\/sbt.ug.edu.pl\/lt\/wp-json\/wp\/v2\/comments?post=1750"}],"version-history":[{"count":7,"href":"https:\/\/sbt.ug.edu.pl\/lt\/wp-json\/wp\/v2\/pages\/1750\/revisions"}],"predecessor-version":[{"id":5395,"href":"https:\/\/sbt.ug.edu.pl\/lt\/wp-json\/wp\/v2\/pages\/1750\/revisions\/5395"}],"up":[{"embeddable":true,"href":"https:\/\/sbt.ug.edu.pl\/lt\/wp-json\/wp\/v2\/pages\/484"}],"wp:attachment":[{"href":"https:\/\/sbt.ug.edu.pl\/lt\/wp-json\/wp\/v2\/media?parent=1750"}],"wp:term":[{"taxonomy":"category","embeddable":true,"href":"https:\/\/sbt.ug.edu.pl\/lt\/wp-json\/wp\/v2\/categories?post=1750"},{"taxonomy":"post_tag","embeddable":true,"href":"https:\/\/sbt.ug.edu.pl\/lt\/wp-json\/wp\/v2\/tags?post=1750"}],"curies":[{"name":"wp","href":"https:\/\/api.w.org\/{rel}","templated":true}]}}