{"id":1754,"date":"2019-07-10T12:07:19","date_gmt":"2019-07-10T10:07:19","guid":{"rendered":"https:\/\/southbaltic-tourist.eu\/?page_id=1754"},"modified":"2020-02-21T02:40:27","modified_gmt":"2020-02-21T02:40:27","slug":"17-rostock-warnemunde","status":"publish","type":"page","link":"https:\/\/sbt.ug.edu.pl\/lt\/routes\/south-baltic-scenic-coastal-road\/17-rostock-warnemunde\/","title":{"rendered":"(English) 17. ROSTOCK &#8211;  WARNEM\u00dcNDE"},"content":{"rendered":"<p class=\"qtranxs-available-languages-message qtranxs-available-languages-message-lt\">Atsipra\u0161ome, \u0161is puslapis galimas tik <a href=\"https:\/\/sbt.ug.edu.pl\/en\/wp-json\/wp\/v2\/pages\/1754\" class=\"qtranxs-available-language-link qtranxs-available-language-link-en\" title=\"English\">Jungtini\u0173 Valstij\u0173 Angl\u0173<\/a>, <a href=\"https:\/\/sbt.ug.edu.pl\/de\/wp-json\/wp\/v2\/pages\/1754\" class=\"qtranxs-available-language-link qtranxs-available-language-link-de\" title=\"Deutsch\">Vokie\u010di\u0173<\/a> ir <a href=\"https:\/\/sbt.ug.edu.pl\/pl\/wp-json\/wp\/v2\/pages\/1754\" class=\"qtranxs-available-language-link qtranxs-available-language-link-pl\" title=\"Polski\">Lenk\u0173<\/a>. For the sake of viewer convenience, the content is shown below in this site default language. You may click one of the links to switch the site language to another available language.<\/p><p><\/p>\n<p style=\"text-align: justify;\"><span style=\"font-family: Segoe UI, serif;\"><span style=\"font-size: medium;\"><span lang=\"en-US\"><b>LOCATION<\/b><\/span><\/span><\/span><\/p>\n<p style=\"text-align: justify;\" align=\"JUSTIFY\"><span style=\"font-size: medium;\"><span lang=\"en-US\">Rostock, the largest city in Mecklenburg-Vorpommern, is located in the north German state and situated on the Warnow river; the district of Warnem\u00fcnde, 12 kilometres (7 miles) north of the city centre, is directly on the Baltic Sea coast. Transport links are convenient for every way of possible commute with other cities by motorway, fast rail connections, tramway network, wide range of buses and has large ferry port where goes Scandlines and TT-Line ferry operators.<\/span><\/span><\/p>\n<p style=\"text-align: justify;\" align=\"JUSTIFY\"><img decoding=\"async\" loading=\"lazy\" class=\"wp-image-1755 alignleft\" src=\"https:\/\/southbaltic-tourist.eu\/wp-content\/uploads\/2019\/07\/17-1.jpg\" alt=\"\" width=\"652\" height=\"350\" srcset=\"https:\/\/sbt.ug.edu.pl\/wp-content\/uploads\/2019\/07\/17-1.jpg 848w, https:\/\/sbt.ug.edu.pl\/wp-content\/uploads\/2019\/07\/17-1-300x161.jpg 300w, https:\/\/sbt.ug.edu.pl\/wp-content\/uploads\/2019\/07\/17-1-768x412.jpg 768w, https:\/\/sbt.ug.edu.pl\/wp-content\/uploads\/2019\/07\/17-1-150x80.jpg 150w\" sizes=\"(max-width: 652px) 100vw, 652px\" \/><\/p>\n<p style=\"text-align: justify;\" align=\"JUSTIFY\"><a href=\"https:\/\/southbaltic-tourist.eu\/wp-content\/uploads\/2020\/02\/R5.17-ROSTOCK-WARNEM\u00dcNDE.png\" data-rel=\"lightbox-gallery-bjQ1X2Kb\" data-rl_title=\"\" data-rl_caption=\"\" title=\"\"><img decoding=\"async\" loading=\"lazy\" class=\"alignnone wp-image-5399\" src=\"https:\/\/southbaltic-tourist.eu\/wp-content\/uploads\/2020\/02\/R5.17-ROSTOCK-WARNEM\u00dcNDE-300x256.png\" alt=\"\" width=\"410\" height=\"350\" srcset=\"https:\/\/sbt.ug.edu.pl\/wp-content\/uploads\/2020\/02\/R5.17-ROSTOCK-WARNEM\u00dcNDE-300x256.png 300w, https:\/\/sbt.ug.edu.pl\/wp-content\/uploads\/2020\/02\/R5.17-ROSTOCK-WARNEM\u00dcNDE-1024x874.png 1024w, https:\/\/sbt.ug.edu.pl\/wp-content\/uploads\/2020\/02\/R5.17-ROSTOCK-WARNEM\u00dcNDE-768x655.png 768w, https:\/\/sbt.ug.edu.pl\/wp-content\/uploads\/2020\/02\/R5.17-ROSTOCK-WARNEM\u00dcNDE-1536x1310.png 1536w, https:\/\/sbt.ug.edu.pl\/wp-content\/uploads\/2020\/02\/R5.17-ROSTOCK-WARNEM\u00dcNDE-150x128.png 150w, https:\/\/sbt.ug.edu.pl\/wp-content\/uploads\/2020\/02\/R5.17-ROSTOCK-WARNEM\u00dcNDE.png 1600w\" sizes=\"(max-width: 410px) 100vw, 410px\" \/><\/a><\/p>\n<p align=\"JUSTIFY\"><a href=\"https:\/\/www.google.pl\/maps\/place\/Warnem%C3%BCnde,+Rostock,+Niemcy\/@54.1701254,12.057784,14z\/data=!3m1!4b1!4m5!3m4!1s0x47ac5620523f71ab:0x9e121083fbc6b25c!8m2!3d54.170342!4d12.0784438\" target=\"_blank\" rel=\"noopener noreferrer\">View on Google Maps<\/a><\/p>\n<p style=\"text-align: justify;\"><span style=\"font-size: medium;\"><span lang=\"en-US\"><b>SCENIC CHARACTER <\/b><\/span><\/span><\/p>\n<p style=\"text-align: justify;\"><span style=\"font-size: medium;\"><span lang=\"en-US\">Rostock is another hanseatic city with many gothic churches and buildings, holding the oldest university in the world, the University of Rostock, founded in 1419. Rostock has many water activities to offer if you want to explore fully the city because it began its story by the water. You can join on canoeing tour or two-person kayak activity and observe wonderful urban and maritime sceneries at your own speed. The city is a calm place due to many cosy garden parks and lovely marina port is suitable for relaxing time, but get very live in summer when annual Hanse Sail festival and jazz festival, Ostsee-Jazz takes places attracting more then million visitors! Also Rostock cannot be imagined without its seaside in Warnem\u00fcnde where everyone can practise active water sports or watch romantic sunsets at the beach, admire the lighthouse, stay overnigh in maritime flair of old houses. <\/span><\/span><\/p>\n<p style=\"text-align: justify;\"><span style=\"font-size: medium;\"><span lang=\"en-US\"><b>ATTRACTIONS <\/b><\/span><\/span><\/p>\n<p style=\"text-align: justify;\"><span style=\"font-size: medium;\"><span lang=\"en-US\">Explore the Old Town streets of Rostock, spent your time in lovely market square for shopping, many local restaurants and cosy cafes, bars, handicraft shops. Canoeing tour through Rostock Old Town or take a two-person kayak for the water trip. <\/span><\/span><\/p>\n<p style=\"text-align: justify;\"><span style=\"font-size: medium;\"><span lang=\"en-US\">Watersports in Warnem\u00fcnde such as windsurfing and kitesurfing, rent a motorboat or try banana boat for lots of fun on high speed. Relaxing time at the beach chair is also a must for relaxation. Visit the Iga Park in Warnem\u00fcnde where many activities for families such as lovely walking in beautiful gardens, active fitness trail, interesting miniature park, miniature golf \u2013 a very entertaining park for families with children).<\/span><\/span><\/p>\n<p><\/p>","protected":false},"excerpt":{"rendered":"<p>Atsipra\u0161ome, \u0161is puslapis galimas tik Jungtini\u0173 Valstij\u0173 Angl\u0173, Vokie\u010di\u0173 ir Lenk\u0173. For the sake of viewer convenience, the content is shown below in this site default language. You may click one of the links to switch the site language to another available language. LOCATION Rostock, the largest city in Mecklenburg-Vorpommern, is located in the north [&hellip;]<\/p>\n","protected":false},"author":3,"featured_media":0,"parent":484,"menu_order":0,"comment_status":"closed","ping_status":"closed","template":"","meta":[],"categories":[34,15,28],"tags":[],"_links":{"self":[{"href":"https:\/\/sbt.ug.edu.pl\/lt\/wp-json\/wp\/v2\/pages\/1754"}],"collection":[{"href":"https:\/\/sbt.ug.edu.pl\/lt\/wp-json\/wp\/v2\/pages"}],"about":[{"href":"https:\/\/sbt.ug.edu.pl\/lt\/wp-json\/wp\/v2\/types\/page"}],"author":[{"embeddable":true,"href":"https:\/\/sbt.ug.edu.pl\/lt\/wp-json\/wp\/v2\/users\/3"}],"replies":[{"embeddable":true,"href":"https:\/\/sbt.ug.edu.pl\/lt\/wp-json\/wp\/v2\/comments?post=1754"}],"version-history":[{"count":5,"href":"https:\/\/sbt.ug.edu.pl\/lt\/wp-json\/wp\/v2\/pages\/1754\/revisions"}],"predecessor-version":[{"id":5401,"href":"https:\/\/sbt.ug.edu.pl\/lt\/wp-json\/wp\/v2\/pages\/1754\/revisions\/5401"}],"up":[{"embeddable":true,"href":"https:\/\/sbt.ug.edu.pl\/lt\/wp-json\/wp\/v2\/pages\/484"}],"wp:attachment":[{"href":"https:\/\/sbt.ug.edu.pl\/lt\/wp-json\/wp\/v2\/media?parent=1754"}],"wp:term":[{"taxonomy":"category","embeddable":true,"href":"https:\/\/sbt.ug.edu.pl\/lt\/wp-json\/wp\/v2\/categories?post=1754"},{"taxonomy":"post_tag","embeddable":true,"href":"https:\/\/sbt.ug.edu.pl\/lt\/wp-json\/wp\/v2\/tags?post=1754"}],"curies":[{"name":"wp","href":"https:\/\/api.w.org\/{rel}","templated":true}]}}